{"id":418,"date":"2021-08-10T11:06:07","date_gmt":"2021-08-10T14:06:07","guid":{"rendered":"https:\/\/www.ufmg.br\/proplan\/?page_id=418"},"modified":"2026-02-27T15:43:08","modified_gmt":"2026-02-27T18:43:08","slug":"conformidade-de-gestao","status":"publish","type":"page","link":"https:\/\/www.ufmg.br\/proplan\/conformidade-no-siafi\/conformidade-de-gestao\/","title":{"rendered":"Conformidade de Gest\u00e3o"},"content":{"rendered":"<p style=\"text-align: justify;\">A Conformidade Di\u00e1ria no Sistema SIAFI \u00e9 a confer\u00eancia feita pela pr\u00f3pria Unidade Gestora (UG), e consiste na confronta\u00e7\u00e3o di\u00e1ria da documenta\u00e7\u00e3o comprobat\u00f3ria com o registro correspondente no SIAFI, atestando que, para todos os lan\u00e7amentos efetuados existe documenta\u00e7\u00e3o h\u00e1bil exigida pela legisla\u00e7\u00e3o que disciplina a execu\u00e7\u00e3o or\u00e7ament\u00e1ria, financeira e patrimonial.<\/p>\n<p style=\"text-align: justify;\">O manual abaixo apresenta os procedimentos para realizar a Conformidade de Registro de Gest\u00e3o:<\/p>\n<ul>\n<li style=\"text-align: justify;\"><a href=\"https:\/\/www.ufmg.br\/proplan\/wp-content\/uploads\/2026\/02\/Roteiro-para-Conformidade-de-Registro-de-Gestao-2026-versao-2.pdf\">Roteiro para Conformidade de Registro de Gest\u00e3o<\/a><\/li>\n<\/ul>\n<p style=\"text-align: justify;\">Com a finalidade de comprovar a an\u00e1lise documental, o respons\u00e1vel pela conformidade dever\u00e1 anexar despacho em todos os processos de pagamento, conforme o modelo abaixo:<\/p>\n<ul>\n<li style=\"text-align: justify;\"><a href=\"https:\/\/www.ufmg.br\/proplan\/wp-content\/uploads\/2026\/02\/Despacho-Conformidade-de-Gestao.pdf\">Despacho Conformidade de Gest\u00e3o<\/a><\/li>\n<\/ul>\n<p style=\"text-align: justify;\">Legisla\u00e7\u00f5es pertinentes:<\/p>\n<ul>\n<li style=\"text-align: justify;\"><a href=\"https:\/\/www.ufmg.br\/proplan\/wp-content\/uploads\/INSTRU%C3%87%C3%83O-NORMATIVA-N%C2%BA-6-DE-31-DE-OUTUBRO-DE-2007.pdf\">Instru\u00e7\u00e3o Normativa N\u00ba 6, de 31 de Outubro de 2007<\/a><\/li>\n<li style=\"text-align: justify;\"><a href=\"https:\/\/manuais.tesouro.gov.br\/siafi\/020314\">Macrofun\u00e7\u00e3o SIAFI 020314 \u2013 Conformidade de Registro de Gest\u00e3o<\/a><\/li>\n<\/ul>\n<p>&nbsp;<\/p>\n<p style=\"text-align: justify;\"><i class=\"wp-svg-location-2 location-2\"><\/i> Divis\u00e3o de An\u00e1lise e Controle\/DCF \u2013 Atualizado em Fevereiro\/2026<\/p>\n<p style=\"text-align: justify;\">\n","protected":false},"excerpt":{"rendered":"<p>A Conformidade Di\u00e1ria no Sistema SIAFI \u00e9 a confer\u00eancia feita [&hellip;]<\/p>\n","protected":false},"author":1,"featured_media":0,"parent":417,"menu_order":0,"comment_status":"closed","ping_status":"closed","template":"","meta":{"footnotes":""},"tags":[],"class_list":["post-418","page","type-page","status-publish","hentry"],"_links":{"self":[{"href":"https:\/\/www.ufmg.br\/proplan\/wp-json\/wp\/v2\/pages\/418","targetHints":{"allow":["GET"]}}],"collection":[{"href":"https:\/\/www.ufmg.br\/proplan\/wp-json\/wp\/v2\/pages"}],"about":[{"href":"https:\/\/www.ufmg.br\/proplan\/wp-json\/wp\/v2\/types\/page"}],"author":[{"embeddable":true,"href":"https:\/\/www.ufmg.br\/proplan\/wp-json\/wp\/v2\/users\/1"}],"replies":[{"embeddable":true,"href":"https:\/\/www.ufmg.br\/proplan\/wp-json\/wp\/v2\/comments?post=418"}],"version-history":[{"count":25,"href":"https:\/\/www.ufmg.br\/proplan\/wp-json\/wp\/v2\/pages\/418\/revisions"}],"predecessor-version":[{"id":12997,"href":"https:\/\/www.ufmg.br\/proplan\/wp-json\/wp\/v2\/pages\/418\/revisions\/12997"}],"up":[{"embeddable":true,"href":"https:\/\/www.ufmg.br\/proplan\/wp-json\/wp\/v2\/pages\/417"}],"wp:attachment":[{"href":"https:\/\/www.ufmg.br\/proplan\/wp-json\/wp\/v2\/media?parent=418"}],"wp:term":[{"taxonomy":"post_tag","embeddable":true,"href":"https:\/\/www.ufmg.br\/proplan\/wp-json\/wp\/v2\/tags?post=418"}],"curies":[{"name":"wp","href":"https:\/\/api.w.org\/{rel}","templated":true}]}}