{"id":419,"date":"2021-08-10T11:06:07","date_gmt":"2021-08-10T14:06:07","guid":{"rendered":"https:\/\/www.ufmg.br\/proplan\/?page_id=419"},"modified":"2026-02-13T10:26:01","modified_gmt":"2026-02-13T13:26:01","slug":"conformidade-contabil","status":"publish","type":"page","link":"https:\/\/www.ufmg.br\/proplan\/conformidade-no-siafi\/conformidade-contabil\/","title":{"rendered":"Conformidade cont\u00e1bil"},"content":{"rendered":"<p style=\"text-align: justify;\">A Conformidade Cont\u00e1bil dos atos e fatos da gest\u00e3o or\u00e7ament\u00e1ria, financeira e patrimonial consiste na certifica\u00e7\u00e3o de que as demonstra\u00e7\u00f5es cont\u00e1beis geradas pelo Sistema Integrado de Administra\u00e7\u00e3o Financeira do Governo Federal (SIAFI) est\u00e3o de acordo com a Lei n\u00ba 4.320\/1964, com o Manual de Contabilidade Aplicada ao Setor P\u00fablico (MCASP) e com a\u00a0 Macrofun\u00e7\u00e3o SIAFI 020315.<\/p>\n<p style=\"text-align: justify;\">A Conformidade Cont\u00e1bil ter\u00e1 como instrumentos adicionais que subsidiam o processo de an\u00e1lise as Normas Brasileiras de Contabilidade T\u00e9cnicas do Setor P\u00fablico (NBC TSP), o Plano de Contas Aplicado ao Setor P\u00fablico \u2013 PCASP, a tabela de eventos, a Conformidade dos Registros de Gest\u00e3o e outras ferramentas que subsidiem o processo de an\u00e1lise realizada pelo respons\u00e1vel de seu registro.<\/p>\n<p style=\"text-align: justify;\">A Conformidade Cont\u00e1bil ter\u00e1 como objeto principal as demonstra\u00e7\u00f5es cont\u00e1beis e suas notas explicativas. A conformidade dever\u00e1 oferecer seguran\u00e7a suficiente sobre o resultado da avalia\u00e7\u00e3o desse objeto. Ou seja, apresentar seguramente, em aspectos relevantes, a conformidade das demonstra\u00e7\u00f5es cont\u00e1beis com as normas cont\u00e1beis; ou se as demonstra\u00e7\u00f5es apresentam inconformidades perante tais normas que resultam em distor\u00e7\u00f5es relevantes que prejudicam a tomada de decis\u00f5es e avalia\u00e7\u00e3o nelas baseadas.<\/p>\n<p style=\"text-align: justify;\">Com a publica\u00e7\u00e3o da nova Macrofun\u00e7\u00e3o 02.03.15 no m\u00eas de set\/2019, a conformidade cont\u00e1bil passou a ter como objetivo principal as Demonstra\u00e7\u00f5es cont\u00e1beis.<\/p>\n<p style=\"text-align: justify;\"><em>\u201cO processo que visa garantir a veracidade e a confiabilidade das informa\u00e7\u00f5es nelas dispostas, \u00e9 a conformidade cont\u00e1bil dos atos e fatos de natureza or\u00e7ament\u00e1ria, financeira, patrimonial\u2026\u201d<\/em>.<\/p>\n<p style=\"text-align: justify;\"><strong>Fonte:<\/strong>\u00a0Macrofun\u00e7\u00e3o SIAFI 020315<\/p>\n<p style=\"text-align: justify;\"><strong>Observ\u00e2ncia do Princ\u00edpio da segrega\u00e7\u00e3o de fun\u00e7\u00e3o na Conformidade Cont\u00e1bil:<\/strong><\/p>\n<p style=\"text-align: justify;\">O conformista cont\u00e1bil, em observ\u00e2ncia ao princ\u00edpio da segrega\u00e7\u00e3o de fun\u00e7\u00e3o, n\u00e3o poder\u00e1, concomitantemente, exercer quaisquer fun\u00e7\u00f5es conflitantes com sua atividade de realizar a conformidade cont\u00e1bil, tais como: autorizar, aprovar e executar registros de gest\u00e3o ou ainda efetuar a conformidade de registro de gest\u00e3o.<\/p>\n<p style=\"text-align: justify;\">A emiss\u00e3o de documentos no SIAFI para a realiza\u00e7\u00e3o de ajustes quando se tratar, apenas, de regulariza\u00e7\u00f5es cont\u00e1beis n\u00e3o caracteriza inobserv\u00e2ncia ao princ\u00edpio da segrega\u00e7\u00e3o de fun\u00e7\u00e3o<\/p>\n<p style=\"text-align: justify;\"><a href=\"https:\/\/www.ufmg.br\/proplan\/wp-content\/uploads\/2022\/04\/MANUAL-DE-CONFORMIDADE-CONTABIL.pdf\">Passo a passo para a Conformidade Cont\u00e1bil<\/a><\/p>\n<p><a href=\"https:\/\/www.ufmg.br\/proplan\/wp-content\/uploads\/2026\/02\/Despacho-Conformidade-Contabil-Sem-restricao.pdf\">Despacho de Conformidade Cont\u00e1bil Sem Restri\u00e7\u00e3o<\/a><\/p>\n<p><a href=\"https:\/\/www.ufmg.br\/proplan\/wp-content\/uploads\/2026\/02\/Despacho-Conformidade-Contabil-Com-restricao.pdf\">Despacho de Conformidade Cont\u00e1bil Com Restri\u00e7\u00e3o<\/a><\/p>\n<p style=\"text-align: justify;\"><strong>Base Normativa:<\/strong><\/p>\n<p style=\"text-align: justify;\">A\u00a0<a href=\"http:\/\/www.planalto.gov.br\/ccivil_03\/LEIS\/LEIS_2001\/L10180.htm\">Lei 10.180\/2001<\/a>: Organiza e disciplina os Sistemas de Planejamento e de Or\u00e7amento Federal, de Administra\u00e7\u00e3o Financeira Federal, de Contabilidade Federal e de Controle Interno do Poder Executivo Federal, e d\u00e1 outras provid\u00eancias.<\/p>\n<p style=\"text-align: justify;\">O\u00a0<a href=\"http:\/\/www.planalto.gov.br\/ccivil_03\/_Ato2007-2010\/2009\/Decreto\/D6976.htm\">Decreto 6.976\/2009:\u00a0<\/a>Disp\u00f5e sobre o Sistema de Contabilidade Federal e d\u00e1 outras provid\u00eancias. Regulamenta o Sistema de Contabilidade Federal criado pela Lei\u00a010.180\/2001 e define as\u00a0 e as responsabilidades pela conformidade cont\u00e1bil tanto no \u00e2mbito das setoriais cont\u00e1beis de UG e de \u00f3rg\u00e3o, como de \u00f3rg\u00e3o superior.<\/p>\n<p style=\"text-align: justify;\">A\u00a0<a href=\"https:\/\/conteudo.tesouro.gov.br\/manuais\/index.php?option=com_content&amp;view=article&amp;id=1756:042706-instrucao-normativa-stn-n-06-de-31-de-outubro-de-2007&amp;catid=784&amp;Itemid=700\">Instru\u00e7\u00e3o Normativa STN n\u00ba 6 de 2007:\u00a0<\/a>\u00a0Disciplina os procedimentos relativos ao registro das\u00a0Conformidades Cont\u00e1bil e de Registro de Gest\u00e3o.<\/p>\n<p style=\"text-align: justify;\"><a href=\"https:\/\/conteudo.tesouro.gov.br\/manuais\/index.php?option=com_content&amp;view=article&amp;id=1551:020315-conformidade-contabil&amp;catid=749&amp;Itemid=376\">Macrofun\u00e7\u00e3o 02.03.15<\/a>:\u00a0Estabelece os procedimentos relativos ao registro da Conformidade Cont\u00e1bil e revoga os artigos 1\u00ba ao 5\u00ba da Instru\u00e7\u00e3o Normativa da STN n\u00ba 06, de 31 de outubro de 2007.<\/p>\n","protected":false},"excerpt":{"rendered":"<p>A Conformidade Cont\u00e1bil dos atos e fatos da gest\u00e3o or\u00e7ament\u00e1ria, [&hellip;]<\/p>\n","protected":false},"author":1,"featured_media":0,"parent":417,"menu_order":0,"comment_status":"closed","ping_status":"closed","template":"","meta":{"footnotes":""},"tags":[],"class_list":["post-419","page","type-page","status-publish","hentry"],"_links":{"self":[{"href":"https:\/\/www.ufmg.br\/proplan\/wp-json\/wp\/v2\/pages\/419","targetHints":{"allow":["GET"]}}],"collection":[{"href":"https:\/\/www.ufmg.br\/proplan\/wp-json\/wp\/v2\/pages"}],"about":[{"href":"https:\/\/www.ufmg.br\/proplan\/wp-json\/wp\/v2\/types\/page"}],"author":[{"embeddable":true,"href":"https:\/\/www.ufmg.br\/proplan\/wp-json\/wp\/v2\/users\/1"}],"replies":[{"embeddable":true,"href":"https:\/\/www.ufmg.br\/proplan\/wp-json\/wp\/v2\/comments?post=419"}],"version-history":[{"count":7,"href":"https:\/\/www.ufmg.br\/proplan\/wp-json\/wp\/v2\/pages\/419\/revisions"}],"predecessor-version":[{"id":12907,"href":"https:\/\/www.ufmg.br\/proplan\/wp-json\/wp\/v2\/pages\/419\/revisions\/12907"}],"up":[{"embeddable":true,"href":"https:\/\/www.ufmg.br\/proplan\/wp-json\/wp\/v2\/pages\/417"}],"wp:attachment":[{"href":"https:\/\/www.ufmg.br\/proplan\/wp-json\/wp\/v2\/media?parent=419"}],"wp:term":[{"taxonomy":"post_tag","embeddable":true,"href":"https:\/\/www.ufmg.br\/proplan\/wp-json\/wp\/v2\/tags?post=419"}],"curies":[{"name":"wp","href":"https:\/\/api.w.org\/{rel}","templated":true}]}}