{"id":508,"date":"2021-09-09T10:05:12","date_gmt":"2021-09-09T13:05:12","guid":{"rendered":"https:\/\/www.ufmg.br\/proplan\/?page_id=508"},"modified":"2022-04-29T16:45:02","modified_gmt":"2022-04-29T19:45:02","slug":"relatorio-de-gestao-ufmg-2006","status":"publish","type":"page","link":"https:\/\/www.ufmg.br\/proplan\/relatorio-de-gestao-ufmg-2006\/","title":{"rendered":"Relat\u00f3rio de Gest\u00e3o UFMG 2006"},"content":{"rendered":"<div id=\"sp-ea-1386\" class=\"sp-ea-one sp-easy-accordion\" data-ex-icon=\"fa-minus\" data-col-icon=\"fa-plus\"  data-ea-active=\"ea-click\"  data-ea-mode=\"vertical\" data-preloader=\"\"><div class=\"ea-card  sp-ea-single\"><h3 class=\"ea-header\"><a class=\"collapsed\" data-sptoggle=\"spcollapse\" data-sptarget=#collapse13860 href=\"javascript:void(0)\" aria-expanded=\"false\"><i class=\"ea-expand-icon fa fa-plus\"><\/i> Dados gerais sobre a UFMG<\/a><\/h3><div class=\"sp-collapse spcollapse spcollapse\" id=\"collapse13860\" data-parent=#sp-ea-1386><div class=\"ea-body\"><p style=\"text-align: justify\"><strong>1.1 \u2013 Nome completo e oficial do \u00f3rg\u00e3o<\/strong><\/p>\n<p style=\"text-align: justify\">Universidade Federal de Minas Gerais - UFMG - \u00e9 uma Institui\u00e7\u00e3o de Ensino Superior, constitu\u00edda sob a forma de autarquia de regime especial, vinculada ao Minist\u00e9rio da Educa\u00e7\u00e3o, com personalidade jur\u00eddica pr\u00f3pria e autonomia did\u00e1tico-cient\u00edfica, administrativa, financeira e disciplinar, tendo como objetivos fundamentais o ensino, a pesquisa e a extens\u00e3o.<\/p>\n<p style=\"text-align: justify\"><strong>1.2 \u2013 N\u00famero do CNPJ<\/strong><\/p>\n<p style=\"text-align: justify\">CNPJ \u2013 17.217.985\/0001-04<\/p>\n<p style=\"text-align: justify\"><strong>1.3 \u2013 Natureza Jur\u00eddica<\/strong><\/p>\n<p style=\"text-align: justify\">Autarquia de regime especial<\/p>\n<p style=\"text-align: justify\"><strong>1.4 \u2013 Vincula\u00e7\u00e3o Ministerial<\/strong><\/p>\n<p style=\"text-align: justify\">MEC \u2013 Minist\u00e9rio de Educa\u00e7\u00e3o<\/p>\n<p style=\"text-align: justify\"><strong>1.5 \u2013 Endere\u00e7o completo da sede<\/strong><\/p>\n<p style=\"text-align: justify\">A UFMG situa-se na Avenida Ant\u00f4nio Carlos, n\u00ba 6627, Bairro Pampulha, CEP: 31.270-901, Belo Horizonte, MG. telefone : (31) 3499-4578 e fax : (31) 3499-4130.<\/p>\n<p style=\"text-align: justify\"><strong>1.6 \u2013 Endere\u00e7o da P\u00e1gina na Internet<\/strong><\/p>\n<p style=\"text-align: justify\">www.ufmg.br<\/p>\n<p style=\"text-align: justify\"><strong>1.7 \u2013 Norma de cria\u00e7\u00e3o e finalidade da Unidade Jurisdicionada <\/strong><\/p>\n<p style=\"text-align: justify\">A Universidade de Minas Gerais foi criada em 1927 (Lei Estadual n\u00ba 956, de 07.09.1927), incorporando escolas e faculdades isoladas existentes em Belo Horizonte na \u00e9poca. Foi federalizada em 1949 (Lei Federal n\u00ba 971, de 16.12.1949) e, em 1965, por determina\u00e7\u00e3o do Governo Federal, passou a denominar-se Universidade Federal de Minas Gerais.<\/p>\n<p style=\"text-align: justify\"><strong>1.8 \u2013 C\u00f3digo e nome do \u00f3rg\u00e3o e das Unidades Gestoras<\/strong><\/p>\n<table style=\"height: 2941px\" width=\"709\">\n<tbody>\n<tr>\n<td colspan=\"2\" width=\"469\"><strong>\u00d3RG\u00c3O: 26238 - UNIVERSIDADE FEDERAL DE MINAS GERAIS\u00a0 \u00a0 \u00a0 \u00a0GEST\u00c3O: 15229<\/strong><\/td>\n<\/tr>\n<tr>\n<td colspan=\"2\" width=\"469\"><strong>RELA\u00c7\u00c3O DE UNIDADES GESTORAS<\/strong><\/td>\n<\/tr>\n<tr>\n<td width=\"76\"><strong>C\u00d3DIGO<\/strong><\/td>\n<td width=\"393\"><strong>NOME<\/strong><\/td>\n<\/tr>\n<tr>\n<td width=\"76\"><strong>153062<\/strong><\/td>\n<td width=\"393\">UNIVERSIDADE FEDERAL DE MINAS GERAIS<\/td>\n<\/tr>\n<tr>\n<td width=\"76\"><strong>153254<\/strong><\/td>\n<td width=\"393\">ADMINISTRA\u00c7\u00c3O GERAL\/UFMG<\/td>\n<\/tr>\n<tr>\n<td width=\"76\"><strong>153255<\/strong><\/td>\n<td width=\"393\">BIBLIOTECA UNIVERSIT\u00c1RIA\/UFMG<\/td>\n<\/tr>\n<tr>\n<td width=\"76\"><strong>153256<\/strong><\/td>\n<td width=\"393\">EDITORA DA UFMG<\/td>\n<\/tr>\n<tr>\n<td width=\"76\"><strong>153257<\/strong><\/td>\n<td width=\"393\">CENTRO AUDIOVISUAL\/UFMG<\/td>\n<\/tr>\n<tr>\n<td width=\"76\"><strong>153258<\/strong><\/td>\n<td width=\"393\">CENTRO COMPUTA\u00c7\u00c3O\/UFMG<\/td>\n<\/tr>\n<tr>\n<td width=\"76\"><strong>153259<\/strong><\/td>\n<td width=\"393\">CENTRO DESENVOLVIMENTO PLANEJAMENTO REG.\/UFMG<\/td>\n<\/tr>\n<tr>\n<td width=\"76\"><strong>153260<\/strong><\/td>\n<td width=\"393\">CENTRO ESPORTIVO UNIVERSIT\u00c1RIO\/UFMG<\/td>\n<\/tr>\n<tr>\n<td width=\"76\"><strong>153261<\/strong><\/td>\n<td width=\"393\">HOSPITAL CL\u00cdNICAS\/UFMG<\/td>\n<\/tr>\n<tr>\n<td width=\"76\"><strong>153262<\/strong><\/td>\n<td width=\"393\">IMPRENSA UNIVERSIT\u00c1RIA\/UFMG<\/td>\n<\/tr>\n<tr>\n<td width=\"76\"><strong>153263<\/strong><\/td>\n<td width=\"393\">LABORAT\u00d3RIO DE COMPUTA\u00c7\u00c3O CIENT\u00cdFICA\/UFMG<\/td>\n<\/tr>\n<tr>\n<td width=\"76\"><strong>153264<\/strong><\/td>\n<td width=\"393\">MUSEU HIST\u00d3RICO NATURAL\/UFMG<\/td>\n<\/tr>\n<tr>\n<td width=\"76\"><strong>153265<\/strong><\/td>\n<td width=\"393\">DEPARTAMENTO DE MANUTEN\u00c7\u00c3O\/UFMG<\/td>\n<\/tr>\n<tr>\n<td width=\"76\"><strong>153266<\/strong><\/td>\n<td width=\"393\">DEPARTAMENTO MATERIAL PATRIM\u00d4NIO\/UFMG<\/td>\n<\/tr>\n<tr>\n<td width=\"76\"><strong>153267<\/strong><\/td>\n<td width=\"393\">DEPARTAMENTO DE PLANEJAMENTO FIN. OBRAS\/UFMG<\/td>\n<\/tr>\n<tr>\n<td width=\"76\"><strong>153268<\/strong><\/td>\n<td width=\"393\">DEPARTAMENTO DE SERVI\u00c7OS GERAIS\/UFMG<\/td>\n<\/tr>\n<tr>\n<td width=\"76\"><strong>153269<\/strong><\/td>\n<td width=\"393\">PR\u00d3-REITORIA DE ADMINISTRA\u00c7\u00c3O\/UFMG<\/td>\n<\/tr>\n<tr>\n<td width=\"76\"><strong>153270<\/strong><\/td>\n<td width=\"393\">PR\u00d3-REITORIA DE PLANEJ.E DESENVOLVIMENTO\/UFMG<\/td>\n<\/tr>\n<tr>\n<td width=\"76\"><strong>153271<\/strong><\/td>\n<td width=\"393\">PR\u00d3-REITORIA DE GRADUA\u00c7\u00c3O\/UFMG<\/td>\n<\/tr>\n<tr>\n<td width=\"76\"><strong>153272<\/strong><\/td>\n<td width=\"393\">PR\u00d3-REITORIA DE EXTENS\u00c3O\/UFMG<\/td>\n<\/tr>\n<tr>\n<td width=\"76\"><strong>153273<\/strong><\/td>\n<td width=\"393\">PR\u00d3-REITORIA DE PESQUISA\/UFMG<\/td>\n<\/tr>\n<tr>\n<td width=\"76\"><strong>153274<\/strong><\/td>\n<td width=\"393\">PR\u00d3-REITORIA DE POS-GRADUA\u00c7\u00c3O\/UFMG<\/td>\n<\/tr>\n<tr>\n<td width=\"76\"><strong>153275<\/strong><\/td>\n<td width=\"393\">ESCOLA DE ARQUITETURA\/UFMG<\/td>\n<\/tr>\n<tr>\n<td width=\"76\"><strong>153276<\/strong><\/td>\n<td width=\"393\">ESCOLA DE BELAS ARTES\/UFMG<\/td>\n<\/tr>\n<tr>\n<td width=\"76\"><strong>153277<\/strong><\/td>\n<td width=\"393\">ESCOLA DE BIBLIOTECONOMIA\/UFMG<\/td>\n<\/tr>\n<tr>\n<td width=\"76\"><strong>153278<\/strong><\/td>\n<td width=\"393\">ESCOLA DE EDUCA\u00c7\u00c3O F\u00cdSICA\/UFMG<\/td>\n<\/tr>\n<tr>\n<td width=\"76\"><strong>153279<\/strong><\/td>\n<td width=\"393\">ESCOLA DE ENFERMAGEM\/UFMG<\/td>\n<\/tr>\n<tr>\n<td width=\"76\"><strong>153280<\/strong><\/td>\n<td width=\"393\">ESCOLA DE ENGENHARIA\/UFMG<\/td>\n<\/tr>\n<tr>\n<td width=\"76\"><strong>153281<\/strong><\/td>\n<td width=\"393\">ESCOLA DE M\u00daSICA\/UFMG<\/td>\n<\/tr>\n<tr>\n<td width=\"76\"><strong>153282<\/strong><\/td>\n<td width=\"393\">ESCOLA DE VETERIN\u00c1RIA\/UFMG<\/td>\n<\/tr>\n<tr>\n<td width=\"76\"><strong>153283<\/strong><\/td>\n<td width=\"393\">FACULDADE DE CI\u00caNCIAS ECON\u00d4MICAS\/UFMG<\/td>\n<\/tr>\n<tr>\n<td width=\"76\"><strong>153284<\/strong><\/td>\n<td width=\"393\">FACULDADE DE DIREITO\/UFMG<\/td>\n<\/tr>\n<tr>\n<td width=\"76\"><strong>153285<\/strong><\/td>\n<td width=\"393\">FACULDADE DE EDUCA\u00c7\u00c3O\/UFMG<\/td>\n<\/tr>\n<tr>\n<td width=\"76\"><strong>153286<\/strong><\/td>\n<td width=\"393\">FACULDADE DE FARM\u00c1CIA\/UFMG<\/td>\n<\/tr>\n<tr>\n<td width=\"76\"><strong>153287<\/strong><\/td>\n<td width=\"393\">FACULDADE DE FILOSOFIA E CI\u00caNC. HUMANAS\/UFMG<\/td>\n<\/tr>\n<tr>\n<td width=\"76\"><strong>153288<\/strong><\/td>\n<td width=\"393\">FACULDADE DE LETRAS\/UFMG<\/td>\n<\/tr>\n<tr>\n<td width=\"76\"><strong>153289<\/strong><\/td>\n<td width=\"393\">FACULDADE DE MEDICINA\/UFMG<\/td>\n<\/tr>\n<tr>\n<td width=\"76\"><strong>153290<\/strong><\/td>\n<td width=\"393\">FACULDADE DE ODONTOLOGIA\/UFMG<\/td>\n<\/tr>\n<tr>\n<td width=\"76\"><strong>153291<\/strong><\/td>\n<td width=\"393\">INSTITUTO DE CI\u00caNCIAS BIOL\u00d4GICAS\/UFMG<\/td>\n<\/tr>\n<tr>\n<td width=\"76\"><strong>153292<\/strong><\/td>\n<td width=\"393\">INSTITUTO DE CI\u00caNCIAS EXATAS\/UFMG<\/td>\n<\/tr>\n<tr>\n<td width=\"76\"><strong>153293<\/strong><\/td>\n<td width=\"393\">INSTITUTO DE GEO-CI\u00caNCIAS\/UFMG<\/td>\n<\/tr>\n<tr>\n<td width=\"76\"><strong>153294<\/strong><\/td>\n<td width=\"393\">ESCOLA FUNDAMENTAL\/UFMG<\/td>\n<\/tr>\n<tr>\n<td width=\"76\"><strong>153295<\/strong><\/td>\n<td width=\"393\">COL\u00c9GIO T\u00c9CNICO\/UFMG<\/td>\n<\/tr>\n<tr>\n<td width=\"76\"><strong>153296<\/strong><\/td>\n<td width=\"393\">N\u00daCLEO DE CI\u00caNCIAS AGR\u00c1RIAS\/UFMG<\/td>\n<\/tr>\n<tr>\n<td width=\"76\"><strong>154459<\/strong><\/td>\n<td width=\"393\">CENTRO CULTURAL\/UFMG<\/td>\n<\/tr>\n<\/tbody>\n<\/table>\n<\/div><\/div><\/div><div class=\"ea-card  sp-ea-single\"><h3 class=\"ea-header\"><a class=\"collapsed\" data-sptoggle=\"spcollapse\" data-sptarget=#collapse13861 href=\"javascript:void(0)\" aria-expanded=\"false\"><i class=\"ea-expand-icon fa fa-plus\"><\/i> Programas Governamentais<\/a><\/h3><div class=\"sp-collapse spcollapse spcollapse\" id=\"collapse13861\" data-parent=#sp-ea-1386><div class=\"ea-body\"><p><a href=\"https:\/\/www.ufmg.br\/proplan\/wp-content\/uploads\/2021\/09\/Programas-do-governo-2006.pdf\">Programas Governamentais<\/a><\/p>\n<\/div><\/div><\/div><div class=\"ea-card  sp-ea-single\"><h3 class=\"ea-header\"><a class=\"collapsed\" data-sptoggle=\"spcollapse\" data-sptarget=#collapse13862 href=\"javascript:void(0)\" aria-expanded=\"false\"><i class=\"ea-expand-icon fa fa-plus\"><\/i> Indicadores Institucionais<\/a><\/h3><div class=\"sp-collapse spcollapse spcollapse\" id=\"collapse13862\" data-parent=#sp-ea-1386><div class=\"ea-body\"><p><strong>1. INOVA\u00c7\u00c3O TECNOL\u00d3GICA<\/strong><\/p>\n<p><a href=\"https:\/\/www.ufmg.br\/proplan\/wp-content\/uploads\/2021\/09\/1.1.-Apoio-a-projetos.pdf\">\u00a0Apoio a projetos<\/a><\/p>\n<p><strong>2. COMUNICA\u00c7\u00c3O SOCIAL<\/strong><\/p>\n<p><a href=\"https:\/\/www.ufmg.br\/proplan\/wp-content\/uploads\/2021\/09\/2.1-%E2%80%93-Panorama-da-Midia.pdf\">Panorama da M\u00eddia<\/a><\/p>\n<p><a href=\"https:\/\/www.ufmg.br\/proplan\/wp-content\/uploads\/2021\/09\/2.2-%E2%80%93-Estatisticas-de-visitas-ao-site.pdf\">Estat\u00edsticas de visitas ao site<\/a><\/p>\n<p><strong>3. EDITORA UFMG<\/strong><\/p>\n<p><a href=\"https:\/\/www.ufmg.br\/proplan\/wp-content\/uploads\/2021\/09\/3.1-%E2%80%93-Publicacoes.pdf\">Publica\u00e7\u00f5es<\/a><\/p>\n<p><strong>4. RELA\u00c7\u00d5ES INTERNACIONAIS<\/strong><\/p>\n<p><a href=\"https:\/\/www.ufmg.br\/proplan\/wp-content\/uploads\/2021\/09\/4.1-%E2%80%93-Missoes-internacionais-do-Exterior-para-a-UFMG.pdf\">Miss\u00f5es internacionais do Exterior para a UFMG<\/a><\/p>\n<p><a href=\"https:\/\/www.ufmg.br\/proplan\/wp-content\/uploads\/2021\/09\/4.2-%E2%80%93-Numeros-de-convenios-em-vigor.pdf\">N\u00fameros de conv\u00eanios em vigor<\/a><\/p>\n<p><a href=\"https:\/\/www.ufmg.br\/proplan\/wp-content\/uploads\/2021\/09\/4.3-%E2%80%93-Acordos-e-aditivos-assinados.pdf\">Acordos e aditivos assinados<\/a><\/p>\n<p><a href=\"https:\/\/www.ufmg.br\/proplan\/wp-content\/uploads\/2021\/09\/4.5-%E2%80%93-Intercambistas-de-Graduacao-da-UFMG-para-o-Exterior.pdf\">Intercambistas de Gradua\u00e7\u00e3o da UFMG para o Exterior<\/a><\/p>\n<p><a href=\"https:\/\/www.ufmg.br\/proplan\/wp-content\/uploads\/2021\/09\/4.6-%E2%80%93-Numeros-de-convenios-por-pais.pdf\">N\u00fameros de conv\u00eanios por pa\u00eds<\/a><\/p>\n<p><a href=\"https:\/\/www.ufmg.br\/proplan\/wp-content\/uploads\/2021\/09\/4.7-%E2%80%93-Numero-de-Estudantes-Estrangeiros-na-UFMG.pdf\">N\u00famero de Estudantes Estrangeiros na UFMG<\/a><\/p>\n<p><a href=\"https:\/\/www.ufmg.br\/proplan\/wp-content\/uploads\/2021\/09\/4.8-%E2%80%93-Numero-de-alunos-da-UFMG-em-intercambio-no-exterior.pdf\">N\u00famero de alunos da UFMG em interc\u00e2mbio no exterior<\/a><\/p>\n<\/div><\/div><\/div><div class=\"ea-card  sp-ea-single\"><h3 class=\"ea-header\"><a class=\"collapsed\" data-sptoggle=\"spcollapse\" data-sptarget=#collapse13863 href=\"javascript:void(0)\" aria-expanded=\"false\"><i class=\"ea-expand-icon fa fa-plus\"><\/i> Resultados Alcan\u00e7ados<\/a><\/h3><div class=\"sp-collapse spcollapse spcollapse\" id=\"collapse13863\" data-parent=#sp-ea-1386><div class=\"ea-body\"><p><strong>1. ENSINO DE GRADUA\u00c7\u00c3O<\/strong><\/p>\n<p>1.1. Vis\u00e3o Institucional: Forma\u00e7\u00e3o profissional fundamentada em um ensino de gradua\u00e7\u00e3o de qualidade, no qual se integram uma base te\u00f3rico-metodol\u00f3gica s\u00f3lida, viv\u00eancia pr\u00e1tica, vis\u00e3o cr\u00edtica e comportamento \u00e9tico, de maneira a garantir ao formando o pleno exerc\u00edcio da cidadania. Nesse sentido, \u00e9 imprescind\u00edvel a integra\u00e7\u00e3o do ensino de gradua\u00e7\u00e3o com a p\u00f3s-gradua\u00e7\u00e3o, a extens\u00e3o e a pesquisa.<\/p>\n<p>1.2.\u00a0<a href=\"https:\/\/www.ufmg.br\/proplan\/wp-content\/uploads\/2021\/11\/Metas.pdf\">Metas<\/a><\/p>\n<p><strong>2. ENSINO DE P\u00d3S-GRADUA\u00c7\u00c3O<\/strong><\/p>\n<p>1.1. Vis\u00e3o institucional: Promover a qualifica\u00e7\u00e3o acad\u00eamica, cient\u00edfica e profissional em n\u00edvel de p\u00f3s-gradua\u00e7\u00e3o, oferecendo cursos de especializa\u00e7\u00e3o, mestrado e doutorado, com vistas ao desenvolvimento integrado das atividades de ensino e pesquisa em patamares diferenciados de qualidade.<\/p>\n<p>2.1.\u00a0<a href=\"https:\/\/www.ufmg.br\/proplan\/wp-content\/uploads\/2021\/11\/Lato-sensu-e-Strictu-sensu.pdf\">Lato Sensu e Strictu Sensu<\/a><\/p>\n<p><strong>3. PESQUISA<\/strong><\/p>\n<p>3.1. Vis\u00e3o institucional: Incentivar a intera\u00e7\u00e3o com a gradua\u00e7\u00e3o e a extens\u00e3o, desenvolvendo pesquisas que promovam o avan\u00e7o do conhecimento, colocando sua compet\u00eancia a servi\u00e7o da sociedade e reafirmando seu compromisso com o futuro, a soberania do Pa\u00eds e a inclus\u00e3o social.<\/p>\n<p>3.2.\u00a0<a href=\"https:\/\/www.ufmg.br\/proplan\/wp-content\/uploads\/2021\/11\/Programas-desenvolvidos-em-2006.pdf\">Programas desenvolvidos em 2006<\/a><\/p>\n<p>3.3.\u00a0<a href=\"https:\/\/www.ufmg.br\/proplan\/wp-content\/uploads\/2021\/11\/Patentes.pdf\">Patentes<\/a><\/p>\n<p><strong>4. EXTENS\u00c3O<\/strong><\/p>\n<p>4.1. Vis\u00e3o institucional: Incentivar a integra\u00e7\u00e3o com o ensino e a pesquisa, valorizando programas que estimulem o desenvolvimento regional e promovam relevante impacto social.<\/p>\n<p>4.2.\u00a0<a href=\"https:\/\/www.ufmg.br\/proplan\/wp-content\/uploads\/2021\/11\/Programas-e-Acoes.pdf\">Programas e A\u00e7\u00f5es<\/a><\/p>\n<p>4.3.\u00a0<a href=\"https:\/\/www.ufmg.br\/proplan\/wp-content\/uploads\/2021\/11\/Bolsas-concedidas-a-extensao-2006.pdf\">Bolsas Concedidas \u00e0 Extensao 2006<\/a><\/p>\n<p><strong>5.\u00a0<a href=\"https:\/\/www.ufmg.br\/proplan\/wp-content\/uploads\/2021\/11\/ACOES-DE-PESQUISA-E-EXTENSAO-DE-MAIOR-IMPACTO-NO-COTIDIANO.pdf\">A\u00c7\u00d5ES DE PESQUISA E EXTENS\u00c3O DE MAIOR IMPACTO NO COTIDIANO<\/a><\/strong><\/p>\n<p><strong>6. RECURSOS HUMANOS<\/strong><\/p>\n<p>6.1. Vis\u00e3o institucional: Pol\u00edtica de recursos humanos estreitamente associada \u00e0s metas institucionais: programa permanente de capacita\u00e7\u00e3o focado na motiva\u00e7\u00e3o; boas condi\u00e7\u00f5es de trabalho; servi\u00e7o eficiente e eficaz, com alta qualidade no atendimento ao cliente<\/p>\n<p>6.2.\u00a0<a href=\"https:\/\/www.ufmg.br\/proplan\/wp-content\/uploads\/2021\/11\/Programas-Desenvolvidos-em-2006.pdf\">Programas Desenvolvidos em 2006<\/a><\/p>\n<p><strong>7. INFRAESTRUTURA<\/strong><\/p>\n<p>7.1. Vis\u00e3o institucional: Investir na consolida\u00e7\u00e3o dos campi e de uma infra-estrutura moderna e adequada, incentivando a cultura de preserva\u00e7\u00e3o e valoriza\u00e7\u00e3o ambiental, bem como a manuten\u00e7\u00e3o permanente do patrim\u00f4nio im\u00f3vel da Institui\u00e7\u00e3o<\/p>\n<p>7.2.\u00a0<a href=\"https:\/\/www.ufmg.br\/proplan\/wp-content\/uploads\/2021\/11\/Metas-2.pdf\">Metas<\/a><\/p>\n<\/div><\/div><\/div><div class=\"ea-card  sp-ea-single\"><h3 class=\"ea-header\"><a class=\"collapsed\" data-sptoggle=\"spcollapse\" data-sptarget=#collapse13864 href=\"javascript:void(0)\" aria-expanded=\"false\"><i class=\"ea-expand-icon fa fa-plus\"><\/i> Recursos Transferidos e Recebidos<\/a><\/h3><div class=\"sp-collapse spcollapse spcollapse\" id=\"collapse13864\" data-parent=#sp-ea-1386><div class=\"ea-body\"><p><a href=\"https:\/\/www.ufmg.br\/proplan\/wp-content\/uploads\/2021\/11\/DEMONSTRATIVO-DE-CONVENIOS-RECURSOS-RECEBIDOS-PELA-UFMG.pdf\">DEMONSTRATIVO DE CONV\u00caNIOS \u2013 RECURSOS RECEBIDOS PELA UFMG<\/a><\/p>\n<p><a href=\"https:\/\/www.ufmg.br\/proplan\/wp-content\/uploads\/2021\/11\/DEMONSTRATIVO-RECURSOS-RECEBIDOS-PELA-UFMG-POR-DESTAQUE.pdf\">DEMONSTRATIVO RECURSOS RECEBIDOS PELA UFMG POR DESTAQUE<\/a><\/p>\n<p><a href=\"https:\/\/www.ufmg.br\/proplan\/wp-content\/uploads\/2021\/11\/DEMONSTRATIVO-DE-CONVENIOS-RECURSOS-TRANSFERIDOS-PELA-UFMG.pdf\">DEMONSTRATIVO DE CONV\u00caNIOS \u2013 RECURSOS TRANSFERIDOS PELA UFMG<\/a><\/p>\n<\/div><\/div><\/div><div class=\"ea-card  sp-ea-single\"><h3 class=\"ea-header\"><a class=\"collapsed\" data-sptoggle=\"spcollapse\" data-sptarget=#collapse13865 href=\"javascript:void(0)\" aria-expanded=\"false\"><i class=\"ea-expand-icon fa fa-plus\"><\/i> Indicadores de Gest\u00e3o<\/a><\/h3><div class=\"sp-collapse spcollapse spcollapse\" id=\"collapse13865\" data-parent=#sp-ea-1386><div class=\"ea-body\"><p><a href=\"https:\/\/www.ufmg.br\/proplan\/wp-content\/uploads\/2021\/11\/INDICADORES-DE-GESTAO.pdf\">Indicadores de Gest\u00e3o 2006<\/a><\/p>\n<p>\u00a0<\/p>\n<\/div><\/div><\/div><div class=\"ea-card  sp-ea-single\"><h3 class=\"ea-header\"><a class=\"collapsed\" data-sptoggle=\"spcollapse\" data-sptarget=#collapse13866 href=\"javascript:void(0)\" aria-expanded=\"false\"><i class=\"ea-expand-icon fa fa-plus\"><\/i> Ac\u00f3rd\u00e3o TCU 4160\/2009<\/a><\/h3><div class=\"sp-collapse spcollapse spcollapse\" id=\"collapse13866\" data-parent=#sp-ea-1386><div class=\"ea-body\"><p><a href=\"https:\/\/www.ufmg.br\/proplan\/wp-content\/uploads\/2021\/11\/ACORDAO-No-4160-2009.pdf\">Ac\u00f3rd\u00e3o TCU 4160\/2009<\/a><\/p>\n<\/div><\/div><\/div><\/div>\n","protected":false},"excerpt":{"rendered":"","protected":false},"author":1,"featured_media":0,"parent":0,"menu_order":0,"comment_status":"closed","ping_status":"closed","template":"","meta":{"footnotes":""},"tags":[],"class_list":["post-508","page","type-page","status-publish","hentry"],"_links":{"self":[{"href":"https:\/\/www.ufmg.br\/proplan\/wp-json\/wp\/v2\/pages\/508","targetHints":{"allow":["GET"]}}],"collection":[{"href":"https:\/\/www.ufmg.br\/proplan\/wp-json\/wp\/v2\/pages"}],"about":[{"href":"https:\/\/www.ufmg.br\/proplan\/wp-json\/wp\/v2\/types\/page"}],"author":[{"embeddable":true,"href":"https:\/\/www.ufmg.br\/proplan\/wp-json\/wp\/v2\/users\/1"}],"replies":[{"embeddable":true,"href":"https:\/\/www.ufmg.br\/proplan\/wp-json\/wp\/v2\/comments?post=508"}],"version-history":[{"count":8,"href":"https:\/\/www.ufmg.br\/proplan\/wp-json\/wp\/v2\/pages\/508\/revisions"}],"predecessor-version":[{"id":1387,"href":"https:\/\/www.ufmg.br\/proplan\/wp-json\/wp\/v2\/pages\/508\/revisions\/1387"}],"wp:attachment":[{"href":"https:\/\/www.ufmg.br\/proplan\/wp-json\/wp\/v2\/media?parent=508"}],"wp:term":[{"taxonomy":"post_tag","embeddable":true,"href":"https:\/\/www.ufmg.br\/proplan\/wp-json\/wp\/v2\/tags?post=508"}],"curies":[{"name":"wp","href":"https:\/\/api.w.org\/{rel}","templated":true}]}}