{"id":5236,"date":"2024-01-09T10:27:29","date_gmt":"2024-01-09T12:27:29","guid":{"rendered":"https:\/\/www.ufmg.br\/proplan\/?page_id=5236"},"modified":"2025-01-15T15:04:10","modified_gmt":"2025-01-15T18:04:10","slug":"execucao-orcamentaria-2024","status":"publish","type":"page","link":"https:\/\/www.ufmg.br\/proplan\/execucao-orcamentaria-2024\/","title":{"rendered":"Execu\u00e7\u00e3o Or\u00e7ament\u00e1ria 2024"},"content":{"rendered":"<p><a href=\"https:\/\/www.ufmg.br\/proplan\/wp-content\/uploads\/2025\/01\/01_Bgu_Academicas_2024.pdf\">01_Bgu_Academicas_2024<\/a><\/p>\n<p><a href=\"https:\/\/www.ufmg.br\/proplan\/wp-content\/uploads\/2025\/01\/02_Bgu_Administrativas_2024.pdf\">02_Bgu_Administrativas_2024<\/a><\/p>\n<p><a href=\"https:\/\/www.ufmg.br\/proplan\/wp-content\/uploads\/2025\/01\/03_Bgu_Academicas-Execucao-Orcamentaria-por-PI_2024.pdf\">03_Bgu_Academicas Execucao Orcamentaria por PI_2024<\/a><\/p>\n<p><a href=\"https:\/\/www.ufmg.br\/proplan\/wp-content\/uploads\/2025\/01\/04_Bgu_Academicas-Execucao-Orcamentaria-Total_2024.pdf\">04_Bgu_Academicas Execucao Orcamentaria Total_2024<\/a><\/p>\n<p><a href=\"https:\/\/www.ufmg.br\/proplan\/wp-content\/uploads\/2025\/01\/05_Bgu_Academicas_Total_por_Unidade_2024.pdf\">05_Bgu_Academicas_Total_por_Unidade_2024<\/a><\/p>\n<p><a href=\"https:\/\/www.ufmg.br\/proplan\/wp-content\/uploads\/2025\/01\/06_Bgu_Administrativas_Total_por_Unidade_2024.pdf\">06_Bgu_Administrativas_Total_por_Unidade_2024<\/a><\/p>\n<p><a href=\"https:\/\/www.ufmg.br\/proplan\/wp-content\/uploads\/2025\/01\/07_Bgu_PNAES_2024.pdf\">07_Bgu_PNAES_2024<\/a><\/p>\n<p><a href=\"https:\/\/www.ufmg.br\/proplan\/wp-content\/uploads\/2025\/01\/08_Bgu_Idiomas_Sem_Fronteiras_2024.pdf\">08_Bgu_Idiomas_Sem_Fronteiras_2024<\/a><\/p>\n<p><a href=\"https:\/\/www.ufmg.br\/proplan\/wp-content\/uploads\/2025\/01\/09_Bgu_Academicas-Execucao-Orcamentaria_Cemig_e_Copasa_2024.pdf\">09_Bgu_Academicas Execucao Orcamentaria_Cemig_e_Copasa_2024<\/a><\/p>\n<p><a href=\"https:\/\/www.ufmg.br\/proplan\/wp-content\/uploads\/2025\/01\/10_Bgu_Emendas_Parlamentares_2024.pdf\">10_Bgu_Emendas_Parlamentares_2024<\/a><\/p>\n<p><a href=\"https:\/\/www.ufmg.br\/proplan\/wp-content\/uploads\/2025\/01\/11_Bgu_Anuidades_2024.pdf\">11_Bgu_Anuidades_2024<\/a><br \/>\n&nbsp;<\/p>\n<p>&nbsp;<\/p>\n","protected":false},"excerpt":{"rendered":"<p>01_Bgu_Academicas_2024 02_Bgu_Administrativas_2024 03_Bgu_Academicas Execucao Orcamentaria por PI_2024 04_Bgu_Academicas Execucao Orcamentaria [&hellip;]<\/p>\n","protected":false},"author":8,"featured_media":0,"parent":0,"menu_order":0,"comment_status":"closed","ping_status":"closed","template":"","meta":{"footnotes":""},"tags":[],"class_list":["post-5236","page","type-page","status-publish","hentry"],"_links":{"self":[{"href":"https:\/\/www.ufmg.br\/proplan\/wp-json\/wp\/v2\/pages\/5236","targetHints":{"allow":["GET"]}}],"collection":[{"href":"https:\/\/www.ufmg.br\/proplan\/wp-json\/wp\/v2\/pages"}],"about":[{"href":"https:\/\/www.ufmg.br\/proplan\/wp-json\/wp\/v2\/types\/page"}],"author":[{"embeddable":true,"href":"https:\/\/www.ufmg.br\/proplan\/wp-json\/wp\/v2\/users\/8"}],"replies":[{"embeddable":true,"href":"https:\/\/www.ufmg.br\/proplan\/wp-json\/wp\/v2\/comments?post=5236"}],"version-history":[{"count":18,"href":"https:\/\/www.ufmg.br\/proplan\/wp-json\/wp\/v2\/pages\/5236\/revisions"}],"predecessor-version":[{"id":8596,"href":"https:\/\/www.ufmg.br\/proplan\/wp-json\/wp\/v2\/pages\/5236\/revisions\/8596"}],"wp:attachment":[{"href":"https:\/\/www.ufmg.br\/proplan\/wp-json\/wp\/v2\/media?parent=5236"}],"wp:term":[{"taxonomy":"post_tag","embeddable":true,"href":"https:\/\/www.ufmg.br\/proplan\/wp-json\/wp\/v2\/tags?post=5236"}],"curies":[{"name":"wp","href":"https:\/\/api.w.org\/{rel}","templated":true}]}}