{"id":5239,"date":"2024-01-09T10:28:43","date_gmt":"2024-01-09T12:28:43","guid":{"rendered":"https:\/\/www.ufmg.br\/proplan\/?page_id=5239"},"modified":"2025-01-15T14:59:43","modified_gmt":"2025-01-15T17:59:43","slug":"arrecadacao-de-recursos-proprios-2024","status":"publish","type":"page","link":"https:\/\/www.ufmg.br\/proplan\/arrecadacao-de-recursos-proprios-2024\/","title":{"rendered":"Arrecada\u00e7\u00e3o de Recursos Pr\u00f3prios 2024"},"content":{"rendered":"<p><!--\n<a href=\"https:\/\/www.ufmg.br\/proplan\/wp-content\/uploads\/2024\/08\/Acompanhamento_da_Receita_Propria_2024_Recurso-da-Taxa-de-Resolucao-13_23-e-Fundacoes_2024__pub1.xls\">Acompanhamento_da_Receita_Propria_2024<\/a>\n\n--><\/p>\n<p><a href=\"https:\/\/www.ufmg.br\/proplan\/wp-content\/uploads\/2025\/01\/01_Receita_Total_UFMG_2024.pdf\">01_Receita_Total_UFMG_2024<\/a><\/p>\n<p><a href=\"https:\/\/www.ufmg.br\/proplan\/wp-content\/uploads\/2025\/01\/02_Receita_Taxa_132022_unidades_2024.pdf\">02_Receita_Taxa_132022_unidades_2024<\/a><\/p>\n<p><a href=\"https:\/\/www.ufmg.br\/proplan\/wp-content\/uploads\/2025\/01\/03_Taxa_Resolucao_132022_ugs_por_contribuinte_2024.pdf\">03_Taxa_Resolucao_132022_ugs_por_contribuinte_2024<\/a><\/p>\n<p><a href=\"https:\/\/www.ufmg.br\/proplan\/wp-content\/uploads\/2025\/01\/04_Taxa_Resolucao_132022_contribuinte_por_ugs_2024.pdf\">04_Taxa_Resolucao_132022_contribuinte_por_ugs_2024<\/a><\/p>\n","protected":false},"excerpt":{"rendered":"<p>01_Receita_Total_UFMG_2024 02_Receita_Taxa_132022_unidades_2024 03_Taxa_Resolucao_132022_ugs_por_contribuinte_2024 04_Taxa_Resolucao_132022_contribuinte_por_ugs_2024<\/p>\n","protected":false},"author":8,"featured_media":0,"parent":0,"menu_order":0,"comment_status":"closed","ping_status":"closed","template":"","meta":{"footnotes":""},"tags":[],"class_list":["post-5239","page","type-page","status-publish","hentry"],"_links":{"self":[{"href":"https:\/\/www.ufmg.br\/proplan\/wp-json\/wp\/v2\/pages\/5239","targetHints":{"allow":["GET"]}}],"collection":[{"href":"https:\/\/www.ufmg.br\/proplan\/wp-json\/wp\/v2\/pages"}],"about":[{"href":"https:\/\/www.ufmg.br\/proplan\/wp-json\/wp\/v2\/types\/page"}],"author":[{"embeddable":true,"href":"https:\/\/www.ufmg.br\/proplan\/wp-json\/wp\/v2\/users\/8"}],"replies":[{"embeddable":true,"href":"https:\/\/www.ufmg.br\/proplan\/wp-json\/wp\/v2\/comments?post=5239"}],"version-history":[{"count":25,"href":"https:\/\/www.ufmg.br\/proplan\/wp-json\/wp\/v2\/pages\/5239\/revisions"}],"predecessor-version":[{"id":8769,"href":"https:\/\/www.ufmg.br\/proplan\/wp-json\/wp\/v2\/pages\/5239\/revisions\/8769"}],"wp:attachment":[{"href":"https:\/\/www.ufmg.br\/proplan\/wp-json\/wp\/v2\/media?parent=5239"}],"wp:term":[{"taxonomy":"post_tag","embeddable":true,"href":"https:\/\/www.ufmg.br\/proplan\/wp-json\/wp\/v2\/tags?post=5239"}],"curies":[{"name":"wp","href":"https:\/\/api.w.org\/{rel}","templated":true}]}}