{"id":648,"date":"2021-12-07T11:17:37","date_gmt":"2021-12-07T14:17:37","guid":{"rendered":"https:\/\/www.ufmg.br\/proplan\/?page_id=648"},"modified":"2022-05-03T16:44:15","modified_gmt":"2022-05-03T19:44:15","slug":"rol-de-responsaveis","status":"publish","type":"page","link":"https:\/\/www.ufmg.br\/proplan\/rol-de-responsaveis\/","title":{"rendered":"Rol de Respons\u00e1veis"},"content":{"rendered":"<p style=\"text-align: justify;\"><a href=\"https:\/\/www.ufmg.br\/proplan\/rol-de-responsaveis\/orientacoes-para-atualizacao-do-rol-de-responsaveis\/\">Orienta\u00e7\u00f5es para atualiza\u00e7\u00e3o do Rol de Respons\u00e1veis<\/a><\/p>\n<p style=\"text-align: justify;\"><a href=\"https:\/\/www.ufmg.br\/proplan\/rol-de-responsaveis\/modelos-de-portarias\/\">Modelos de Portarias<\/a><\/p>\n<p style=\"text-align: justify;\"><a href=\"https:\/\/www.ufmg.br\/proplan\/rol-de-responsaveis\/portarias-de-rol-de-responsaveis\/\">Portarias de Rol de Respons\u00e1veis<\/a><\/p>\n<p>&nbsp;<\/p>\n<p>&nbsp;<\/p>\n","protected":false},"excerpt":{"rendered":"<p>Orienta\u00e7\u00f5es para atualiza\u00e7\u00e3o do Rol de Respons\u00e1veis Modelos de Portarias [&hellip;]<\/p>\n","protected":false},"author":1,"featured_media":0,"parent":0,"menu_order":0,"comment_status":"closed","ping_status":"closed","template":"","meta":{"footnotes":""},"tags":[],"class_list":["post-648","page","type-page","status-publish","hentry"],"_links":{"self":[{"href":"https:\/\/www.ufmg.br\/proplan\/wp-json\/wp\/v2\/pages\/648","targetHints":{"allow":["GET"]}}],"collection":[{"href":"https:\/\/www.ufmg.br\/proplan\/wp-json\/wp\/v2\/pages"}],"about":[{"href":"https:\/\/www.ufmg.br\/proplan\/wp-json\/wp\/v2\/types\/page"}],"author":[{"embeddable":true,"href":"https:\/\/www.ufmg.br\/proplan\/wp-json\/wp\/v2\/users\/1"}],"replies":[{"embeddable":true,"href":"https:\/\/www.ufmg.br\/proplan\/wp-json\/wp\/v2\/comments?post=648"}],"version-history":[{"count":6,"href":"https:\/\/www.ufmg.br\/proplan\/wp-json\/wp\/v2\/pages\/648\/revisions"}],"predecessor-version":[{"id":1536,"href":"https:\/\/www.ufmg.br\/proplan\/wp-json\/wp\/v2\/pages\/648\/revisions\/1536"}],"wp:attachment":[{"href":"https:\/\/www.ufmg.br\/proplan\/wp-json\/wp\/v2\/media?parent=648"}],"wp:term":[{"taxonomy":"post_tag","embeddable":true,"href":"https:\/\/www.ufmg.br\/proplan\/wp-json\/wp\/v2\/tags?post=648"}],"curies":[{"name":"wp","href":"https:\/\/api.w.org\/{rel}","templated":true}]}}