{"id":652,"date":"2021-12-07T11:19:41","date_gmt":"2021-12-07T14:19:41","guid":{"rendered":"https:\/\/www.ufmg.br\/proplan\/?page_id=652"},"modified":"2022-11-21T10:12:58","modified_gmt":"2022-11-21T13:12:58","slug":"orientacoes-para-atualizacao-do-rol-de-responsaveis","status":"publish","type":"page","link":"https:\/\/www.ufmg.br\/proplan\/rol-de-responsaveis\/orientacoes-para-atualizacao-do-rol-de-responsaveis\/","title":{"rendered":"Orienta\u00e7\u00f5es para atualiza\u00e7\u00e3o do Rol de Respons\u00e1veis"},"content":{"rendered":"<p style=\"text-align: justify;\"><a href=\"https:\/\/www.ufmg.br\/proplan\/wp-content\/uploads\/IN-TCU-84-2020-REVOGA-IN-63-2010.pdf\">INSTRU\u00c7\u00c3O NORMATIVA TCU N\u00b0 84\/2020<\/a><\/p>\n<p style=\"text-align: justify;\"><a href=\"https:\/\/www.ufmg.br\/proplan\/wp-content\/uploads\/ManualCadastroResponsaveis.pdf\">MANUAL DO CADASTRO DE RESPONS\u00c1VEIS \u2013 GSCON\/CGU<\/a><\/p>\n<p style=\"text-align: justify;\"><a href=\"https:\/\/www.ufmg.br\/proplan\/wp-content\/uploads\/2022\/11\/ROTEIRO-PARA-ATUALIZACAO-DO-ROL-DE-RESPONSAVEIS-NO-SIAFI-em-21-11-2022.pdf\">ROTEIRO PARA ATUALIZA\u00c7\u00c3O DO ROL DE RESPONS\u00c1VEIS NO SIAFI <\/a><\/p>\n<p style=\"text-align: justify;\"><a href=\"https:\/\/sei.ufmg.br\/sei\/controlador.php?acao=base_conhecimento_visualizar&amp;id_base_conhecimento=381&amp;infra_sistema=100000100&amp;infra_unidade_atual=110000011&amp;infra_hash=38aebe6556adff21a53862e846acee316b751d08cc9f60e0c1607343ae688030\">CLIQUE AQUI PARA ACESSAR A BASE DE CONHECIMENTO DO SEI<\/a><\/p>\n<p style=\"text-align: justify;\"><strong>FLUXO PARA DESIGNA\u00c7\u00c3O\/ALTERA\u00c7\u00c3O DE ROL DE RESPONS\u00c1VEIS NO SEI<\/strong><\/p>\n<p style=\"text-align: justify;\"><a href=\"https:\/\/www.ufmg.br\/proplan\/wp-content\/uploads\/designa%C3%A7%C3%A3o-de-rol-de-respons%C3%A1veis-1.png\" target=\"_blank\" rel=\"noopener\"><img loading=\"lazy\" decoding=\"async\" class=\"alignnone wp-image-18143\" src=\"https:\/\/www.ufmg.br\/proplan\/wp-content\/uploads\/designa%C3%A7%C3%A3o-de-rol-de-respons%C3%A1veis-1.png\" sizes=\"auto, (max-width: 745px) 100vw, 745px\" srcset=\"https:\/\/www.ufmg.br\/proplan\/wp-content\/uploads\/designa\u00e7\u00e3o-de-rol-de-respons\u00e1veis-1.png 2319w, https:\/\/www.ufmg.br\/proplan\/wp-content\/uploads\/designa\u00e7\u00e3o-de-rol-de-respons\u00e1veis-1-1024x302.png 1024w, https:\/\/www.ufmg.br\/proplan\/wp-content\/uploads\/designa\u00e7\u00e3o-de-rol-de-respons\u00e1veis-1-1380x408.png 1380w\" alt=\"\" width=\"745\" height=\"220\" \/><\/a><\/p>\n<p style=\"text-align: justify;\"><strong>FLUXO PARA ENVIO DO RELAT\u00d3RIO DE ROL DE RESPONS\u00c1VEIS NO SEI<\/strong><\/p>\n<p style=\"text-align: justify;\"><a href=\"https:\/\/www.ufmg.br\/proplan\/wp-content\/uploads\/FLUXO-1.jpeg\" target=\"_blank\" rel=\"noopener\"><img loading=\"lazy\" decoding=\"async\" class=\"alignnone wp-image-18153 size-full\" src=\"https:\/\/www.ufmg.br\/proplan\/wp-content\/uploads\/FLUXO-1.jpeg\" sizes=\"auto, (max-width: 1280px) 100vw, 1280px\" srcset=\"https:\/\/www.ufmg.br\/proplan\/wp-content\/uploads\/FLUXO-1.jpeg 1280w, https:\/\/www.ufmg.br\/proplan\/wp-content\/uploads\/FLUXO-1-1024x392.jpeg 1024w\" alt=\"\" width=\"1280\" height=\"490\" \/><\/a><\/p>\n","protected":false},"excerpt":{"rendered":"<p>INSTRU\u00c7\u00c3O NORMATIVA TCU N\u00b0 84\/2020 MANUAL DO CADASTRO DE RESPONS\u00c1VEIS [&hellip;]<\/p>\n","protected":false},"author":1,"featured_media":0,"parent":648,"menu_order":0,"comment_status":"closed","ping_status":"closed","template":"","meta":{"footnotes":""},"tags":[],"class_list":["post-652","page","type-page","status-publish","hentry"],"_links":{"self":[{"href":"https:\/\/www.ufmg.br\/proplan\/wp-json\/wp\/v2\/pages\/652","targetHints":{"allow":["GET"]}}],"collection":[{"href":"https:\/\/www.ufmg.br\/proplan\/wp-json\/wp\/v2\/pages"}],"about":[{"href":"https:\/\/www.ufmg.br\/proplan\/wp-json\/wp\/v2\/types\/page"}],"author":[{"embeddable":true,"href":"https:\/\/www.ufmg.br\/proplan\/wp-json\/wp\/v2\/users\/1"}],"replies":[{"embeddable":true,"href":"https:\/\/www.ufmg.br\/proplan\/wp-json\/wp\/v2\/comments?post=652"}],"version-history":[{"count":4,"href":"https:\/\/www.ufmg.br\/proplan\/wp-json\/wp\/v2\/pages\/652\/revisions"}],"predecessor-version":[{"id":2521,"href":"https:\/\/www.ufmg.br\/proplan\/wp-json\/wp\/v2\/pages\/652\/revisions\/2521"}],"up":[{"embeddable":true,"href":"https:\/\/www.ufmg.br\/proplan\/wp-json\/wp\/v2\/pages\/648"}],"wp:attachment":[{"href":"https:\/\/www.ufmg.br\/proplan\/wp-json\/wp\/v2\/media?parent=652"}],"wp:term":[{"taxonomy":"post_tag","embeddable":true,"href":"https:\/\/www.ufmg.br\/proplan\/wp-json\/wp\/v2\/tags?post=652"}],"curies":[{"name":"wp","href":"https:\/\/api.w.org\/{rel}","templated":true}]}}