{"id":663,"date":"2021-12-07T11:44:06","date_gmt":"2021-12-07T14:44:06","guid":{"rendered":"https:\/\/www.ufmg.br\/proplan\/?page_id=663"},"modified":"2025-06-11T15:56:14","modified_gmt":"2025-06-11T18:56:14","slug":"manuais-e-orientacoes-diversas","status":"publish","type":"page","link":"https:\/\/www.ufmg.br\/proplan\/execucao-da-despesa-publica\/pagamento-da-despesa\/manuais-e-orientacoes-diversas\/","title":{"rendered":"Manuais e Orienta\u00e7\u00f5es Diversas"},"content":{"rendered":"<p><a href=\"https:\/\/www.ufmg.br\/proplan\/wp-content\/uploads\/2025\/06\/Manual-Simplificado-de-Ordem-Bancaria-20250310.pdf\">MANUAL SIMPLIFICADO DE ORDEM BANC\u00c1RIA<\/a><\/p>\n<p><a href=\"https:\/\/www.ufmg.br\/proplan\/wp-content\/uploads\/ORIENTA%C3%87%C3%95ES-SOBRE-REPASSES-DE-RECURSOS-PELA-DIVIS%C3%83O-DE-ADMINISTRA%C3%87%C3%83O.pdf\">ORIENTA\u00c7\u00d5ES SOBRE REPASSE DE RECURSO FINANCEIRO<\/a><\/p>\n<p><a href=\"https:\/\/www.ufmg.br\/proplan\/wp-content\/uploads\/2023\/02\/ACERTO-DE-OB-CANCELADA-EQUACAO-063.pdf\">ACERTO DE OB CANCELADA &#8211; EQUA\u00c7\u00c3O 063<\/a><\/p>\n","protected":false},"excerpt":{"rendered":"<p>MANUAL SIMPLIFICADO DE ORDEM BANC\u00c1RIA ORIENTA\u00c7\u00d5ES SOBRE REPASSE DE RECURSO [&hellip;]<\/p>\n","protected":false},"author":1,"featured_media":0,"parent":412,"menu_order":0,"comment_status":"closed","ping_status":"closed","template":"","meta":{"footnotes":""},"tags":[],"class_list":["post-663","page","type-page","status-publish","hentry"],"_links":{"self":[{"href":"https:\/\/www.ufmg.br\/proplan\/wp-json\/wp\/v2\/pages\/663","targetHints":{"allow":["GET"]}}],"collection":[{"href":"https:\/\/www.ufmg.br\/proplan\/wp-json\/wp\/v2\/pages"}],"about":[{"href":"https:\/\/www.ufmg.br\/proplan\/wp-json\/wp\/v2\/types\/page"}],"author":[{"embeddable":true,"href":"https:\/\/www.ufmg.br\/proplan\/wp-json\/wp\/v2\/users\/1"}],"replies":[{"embeddable":true,"href":"https:\/\/www.ufmg.br\/proplan\/wp-json\/wp\/v2\/comments?post=663"}],"version-history":[{"count":11,"href":"https:\/\/www.ufmg.br\/proplan\/wp-json\/wp\/v2\/pages\/663\/revisions"}],"predecessor-version":[{"id":9806,"href":"https:\/\/www.ufmg.br\/proplan\/wp-json\/wp\/v2\/pages\/663\/revisions\/9806"}],"up":[{"embeddable":true,"href":"https:\/\/www.ufmg.br\/proplan\/wp-json\/wp\/v2\/pages\/412"}],"wp:attachment":[{"href":"https:\/\/www.ufmg.br\/proplan\/wp-json\/wp\/v2\/media?parent=663"}],"wp:term":[{"taxonomy":"post_tag","embeddable":true,"href":"https:\/\/www.ufmg.br\/proplan\/wp-json\/wp\/v2\/tags?post=663"}],"curies":[{"name":"wp","href":"https:\/\/api.w.org\/{rel}","templated":true}]}}