{"id":6813,"date":"2024-08-29T16:26:57","date_gmt":"2024-08-29T19:26:57","guid":{"rendered":"https:\/\/www.ufmg.br\/proplan\/?page_id=6813"},"modified":"2026-01-14T15:54:45","modified_gmt":"2026-01-14T18:54:45","slug":"estrutura-organizacional-siorg","status":"publish","type":"page","link":"https:\/\/www.ufmg.br\/proplan\/estrutura-organizacional-siorg\/","title":{"rendered":"Estrutura Organizacional SIORG"},"content":{"rendered":"<p>O Manual de Estruturas Organizacionais do Poder Executivo Federal \u00e9 uma fonte de consulta essencial, objetiva e pr\u00e1tica, voltada principalmente para aqueles que se dedicam \u00e0 revis\u00e3o e \u00e0 elabora\u00e7\u00e3o de propostas de estruturas regimentais ou de estatutos dos \u00f3rg\u00e3os e das entidades do Poder Executivo Federal.<\/p>\n<p>O objetivo desta publica\u00e7\u00e3o \u00e9 aperfei\u00e7oar e orientar a elabora\u00e7\u00e3o de propostas pelos interessados, em conson\u00e2ncia com a legisla\u00e7\u00e3o vigente e as orienta\u00e7\u00f5es do \u00f3rg\u00e3o central do SIORG.<\/p>\n<p>&nbsp;<\/p>\n<p>MANUAL DE ESTRUTURAS ORGANIZACIONAIS DO PODER EXECUTIVO FEDERAL<\/p>\n<p><a href=\"https:\/\/www.gov.br\/economia\/pt-br\/centrais-de-conteudo\/publicacoes\/guias-e-manuais\/defeso\/manual-de-estruturas-organizacionais-do-poder-executivo-federal\/arquivos\/manual-de-estruturas-organizacionais_2edicao.pdf\">https:\/\/www.gov.br\/economia\/pt-br\/centrais-de-conteudo\/publicacoes\/guias-e-manuais\/defeso\/manual-de-estruturas-organizacionais-do-poder-executivo-federal\/arquivos\/manual-de-estruturas-organizacionais_2edicao.pdf<\/a><\/p>\n<p>&nbsp;<\/p>\n<p>BASE CONHECIMENTO SEI<\/p>\n<p><a href=\"https:\/\/sei.ufmg.br\/index.php\/2019\/08\/28\/bases-de-conhecimento\/?id=100000631\">https:\/\/sei.ufmg.br\/index.php\/2019\/08\/28\/bases-de-conhecimento\/?id=100000631<\/a><\/p>\n<p>&nbsp;<\/p>\n<p><img loading=\"lazy\" decoding=\"async\" class=\"alignnone size-full wp-image-6820\" src=\"https:\/\/www.ufmg.br\/proplan\/wp-content\/uploads\/2024\/08\/Slide1.jpg\" alt=\"\" width=\"1280\" height=\"720\" srcset=\"https:\/\/www.ufmg.br\/proplan\/wp-content\/uploads\/2024\/08\/Slide1.jpg 1280w, https:\/\/www.ufmg.br\/proplan\/wp-content\/uploads\/2024\/08\/Slide1-300x169.jpg 300w, https:\/\/www.ufmg.br\/proplan\/wp-content\/uploads\/2024\/08\/Slide1-1024x576.jpg 1024w, https:\/\/www.ufmg.br\/proplan\/wp-content\/uploads\/2024\/08\/Slide1-768x432.jpg 768w\" sizes=\"auto, (max-width: 1280px) 100vw, 1280px\" \/><\/p>\n<p>ESTRUTURA ORGANIZACIONAL DA UFMG<\/p>\n<p><img loading=\"lazy\" decoding=\"async\" class=\"alignnone size-full wp-image-12784\" src=\"https:\/\/www.ufmg.br\/proplan\/wp-content\/uploads\/2026\/01\/Organograma-2025-scaled.jpg\" alt=\"\" width=\"2560\" height=\"2327\" srcset=\"https:\/\/www.ufmg.br\/proplan\/wp-content\/uploads\/2026\/01\/Organograma-2025-scaled.jpg 2560w, https:\/\/www.ufmg.br\/proplan\/wp-content\/uploads\/2026\/01\/Organograma-2025-300x273.jpg 300w, https:\/\/www.ufmg.br\/proplan\/wp-content\/uploads\/2026\/01\/Organograma-2025-1024x931.jpg 1024w, https:\/\/www.ufmg.br\/proplan\/wp-content\/uploads\/2026\/01\/Organograma-2025-768x698.jpg 768w, https:\/\/www.ufmg.br\/proplan\/wp-content\/uploads\/2026\/01\/Organograma-2025-1536x1396.jpg 1536w, https:\/\/www.ufmg.br\/proplan\/wp-content\/uploads\/2026\/01\/Organograma-2025-2048x1861.jpg 2048w\" sizes=\"auto, (max-width: 2560px) 100vw, 2560px\" \/>Atualizado em 14\/01\/2026<\/p>\n","protected":false},"excerpt":{"rendered":"<p>O Manual de Estruturas Organizacionais do Poder Executivo Federal \u00e9 [&hellip;]<\/p>\n","protected":false},"author":9,"featured_media":0,"parent":0,"menu_order":0,"comment_status":"closed","ping_status":"closed","template":"","meta":{"footnotes":""},"tags":[],"class_list":["post-6813","page","type-page","status-publish","hentry"],"_links":{"self":[{"href":"https:\/\/www.ufmg.br\/proplan\/wp-json\/wp\/v2\/pages\/6813","targetHints":{"allow":["GET"]}}],"collection":[{"href":"https:\/\/www.ufmg.br\/proplan\/wp-json\/wp\/v2\/pages"}],"about":[{"href":"https:\/\/www.ufmg.br\/proplan\/wp-json\/wp\/v2\/types\/page"}],"author":[{"embeddable":true,"href":"https:\/\/www.ufmg.br\/proplan\/wp-json\/wp\/v2\/users\/9"}],"replies":[{"embeddable":true,"href":"https:\/\/www.ufmg.br\/proplan\/wp-json\/wp\/v2\/comments?post=6813"}],"version-history":[{"count":9,"href":"https:\/\/www.ufmg.br\/proplan\/wp-json\/wp\/v2\/pages\/6813\/revisions"}],"predecessor-version":[{"id":12786,"href":"https:\/\/www.ufmg.br\/proplan\/wp-json\/wp\/v2\/pages\/6813\/revisions\/12786"}],"wp:attachment":[{"href":"https:\/\/www.ufmg.br\/proplan\/wp-json\/wp\/v2\/media?parent=6813"}],"wp:term":[{"taxonomy":"post_tag","embeddable":true,"href":"https:\/\/www.ufmg.br\/proplan\/wp-json\/wp\/v2\/tags?post=6813"}],"curies":[{"name":"wp","href":"https:\/\/api.w.org\/{rel}","templated":true}]}}