{"id":694,"date":"2021-12-14T11:56:12","date_gmt":"2021-12-14T14:56:12","guid":{"rendered":"https:\/\/www.ufmg.br\/proplan\/?page_id=694"},"modified":"2023-03-15T11:04:16","modified_gmt":"2023-03-15T14:04:16","slug":"processos-de-pagamento","status":"publish","type":"page","link":"https:\/\/www.ufmg.br\/proplan\/execucao-da-despesa-publica\/pagamento-da-despesa\/processos-de-pagamento\/","title":{"rendered":"Processos de Pagamento"},"content":{"rendered":"<header class=\"entry-header\">\n<p class=\"entry-title\" style=\"text-align: justify;\"><strong style=\"font-size: 16px;\"><u>Conte\u00fado dos Processos de Pagamento<\/u><\/strong><\/p>\n<\/header>\n<div class=\"entry-content\">\n<p style=\"text-align: justify;\"><strong>\u00a0<\/strong><strong>Fase de Liquida\u00e7\u00e3o e Pagamento: Licita\u00e7\u00e3o, dispensa e inexigibilidade.<\/strong><strong>\u00a0<\/strong><\/p>\n<ul style=\"text-align: justify;\">\n<li>Empenho assinado (no in\u00edcio do processo). Sempre que houver refor\u00e7o ou um novo empenho, este dever\u00e1 constar no processo de pagamento;<\/li>\n<li>Comprovante de Consulta ao SICAF, CADIN, CEIS e\/ou certid\u00f5es federais para o pagamento, no caso de inadimpl\u00eancia de alguma delas executar a notifica\u00e7\u00e3o formal;<\/li>\n<li>Nota Fiscal atestada;<\/li>\n<li>Confirma\u00e7\u00e3o da veracidade da NFe no s\u00edtio da Secretaria da Fazenda;<\/li>\n<li>Comprovante da Entrada do Material no Sistema de Almoxarifado \/ Patrim\u00f4nio;<\/li>\n<li>Documentos Eletr\u00f4nicos gerados no SIAFI (OB, DARF, GPS, DAE, outros).<\/li>\n<\/ul>\n<p style=\"text-align: justify;\"><strong>\u00a0<\/strong><strong>Processo de Pagamento: Servi\u00e7os de pessoa f\u00edsica<\/strong><\/p>\n<p style=\"text-align: justify;\">Al\u00e9m dos itens elencados acima, incluir:<\/p>\n<ul style=\"text-align: justify;\">\n<li>Folha de pagamento BL2 para aut\u00f4nomos<\/li>\n<\/ul>\n<p style=\"text-align: justify;\"><strong>\u00a0<\/strong><strong>Processo de Pagamento: Bolsas de estudo<\/strong><\/p>\n<ul style=\"text-align: justify;\">\n<li>Edital de Sele\u00e7\u00e3o;<\/li>\n<li>Documento do Ordenador de Despesa autorizando o pagamento.<\/li>\n<\/ul>\n<p style=\"text-align: justify;\"><strong>\u00a0<\/strong><strong>Processo de Pagamento: Di\u00e1rias<\/strong><\/p>\n<p style=\"text-align: justify;\">No in\u00edcio de cada exerc\u00edcio \u00e9 necess\u00e1rio abrir processo no SEI do tipo <a class=\"ancoraSigla\" href=\"https:\/\/sei.ufmg.br\/index.php\/2019\/08\/28\/base-de-conhecimento\/?id_procedimento=100000551&amp;id_base=464\" target=\"_blank\" rel=\"noopener\">&#8220;Contabilidade e Finan\u00e7as: Empenho de di\u00e1rias&#8221;<\/a>. Os documentos relativos a cada viagem realizada ser\u00e3o anexados no pr\u00f3prio sistema SCDP, n\u00e3o sendo necess\u00e1ria a inclus\u00e3o destes documentos no processo de empenho de di\u00e1rias. A presta\u00e7\u00e3o de contas individualizada de cada viagem ser\u00e1 realizada no sistema SCDP anexando c\u00f3pia assinada digitalmente ou autenticada administrativamente dos seguintes documentos:<\/p>\n<p style=\"text-align: justify;\">\u2013 Bilhetes de viagens comprovando ida e volta,<\/p>\n<p style=\"text-align: justify;\">\u2013 Certificado que comprove o comparecimento ao evento.<\/p>\n<p style=\"text-align: justify;\">Obs.: Caso na unidade haja algum documento f\u00edsico (como o canhoto de embarque, por exemplo) referente a di\u00e1rias, este dever\u00e1 ser digitalizado e compor\u00e1 a presta\u00e7\u00e3o de contas no SCDP.<\/p>\n<p style=\"text-align: justify;\"><strong><u>Fluxo dos Processos de Pagamento<\/u><\/strong><\/p>\n<p style=\"text-align: justify;\"><a href=\"https:\/\/www.ufmg.br\/proplan\/wp-content\/uploads\/Fluxo-de-Atividade-Liquida%C3%A7%C3%A3o-e-Pagamento-1.png\"><img loading=\"lazy\" decoding=\"async\" class=\"aligncenter size-large wp-image-16577 zoooom\" src=\"https:\/\/www.ufmg.br\/proplan\/wp-content\/uploads\/Fluxo-de-Atividade-Liquida%C3%A7%C3%A3o-e-Pagamento-1-1024x268.png\" sizes=\"auto, (max-width: 680px) 100vw, 680px\" srcset=\"https:\/\/www.ufmg.br\/proplan\/wp-content\/uploads\/Fluxo-de-Atividade-Liquida\u00e7\u00e3o-e-Pagamento-1-1024x268.png 1024w, https:\/\/www.ufmg.br\/proplan\/wp-content\/uploads\/Fluxo-de-Atividade-Liquida\u00e7\u00e3o-e-Pagamento-1-1380x361.png 1380w, https:\/\/www.ufmg.br\/proplan\/wp-content\/uploads\/Fluxo-de-Atividade-Liquida\u00e7\u00e3o-e-Pagamento-1.png 3868w\" alt=\"\" width=\"680\" height=\"178\" \/><\/a>Clique ou passe o mouse sobre a imagem para ampliar<\/p>\n<div class=\"elementor-element elementor-element-1a615ef8 elementor-widget elementor-widget-text-editor\" style=\"text-align: justify;\" data-id=\"1a615ef8\" data-element_type=\"widget\" data-widget_type=\"text-editor.default\">\n<div class=\"elementor-widget-container\">\n<div class=\"elementor-text-editor elementor-clearfix\">\n<p>&nbsp;<\/p>\n<p><strong>LISTA DE PROCESSOS DISPON\u00cdVEIS NO SEI:<\/strong><\/p>\n<\/div>\n<p><a href=\"https:\/\/sei.ufmg.br\/index.php\/processos-implantados\/\">https:\/\/sei.ufmg.br\/index.php\/processos-implantados\/<\/a><\/p>\n<div class=\"elementor-text-editor elementor-clearfix\">\n<p>Cada processo tem uma base de conhecimento cadastrada no SEI, podendo ser acessada atrav\u00e9s do link associado ao processo.<\/p>\n<\/div>\n<\/div>\n<\/div>\n<p style=\"text-align: justify;\"><strong>MODELOS DE ATESTES, DESPACHOS E FORMUL\u00c1RIOS PARA PROCESSOS SEI:<\/strong><\/p>\n<ul style=\"text-align: justify;\">\n<li><a href=\"https:\/\/www.ufmg.br\/proplan\/wp-content\/uploads\/Ateste-Projeto-Funda%C3%A7%C3%A3o-de-Apoio.pdf\">Ateste Projeto Funda\u00e7\u00e3o de Apoio<\/a>;<\/li>\n<li><a href=\"https:\/\/www.ufmg.br\/proplan\/wp-content\/uploads\/Ateste-Custo-administrativo-Funda%C3%A7%C3%A3o-de-Apoio.pdf\">Ateste Custo Administrativo Funda\u00e7\u00e3o de Apoio<\/a>;<\/li>\n<li><a href=\"https:\/\/www.ufmg.br\/proplan\/wp-content\/uploads\/Ateste-de-Faturas-de-Passagens.pdf\">Ateste de Faturas de Passagens<\/a>\u00a0(Este ateste aplica-se nos casos de cancelamento em virtude da pandemia);<\/li>\n<li><a href=\"https:\/\/www.ufmg.br\/proplan\/wp-content\/uploads\/Despacho-da-Contabilidade.pdf\">Despacho da Contabilidade<\/a>;<\/li>\n<li><a href=\"https:\/\/www.ufmg.br\/proplan\/wp-content\/uploads\/Despacho-do-Ordenador.pdf\">Despacho do Ordenador<\/a>;<\/li>\n<li><a href=\"https:\/\/www.ufmg.br\/proplan\/wp-content\/uploads\/Despacho-Conformidade-de-Gest%C3%A3o-1.pdf\">Despacho Conformidade de Gest\u00e3o<\/a><a href=\"https:\/\/www.ufmg.br\/proplan\/wp-content\/uploads\/Despacho-Conformidade-de-Gest%C3%A3o-1.docx\">;<\/a><\/li>\n<li><a href=\"https:\/\/www.ufmg.br\/proplan\/wp-content\/uploads\/Autoriza%C3%A7%C3%A3o-do-Ordenador-para-Reembolso-Ressarcimento.pdf\">Autoriza\u00e7\u00e3o do Ordenador para Reembolso\/Ressarcimento<\/a>;<\/li>\n<li><a href=\"https:\/\/www.ufmg.br\/proplan\/wp-content\/uploads\/Formul%C3%A1rio-de-Solicita%C3%A7%C3%A3o-de-Aux%C3%ADlio-Financeiro-a-estudante.pdf\">Formul\u00e1rio de Solicita\u00e7\u00e3o de Aux\u00edlio Financeiro a estudante<\/a>;<\/li>\n<li><a href=\"https:\/\/www.ufmg.br\/proplan\/wp-content\/uploads\/Parecer-de-M%C3%A9rito-Acad%C3%AAmico-para-Aux%C3%ADlio-Financeiro-a-estudante.pdf\">Parecer de M\u00e9rito Acad\u00eamico para Aux\u00edlio Financeiro a estudante<\/a>;<\/li>\n<li><a href=\"https:\/\/www.ufmg.br\/proplan\/wp-content\/uploads\/Formul%C3%A1rio-de-Presta%C3%A7%C3%A3o-de-Contas-de-Aux%C3%ADlio-Financeiro-a-estudante.pdf\">Formul\u00e1rio de Presta\u00e7\u00e3o de Contas de Aux\u00edlio Financeiro a estudante<\/a>;<\/li>\n<li><a href=\"https:\/\/www.ufmg.br\/proplan\/wp-content\/uploads\/Checklist-documentos-Aux%C3%ADlio-Financeiro-a-estudante.pdf\">Checklist Documentos Aux\u00edlio Financeiro a estudante<\/a>;<\/li>\n<li><a href=\"https:\/\/www.ufmg.br\/proplan\/wp-content\/uploads\/Modelo-de-Notifica%C3%A7%C3%A3o-SICAF-3.pdf\">Modelo Notifica\u00e7\u00e3o SICAF<\/a>;<\/li>\n<li><a href=\"https:\/\/www.ufmg.br\/proplan\/wp-content\/uploads\/Modelo-Solicita%C3%A7%C3%A3o-Of%C3%ADcio-de-Di%C3%A1rias.pdf\">Modelo Solicita\u00e7\u00e3o Of\u00edcio de Di\u00e1rias<\/a>.<\/li>\n<\/ul>\n<p style=\"text-align: justify;\"><strong>RELA\u00c7\u00c3O DE FORMUL\u00c1RIOS DISPON\u00cdVEIS NO SEI:<\/strong><\/p>\n<ul style=\"text-align: justify;\">\n<li>Proposta de Concess\u00e3o de Suprimento de Fundos;<\/li>\n<li>Formul\u00e1rio de Presta\u00e7\u00e3o de Contas de Suprimento de Fundos;<\/li>\n<li>Formul\u00e1rio de Solicita\u00e7\u00e3o de Reembolso;<\/li>\n<li>Formul\u00e1rio de Ateste de Material e\/ou Servi\u00e7o.<\/li>\n<\/ul>\n<p style=\"text-align: justify;\"><strong>LEGISLA\u00c7\u00d5ES:<\/strong><\/p>\n<ul style=\"text-align: justify;\">\n<li>Art. 30 e 31 da IN 03\/2018: obrigatoriedade de consulta ao SICAF previamente \u00e0 emiss\u00e3o de nota de empenho, \u00e0 contrata\u00e7\u00e3o e a cada pagamento;\u00a0<a href=\"https:\/\/www.ufmg.br\/proplan\/wp-content\/uploads\/Instru%C3%A7%C3%A3o-Normativa-n%C2%BA-03-2018-SICAF.pdf\">Instru\u00e7\u00e3o Normativa N\u00ba 03\/2018<\/a><\/li>\n<li>Art. 6\u00ba da Lei 10.522\/2002: obrigatoriedade de consulta ao CADIN previamente \u00e0 celebra\u00e7\u00e3o de conv\u00eanios, acordos, ajustes ou contratos que envolvam desembolso, a qualquer t\u00edtulo, de recursos p\u00fablicos, e respectivos aditamentos.\u00a0<a href=\"https:\/\/www.ufmg.br\/proplan\/wp-content\/uploads\/Lei-N%C2%BA10.522-2002.pdf\">Lei N\u00ba 10.522\/2002<\/a><\/li>\n<\/ul>\n<p>&nbsp;<\/p>\n<p>&nbsp;<\/p>\n<p style=\"text-align: justify;\">Divis\u00e3o de An\u00e1lise e Controle &#8211; Atualizado em 03\/02\/2023<\/p>\n<\/div>\n","protected":false},"excerpt":{"rendered":"<p>Conte\u00fado dos Processos de Pagamento \u00a0Fase de Liquida\u00e7\u00e3o e Pagamento: [&hellip;]<\/p>\n","protected":false},"author":1,"featured_media":0,"parent":412,"menu_order":0,"comment_status":"closed","ping_status":"closed","template":"","meta":{"footnotes":""},"tags":[],"class_list":["post-694","page","type-page","status-publish","hentry"],"_links":{"self":[{"href":"https:\/\/www.ufmg.br\/proplan\/wp-json\/wp\/v2\/pages\/694","targetHints":{"allow":["GET"]}}],"collection":[{"href":"https:\/\/www.ufmg.br\/proplan\/wp-json\/wp\/v2\/pages"}],"about":[{"href":"https:\/\/www.ufmg.br\/proplan\/wp-json\/wp\/v2\/types\/page"}],"author":[{"embeddable":true,"href":"https:\/\/www.ufmg.br\/proplan\/wp-json\/wp\/v2\/users\/1"}],"replies":[{"embeddable":true,"href":"https:\/\/www.ufmg.br\/proplan\/wp-json\/wp\/v2\/comments?post=694"}],"version-history":[{"count":11,"href":"https:\/\/www.ufmg.br\/proplan\/wp-json\/wp\/v2\/pages\/694\/revisions"}],"predecessor-version":[{"id":3250,"href":"https:\/\/www.ufmg.br\/proplan\/wp-json\/wp\/v2\/pages\/694\/revisions\/3250"}],"up":[{"embeddable":true,"href":"https:\/\/www.ufmg.br\/proplan\/wp-json\/wp\/v2\/pages\/412"}],"wp:attachment":[{"href":"https:\/\/www.ufmg.br\/proplan\/wp-json\/wp\/v2\/media?parent=694"}],"wp:term":[{"taxonomy":"post_tag","embeddable":true,"href":"https:\/\/www.ufmg.br\/proplan\/wp-json\/wp\/v2\/tags?post=694"}],"curies":[{"name":"wp","href":"https:\/\/api.w.org\/{rel}","templated":true}]}}