{"id":714,"date":"2021-12-14T14:44:02","date_gmt":"2021-12-14T17:44:02","guid":{"rendered":"https:\/\/www.ufmg.br\/proplan\/?page_id=714"},"modified":"2024-09-18T19:15:29","modified_gmt":"2024-09-18T22:15:29","slug":"inss","status":"publish","type":"page","link":"https:\/\/www.ufmg.br\/proplan\/conformidade-no-siafi\/conformidade-de-gestao\/tributacao\/inss\/","title":{"rendered":"INSS"},"content":{"rendered":"<p style=\"text-align: justify;\"><strong>Reten\u00e7\u00e3o na fonte de INSS sobre servi\u00e7os \u2013 <\/strong><a href=\"http:\/\/normas.receita.fazenda.gov.br\/sijut2consulta\/link.action?idAto=126687\"><strong><u>IN RFB n\u00ba 2.110\/2022<\/u><\/strong><\/a><\/p>\n<p style=\"text-align: justify;\">As unidades gestoras da UFMG dever\u00e3o observar, na contrata\u00e7\u00e3o de servi\u00e7os, se haver\u00e1 cess\u00e3o de m\u00e3o de obra ou empreitada para efeito de reten\u00e7\u00e3o na fonte de INSS (atividades listadas nos artigos 111 e 112 da IN RFB 2.110\/2022).<\/p>\n<p style=\"text-align: justify;\">No caso desses servi\u00e7os serem tomados de pessoa jur\u00eddica, dever\u00e1 ser observado que as prestadoras devem destacar, obrigatoriamente, no corpo do documento fiscal, a express\u00e3o\u00a0<strong><u>\u201cReten\u00e7\u00e3o para Previd\u00eancia\u00a0Social\u201d<\/u><\/strong>\u00a0seguida do valor a ser retido (Art. 121).\u00a0 A aus\u00eancia do destaque destas informa\u00e7\u00f5es\u00a0<strong>n\u00e3o desobriga<\/strong>\u00a0a Unidade Gestora de realizar as reten\u00e7\u00f5es e o respectivo recolhimento aos cofres p\u00fablicos do valor apurado.<\/p>\n<p style=\"text-align: justify;\"><strong>Obra de Constru\u00e7\u00e3o Civil<\/strong><\/p>\n<p style=\"text-align: justify;\">De acordo com o art. 114, Inciso VII, da IN 2.110\/2022, os \u00f3rg\u00e3os, autarquias e funda\u00e7\u00f5es de direito p\u00fablico est\u00e3o dispensados da reten\u00e7\u00e3o quando contratarem obras de constru\u00e7\u00e3o civil mediante empreitada total. Se for empreitada parcial, a reten\u00e7\u00e3o ser\u00e1 obrigat\u00f3ria (art. 130, I da IN RFB n\u00ba 2.110\/2022).<\/p>\n<p style=\"text-align: justify;\">Para identificar se a opera\u00e7\u00e3o se trata de uma obra de constru\u00e7\u00e3o civil deve-se verificar se o CNAE da atividade contratada junto ao fornecedor consta no Anexo VI da Instru\u00e7\u00e3o Normativa 2.110\/2022 com o termo \u201cObra\u201d em frente a descri\u00e7\u00e3o do CNAE.<\/p>\n<p style=\"text-align: justify;\"><strong>Reten\u00e7\u00e3o na Fonte e INSS patronal Pessoa F\u00edsica<\/strong><\/p>\n<p style=\"text-align: justify;\">Para os servi\u00e7os tomados de pessoa f\u00edsica, as unidades gestoras da UFMG dever\u00e3o preencher a planilha folha de pagamento <a href=\"https:\/\/www.ufmg.br\/proplan\/conformidade-no-siafi\/conformidade-de-gestao\/tributacao\/\">BL2<\/a>, dispon\u00edvel em &#8220;Planilhas de c\u00e1lculo, donde ser\u00e3o extra\u00eddos os valores de INSS a ser retido do prestador dos servi\u00e7os e o encargo patronal. A referida planilha dever\u00e1 ser enviada ao DCF para preenchimento e envio do E-social at\u00e9 o 1\u00ba dia \u00fatil do m\u00eas subsequente \u00e0 ocorr\u00eancia do fato gerador.<\/p>\n<p style=\"text-align: justify;\"><strong>Reten\u00e7\u00e3o na Fonte de Optantes do Simples Nacional<\/strong><\/p>\n<p style=\"text-align: justify;\">De acordo com o art.\u00ba 167 da IN 2.110\/2022, as Microempresas e Empresas de Pequeno Porte optantes pelo Simples Nacional n\u00e3o est\u00e3o sujeitas \u00e0 reten\u00e7\u00e3o previdenci\u00e1ria, exceto aquelas tributadas na forma do Anexo IV da Lei Complementar 123\/2006, conforme art. 166 da IN 2.110\/2022.<\/p>\n<p style=\"text-align: justify;\">Conforme \u00a75\u00b0-C do art. 18 da Lei complementar 123\/2006, as atividades tributadas de acordo com anexo IV s\u00e3o as seguintes:<\/p>\n<p style=\"text-align: justify;\">\u2013 Constru\u00e7\u00e3o de im\u00f3veis e obras de engenharia em geral, inclusive sob a forma de subempreitada (<strong>Importante: no caso de os tomadores de obras de engenharia serem \u00f3rg\u00e3os, autarquias e funda\u00e7\u00f5es de direito p\u00fablico, a reten\u00e7\u00e3o est\u00e1 dispensada quando se tratar de empreitada total, conforme art. 114, Inciso VII, da IN 2.110\/2022<\/strong>)<\/p>\n<p style=\"text-align: justify;\">\u2013 Execu\u00e7\u00e3o de projetos e servi\u00e7os de paisagismo, bem como decora\u00e7\u00e3o de interiores;<\/p>\n<p style=\"text-align: justify;\">\u2013 Servi\u00e7o de vigil\u00e2ncia, limpeza ou conserva\u00e7\u00e3o (<strong>Importante: conforme Solu\u00e7\u00e3o de Consulta n\u00ba 29 de 2014 \u2013 Cosit, o servi\u00e7o de dedetiza\u00e7\u00e3o \u00e9 considerado servi\u00e7o de limpeza<\/strong>)<\/p>\n<p style=\"text-align: justify;\">\u2013 Servi\u00e7os advocat\u00edcios.<\/p>\n<p style=\"text-align: justify;\"><strong>Do Recolhimento do Valor Retido<\/strong><\/p>\n<p style=\"text-align: justify;\">Conforme o art. 123. da IN 2.110\/2022, a import\u00e2ncia retida dever\u00e1 ser recolhida pela empresa contratante at\u00e9 o dia 20 (vinte) do m\u00eas seguinte ao da emiss\u00e3o da nota fiscal, da fatura ou do recibo de presta\u00e7\u00e3o de servi\u00e7os, antecipando-se esse prazo para o dia \u00fatil imediatamente anterior quando n\u00e3o houver expediente banc\u00e1rio naquele dia.<\/p>\n<ul>\n<li style=\"text-align: justify;\">1\u00ba A multa de mora devida no caso de recolhimento em atraso do valor retido ser\u00e1 aquela prevista no art. 35 da Lei n\u00ba 8.212, de 1991.<\/li>\n<\/ul>\n<p>&nbsp;<\/p>\n<p>&nbsp;<\/p>\n<p>&nbsp;<\/p>\n<p style=\"text-align: justify;\"><i class=\"wp-svg-location-2 location-2\"><\/i> Divis\u00e3o de An\u00e1lise e Controle &#8211; Atualizado em Setembro\/2024<\/p>\n","protected":false},"excerpt":{"rendered":"<p>Reten\u00e7\u00e3o na fonte de INSS sobre servi\u00e7os \u2013 IN RFB [&hellip;]<\/p>\n","protected":false},"author":1,"featured_media":0,"parent":712,"menu_order":0,"comment_status":"closed","ping_status":"closed","template":"","meta":{"footnotes":""},"tags":[],"class_list":["post-714","page","type-page","status-publish","hentry"],"_links":{"self":[{"href":"https:\/\/www.ufmg.br\/proplan\/wp-json\/wp\/v2\/pages\/714","targetHints":{"allow":["GET"]}}],"collection":[{"href":"https:\/\/www.ufmg.br\/proplan\/wp-json\/wp\/v2\/pages"}],"about":[{"href":"https:\/\/www.ufmg.br\/proplan\/wp-json\/wp\/v2\/types\/page"}],"author":[{"embeddable":true,"href":"https:\/\/www.ufmg.br\/proplan\/wp-json\/wp\/v2\/users\/1"}],"replies":[{"embeddable":true,"href":"https:\/\/www.ufmg.br\/proplan\/wp-json\/wp\/v2\/comments?post=714"}],"version-history":[{"count":18,"href":"https:\/\/www.ufmg.br\/proplan\/wp-json\/wp\/v2\/pages\/714\/revisions"}],"predecessor-version":[{"id":7178,"href":"https:\/\/www.ufmg.br\/proplan\/wp-json\/wp\/v2\/pages\/714\/revisions\/7178"}],"up":[{"embeddable":true,"href":"https:\/\/www.ufmg.br\/proplan\/wp-json\/wp\/v2\/pages\/712"}],"wp:attachment":[{"href":"https:\/\/www.ufmg.br\/proplan\/wp-json\/wp\/v2\/media?parent=714"}],"wp:term":[{"taxonomy":"post_tag","embeddable":true,"href":"https:\/\/www.ufmg.br\/proplan\/wp-json\/wp\/v2\/tags?post=714"}],"curies":[{"name":"wp","href":"https:\/\/api.w.org\/{rel}","templated":true}]}}