{"id":718,"date":"2021-12-14T14:48:11","date_gmt":"2021-12-14T17:48:11","guid":{"rendered":"https:\/\/www.ufmg.br\/proplan\/?page_id=718"},"modified":"2024-09-18T19:15:52","modified_gmt":"2024-09-18T22:15:52","slug":"issqn","status":"publish","type":"page","link":"https:\/\/www.ufmg.br\/proplan\/conformidade-no-siafi\/conformidade-de-gestao\/tributacao\/issqn\/","title":{"rendered":"ISSQN"},"content":{"rendered":"<h4 style=\"text-align: justify;\">Tributa\u00e7\u00e3o Municipal \u2013 ISSQN<\/h4>\n<p>&nbsp;<\/p>\n<p style=\"text-align: justify;\"><strong>Reten\u00e7\u00e3o na fonte<\/strong><\/p>\n<p style=\"text-align: justify;\">A\u00a0<a href=\"http:\/\/www.fazenda.pbh.gov.br\/internet\/legislacao\/findkey.asp?key=L8725\" target=\"_blank\" rel=\"noopener\">Lei Municipal de Belo Horizonte n\u00ba 8.725\/2003<\/a>\u00a0que disp\u00f5e sobre o Imposto sobre Servi\u00e7os de Qualquer Natureza \u2013 ISSQN estabelece em seu Cap\u00edtulo VI: \u201c<strong>Do Contribuinte e dos Respons\u00e1veis<\/strong>\u201d. Em seu\u00a0<u>art. 20 estabelece a responsabilidade pela reten\u00e7\u00e3o na fonte<\/u>\u00a0e recolhimento do ISSQN devido no munic\u00edpio pelos tomadores de servi\u00e7os elencados nos incisos de I a VIII e par\u00e1grafos.<\/p>\n<p style=\"text-align: justify;\">A\u00a0<a href=\"http:\/\/www.planalto.gov.br\/ccivil_03\/leis\/LCP\/Lcp116.htm\" target=\"_blank\" rel=\"noopener\">Lei Complementar n\u00ba 116\/2003<\/a>\u00a0que disp\u00f5e tamb\u00e9m sobre o ISSQN, dever\u00e1 ser observada, principalmente, em seu art. 3\u00ba quando da contrata\u00e7\u00e3o dos servi\u00e7os, pois determina que o imposto \u00e9 devido no local do estabelecimento do prestador ou, na falta do estabelecimento, no local do domic\u00edlio do prestador,\u00a0<strong><u>exceto<\/u><\/strong>\u00a0 nas hip\u00f3teses previstas nos incisos de I a XXII e par\u00e1grafos.<strong>\u00a0<\/strong><\/p>\n<p style=\"text-align: justify;\"><strong>Pessoa jur\u00eddica em geral<\/strong>\u00a0\u2013 Como regra geral, as opera\u00e7\u00f5es internas com \u00f3rg\u00e3os p\u00fablicos est\u00e3o obrigadas a utiliza\u00e7\u00e3o da Nota Fiscal Eletr\u00f4nica \u2013 NFe. As pessoas jur\u00eddicas que emitirem para a opera\u00e7\u00e3o realizada com a UFMG uma Nota Fiscal manual e que ainda n\u00e3o estejam obrigadas a utiliza\u00e7\u00e3o da NFe pela legisla\u00e7\u00e3o de seu Munic\u00edpio de origem, dever\u00e3o formalizar em documento assinado pelo profissional da contabilidade e pelo s\u00f3cio respons\u00e1vel pela empresa informando a base legal da dispensa de emiss\u00e3o de NFe. Em Belo Horizonte esta informa\u00e7\u00e3o poder\u00e1 ser confirmada no endere\u00e7o\u00a0<a href=\"http:\/\/www.fazenda.pbh.gov.br\/nfse\/adesao\/index.asp\"><strong><u>http:\/\/www.fazenda.pbh.gov.br\/nfse\/adesao\/index.asp<\/u><\/strong><\/a><\/p>\n<p style=\"text-align: justify;\"><strong>Pessoa jur\u00eddica optante pelo SIMPLES<\/strong>\u00a0\u2013 A reten\u00e7\u00e3o do ISSQN para estas empresas dever\u00e1 ser realizada normalmente. Aplicam-se as mesmas normas aplicadas \u00e0s pessoas jur\u00eddicas em geral, diferenciando-se apenas na al\u00edquota aplic\u00e1vel que n\u00e3o consta do art. 14 da Lei 8.725\/2003 e dever\u00e1 ser sempre informado pelo prestador de servi\u00e7os na NF emitida para a opera\u00e7\u00e3o, uma vez que este percentual depende de c\u00e1lculos espec\u00edficos das empresas optantes pelo SIMPLES.<\/p>\n<p style=\"text-align: justify;\">Do prazo de recolhimento \u2013 A data de vencimento dos valores retidos e que dever\u00e3o ser recolhidos para a Prefeitura Municipal de Belo Horizonte \u00e9 o dia\u00a0<strong>08 (oito)<\/strong>\u00a0do m\u00eas subsequente ao de ocorr\u00eancia do fato gerador; se este dia for s\u00e1bado, domingo ou feriado, prorroga-se o vencimento para o primeiro dia \u00fatil seguinte.<\/p>\n<p style=\"text-align: justify;\">De acordo com o art. 13 do\u00a0<a href=\"http:\/\/www.fazenda.pbh.gov.br\/internet\/legislacao\/formkey.asp?key=957\">Decreto n\u00ba 17.174\/2019<\/a>\u00a0da Prefeitura de Belo Horizonte, \u201c<strong><em>o<\/em><em>\u00a0ISSQN dever\u00e1 ser recolhido at\u00e9 o dia oito do m\u00eas subsequente ao da apura\u00e7\u00e3o.\u201d\u00a0<\/em><\/strong>Conforme art. 93, \u00a74\u00ba, a DES dever\u00e1 ser gerada mensalmente e entregue ao Fisco at\u00e9 o dia vinte do m\u00eas seguinte ao de compet\u00eancia dos dados declarados.<\/p>\n<p style=\"text-align: justify;\"><strong>Anexos:<\/strong><\/p>\n<ul style=\"text-align: justify;\">\n<li><a href=\"https:\/\/www.ufmg.br\/proplan\/wp-content\/uploads\/Situa%C3%A7%C3%B5es-isentas-de-reten%C3%A7%C3%A3o-de-ISSQN-em-BH-Art.-22-Lei-8.725-2.pdf\">Situa\u00e7\u00f5es Isentas de Reten\u00e7\u00e3o de ISSQN em Belo Horizonte<\/a><\/li>\n<li><a href=\"https:\/\/www.ufmg.br\/proplan\/wp-content\/uploads\/RETEN%C3%87%C3%83O-DE-ISSQN-BH.png\">Fluxograma da Reten\u00e7\u00e3o de ISSQN em Belo Horizonte<\/a><\/li>\n<li><a href=\"https:\/\/www.ufmg.br\/proplan\/wp-content\/uploads\/RETEN%C3%87%C3%83O-DE-ISSQN-EM-MONTES-CLAROS.png\">Fluxograma da Reten\u00e7\u00e3o de ISSQN em Montes Claros<\/a><\/li>\n<\/ul>\n<p>&nbsp;<\/p>\n<p style=\"text-align: justify;\"><i class=\"wp-svg-location-2 location-2\"><\/i> Divis\u00e3o de An\u00e1lise e Controle &#8211; Atualizado em Julho\/2021<\/p>\n","protected":false},"excerpt":{"rendered":"<p>Tributa\u00e7\u00e3o Municipal \u2013 ISSQN &nbsp; Reten\u00e7\u00e3o na fonte A\u00a0Lei Municipal [&hellip;]<\/p>\n","protected":false},"author":1,"featured_media":0,"parent":712,"menu_order":0,"comment_status":"closed","ping_status":"closed","template":"","meta":{"footnotes":""},"tags":[],"class_list":["post-718","page","type-page","status-publish","hentry"],"_links":{"self":[{"href":"https:\/\/www.ufmg.br\/proplan\/wp-json\/wp\/v2\/pages\/718","targetHints":{"allow":["GET"]}}],"collection":[{"href":"https:\/\/www.ufmg.br\/proplan\/wp-json\/wp\/v2\/pages"}],"about":[{"href":"https:\/\/www.ufmg.br\/proplan\/wp-json\/wp\/v2\/types\/page"}],"author":[{"embeddable":true,"href":"https:\/\/www.ufmg.br\/proplan\/wp-json\/wp\/v2\/users\/1"}],"replies":[{"embeddable":true,"href":"https:\/\/www.ufmg.br\/proplan\/wp-json\/wp\/v2\/comments?post=718"}],"version-history":[{"count":8,"href":"https:\/\/www.ufmg.br\/proplan\/wp-json\/wp\/v2\/pages\/718\/revisions"}],"predecessor-version":[{"id":7179,"href":"https:\/\/www.ufmg.br\/proplan\/wp-json\/wp\/v2\/pages\/718\/revisions\/7179"}],"up":[{"embeddable":true,"href":"https:\/\/www.ufmg.br\/proplan\/wp-json\/wp\/v2\/pages\/712"}],"wp:attachment":[{"href":"https:\/\/www.ufmg.br\/proplan\/wp-json\/wp\/v2\/media?parent=718"}],"wp:term":[{"taxonomy":"post_tag","embeddable":true,"href":"https:\/\/www.ufmg.br\/proplan\/wp-json\/wp\/v2\/tags?post=718"}],"curies":[{"name":"wp","href":"https:\/\/api.w.org\/{rel}","templated":true}]}}