{"id":764,"date":"2021-12-15T14:28:27","date_gmt":"2021-12-15T17:28:27","guid":{"rendered":"https:\/\/www.ufmg.br\/proplan\/?page_id=764"},"modified":"2022-05-03T15:59:06","modified_gmt":"2022-05-03T18:59:06","slug":"arrecadacao-de-recursos-proprios-2021","status":"publish","type":"page","link":"https:\/\/www.ufmg.br\/proplan\/arrecadacao-de-recursos-proprios-2021\/","title":{"rendered":"Arrecada\u00e7\u00e3o de Recursos Pr\u00f3prios 2021"},"content":{"rendered":"<ul>\n<li><a href=\"https:\/\/www.ufmg.br\/proplan\/wp-content\/uploads\/Acompanhamento_Receita_Propria_2021_Recurso-da-Taxa-de-Resolucao-10_95-e-Fundacoes_2021__pub1.xls\">Acompanhamento Receita Pr\u00f3pria 2021 Recurso da Taxa de Resolu\u00e7\u00e3o 10\/95 e Funda\u00e7\u00f5es 2021 pub1<\/a><\/li>\n<\/ul>\n","protected":false},"excerpt":{"rendered":"<p>Acompanhamento Receita Pr\u00f3pria 2021 Recurso da Taxa de Resolu\u00e7\u00e3o 10\/95 [&hellip;]<\/p>\n","protected":false},"author":1,"featured_media":0,"parent":0,"menu_order":0,"comment_status":"closed","ping_status":"closed","template":"","meta":{"footnotes":""},"tags":[],"class_list":["post-764","page","type-page","status-publish","hentry"],"_links":{"self":[{"href":"https:\/\/www.ufmg.br\/proplan\/wp-json\/wp\/v2\/pages\/764","targetHints":{"allow":["GET"]}}],"collection":[{"href":"https:\/\/www.ufmg.br\/proplan\/wp-json\/wp\/v2\/pages"}],"about":[{"href":"https:\/\/www.ufmg.br\/proplan\/wp-json\/wp\/v2\/types\/page"}],"author":[{"embeddable":true,"href":"https:\/\/www.ufmg.br\/proplan\/wp-json\/wp\/v2\/users\/1"}],"replies":[{"embeddable":true,"href":"https:\/\/www.ufmg.br\/proplan\/wp-json\/wp\/v2\/comments?post=764"}],"version-history":[{"count":2,"href":"https:\/\/www.ufmg.br\/proplan\/wp-json\/wp\/v2\/pages\/764\/revisions"}],"predecessor-version":[{"id":769,"href":"https:\/\/www.ufmg.br\/proplan\/wp-json\/wp\/v2\/pages\/764\/revisions\/769"}],"wp:attachment":[{"href":"https:\/\/www.ufmg.br\/proplan\/wp-json\/wp\/v2\/media?parent=764"}],"wp:term":[{"taxonomy":"post_tag","embeddable":true,"href":"https:\/\/www.ufmg.br\/proplan\/wp-json\/wp\/v2\/tags?post=764"}],"curies":[{"name":"wp","href":"https:\/\/api.w.org\/{rel}","templated":true}]}}