{"id":767,"date":"2021-12-15T14:32:02","date_gmt":"2021-12-15T17:32:02","guid":{"rendered":"https:\/\/www.ufmg.br\/proplan\/?page_id=767"},"modified":"2026-03-30T10:31:18","modified_gmt":"2026-03-30T13:31:18","slug":"orientacoes-diversas","status":"publish","type":"page","link":"https:\/\/www.ufmg.br\/proplan\/orientacoes-diversas\/","title":{"rendered":"Orienta\u00e7\u00f5es Diversas"},"content":{"rendered":"<header class=\"entry-header\">Acesso ao <a href=\"https:\/\/sistemas.ufmg.br\/sisarc\/home.seam\">SISARC<\/a><\/p>\n<p class=\"entry-title\" style=\"text-align: justify;\"><em style=\"font-size: 16px;\"><strong>Decreto, Resolu\u00e7\u00e3o, Portaria e Informativo de Planos Internos:<\/strong><\/em><\/p>\n<ul style=\"text-align: justify;\">\n<li><a href=\"https:\/\/www.ufmg.br\/proplan\/wp-content\/uploads\/2023\/03\/RESOLUCAO-No-13-2022-DE-01-DE-DEZEMBRO-DE-2022.pdf\">Resolu\u00e7\u00e3o n \u00ba 13\/2022, 01 de Dezembro de 2022<\/a><\/li>\n<li><a href=\"https:\/\/www.ufmg.br\/proplan\/wp-content\/uploads\/2024\/09\/Resolucao-04-2018-Dispoe-sobre-os-criterios-para-o-compartilhamento-e-a-permissao-de-uso-da-infraestrutura-e-de-capital-intelectual-da-UFMG.pdf\">Resolu\u00e7\u00e3o n\u00ba 04\/2018, 06 de mar\u00e7o de 2018 &#8211; P &amp; D<\/a><\/li>\n<li><a href=\"http:\/\/www.planalto.gov.br\/ccivil_03\/_Ato2015-2018\/2016\/Decreto\/D8666.htm\">Decreto 8.666, de 10 de Fevereiro de 2016<\/a><\/li>\n<li><a href=\"https:\/\/www.ufmg.br\/proplan\/wp-content\/uploads\/2023\/03\/Resolucao-10-95-Estabelece-criterios-para-a-prestacao-de-servicos-no-ambito-da-UFMG.pdf\">Resolu\u00e7\u00e3o n\u00ba 10\/95, de\u00a030 de Novembro de 1995<\/a><\/li>\n<li><a href=\"https:\/\/www.ufmg.br\/proplan\/wp-content\/uploads\/2023\/03\/Resolucao-no-06-92-atualizado-dia-23-05-2016.docx\">Resolu\u00e7\u00e3o n\u00ba 06\/92, de 23 de Junho de 1992<\/a><\/li>\n<li><a href=\"https:\/\/www.ufmg.br\/proplan\/wp-content\/uploads\/2023\/03\/PORTARIA-No-6-DE-9-DE-DEZEMBRO-DE-2019-PORTARIA-No-6-DE-9-DE-DEZEMBRO-DE-2019-DOU-Imprensa-Nacional-PLANO-INTERNO-PI.pdf\">Portaria n\u00ba 6, de 09 de Dezembro de 2019<\/a><\/li>\n<li><a href=\"https:\/\/www.ufmg.br\/proplan\/wp-content\/uploads\/2023\/08\/Portaria-03-de-10-de-dezembro-de-2021-Novos-Planos-Internos.pdf\">Portaria n\u00ba 03, de 10 de dezembro de 2021 &#8211; Novos Planos Internos<\/a><\/li>\n<li><a href=\"https:\/\/www.ufmg.br\/proplan\/wp-content\/uploads\/2024\/01\/Planos-Internos-Unidades-Academicas.xls\">Planos Internos Unidades Acad\u00eamicas<\/a><\/li>\n<li><a href=\"https:\/\/www.ufmg.br\/proplan\/wp-content\/uploads\/2024\/01\/Planos-Internos-Unidades-Administrativas.xls\">Planos Internos Unidades Administrativas<\/a><\/li>\n<li style=\"text-align: left;\"><strong>OBS:\u00a0<\/strong> A Resolu\u00e7\u00e3o 13\/2022 entrar\u00e1 em vigor em 180 (cento e oitenta)\u00a0 dias a contar da data de sua aprova\u00e7\u00e3o, quando ficar\u00e3o revogadas as disposi\u00e7\u00f5es contr\u00e1rias, em especial a Resolu\u00e7\u00e3o no 10\/95, de 30 de novembro de 1995.<\/li>\n<\/ul>\n<p><strong><em>INFORMATIVO\u00a0 PARA EMISS\u00c3O NOTA DE CR\u00c9DITO &#8211; SIAFI WEB<\/em><\/strong><\/p>\n<ul>\n<li><a href=\"https:\/\/www.ufmg.br\/proplan\/wp-content\/uploads\/2026\/03\/Rotina-Para-Emissao-de-Nota-de-Credito-Orcamentario-1.pdf\">Rotina Para Emiss\u00e3o de Nota de Cr\u00e9dito Or\u00e7ament\u00e1rio<\/a><\/li>\n<li><a href=\"https:\/\/sisweb.tesouro.gov.br\/apex\/cosis\/manuais\/siafi\/rotina_para_emissao_de_nota_de_credito_orcamentario\">https:\/\/sisweb.tesouro.gov.br\/apex\/cosis\/manuais\/siafi\/rotina_para_emissao_de_nota_de_credito_orcamentario<\/a><\/li>\n<\/ul>\n<p><em><strong>NOVAS FONTES DE RECURSOS OR\u00c7AMENT\u00c1RIOS PR\u00d3PRIOS:<\/strong><\/em><\/p>\n<\/header>\n<div class=\"entry-content\">\n<ul>\n<li><a href=\"https:\/\/www.ufmg.br\/proplan\/wp-content\/uploads\/2023\/03\/FONTES-DE-RECURSOS-PROPRIOS-PARA-2023-UFMG-000377.xlsx\">Novas Fontes de Recursos Or\u00e7ament\u00e1rios Pr\u00f3prios a partir de 2023 &#8211; UFMG (000377)<\/a><\/li>\n<\/ul>\n<p style=\"text-align: justify;\"><em><strong>GUIA DE RECOLHIMENTO DA UNI\u00c3O \u2013 GRU:<\/strong><\/em><\/p>\n<ul style=\"text-align: justify;\">\n<li><a href=\"https:\/\/www.ufmg.br\/proplan\/wp-content\/uploads\/2023\/03\/O-Sistema-de-Apuracao-de-Recurso-Arrecadados-SISARC.pdf\">O Sistema de Apura\u00e7\u00e3o de Recurso Arrecadados \u2013 SISARC<\/a><\/li>\n<\/ul>\n<p style=\"text-align: justify;\"><em><strong>Of\u00edcios e Informativos da PROPLAN\/UFMG:<\/strong><\/em><\/p>\n<ul style=\"text-align: justify;\">\n<li><a href=\"https:\/\/www.ufmg.br\/proplan\/wp-content\/uploads\/2023\/03\/OFICIO-13-2019-GAB-PPL-Divulga-o-SISARC-e-Informa-sobre-Links-do-SISARC-para-emissao-de-GRUs.pdf\">Of\u00edcio 13-2019-GAB-PPL \u2013 Divulga o SISARC e Informa sobre Links do SISARC para emiss\u00e3o de\u00a0 GRUs<\/a><\/li>\n<li><a href=\"https:\/\/www.ufmg.br\/proplan\/wp-content\/uploads\/2023\/03\/Informativo-sobre-o-uso-obrigatorio-de-UGR-para-gastos-detalhados-na-rubrica-33903979.pdf\">Informativo sobre o uso obrigat\u00f3rio de UGR para gastos detalhados na rubrica 33903979<\/a><\/li>\n<li><a href=\"https:\/\/sei.ufmg.br\/sei\/publicacoes\/controlador_publicacoes.php?acao=publicacao_visualizar&amp;id_documento=4912554&amp;id_orgao_publicacao=0\">Of\u00edcio Circular n\u00ba 7\/2025\/DCF-SAD\/UFMG &#8211; Arrecada\u00e7\u00e3o de Receita no C\u00f3digo 28895-0 Restitui\u00e7\u00e3o de Conv\u00eanio<\/a><\/li>\n<\/ul>\n<p style=\"text-align: justify;\"><em><strong>Of\u00edcios da SPO\/MEC:<\/strong><\/em><\/p>\n<ul style=\"text-align: justify;\">\n<li style=\"text-align: left;\"><a href=\"https:\/\/www.ufmg.br\/proplan\/wp-content\/uploads\/2023\/03\/Oficio-Circular-no-5-de-06-de-abril-de-2016-Abertura-da-Fase-Qualitativa-do-PLOA-2017.pdf\">Of\u00edcio-Circular n\u00ba 5\/2016\/GAB\/SPO\/SPO-MEC \u2013 Abertura da Fase Qualitativa do PLOA<\/a><\/li>\n<li style=\"text-align: left;\"><a href=\"https:\/\/www.ufmg.br\/proplan\/wp-content\/uploads\/2023\/03\/Oficio-Circular-no-8-2016_GAB-SPO-SPO-MEC.pdf\">Of\u00edcio-Circular n\u00ba 8\/2016\/GAB\/SPO\/SPO-MEC \u2013 Contribui\u00e7\u00f5es a Organismos Internacionais no Projeto de Lei Or\u00e7ament\u00e1ria Anual<\/a><\/li>\n<li style=\"text-align: left;\"><a href=\"https:\/\/www.ufmg.br\/proplan\/wp-content\/uploads\/2023\/03\/OFICIO-CIRCULAR-No-7-2022-GAB-SPO-SPO-MEC_Pagamento-de-Anuidades-Internacionais-2022.pdf\">Of\u00edcio-Circular n\u00ba 7\/2022\/GAB\/SPO\/SPO-MEC &#8211; Pagamento de anuidade ou de parti cipa\u00e7\u00e3o em enti dades nacionais e organismosinternacionais \u2013 Exerc\u00edcio 2022<\/a><\/li>\n<\/ul>\n<p style=\"text-align: justify;\"><em><strong>C\u00e1lculo de Recursos Pr\u00f3prios:<\/strong><\/em><\/p>\n<ul style=\"text-align: justify;\">\n<li><a href=\"https:\/\/www.ufmg.br\/proplan\/wp-content\/uploads\/2023\/03\/Calculo-Recursos-Proprios.pdf\">C\u00e1lculo Recursos Pr\u00f3prios<\/a><\/li>\n<\/ul>\n<p style=\"text-align: justify;\"><em><strong>Apresenta\u00e7\u00e3o da Diretoria de Or\u00e7amento:<\/strong><\/em><\/p>\n<ul style=\"text-align: justify;\">\n<li><a href=\"https:\/\/www.ufmg.br\/proplan\/wp-content\/uploads\/2023\/03\/Apresentacao-30-JANEIRO-DE-2019.pdf\">Apresenta\u00e7\u00e3o 30 de janeiro de 2019<\/a><\/li>\n<li><a href=\"https:\/\/www.ufmg.br\/proplan\/wp-content\/uploads\/2023\/03\/Apresentacao-30-JANEIRO-DE-2019-SISARC.zip\">Apresenta\u00e7\u00e3o \u2013 SISARC<\/a><\/li>\n<\/ul>\n<p>&nbsp;<\/p>\n<p><em><strong>Como Instalar Formul\u00e1rios Institucionais do Notes:<\/strong><\/em><\/p>\n<p>Para configurar os Formul\u00e1rios Institucionais do Notes,\u00a0<a href=\"https:\/\/www.ufmg.br\/dti\/faq\/notes-forminst\/\"><strong> clique aqui<\/strong><\/a><\/p>\n<p style=\"text-align: justify;\"><em><strong>Preenchimento Formul\u00e1rio Notes:<\/strong><\/em><\/p>\n<ul>\n<li style=\"text-align: justify;\"><a href=\"https:\/\/www.ufmg.br\/proplan\/wp-content\/uploads\/1%C2%AA-TELA-NOTES.pdf\">1\u00aa Tela Notes<\/a><\/li>\n<li style=\"text-align: justify;\"><a href=\"https:\/\/www.ufmg.br\/proplan\/wp-content\/uploads\/2%C2%AA-TELA-NOTES.pdf\">2\u00aa Tela Notes<\/a><\/li>\n<li style=\"text-align: justify;\"><a href=\"https:\/\/www.ufmg.br\/proplan\/wp-content\/uploads\/3%C2%AA-TELA-NOTES.pdf\">3\u00aa Tela Notes<\/a><\/li>\n<li style=\"text-align: justify;\"><a href=\"https:\/\/www.ufmg.br\/proplan\/wp-content\/uploads\/4%C2%AA-TELA-NOTES.pdf\">4\u00aa Tela Notes<\/a><\/li>\n<li style=\"text-align: justify;\"><a href=\"https:\/\/www.ufmg.br\/proplan\/wp-content\/uploads\/5%C2%AA-TELA-NOTES.pdf\">5\u00aa Tela Notes<\/a><\/li>\n<li style=\"text-align: justify;\"><a href=\"https:\/\/www.ufmg.br\/proplan\/wp-content\/uploads\/6%C2%AA-TELA-NOTES.pdf\">6\u00aa Tela Notes<\/a><\/li>\n<li style=\"text-align: justify;\"><a href=\"https:\/\/www.ufmg.br\/proplan\/wp-content\/uploads\/7%C2%AA-TELA-NOTES.pdf\">7\u00aa Tela Notes<\/a><\/li>\n<li style=\"text-align: justify;\"><a href=\"https:\/\/www.ufmg.br\/proplan\/wp-content\/uploads\/8%C2%AA-TELA-NOTES.pdf\">8\u00aa Tela Notes<\/a><\/li>\n<li style=\"text-align: justify;\"><a href=\"https:\/\/www.ufmg.br\/proplan\/wp-content\/uploads\/9%C2%AA-TELA-NOTES.pdf\">9\u00aa Tela Notes<\/a><\/li>\n<li style=\"text-align: justify;\"><a href=\"https:\/\/www.ufmg.br\/proplan\/wp-content\/uploads\/10%C2%AA-TELA-NOTES.pdf\">10\u00aa Tela Notes<\/a><\/li>\n<\/ul>\n<\/div>\n","protected":false},"excerpt":{"rendered":"<p>Acesso ao SISARC Decreto, Resolu\u00e7\u00e3o, Portaria e Informativo de Planos [&hellip;]<\/p>\n","protected":false},"author":1,"featured_media":0,"parent":0,"menu_order":0,"comment_status":"closed","ping_status":"closed","template":"","meta":{"footnotes":""},"tags":[],"class_list":["post-767","page","type-page","status-publish","hentry"],"_links":{"self":[{"href":"https:\/\/www.ufmg.br\/proplan\/wp-json\/wp\/v2\/pages\/767","targetHints":{"allow":["GET"]}}],"collection":[{"href":"https:\/\/www.ufmg.br\/proplan\/wp-json\/wp\/v2\/pages"}],"about":[{"href":"https:\/\/www.ufmg.br\/proplan\/wp-json\/wp\/v2\/types\/page"}],"author":[{"embeddable":true,"href":"https:\/\/www.ufmg.br\/proplan\/wp-json\/wp\/v2\/users\/1"}],"replies":[{"embeddable":true,"href":"https:\/\/www.ufmg.br\/proplan\/wp-json\/wp\/v2\/comments?post=767"}],"version-history":[{"count":34,"href":"https:\/\/www.ufmg.br\/proplan\/wp-json\/wp\/v2\/pages\/767\/revisions"}],"predecessor-version":[{"id":13000,"href":"https:\/\/www.ufmg.br\/proplan\/wp-json\/wp\/v2\/pages\/767\/revisions\/13000"}],"wp:attachment":[{"href":"https:\/\/www.ufmg.br\/proplan\/wp-json\/wp\/v2\/media?parent=767"}],"wp:term":[{"taxonomy":"post_tag","embeddable":true,"href":"https:\/\/www.ufmg.br\/proplan\/wp-json\/wp\/v2\/tags?post=767"}],"curies":[{"name":"wp","href":"https:\/\/api.w.org\/{rel}","templated":true}]}}