{"id":814,"date":"2022-01-05T14:59:33","date_gmt":"2022-01-05T17:59:33","guid":{"rendered":"https:\/\/www.ufmg.br\/proplan\/?page_id=814"},"modified":"2022-05-03T16:01:30","modified_gmt":"2022-05-03T19:01:30","slug":"arrecadacao-de-recursos-proprio-2019","status":"publish","type":"page","link":"https:\/\/www.ufmg.br\/proplan\/arrecadacao-de-recursos-proprio-2019\/","title":{"rendered":"Arrecada\u00e7\u00e3o de Recursos Pr\u00f3prios 2019"},"content":{"rendered":"<ul>\n<li><a href=\"https:\/\/www.ufmg.br\/proplan\/wp-content\/uploads\/Acompanhamento_Receita_Propria_2019_Recurso-da-Taxa-de-Resolucao-10_95-e-Fundacoes_2019__pub1.xls\">Acompanhamento Receita Pr\u00f3pria 2019 Recurso da Taxa de Resolu\u00e7\u00e3o 10\/95 e Funda\u00e7\u00f5es 2019 pub1<\/a><\/li>\n<\/ul>\n","protected":false},"excerpt":{"rendered":"<p>Acompanhamento Receita Pr\u00f3pria 2019 Recurso da Taxa de Resolu\u00e7\u00e3o 10\/95 [&hellip;]<\/p>\n","protected":false},"author":1,"featured_media":0,"parent":0,"menu_order":0,"comment_status":"closed","ping_status":"closed","template":"","meta":{"footnotes":""},"tags":[],"class_list":["post-814","page","type-page","status-publish","hentry"],"_links":{"self":[{"href":"https:\/\/www.ufmg.br\/proplan\/wp-json\/wp\/v2\/pages\/814","targetHints":{"allow":["GET"]}}],"collection":[{"href":"https:\/\/www.ufmg.br\/proplan\/wp-json\/wp\/v2\/pages"}],"about":[{"href":"https:\/\/www.ufmg.br\/proplan\/wp-json\/wp\/v2\/types\/page"}],"author":[{"embeddable":true,"href":"https:\/\/www.ufmg.br\/proplan\/wp-json\/wp\/v2\/users\/1"}],"replies":[{"embeddable":true,"href":"https:\/\/www.ufmg.br\/proplan\/wp-json\/wp\/v2\/comments?post=814"}],"version-history":[{"count":2,"href":"https:\/\/www.ufmg.br\/proplan\/wp-json\/wp\/v2\/pages\/814\/revisions"}],"predecessor-version":[{"id":827,"href":"https:\/\/www.ufmg.br\/proplan\/wp-json\/wp\/v2\/pages\/814\/revisions\/827"}],"wp:attachment":[{"href":"https:\/\/www.ufmg.br\/proplan\/wp-json\/wp\/v2\/media?parent=814"}],"wp:term":[{"taxonomy":"post_tag","embeddable":true,"href":"https:\/\/www.ufmg.br\/proplan\/wp-json\/wp\/v2\/tags?post=814"}],"curies":[{"name":"wp","href":"https:\/\/api.w.org\/{rel}","templated":true}]}}