{"id":817,"date":"2022-01-05T15:04:05","date_gmt":"2022-01-05T18:04:05","guid":{"rendered":"https:\/\/www.ufmg.br\/proplan\/?page_id=817"},"modified":"2022-05-03T16:06:35","modified_gmt":"2022-05-03T19:06:35","slug":"execucao-orcamentaria-2019","status":"publish","type":"page","link":"https:\/\/www.ufmg.br\/proplan\/execucao-orcamentaria-2019\/","title":{"rendered":"Execu\u00e7\u00e3o Or\u00e7ament\u00e1ria 2019"},"content":{"rendered":"<p><a href=\"https:\/\/www.ufmg.br\/proplan\/wp-content\/uploads\/EXECUCAO-20191.xlsx\">EXECU\u00c7\u00c3O 2019 (MODALIDADE DE APLICA\u00c7\u00c3O)<\/a><\/p>\n<p>&nbsp;<\/p>\n<p><a href=\"https:\/\/www.ufmg.br\/proplan\/wp-content\/uploads\/01_Bgu_Academicas_2019.pdf\">1 \u2013 Demonstrativo da Execu\u00e7\u00e3o Or\u00e7ament\u00e1ria por Unidade Acad\u00eamica \u2013 2019<\/a><\/p>\n<p><a href=\"https:\/\/www.ufmg.br\/proplan\/wp-content\/uploads\/02_Bgu_Administrativas_2019.pdf\">2 \u2013 Demonstrativo da Execu\u00e7\u00e3o Or\u00e7ament\u00e1ria por Unidade Administrativa \u2013 2019<\/a><\/p>\n<p><a href=\"https:\/\/www.ufmg.br\/proplan\/wp-content\/uploads\/03_Bgu_Academicas-Execucao-Orcamentaria-por-PI_2019.pdf\">3 \u2013 Demonstrativo da Execu\u00e7\u00e3o Or\u00e7ament\u00e1ria das Unidades Acad\u00eamicas por Plano Interno \u2013 2019<\/a><\/p>\n<p><a href=\"https:\/\/www.ufmg.br\/proplan\/wp-content\/uploads\/04_Bgu_Academicas-Execucao-Orcamentaria-Total_2019.pdf\">4 \u2013 Demonstrativo da Execu\u00e7\u00e3o Total das Unidades Acad\u00eamicas por Plano Interno \u2013 2019<\/a><\/p>\n<p><a href=\"https:\/\/www.ufmg.br\/proplan\/wp-content\/uploads\/05_Bgu_Academicas_Total_por_Unidade_2019-1.pdf\">5 \u2013 Demonstrativo da Execu\u00e7\u00e3o Total por Unidade Acad\u00eamica \u2013 2019<\/a><\/p>\n<p><a href=\"https:\/\/www.ufmg.br\/proplan\/wp-content\/uploads\/06_Bgu_Administrativas_Total_por_Unidade_2019.pdf\">6 \u2013 Demonstrativo da Execu\u00e7\u00e3o Total por Unidade Administrativa \u2013 2019<\/a><\/p>\n<p><a href=\"https:\/\/www.ufmg.br\/proplan\/wp-content\/uploads\/07_Bgu_PNAES_2019-1.pdf\">7 \u2013 Demonstrativo da Execu\u00e7\u00e3o Or\u00e7ament\u00e1ria PNAES \u2013 2019<\/a><\/p>\n<p><a href=\"https:\/\/www.ufmg.br\/proplan\/wp-content\/uploads\/08_Bgu_Idiomas_Sem_Fronteiras_e_NAI_2019.pdf\">8 \u2013 Demonstrativo da Execu\u00e7\u00e3o Or\u00e7ament\u00e1ria Idiomas sem Fronteiras e Projeto INCLUIR (NAI) \u2013 2019<\/a><\/p>\n<p><a href=\"https:\/\/www.ufmg.br\/proplan\/wp-content\/uploads\/09_Bgu_Execucao_PAIE_2019.pdf\">9 \u2013 Demonstrativo da Execu\u00e7\u00e3o PAIE \u2013 2019<\/a><\/p>\n<p>&nbsp;<\/p>\n","protected":false},"excerpt":{"rendered":"<p>EXECU\u00c7\u00c3O 2019 (MODALIDADE DE APLICA\u00c7\u00c3O) &nbsp; 1 \u2013 Demonstrativo da [&hellip;]<\/p>\n","protected":false},"author":1,"featured_media":0,"parent":0,"menu_order":0,"comment_status":"closed","ping_status":"closed","template":"","meta":{"footnotes":""},"tags":[],"class_list":["post-817","page","type-page","status-publish","hentry"],"_links":{"self":[{"href":"https:\/\/www.ufmg.br\/proplan\/wp-json\/wp\/v2\/pages\/817","targetHints":{"allow":["GET"]}}],"collection":[{"href":"https:\/\/www.ufmg.br\/proplan\/wp-json\/wp\/v2\/pages"}],"about":[{"href":"https:\/\/www.ufmg.br\/proplan\/wp-json\/wp\/v2\/types\/page"}],"author":[{"embeddable":true,"href":"https:\/\/www.ufmg.br\/proplan\/wp-json\/wp\/v2\/users\/1"}],"replies":[{"embeddable":true,"href":"https:\/\/www.ufmg.br\/proplan\/wp-json\/wp\/v2\/comments?post=817"}],"version-history":[{"count":2,"href":"https:\/\/www.ufmg.br\/proplan\/wp-json\/wp\/v2\/pages\/817\/revisions"}],"predecessor-version":[{"id":1489,"href":"https:\/\/www.ufmg.br\/proplan\/wp-json\/wp\/v2\/pages\/817\/revisions\/1489"}],"wp:attachment":[{"href":"https:\/\/www.ufmg.br\/proplan\/wp-json\/wp\/v2\/media?parent=817"}],"wp:term":[{"taxonomy":"post_tag","embeddable":true,"href":"https:\/\/www.ufmg.br\/proplan\/wp-json\/wp\/v2\/tags?post=817"}],"curies":[{"name":"wp","href":"https:\/\/api.w.org\/{rel}","templated":true}]}}