{"id":841,"date":"2022-01-27T15:10:55","date_gmt":"2022-01-27T18:10:55","guid":{"rendered":"https:\/\/www.ufmg.br\/proplan\/?page_id=841"},"modified":"2022-05-03T15:59:35","modified_gmt":"2022-05-03T18:59:35","slug":"arrecadacao-de-recursos-proprios-2018","status":"publish","type":"page","link":"https:\/\/www.ufmg.br\/proplan\/arrecadacao-de-recursos-proprios-2018\/","title":{"rendered":"Arrecada\u00e7\u00e3o de Recursos Pr\u00f3prios 2018"},"content":{"rendered":"<ul>\n<li><a href=\"https:\/\/www.ufmg.br\/proplan\/wp-content\/uploads\/Acompanhamento-Receita-Propria-x-Executado-2018.pdf\">Acompanhamento Receita Pr\u00f3pria \u2013 2018<\/a><\/li>\n<li><a href=\"https:\/\/www.ufmg.br\/proplan\/wp-content\/uploads\/Recurso-da-Taxa-de-Resolu%C3%A7%C3%A3o-10-95-e-Funda%C3%A7%C3%B5es-%E2%80%93-2018-pub.xlsx\">Taxa Resolu\u00e7\u00e3o 10\/95 e outras Funda\u00e7\u00f5es \u2013 2018<\/a><\/li>\n<\/ul>\n","protected":false},"excerpt":{"rendered":"<p>Acompanhamento Receita Pr\u00f3pria \u2013 2018 Taxa Resolu\u00e7\u00e3o 10\/95 e outras [&hellip;]<\/p>\n","protected":false},"author":1,"featured_media":0,"parent":0,"menu_order":0,"comment_status":"closed","ping_status":"closed","template":"","meta":{"footnotes":""},"tags":[],"class_list":["post-841","page","type-page","status-publish","hentry"],"_links":{"self":[{"href":"https:\/\/www.ufmg.br\/proplan\/wp-json\/wp\/v2\/pages\/841","targetHints":{"allow":["GET"]}}],"collection":[{"href":"https:\/\/www.ufmg.br\/proplan\/wp-json\/wp\/v2\/pages"}],"about":[{"href":"https:\/\/www.ufmg.br\/proplan\/wp-json\/wp\/v2\/types\/page"}],"author":[{"embeddable":true,"href":"https:\/\/www.ufmg.br\/proplan\/wp-json\/wp\/v2\/users\/1"}],"replies":[{"embeddable":true,"href":"https:\/\/www.ufmg.br\/proplan\/wp-json\/wp\/v2\/comments?post=841"}],"version-history":[{"count":1,"href":"https:\/\/www.ufmg.br\/proplan\/wp-json\/wp\/v2\/pages\/841\/revisions"}],"predecessor-version":[{"id":842,"href":"https:\/\/www.ufmg.br\/proplan\/wp-json\/wp\/v2\/pages\/841\/revisions\/842"}],"wp:attachment":[{"href":"https:\/\/www.ufmg.br\/proplan\/wp-json\/wp\/v2\/media?parent=841"}],"wp:term":[{"taxonomy":"post_tag","embeddable":true,"href":"https:\/\/www.ufmg.br\/proplan\/wp-json\/wp\/v2\/tags?post=841"}],"curies":[{"name":"wp","href":"https:\/\/api.w.org\/{rel}","templated":true}]}}