{"id":848,"date":"2022-01-27T15:20:00","date_gmt":"2022-01-27T18:20:00","guid":{"rendered":"https:\/\/www.ufmg.br\/proplan\/?page_id=848"},"modified":"2022-05-03T15:59:38","modified_gmt":"2022-05-03T18:59:38","slug":"arrecadacao-de-recursos-proprios-2017","status":"publish","type":"page","link":"https:\/\/www.ufmg.br\/proplan\/arrecadacao-de-recursos-proprios-2017\/","title":{"rendered":"Arrecada\u00e7\u00e3o de Recursos Pr\u00f3prios 2017"},"content":{"rendered":"<ul>\n<li><a href=\"https:\/\/www.ufmg.br\/proplan\/wp-content\/uploads\/Acompanhamento-Receita-Propria-2017.xls\">Acompanhamento Receita Pr\u00f3pria 2017<\/a><\/li>\n<li><a href=\"https:\/\/www.ufmg.br\/proplan\/wp-content\/uploads\/2017-Movimentacao-Geral-10-95-e-06-92.xls\">Movimenta\u00e7\u00e3o Geral Taxa de Resolu\u00e7\u00e3o 1095 e Funda\u00e7\u00f5es 2017<\/a><\/li>\n<\/ul>\n","protected":false},"excerpt":{"rendered":"<p>Acompanhamento Receita Pr\u00f3pria 2017 Movimenta\u00e7\u00e3o Geral Taxa de Resolu\u00e7\u00e3o 1095 [&hellip;]<\/p>\n","protected":false},"author":1,"featured_media":0,"parent":0,"menu_order":0,"comment_status":"closed","ping_status":"closed","template":"","meta":{"footnotes":""},"tags":[],"class_list":["post-848","page","type-page","status-publish","hentry"],"_links":{"self":[{"href":"https:\/\/www.ufmg.br\/proplan\/wp-json\/wp\/v2\/pages\/848","targetHints":{"allow":["GET"]}}],"collection":[{"href":"https:\/\/www.ufmg.br\/proplan\/wp-json\/wp\/v2\/pages"}],"about":[{"href":"https:\/\/www.ufmg.br\/proplan\/wp-json\/wp\/v2\/types\/page"}],"author":[{"embeddable":true,"href":"https:\/\/www.ufmg.br\/proplan\/wp-json\/wp\/v2\/users\/1"}],"replies":[{"embeddable":true,"href":"https:\/\/www.ufmg.br\/proplan\/wp-json\/wp\/v2\/comments?post=848"}],"version-history":[{"count":1,"href":"https:\/\/www.ufmg.br\/proplan\/wp-json\/wp\/v2\/pages\/848\/revisions"}],"predecessor-version":[{"id":851,"href":"https:\/\/www.ufmg.br\/proplan\/wp-json\/wp\/v2\/pages\/848\/revisions\/851"}],"wp:attachment":[{"href":"https:\/\/www.ufmg.br\/proplan\/wp-json\/wp\/v2\/media?parent=848"}],"wp:term":[{"taxonomy":"post_tag","embeddable":true,"href":"https:\/\/www.ufmg.br\/proplan\/wp-json\/wp\/v2\/tags?post=848"}],"curies":[{"name":"wp","href":"https:\/\/api.w.org\/{rel}","templated":true}]}}