{"id":854,"date":"2022-01-27T15:29:52","date_gmt":"2022-01-27T18:29:52","guid":{"rendered":"https:\/\/www.ufmg.br\/proplan\/?page_id=854"},"modified":"2022-05-03T16:10:19","modified_gmt":"2022-05-03T19:10:19","slug":"execucao-orcamentaria-2017","status":"publish","type":"page","link":"https:\/\/www.ufmg.br\/proplan\/execucao-orcamentaria-2017\/","title":{"rendered":"Execu\u00e7\u00e3o Or\u00e7ament\u00e1ria 2017"},"content":{"rendered":"<p><a href=\"https:\/\/www.ufmg.br\/proplan\/wp-content\/uploads\/1-Unidades-Acad%C3%AAmicas-por-Plano-Interno-6.pdf\">1 \u2013 Unidades Acad\u00eamicas por Plano Interno<\/a><\/p>\n<p><a href=\"https:\/\/www.ufmg.br\/proplan\/wp-content\/uploads\/2-Unidades-Administrativas-por-Plano-Interno-5.pdf\">2 \u2013 Unidades Administrativas por Plano Interno<\/a><\/p>\n<p><a href=\"https:\/\/www.ufmg.br\/proplan\/wp-content\/uploads\/3-Plano-interno-por-Unidade-Acad%C3%AAmica-4.pdf\">3 \u2013 Plano interno por Unidade Acad\u00eamica<\/a><\/p>\n<p><a href=\"https:\/\/www.ufmg.br\/proplan\/wp-content\/uploads\/4-Total-por-Plano-Interno-das-Unidades-Acad%C3%AAmicas-4.pdf\">4 \u2013 Total por Plano Interno das Unidades Acad\u00eamicas<\/a><\/p>\n<p><a href=\"https:\/\/www.ufmg.br\/proplan\/wp-content\/uploads\/5-Or%C3%A7amento-Total-das-Unidades-Acad%C3%AAmicas-5.pdf\">5 \u2013 Or\u00e7amento Total das Unidades Acad\u00eamicas<\/a><\/p>\n<p><a href=\"https:\/\/www.ufmg.br\/proplan\/wp-content\/uploads\/6-Or%C3%A7amento-Total-das-Unidades-Administrativas-4.pdf\">6 \u2013 Or\u00e7amento Total das Unidades Administrativas<\/a><\/p>\n<p><a href=\"https:\/\/www.ufmg.br\/proplan\/wp-content\/uploads\/7-Assist%C3%AAncia-Estudantil-3.pdf\">7 \u2013 Assist\u00eancia Estudantil<\/a><\/p>\n<p><a href=\"https:\/\/www.ufmg.br\/proplan\/wp-content\/uploads\/10-Projetos-Especiais-IDIOMAS-e-PDU-1.pdf\">10 \u2013 Projetos Especiais \u2013 IDIOMAS e PDU<\/a><\/p>\n","protected":false},"excerpt":{"rendered":"<p>1 \u2013 Unidades Acad\u00eamicas por Plano Interno 2 \u2013 Unidades [&hellip;]<\/p>\n","protected":false},"author":1,"featured_media":0,"parent":0,"menu_order":0,"comment_status":"closed","ping_status":"closed","template":"","meta":{"footnotes":""},"tags":[],"class_list":["post-854","page","type-page","status-publish","hentry"],"_links":{"self":[{"href":"https:\/\/www.ufmg.br\/proplan\/wp-json\/wp\/v2\/pages\/854","targetHints":{"allow":["GET"]}}],"collection":[{"href":"https:\/\/www.ufmg.br\/proplan\/wp-json\/wp\/v2\/pages"}],"about":[{"href":"https:\/\/www.ufmg.br\/proplan\/wp-json\/wp\/v2\/types\/page"}],"author":[{"embeddable":true,"href":"https:\/\/www.ufmg.br\/proplan\/wp-json\/wp\/v2\/users\/1"}],"replies":[{"embeddable":true,"href":"https:\/\/www.ufmg.br\/proplan\/wp-json\/wp\/v2\/comments?post=854"}],"version-history":[{"count":3,"href":"https:\/\/www.ufmg.br\/proplan\/wp-json\/wp\/v2\/pages\/854\/revisions"}],"predecessor-version":[{"id":1503,"href":"https:\/\/www.ufmg.br\/proplan\/wp-json\/wp\/v2\/pages\/854\/revisions\/1503"}],"wp:attachment":[{"href":"https:\/\/www.ufmg.br\/proplan\/wp-json\/wp\/v2\/media?parent=854"}],"wp:term":[{"taxonomy":"post_tag","embeddable":true,"href":"https:\/\/www.ufmg.br\/proplan\/wp-json\/wp\/v2\/tags?post=854"}],"curies":[{"name":"wp","href":"https:\/\/api.w.org\/{rel}","templated":true}]}}