{"id":860,"date":"2022-01-27T15:36:42","date_gmt":"2022-01-27T18:36:42","guid":{"rendered":"https:\/\/www.ufmg.br\/proplan\/?page_id=860"},"modified":"2022-05-03T15:59:42","modified_gmt":"2022-05-03T18:59:42","slug":"arrecadacao-de-recursos-proprios-2016","status":"publish","type":"page","link":"https:\/\/www.ufmg.br\/proplan\/arrecadacao-de-recursos-proprios-2016\/","title":{"rendered":"Arrecada\u00e7\u00e3o de Recursos Pr\u00f3prios 2016"},"content":{"rendered":"<ul>\n<li><a href=\"https:\/\/www.ufmg.br\/proplan\/wp-content\/uploads\/Acompanhamento-Receita-Pr%C3%B3pria-2016.xlsx\">Acompanhamento Receita Pr<\/a><a href=\"https:\/\/www.ufmg.br\/proplan\/wp-content\/uploads\/Acompanhamento-Receita-Pr%C3%B3pria-2016.xlsx\">\u00f3pria 2016<\/a><\/li>\n<li><a href=\"https:\/\/www.ufmg.br\/proplan\/wp-content\/uploads\/Movimenta%C3%A7%C3%A3o-Geral-Taxa-de-Resolu%C3%A7%C3%A3o-10-95-e-Funda%C3%A7%C3%B5es-2016.xlsx\">Movimenta\u00e7\u00e3o Geral Taxa de Resolu\u00e7\u00e3o 1095 e Funda\u00e7\u00f5es 2016<\/a><\/li>\n<\/ul>\n","protected":false},"excerpt":{"rendered":"<p>Acompanhamento Receita Pr\u00f3pria 2016 Movimenta\u00e7\u00e3o Geral Taxa de Resolu\u00e7\u00e3o 1095 [&hellip;]<\/p>\n","protected":false},"author":1,"featured_media":0,"parent":0,"menu_order":0,"comment_status":"closed","ping_status":"closed","template":"","meta":{"footnotes":""},"tags":[],"class_list":["post-860","page","type-page","status-publish","hentry"],"_links":{"self":[{"href":"https:\/\/www.ufmg.br\/proplan\/wp-json\/wp\/v2\/pages\/860","targetHints":{"allow":["GET"]}}],"collection":[{"href":"https:\/\/www.ufmg.br\/proplan\/wp-json\/wp\/v2\/pages"}],"about":[{"href":"https:\/\/www.ufmg.br\/proplan\/wp-json\/wp\/v2\/types\/page"}],"author":[{"embeddable":true,"href":"https:\/\/www.ufmg.br\/proplan\/wp-json\/wp\/v2\/users\/1"}],"replies":[{"embeddable":true,"href":"https:\/\/www.ufmg.br\/proplan\/wp-json\/wp\/v2\/comments?post=860"}],"version-history":[{"count":1,"href":"https:\/\/www.ufmg.br\/proplan\/wp-json\/wp\/v2\/pages\/860\/revisions"}],"predecessor-version":[{"id":861,"href":"https:\/\/www.ufmg.br\/proplan\/wp-json\/wp\/v2\/pages\/860\/revisions\/861"}],"wp:attachment":[{"href":"https:\/\/www.ufmg.br\/proplan\/wp-json\/wp\/v2\/media?parent=860"}],"wp:term":[{"taxonomy":"post_tag","embeddable":true,"href":"https:\/\/www.ufmg.br\/proplan\/wp-json\/wp\/v2\/tags?post=860"}],"curies":[{"name":"wp","href":"https:\/\/api.w.org\/{rel}","templated":true}]}}