{"id":8606,"date":"2025-01-05T19:43:27","date_gmt":"2025-01-05T22:43:27","guid":{"rendered":"https:\/\/www.ufmg.br\/proplan\/?page_id=8606"},"modified":"2026-01-19T11:49:59","modified_gmt":"2026-01-19T14:49:59","slug":"arrecadacao-de-recursos-proprios-2025","status":"publish","type":"page","link":"https:\/\/www.ufmg.br\/proplan\/arrecadacao-de-recursos-proprios-2025\/","title":{"rendered":"Arrecada\u00e7\u00e3o de Recursos Pr\u00f3prios 2025"},"content":{"rendered":"<p>&nbsp;<\/p>\n<p><a href=\"https:\/\/www.ufmg.br\/proplan\/wp-content\/uploads\/2026\/01\/01_Receita_Total_UFMG_2025.pdf\">01_Receita_Total_UFMG_2025<\/a><\/p>\n<p><a href=\"https:\/\/www.ufmg.br\/proplan\/wp-content\/uploads\/2026\/01\/02_Receita_Taxa_132022_unidades_2025.pdf\">02_Receita_Taxa_132022_unidades_2025<\/a><\/p>\n<p><a href=\"https:\/\/www.ufmg.br\/proplan\/wp-content\/uploads\/2026\/01\/03_Taxa_Resolucao_132022_ugs_por_contribuinte_2025.pdf\">03_Taxa_Resolucao_132022_ugs_por_contribuinte_2025<\/a><\/p>\n<p><a href=\"https:\/\/www.ufmg.br\/proplan\/wp-content\/uploads\/2026\/01\/04_Taxa_Resolucao_132022_contribuinte_por_ugs_2025.pdf\">04_Taxa_Resolucao_132022_contribuinte_por_ugs_2025<\/a><\/p>\n","protected":false},"excerpt":{"rendered":"<p>&nbsp; 01_Receita_Total_UFMG_2025 02_Receita_Taxa_132022_unidades_2025 03_Taxa_Resolucao_132022_ugs_por_contribuinte_2025 04_Taxa_Resolucao_132022_contribuinte_por_ugs_2025<\/p>\n","protected":false},"author":8,"featured_media":0,"parent":0,"menu_order":0,"comment_status":"closed","ping_status":"closed","template":"","meta":{"footnotes":""},"tags":[],"class_list":["post-8606","page","type-page","status-publish","hentry"],"_links":{"self":[{"href":"https:\/\/www.ufmg.br\/proplan\/wp-json\/wp\/v2\/pages\/8606","targetHints":{"allow":["GET"]}}],"collection":[{"href":"https:\/\/www.ufmg.br\/proplan\/wp-json\/wp\/v2\/pages"}],"about":[{"href":"https:\/\/www.ufmg.br\/proplan\/wp-json\/wp\/v2\/types\/page"}],"author":[{"embeddable":true,"href":"https:\/\/www.ufmg.br\/proplan\/wp-json\/wp\/v2\/users\/8"}],"replies":[{"embeddable":true,"href":"https:\/\/www.ufmg.br\/proplan\/wp-json\/wp\/v2\/comments?post=8606"}],"version-history":[{"count":70,"href":"https:\/\/www.ufmg.br\/proplan\/wp-json\/wp\/v2\/pages\/8606\/revisions"}],"predecessor-version":[{"id":12724,"href":"https:\/\/www.ufmg.br\/proplan\/wp-json\/wp\/v2\/pages\/8606\/revisions\/12724"}],"wp:attachment":[{"href":"https:\/\/www.ufmg.br\/proplan\/wp-json\/wp\/v2\/media?parent=8606"}],"wp:term":[{"taxonomy":"post_tag","embeddable":true,"href":"https:\/\/www.ufmg.br\/proplan\/wp-json\/wp\/v2\/tags?post=8606"}],"curies":[{"name":"wp","href":"https:\/\/api.w.org\/{rel}","templated":true}]}}