{"id":8608,"date":"2025-01-05T19:44:21","date_gmt":"2025-01-05T22:44:21","guid":{"rendered":"https:\/\/www.ufmg.br\/proplan\/?page_id=8608"},"modified":"2026-01-19T11:47:18","modified_gmt":"2026-01-19T14:47:18","slug":"execucao-orcamentaria-2025","status":"publish","type":"page","link":"https:\/\/www.ufmg.br\/proplan\/execucao-orcamentaria-2025\/","title":{"rendered":"Execu\u00e7\u00e3o or\u00e7ament\u00e1ria 2025"},"content":{"rendered":"<p><a href=\"https:\/\/www.ufmg.br\/proplan\/wp-content\/uploads\/2026\/01\/01_Bgu_Academicas_2025.pdf\">01_Bgu_Academicas_2025<\/a><\/p>\n<p><a href=\"https:\/\/www.ufmg.br\/proplan\/wp-content\/uploads\/2026\/01\/02_Bgu_Administrativas_2025.pdf\">02_Bgu_Administrativas_2025<\/a><\/p>\n<p><a href=\"https:\/\/www.ufmg.br\/proplan\/wp-content\/uploads\/2026\/01\/03_Bgu_Academicas-Execucao-Orcamentaria-por-PI_2025.pdf\">03_Bgu_Academicas Execucao Orcamentaria por PI_2025<\/a><\/p>\n<p><a href=\"https:\/\/www.ufmg.br\/proplan\/wp-content\/uploads\/2026\/01\/04_Bgu_Academicas-Execucao-Orcamentaria-Total_2025.pdf\">04_Bgu_Academicas Execucao Orcamentaria Total_2025<\/a><\/p>\n<p><a href=\"https:\/\/www.ufmg.br\/proplan\/wp-content\/uploads\/2026\/01\/05_Bgu_Academicas_Total_por_Unidade_2025.pdf\">05_Bgu_Academicas_Total_por_Unidade_2025<\/a><\/p>\n<p><a href=\"https:\/\/www.ufmg.br\/proplan\/wp-content\/uploads\/2026\/01\/06_Bgu_Administrativas_Total_por_Unidade_2025.pdf\">06_Bgu_Administrativas_Total_por_Unidade_2025<\/a><\/p>\n<p><a href=\"https:\/\/www.ufmg.br\/proplan\/wp-content\/uploads\/2026\/01\/07_Bgu_PNAES_2025.pdf\">07_Bgu_PNAES_2025<\/a><\/p>\n<p><a href=\"https:\/\/www.ufmg.br\/proplan\/wp-content\/uploads\/2026\/01\/08_Bgu_Idiomas_Sem_Fronteiras_2025.pdf\">08_Bgu_Idiomas_Sem_Fronteiras_2025<\/a><\/p>\n<p><a href=\"https:\/\/www.ufmg.br\/proplan\/wp-content\/uploads\/2026\/01\/09_Bgu_Academicas-Execucao-Orcamentaria_Cemig_e_Copasa_2025.pdf\">09_Bgu_Academicas Execucao Orcamentaria_Cemig_e_Copasa_2025<\/a><\/p>\n<p><a href=\"https:\/\/www.ufmg.br\/proplan\/wp-content\/uploads\/2026\/01\/10_Bgu_Emendas_Parlamentares_2025.pdf\">10_Bgu_Emendas_Parlamentares_2025<\/a><\/p>\n<p><a href=\"https:\/\/www.ufmg.br\/proplan\/wp-content\/uploads\/2026\/01\/11_Bgu_Anuidades_2025.pdf\">11_Bgu_Anuidades_2025<\/a><\/p>\n<p>&nbsp;<\/p>\n<p>&nbsp;<\/p>\n","protected":false},"excerpt":{"rendered":"<p>01_Bgu_Academicas_2025 02_Bgu_Administrativas_2025 03_Bgu_Academicas Execucao Orcamentaria por PI_2025 04_Bgu_Academicas Execucao Orcamentaria [&hellip;]<\/p>\n","protected":false},"author":8,"featured_media":0,"parent":0,"menu_order":0,"comment_status":"closed","ping_status":"closed","template":"","meta":{"footnotes":""},"tags":[],"class_list":["post-8608","page","type-page","status-publish","hentry"],"_links":{"self":[{"href":"https:\/\/www.ufmg.br\/proplan\/wp-json\/wp\/v2\/pages\/8608","targetHints":{"allow":["GET"]}}],"collection":[{"href":"https:\/\/www.ufmg.br\/proplan\/wp-json\/wp\/v2\/pages"}],"about":[{"href":"https:\/\/www.ufmg.br\/proplan\/wp-json\/wp\/v2\/types\/page"}],"author":[{"embeddable":true,"href":"https:\/\/www.ufmg.br\/proplan\/wp-json\/wp\/v2\/users\/8"}],"replies":[{"embeddable":true,"href":"https:\/\/www.ufmg.br\/proplan\/wp-json\/wp\/v2\/comments?post=8608"}],"version-history":[{"count":35,"href":"https:\/\/www.ufmg.br\/proplan\/wp-json\/wp\/v2\/pages\/8608\/revisions"}],"predecessor-version":[{"id":12715,"href":"https:\/\/www.ufmg.br\/proplan\/wp-json\/wp\/v2\/pages\/8608\/revisions\/12715"}],"wp:attachment":[{"href":"https:\/\/www.ufmg.br\/proplan\/wp-json\/wp\/v2\/media?parent=8608"}],"wp:term":[{"taxonomy":"post_tag","embeddable":true,"href":"https:\/\/www.ufmg.br\/proplan\/wp-json\/wp\/v2\/tags?post=8608"}],"curies":[{"name":"wp","href":"https:\/\/api.w.org\/{rel}","templated":true}]}}