{"id":863,"date":"2022-01-27T15:39:17","date_gmt":"2022-01-27T18:39:17","guid":{"rendered":"https:\/\/www.ufmg.br\/proplan\/?page_id=863"},"modified":"2022-05-03T16:07:09","modified_gmt":"2022-05-03T19:07:09","slug":"execucao-orcamentaria-2016","status":"publish","type":"page","link":"https:\/\/www.ufmg.br\/proplan\/execucao-orcamentaria-2016\/","title":{"rendered":"Execu\u00e7\u00e3o Or\u00e7ament\u00e1ria 2016"},"content":{"rendered":"<p><a href=\"https:\/\/www.ufmg.br\/proplan\/wp-content\/uploads\/1-Unidades-Acad%C3%AAmicas-por-Plano-Interno-3.pdf\">1 \u2013 Unidades Acad\u00eamicas por Plano Interno<\/a><\/p>\n<p><a href=\"https:\/\/www.ufmg.br\/proplan\/wp-content\/uploads\/2-Unidades-Administrativas-por-Plano-Interno-3.pdf\">2 \u2013 Unidades Administrativas por Plano Interno<\/a><\/p>\n<p><a href=\"https:\/\/www.ufmg.br\/proplan\/wp-content\/uploads\/3-Plano-interno-por-Unidade-Acad%C3%AAmica-2.pdf\">3 \u2013 Plano Interno por Unidade Acad\u00eamica<\/a><\/p>\n<p><a href=\"https:\/\/www.ufmg.br\/proplan\/wp-content\/uploads\/4-Total-por-Plano-Interno-das-Unidades-Acad%C3%AAmicas-2.pdf\">4 \u2013 Total por Plano Interno das Unidades Acad\u00eamicas<\/a><\/p>\n<p><a href=\"https:\/\/www.ufmg.br\/proplan\/wp-content\/uploads\/5-Or%C3%A7amento-Total-das-Unidades-Acad%C3%AAmicas-3.pdf\">5 \u2013 Or\u00e7amento Total das Unidades Acad\u00eamicas<\/a><\/p>\n<p><a href=\"https:\/\/www.ufmg.br\/proplan\/wp-content\/uploads\/6-Or%C3%A7amento-Total-das-Unidades-Administrativas-2.pdf\">6 \u2013 Or\u00e7amento Total das Unidades Administrativas<\/a><\/p>\n<p><a href=\"https:\/\/www.ufmg.br\/proplan\/wp-content\/uploads\/7-Assist%C3%AAncia-Estudantil-1.pdf\">7 \u2013 Assist\u00eancia Estudantil<\/a><\/p>\n","protected":false},"excerpt":{"rendered":"<p>1 \u2013 Unidades Acad\u00eamicas por Plano Interno 2 \u2013 Unidades [&hellip;]<\/p>\n","protected":false},"author":1,"featured_media":0,"parent":0,"menu_order":0,"comment_status":"closed","ping_status":"closed","template":"","meta":{"footnotes":""},"tags":[],"class_list":["post-863","page","type-page","status-publish","hentry"],"_links":{"self":[{"href":"https:\/\/www.ufmg.br\/proplan\/wp-json\/wp\/v2\/pages\/863","targetHints":{"allow":["GET"]}}],"collection":[{"href":"https:\/\/www.ufmg.br\/proplan\/wp-json\/wp\/v2\/pages"}],"about":[{"href":"https:\/\/www.ufmg.br\/proplan\/wp-json\/wp\/v2\/types\/page"}],"author":[{"embeddable":true,"href":"https:\/\/www.ufmg.br\/proplan\/wp-json\/wp\/v2\/users\/1"}],"replies":[{"embeddable":true,"href":"https:\/\/www.ufmg.br\/proplan\/wp-json\/wp\/v2\/comments?post=863"}],"version-history":[{"count":4,"href":"https:\/\/www.ufmg.br\/proplan\/wp-json\/wp\/v2\/pages\/863\/revisions"}],"predecessor-version":[{"id":1494,"href":"https:\/\/www.ufmg.br\/proplan\/wp-json\/wp\/v2\/pages\/863\/revisions\/1494"}],"wp:attachment":[{"href":"https:\/\/www.ufmg.br\/proplan\/wp-json\/wp\/v2\/media?parent=863"}],"wp:term":[{"taxonomy":"post_tag","embeddable":true,"href":"https:\/\/www.ufmg.br\/proplan\/wp-json\/wp\/v2\/tags?post=863"}],"curies":[{"name":"wp","href":"https:\/\/api.w.org\/{rel}","templated":true}]}}