{"id":870,"date":"2022-01-27T15:48:58","date_gmt":"2022-01-27T18:48:58","guid":{"rendered":"https:\/\/www.ufmg.br\/proplan\/?page_id=870"},"modified":"2022-05-03T15:52:35","modified_gmt":"2022-05-03T18:52:35","slug":"lei-e-proposta-orcamentaria-2015","status":"publish","type":"page","link":"https:\/\/www.ufmg.br\/proplan\/lei-e-proposta-orcamentaria-2015\/","title":{"rendered":"Lei e Proposta Or\u00e7ament\u00e1ria 2015"},"content":{"rendered":"<ul>\n<li><a href=\"https:\/\/www.ufmg.br\/proplan\/wp-content\/uploads\/Lei-Or%C3%A7ament%C3%A1ria-Anual-LOA-2015-Hospital-das-Cl%C3%ADnicas-1.pdf\">Lei Or\u00e7ament\u00e1ria Anual (LOA) 2015 Hospital das Cl\u00ednicas<\/a><\/li>\n<li><a href=\"https:\/\/www.ufmg.br\/proplan\/wp-content\/uploads\/Lei-Or%C3%A7ament%C3%A1ria-Anual-LOA-2015-UFMG-1.pdf\">Lei Or\u00e7ament\u00e1ria Anual (LOA) 2015 UFMG<\/a><\/li>\n<\/ul>\n","protected":false},"excerpt":{"rendered":"<p>Lei Or\u00e7ament\u00e1ria Anual (LOA) 2015 Hospital das Cl\u00ednicas Lei Or\u00e7ament\u00e1ria [&hellip;]<\/p>\n","protected":false},"author":1,"featured_media":0,"parent":0,"menu_order":0,"comment_status":"closed","ping_status":"closed","template":"","meta":{"footnotes":""},"tags":[],"class_list":["post-870","page","type-page","status-publish","hentry"],"_links":{"self":[{"href":"https:\/\/www.ufmg.br\/proplan\/wp-json\/wp\/v2\/pages\/870","targetHints":{"allow":["GET"]}}],"collection":[{"href":"https:\/\/www.ufmg.br\/proplan\/wp-json\/wp\/v2\/pages"}],"about":[{"href":"https:\/\/www.ufmg.br\/proplan\/wp-json\/wp\/v2\/types\/page"}],"author":[{"embeddable":true,"href":"https:\/\/www.ufmg.br\/proplan\/wp-json\/wp\/v2\/users\/1"}],"replies":[{"embeddable":true,"href":"https:\/\/www.ufmg.br\/proplan\/wp-json\/wp\/v2\/comments?post=870"}],"version-history":[{"count":2,"href":"https:\/\/www.ufmg.br\/proplan\/wp-json\/wp\/v2\/pages\/870\/revisions"}],"predecessor-version":[{"id":874,"href":"https:\/\/www.ufmg.br\/proplan\/wp-json\/wp\/v2\/pages\/870\/revisions\/874"}],"wp:attachment":[{"href":"https:\/\/www.ufmg.br\/proplan\/wp-json\/wp\/v2\/media?parent=870"}],"wp:term":[{"taxonomy":"post_tag","embeddable":true,"href":"https:\/\/www.ufmg.br\/proplan\/wp-json\/wp\/v2\/tags?post=870"}],"curies":[{"name":"wp","href":"https:\/\/api.w.org\/{rel}","templated":true}]}}