{"id":897,"date":"2022-01-27T16:12:51","date_gmt":"2022-01-27T19:12:51","guid":{"rendered":"https:\/\/www.ufmg.br\/proplan\/?page_id=897"},"modified":"2022-05-03T15:52:44","modified_gmt":"2022-05-03T18:52:44","slug":"lei-e-proposta-orcamentaria-2013","status":"publish","type":"page","link":"https:\/\/www.ufmg.br\/proplan\/lei-e-proposta-orcamentaria-2013\/","title":{"rendered":"Lei e Proposta Or\u00e7ament\u00e1ria 2013"},"content":{"rendered":"<ul>\n<li><a href=\"https:\/\/www.ufmg.br\/proplan\/wp-content\/uploads\/2014\/10\/Proposta-Or%C3%A7ament%C3%A1ria-UFMG-2012-limites1.pdf\">Proposta Or\u00e7ament\u00e1ria UFMG 2012 \u2013 Limites<\/a><\/li>\n<li><a href=\"https:\/\/www.ufmg.br\/proplan\/wp-content\/uploads\/2014\/10\/Proposta-Or%C3%A7ament%C3%A1ria-Hospital-das-Cl%C3%ADnicas-2013-limites.pdf\">Proposta Or\u00e7ament\u00e1ria Hospital das Cl\u00ednicas 2013 \u2013 Limites<\/a><\/li>\n<li><a href=\"https:\/\/www.ufmg.br\/proplan\/wp-content\/uploads\/2014\/10\/loa-2013-UFMG.pdf\">Lei Or\u00e7ament\u00e1ria Anual (LOA) 2013 UFMG<\/a><\/li>\n<li><a href=\"https:\/\/www.ufmg.br\/proplan\/wp-content\/uploads\/2014\/10\/loa-2013-HCL.pdf\">Lei Or\u00e7ament\u00e1ria Anual (LOA) \u2013 Hospital das Cl\u00ednicas \u2013 2013<\/a><\/li>\n<\/ul>\n","protected":false},"excerpt":{"rendered":"<p>Proposta Or\u00e7ament\u00e1ria UFMG 2012 \u2013 Limites Proposta Or\u00e7ament\u00e1ria Hospital das [&hellip;]<\/p>\n","protected":false},"author":1,"featured_media":0,"parent":0,"menu_order":0,"comment_status":"closed","ping_status":"closed","template":"","meta":{"footnotes":""},"tags":[],"class_list":["post-897","page","type-page","status-publish","hentry"],"_links":{"self":[{"href":"https:\/\/www.ufmg.br\/proplan\/wp-json\/wp\/v2\/pages\/897","targetHints":{"allow":["GET"]}}],"collection":[{"href":"https:\/\/www.ufmg.br\/proplan\/wp-json\/wp\/v2\/pages"}],"about":[{"href":"https:\/\/www.ufmg.br\/proplan\/wp-json\/wp\/v2\/types\/page"}],"author":[{"embeddable":true,"href":"https:\/\/www.ufmg.br\/proplan\/wp-json\/wp\/v2\/users\/1"}],"replies":[{"embeddable":true,"href":"https:\/\/www.ufmg.br\/proplan\/wp-json\/wp\/v2\/comments?post=897"}],"version-history":[{"count":1,"href":"https:\/\/www.ufmg.br\/proplan\/wp-json\/wp\/v2\/pages\/897\/revisions"}],"predecessor-version":[{"id":898,"href":"https:\/\/www.ufmg.br\/proplan\/wp-json\/wp\/v2\/pages\/897\/revisions\/898"}],"wp:attachment":[{"href":"https:\/\/www.ufmg.br\/proplan\/wp-json\/wp\/v2\/media?parent=897"}],"wp:term":[{"taxonomy":"post_tag","embeddable":true,"href":"https:\/\/www.ufmg.br\/proplan\/wp-json\/wp\/v2\/tags?post=897"}],"curies":[{"name":"wp","href":"https:\/\/api.w.org\/{rel}","templated":true}]}}