{"id":900,"date":"2022-01-27T16:14:38","date_gmt":"2022-01-27T19:14:38","guid":{"rendered":"https:\/\/www.ufmg.br\/proplan\/?page_id=900"},"modified":"2022-05-03T16:12:36","modified_gmt":"2022-05-03T19:12:36","slug":"execucao-orcamentaria-2013","status":"publish","type":"page","link":"https:\/\/www.ufmg.br\/proplan\/execucao-orcamentaria-2013\/","title":{"rendered":"Execu\u00e7\u00e3o Or\u00e7ament\u00e1ria 2013"},"content":{"rendered":"<p><a href=\"https:\/\/www.ufmg.br\/proplan\/wp-content\/uploads\/2014\/10\/Dota%C3%A7%C3%A3o-e-Execu%C3%A7%C3%A3o-UFMG-2013.pdf\">Dota\u00e7\u00e3o e Execu\u00e7\u00e3o UFMG \u2013 2013<\/a><\/p>\n<p><a href=\"https:\/\/www.ufmg.br\/proplan\/wp-content\/uploads\/2014\/10\/Execu%C3%A7%C3%A3o-Matriz-UFMG-Investimento-2013.pdf\">Execu\u00e7\u00e3o Matriz UFMG Investimento \u2013 2013<\/a><\/p>\n<p><a href=\"https:\/\/www.ufmg.br\/proplan\/wp-content\/uploads\/2014\/10\/Execu%C3%A7%C3%A3o-Matriz-UFMG-Custeio-2013.pdf\">Execu\u00e7\u00e3o Matriz UFMG Custeio \u2013 2013<\/a><\/p>\n<p><a href=\"https:\/\/www.ufmg.br\/proplan\/wp-content\/uploads\/2014\/10\/Execu%C3%A7%C3%A3o-Recurso-Descentralizado-Custeio-2013.pdf\">Execu\u00e7\u00e3o Recurso Descentralizado Custeio \u2013 2013<\/a><\/p>\n<p><a href=\"https:\/\/www.ufmg.br\/proplan\/wp-content\/uploads\/2014\/10\/Execu%C3%A7%C3%A3o-Recurso-Descentralizado-Investimento-2013.pdf\">Execu\u00e7\u00e3o Recurso Descentralizado Investimento \u2013 2013<\/a><\/p>\n","protected":false},"excerpt":{"rendered":"<p>Dota\u00e7\u00e3o e Execu\u00e7\u00e3o UFMG \u2013 2013 Execu\u00e7\u00e3o Matriz UFMG Investimento [&hellip;]<\/p>\n","protected":false},"author":1,"featured_media":0,"parent":0,"menu_order":0,"comment_status":"closed","ping_status":"closed","template":"","meta":{"footnotes":""},"tags":[],"class_list":["post-900","page","type-page","status-publish","hentry"],"_links":{"self":[{"href":"https:\/\/www.ufmg.br\/proplan\/wp-json\/wp\/v2\/pages\/900","targetHints":{"allow":["GET"]}}],"collection":[{"href":"https:\/\/www.ufmg.br\/proplan\/wp-json\/wp\/v2\/pages"}],"about":[{"href":"https:\/\/www.ufmg.br\/proplan\/wp-json\/wp\/v2\/types\/page"}],"author":[{"embeddable":true,"href":"https:\/\/www.ufmg.br\/proplan\/wp-json\/wp\/v2\/users\/1"}],"replies":[{"embeddable":true,"href":"https:\/\/www.ufmg.br\/proplan\/wp-json\/wp\/v2\/comments?post=900"}],"version-history":[{"count":3,"href":"https:\/\/www.ufmg.br\/proplan\/wp-json\/wp\/v2\/pages\/900\/revisions"}],"predecessor-version":[{"id":1507,"href":"https:\/\/www.ufmg.br\/proplan\/wp-json\/wp\/v2\/pages\/900\/revisions\/1507"}],"wp:attachment":[{"href":"https:\/\/www.ufmg.br\/proplan\/wp-json\/wp\/v2\/media?parent=900"}],"wp:term":[{"taxonomy":"post_tag","embeddable":true,"href":"https:\/\/www.ufmg.br\/proplan\/wp-json\/wp\/v2\/tags?post=900"}],"curies":[{"name":"wp","href":"https:\/\/api.w.org\/{rel}","templated":true}]}}