{"id":905,"date":"2022-01-27T16:17:34","date_gmt":"2022-01-27T19:17:34","guid":{"rendered":"https:\/\/www.ufmg.br\/proplan\/?page_id=905"},"modified":"2022-05-03T15:52:48","modified_gmt":"2022-05-03T18:52:48","slug":"lei-e-proposta-orcamentaria-2012","status":"publish","type":"page","link":"https:\/\/www.ufmg.br\/proplan\/lei-e-proposta-orcamentaria-2012\/","title":{"rendered":"Lei e Proposta Or\u00e7ament\u00e1ria 2012"},"content":{"rendered":"<ul>\n<li><a href=\"https:\/\/www.ufmg.br\/proplan\/wp-content\/uploads\/2014\/10\/Proposta-Or%C3%A7ament%C3%A1ria-UFMG-2012-limites.pdf\">Proposta Or\u00e7ament\u00e1ria UFMG 2012 \u2013 Limites<\/a><\/li>\n<li><a href=\"https:\/\/www.ufmg.br\/proplan\/wp-content\/uploads\/2014\/10\/Proposta-Or%C3%A7ament%C3%A1ria-Hospital-das-Clinicas-2012-limites.pdf\">Proposta Or\u00e7ament\u00e1ria Hospital das Clinicas 2012 \u2013 Limites<\/a><\/li>\n<li><a href=\"https:\/\/www.ufmg.br\/proplan\/wp-content\/uploads\/2014\/10\/Lei-or%C3%A7ament%C3%A1ria-Anual-LOA-UFMG-2012.pdf\">Lei or\u00e7ament\u00e1ria Anual ( LOA ) UFMG 2012<\/a><\/li>\n<li><a href=\"https:\/\/www.ufmg.br\/proplan\/wp-content\/uploads\/2014\/10\/Lei-Or%C3%A7ament%C3%A1ria-Anual-LOA-Hospital-das-Cl%C3%ADnicas-2012.pdf\">Lei Or\u00e7ament\u00e1ria Anual ( LOA ) Hospital das Cl\u00ednicas 2012<\/a><\/li>\n<\/ul>\n","protected":false},"excerpt":{"rendered":"<p>Proposta Or\u00e7ament\u00e1ria UFMG 2012 \u2013 Limites Proposta Or\u00e7ament\u00e1ria Hospital das [&hellip;]<\/p>\n","protected":false},"author":1,"featured_media":0,"parent":0,"menu_order":0,"comment_status":"closed","ping_status":"closed","template":"","meta":{"footnotes":""},"tags":[],"class_list":["post-905","page","type-page","status-publish","hentry"],"_links":{"self":[{"href":"https:\/\/www.ufmg.br\/proplan\/wp-json\/wp\/v2\/pages\/905","targetHints":{"allow":["GET"]}}],"collection":[{"href":"https:\/\/www.ufmg.br\/proplan\/wp-json\/wp\/v2\/pages"}],"about":[{"href":"https:\/\/www.ufmg.br\/proplan\/wp-json\/wp\/v2\/types\/page"}],"author":[{"embeddable":true,"href":"https:\/\/www.ufmg.br\/proplan\/wp-json\/wp\/v2\/users\/1"}],"replies":[{"embeddable":true,"href":"https:\/\/www.ufmg.br\/proplan\/wp-json\/wp\/v2\/comments?post=905"}],"version-history":[{"count":1,"href":"https:\/\/www.ufmg.br\/proplan\/wp-json\/wp\/v2\/pages\/905\/revisions"}],"predecessor-version":[{"id":906,"href":"https:\/\/www.ufmg.br\/proplan\/wp-json\/wp\/v2\/pages\/905\/revisions\/906"}],"wp:attachment":[{"href":"https:\/\/www.ufmg.br\/proplan\/wp-json\/wp\/v2\/media?parent=905"}],"wp:term":[{"taxonomy":"post_tag","embeddable":true,"href":"https:\/\/www.ufmg.br\/proplan\/wp-json\/wp\/v2\/tags?post=905"}],"curies":[{"name":"wp","href":"https:\/\/api.w.org\/{rel}","templated":true}]}}