{"id":917,"date":"2022-01-27T16:25:10","date_gmt":"2022-01-27T19:25:10","guid":{"rendered":"https:\/\/www.ufmg.br\/proplan\/?page_id=917"},"modified":"2022-05-03T16:05:02","modified_gmt":"2022-05-03T19:05:02","slug":"arrecadacao-de-recursos-proprios-2011","status":"publish","type":"page","link":"https:\/\/www.ufmg.br\/proplan\/arrecadacao-de-recursos-proprios-2011\/","title":{"rendered":"Arrecada\u00e7\u00e3o de recursos pr\u00f3prios"},"content":{"rendered":"<ul>\n<li><a href=\"https:\/\/www.ufmg.br\/proplan\/wp-content\/uploads\/2014\/10\/Receita-Arrecadada-2011.xlsx\">Arrecada\u00e7\u00e3o de Recursos Pr\u00f3prios x Executado 2011<\/a><\/li>\n<\/ul>\n","protected":false},"excerpt":{"rendered":"<p>Arrecada\u00e7\u00e3o de Recursos Pr\u00f3prios x Executado 2011<\/p>\n","protected":false},"author":1,"featured_media":0,"parent":0,"menu_order":0,"comment_status":"closed","ping_status":"closed","template":"","meta":{"footnotes":""},"tags":[],"class_list":["post-917","page","type-page","status-publish","hentry"],"_links":{"self":[{"href":"https:\/\/www.ufmg.br\/proplan\/wp-json\/wp\/v2\/pages\/917","targetHints":{"allow":["GET"]}}],"collection":[{"href":"https:\/\/www.ufmg.br\/proplan\/wp-json\/wp\/v2\/pages"}],"about":[{"href":"https:\/\/www.ufmg.br\/proplan\/wp-json\/wp\/v2\/types\/page"}],"author":[{"embeddable":true,"href":"https:\/\/www.ufmg.br\/proplan\/wp-json\/wp\/v2\/users\/1"}],"replies":[{"embeddable":true,"href":"https:\/\/www.ufmg.br\/proplan\/wp-json\/wp\/v2\/comments?post=917"}],"version-history":[{"count":1,"href":"https:\/\/www.ufmg.br\/proplan\/wp-json\/wp\/v2\/pages\/917\/revisions"}],"predecessor-version":[{"id":918,"href":"https:\/\/www.ufmg.br\/proplan\/wp-json\/wp\/v2\/pages\/917\/revisions\/918"}],"wp:attachment":[{"href":"https:\/\/www.ufmg.br\/proplan\/wp-json\/wp\/v2\/media?parent=917"}],"wp:term":[{"taxonomy":"post_tag","embeddable":true,"href":"https:\/\/www.ufmg.br\/proplan\/wp-json\/wp\/v2\/tags?post=917"}],"curies":[{"name":"wp","href":"https:\/\/api.w.org\/{rel}","templated":true}]}}