{"id":927,"date":"2022-01-27T16:40:29","date_gmt":"2022-01-27T19:40:29","guid":{"rendered":"https:\/\/www.ufmg.br\/proplan\/?page_id=927"},"modified":"2023-03-27T08:29:48","modified_gmt":"2023-03-27T11:29:48","slug":"arrecadacao-de-recursos-proprios-2022","status":"publish","type":"page","link":"https:\/\/www.ufmg.br\/proplan\/arrecadacao-de-recursos-proprios-2022\/","title":{"rendered":"Arrecada\u00e7\u00e3o de Recursos Pr\u00f3prios 2022"},"content":{"rendered":"<p><a href=\"https:\/\/www.ufmg.br\/proplan\/wp-content\/uploads\/2023\/03\/Acompanhamento_Receita_Propria_2022_Recurso-da-Taxa-de-Resolucao-10_95-e-Fundacoes_2022__pub1.xls\">Acompanhamento_Receita_Propria_2022_Recurso da Taxa de Resolucao 10_95 e Fundacoes_2022__pub1<\/a><\/p>\n","protected":false},"excerpt":{"rendered":"<p>Acompanhamento_Receita_Propria_2022_Recurso da Taxa de Resolucao 10_95 e Fundacoes_2022__pub1<\/p>\n","protected":false},"author":1,"featured_media":0,"parent":0,"menu_order":0,"comment_status":"closed","ping_status":"closed","template":"","meta":{"footnotes":""},"tags":[],"class_list":["post-927","page","type-page","status-publish","hentry"],"_links":{"self":[{"href":"https:\/\/www.ufmg.br\/proplan\/wp-json\/wp\/v2\/pages\/927","targetHints":{"allow":["GET"]}}],"collection":[{"href":"https:\/\/www.ufmg.br\/proplan\/wp-json\/wp\/v2\/pages"}],"about":[{"href":"https:\/\/www.ufmg.br\/proplan\/wp-json\/wp\/v2\/types\/page"}],"author":[{"embeddable":true,"href":"https:\/\/www.ufmg.br\/proplan\/wp-json\/wp\/v2\/users\/1"}],"replies":[{"embeddable":true,"href":"https:\/\/www.ufmg.br\/proplan\/wp-json\/wp\/v2\/comments?post=927"}],"version-history":[{"count":21,"href":"https:\/\/www.ufmg.br\/proplan\/wp-json\/wp\/v2\/pages\/927\/revisions"}],"predecessor-version":[{"id":3340,"href":"https:\/\/www.ufmg.br\/proplan\/wp-json\/wp\/v2\/pages\/927\/revisions\/3340"}],"wp:attachment":[{"href":"https:\/\/www.ufmg.br\/proplan\/wp-json\/wp\/v2\/media?parent=927"}],"wp:term":[{"taxonomy":"post_tag","embeddable":true,"href":"https:\/\/www.ufmg.br\/proplan\/wp-json\/wp\/v2\/tags?post=927"}],"curies":[{"name":"wp","href":"https:\/\/api.w.org\/{rel}","templated":true}]}}