{"id":931,"date":"2022-01-27T16:42:17","date_gmt":"2022-01-27T19:42:17","guid":{"rendered":"https:\/\/www.ufmg.br\/proplan\/?page_id=931"},"modified":"2023-02-23T10:54:19","modified_gmt":"2023-02-23T12:54:19","slug":"execucao-orcamentaria-2022","status":"publish","type":"page","link":"https:\/\/www.ufmg.br\/proplan\/execucao-orcamentaria-2022\/","title":{"rendered":"Execu\u00e7\u00e3o Or\u00e7ament\u00e1ria 2022"},"content":{"rendered":"<p>&nbsp;<\/p>\n<p><a href=\"https:\/\/www.ufmg.br\/proplan\/wp-content\/uploads\/2023\/02\/01_Bgu_Academicas_2022.pdf\">1 \u2013 Demonstrativo da Execu\u00e7\u00e3o Or\u00e7ament\u00e1ria por Unidade Acad\u00eamica \u2013 2022<\/a><\/p>\n<p><a href=\"https:\/\/www.ufmg.br\/proplan\/wp-content\/uploads\/2023\/02\/02_Bgu_Administrativas_2022.pdf\">2 \u2013 Demonstrativo da Execu\u00e7\u00e3o Or\u00e7ament\u00e1ria por Unidade Administrativa \u2013 2022<\/a><\/p>\n<p><a href=\"https:\/\/www.ufmg.br\/proplan\/wp-content\/uploads\/2023\/02\/03_Bgu_Academicas-Execucao-Orcamentaria-por-PI_2022.pdf\">3 \u2013 Demonstrativo da Execu\u00e7\u00e3o Or\u00e7ament\u00e1ria das Unidades Acad\u00eamicas por Plano Interno \u2013 2022<\/a><\/p>\n<p><a href=\"https:\/\/www.ufmg.br\/proplan\/wp-content\/uploads\/2023\/02\/04_Bgu_Academicas-Execucao-Orcamentaria-Total_2022.pdf\">4 \u2013 Demonstrativo da Execu\u00e7\u00e3o Total das Unidades Acad\u00eamicas por Plano Interno \u2013 2022<\/a><\/p>\n<p><a href=\"https:\/\/www.ufmg.br\/proplan\/wp-content\/uploads\/2023\/02\/05_Bgu_Academicas_Total_por_Unidade_2022.pdf\">5 \u2013 Demonstrativo da Execu\u00e7\u00e3o Total por Unidade Acad\u00eamica \u2013 2022<\/a><\/p>\n<p><a href=\"https:\/\/www.ufmg.br\/proplan\/wp-content\/uploads\/2023\/02\/06_Bgu_Administrativas_Total_por_Unidade_2022.pdf\">6 \u2013 Demonstrativo da Execu\u00e7\u00e3o Total por Unidade Administrativa \u2013 2022<\/a><\/p>\n<p><a href=\"https:\/\/www.ufmg.br\/proplan\/wp-content\/uploads\/2023\/02\/07_Bgu_PNAES_2022.pdf\">7 \u2013 Demonstrativo da Execu\u00e7\u00e3o Or\u00e7ament\u00e1ria PNAES \u2013 2022<\/a><\/p>\n<p><a href=\"https:\/\/www.ufmg.br\/proplan\/wp-content\/uploads\/2023\/02\/08_Bgu_Idiomas_Sem_Fronteiras_2022.pdf\">8 \u2013 Demonstrativo da Execu\u00e7\u00e3o Or\u00e7ament\u00e1ria Idiomas sem Fronteiras \u2013 2022<\/a><\/p>\n<p><a href=\"https:\/\/www.ufmg.br\/proplan\/wp-content\/uploads\/2023\/02\/09_Bgu_Academicas-Execucao-Orcamentaria_Cemig_e_Copasa_2022.pdf\">9 \u2013 Demonstrativo da Execu\u00e7\u00e3o Or\u00e7ament\u00e1ria de Energia El\u00e9trica \/ \u00c1gua e Esgoto UFMG \u2013 2022<\/a><\/p>\n<p><a href=\"https:\/\/www.ufmg.br\/proplan\/wp-content\/uploads\/2023\/02\/10_Bgu_Emendas_Parlamentares_2022.pdf\">10 \u2013 Demonstrativo da Execu\u00e7\u00e3o Or\u00e7ament\u00e1ria de Emendas Parlamentares UFMG \u2013 2022<\/a><\/p>\n<p><a href=\"https:\/\/www.ufmg.br\/proplan\/wp-content\/uploads\/2023\/02\/11_Bgu_Anuidades_00PW_00OQ_2022.pdf\">11 &#8211; Demonstrativo da Execu\u00e7\u00e3o Or\u00e7ament\u00e1ria das Anuidades 00PW e 00OQ UFMG &#8211; 2022<\/a><\/p>\n<p>&nbsp;<\/p>\n<p>&nbsp;<\/p>\n","protected":false},"excerpt":{"rendered":"<p>&nbsp; 1 \u2013 Demonstrativo da Execu\u00e7\u00e3o Or\u00e7ament\u00e1ria por Unidade Acad\u00eamica [&hellip;]<\/p>\n","protected":false},"author":1,"featured_media":0,"parent":0,"menu_order":0,"comment_status":"closed","ping_status":"closed","template":"","meta":{"footnotes":""},"tags":[],"class_list":["post-931","page","type-page","status-publish","hentry"],"_links":{"self":[{"href":"https:\/\/www.ufmg.br\/proplan\/wp-json\/wp\/v2\/pages\/931","targetHints":{"allow":["GET"]}}],"collection":[{"href":"https:\/\/www.ufmg.br\/proplan\/wp-json\/wp\/v2\/pages"}],"about":[{"href":"https:\/\/www.ufmg.br\/proplan\/wp-json\/wp\/v2\/types\/page"}],"author":[{"embeddable":true,"href":"https:\/\/www.ufmg.br\/proplan\/wp-json\/wp\/v2\/users\/1"}],"replies":[{"embeddable":true,"href":"https:\/\/www.ufmg.br\/proplan\/wp-json\/wp\/v2\/comments?post=931"}],"version-history":[{"count":16,"href":"https:\/\/www.ufmg.br\/proplan\/wp-json\/wp\/v2\/pages\/931\/revisions"}],"predecessor-version":[{"id":3108,"href":"https:\/\/www.ufmg.br\/proplan\/wp-json\/wp\/v2\/pages\/931\/revisions\/3108"}],"wp:attachment":[{"href":"https:\/\/www.ufmg.br\/proplan\/wp-json\/wp\/v2\/media?parent=931"}],"wp:term":[{"taxonomy":"post_tag","embeddable":true,"href":"https:\/\/www.ufmg.br\/proplan\/wp-json\/wp\/v2\/tags?post=931"}],"curies":[{"name":"wp","href":"https:\/\/api.w.org\/{rel}","templated":true}]}}