{"id":934,"date":"2022-01-27T16:44:30","date_gmt":"2022-01-27T19:44:30","guid":{"rendered":"https:\/\/www.ufmg.br\/proplan\/?page_id=934"},"modified":"2022-05-03T16:16:52","modified_gmt":"2022-05-03T19:16:52","slug":"execucao-orcamentaria-2021","status":"publish","type":"page","link":"https:\/\/www.ufmg.br\/proplan\/execucao-orcamentaria-2021\/","title":{"rendered":"Execu\u00e7\u00e3o Or\u00e7ament\u00e1ria 2021"},"content":{"rendered":"<p><a href=\"https:\/\/www.ufmg.br\/proplan\/wp-content\/uploads\/01_Bgu_Academicas_2021.pdf\">1 \u2013 Demonstrativo da Execu\u00e7\u00e3o Or\u00e7ament\u00e1ria por Unidade Acad\u00eamica \u2013 2021<\/a><\/p>\n<p><a href=\"https:\/\/www.ufmg.br\/proplan\/wp-content\/uploads\/02_Bgu_Administrativas_2021.pdf\">2 \u2013 Demonstrativo da Execu\u00e7\u00e3o Or\u00e7ament\u00e1ria por Unidade Administrativa \u2013 2021<\/a><\/p>\n<p><a href=\"https:\/\/www.ufmg.br\/proplan\/wp-content\/uploads\/03_Bgu_Academicas-Execucao-Orcamentaria-por-PI_2021.pdf\">3 \u2013 Demonstrativo da Execu\u00e7\u00e3o Or\u00e7ament\u00e1ria das Unidades Acad\u00eamicas por Plano Interno \u2013 2021<\/a><\/p>\n<p><a href=\"https:\/\/www.ufmg.br\/proplan\/wp-content\/uploads\/04_Bgu_Academicas-Execucao-Orcamentaria-Total_2021.pdf\">4 \u2013 Demonstrativo da Execu\u00e7\u00e3o Total das Unidades Acad\u00eamicas por Plano Interno \u2013 2021<\/a><\/p>\n<p><a href=\"https:\/\/www.ufmg.br\/proplan\/wp-content\/uploads\/05_Bgu_Academicas_Total_por_Unidade_2021.pdf\">5 \u2013 Demonstrativo da Execu\u00e7\u00e3o Total por Unidade Acad\u00eamica \u2013 2021<\/a><\/p>\n<p><a href=\"https:\/\/www.ufmg.br\/proplan\/wp-content\/uploads\/06_Bgu_Administrativas_Total_por_Unidade_2021.pdf\">6 \u2013 Demonstrativo da Execu\u00e7\u00e3o Total por Unidade Administrativa \u2013 2021<\/a><\/p>\n<p><a href=\"https:\/\/www.ufmg.br\/proplan\/wp-content\/uploads\/07_Bgu_PNAES_2021.pdf\">7 \u2013 Demonstrativo da Execu\u00e7\u00e3o Or\u00e7ament\u00e1ria PNAES \u2013 2021<\/a><\/p>\n<p><a href=\"https:\/\/www.ufmg.br\/proplan\/wp-content\/uploads\/08_Bgu_Idiomas_Sem_Fronteiras_e_NAI_2021.pdf\">8 \u2013 Demonstrativo da Execu\u00e7\u00e3o Or\u00e7ament\u00e1ria Idiomas sem Fronteiras e Projeto INCLUIR (NAI) \u2013 2021<\/a><\/p>\n<p><a href=\"https:\/\/www.ufmg.br\/proplan\/wp-content\/uploads\/10_Bgu_Academicas-Execucao-Orcamentaria_Cemig_e_Copasa_2021.pdf\">9 \u2013 Demonstrativo da Execu\u00e7\u00e3o Or\u00e7ament\u00e1ria de Energia El\u00e9trica \/ \u00c1gua e Esgoto UFMG \u2013 2021<\/a><\/p>\n<p><a href=\"https:\/\/www.ufmg.br\/proplan\/wp-content\/uploads\/11_Bgu_Emendas_Parlamentares_2021.pdf\">10 \u2013 Demonstrativo da Execu\u00e7\u00e3o Or\u00e7ament\u00e1ria de Emendas Parlamentares UFMG \u2013 2021<\/a><\/p>\n","protected":false},"excerpt":{"rendered":"<p>1 \u2013 Demonstrativo da Execu\u00e7\u00e3o Or\u00e7ament\u00e1ria por Unidade Acad\u00eamica \u2013 [&hellip;]<\/p>\n","protected":false},"author":1,"featured_media":0,"parent":0,"menu_order":0,"comment_status":"closed","ping_status":"closed","template":"","meta":{"footnotes":""},"tags":[],"class_list":["post-934","page","type-page","status-publish","hentry"],"_links":{"self":[{"href":"https:\/\/www.ufmg.br\/proplan\/wp-json\/wp\/v2\/pages\/934","targetHints":{"allow":["GET"]}}],"collection":[{"href":"https:\/\/www.ufmg.br\/proplan\/wp-json\/wp\/v2\/pages"}],"about":[{"href":"https:\/\/www.ufmg.br\/proplan\/wp-json\/wp\/v2\/types\/page"}],"author":[{"embeddable":true,"href":"https:\/\/www.ufmg.br\/proplan\/wp-json\/wp\/v2\/users\/1"}],"replies":[{"embeddable":true,"href":"https:\/\/www.ufmg.br\/proplan\/wp-json\/wp\/v2\/comments?post=934"}],"version-history":[{"count":2,"href":"https:\/\/www.ufmg.br\/proplan\/wp-json\/wp\/v2\/pages\/934\/revisions"}],"predecessor-version":[{"id":1510,"href":"https:\/\/www.ufmg.br\/proplan\/wp-json\/wp\/v2\/pages\/934\/revisions\/1510"}],"wp:attachment":[{"href":"https:\/\/www.ufmg.br\/proplan\/wp-json\/wp\/v2\/media?parent=934"}],"wp:term":[{"taxonomy":"post_tag","embeddable":true,"href":"https:\/\/www.ufmg.br\/proplan\/wp-json\/wp\/v2\/tags?post=934"}],"curies":[{"name":"wp","href":"https:\/\/api.w.org\/{rel}","templated":true}]}}