{"id":9432,"date":"2025-04-10T10:14:22","date_gmt":"2025-04-10T13:14:22","guid":{"rendered":"https:\/\/www.ufmg.br\/proplan\/?page_id=9432"},"modified":"2025-10-08T16:02:56","modified_gmt":"2025-10-08T19:02:56","slug":"execucao-de-emendas-parlamentares","status":"publish","type":"page","link":"https:\/\/www.ufmg.br\/proplan\/execucao-de-emendas-parlamentares\/","title":{"rendered":"Emendas Parlamentares"},"content":{"rendered":"<div id=\"sp-ea-9428\" class=\"sp-ea-one sp-easy-accordion\" data-ex-icon=\"fa-minus\" data-col-icon=\"fa-plus\"  data-ea-active=\"ea-click\"  data-ea-mode=\"vertical\" data-preloader=\"\"><div class=\"ea-card  sp-ea-single\"><h3 class=\"ea-header\"><a class=\"collapsed\" data-sptoggle=\"spcollapse\" data-sptarget=#collapse94280 href=\"javascript:void(0)\" aria-expanded=\"false\"><i class=\"ea-expand-icon fa fa-plus\"><\/i> Emendas Parlamentares<\/a><\/h3><div class=\"sp-collapse spcollapse spcollapse\" id=\"collapse94280\" data-parent=#sp-ea-9428><div class=\"ea-body\"><p><a href=\"https:\/\/www.ufmg.br\/proplan\/wp-content\/uploads\/2025\/04\/Apresentacao-Emendas-FUNDEP-OUT2025.pptx\">Apresenta\u00e7\u00e3o Emendas Proplan<\/a><\/p>\n<p><a href=\"https:\/\/www.ufmg.br\/proplan\/wp-content\/uploads\/2025\/04\/GuiaTransparenciaAtiva.pdf\">Guia Transpar\u00eancia Ativa<\/a><\/p>\n<p><a href=\"https:\/\/www.ufmg.br\/proplan\/wp-content\/uploads\/2025\/04\/Portaria_MEC_n__97_2025.pdf\">Portaria MEC n 97 2025<\/a><\/p>\n<p><a href=\"https:\/\/www.gov.br\/mec\/pt-br\/media\/publicacoes\/emendas-parlamentares-mec-2025.pdf\">Cartilha do Minist\u00e9rio da Educa\u00e7\u00e3o<\/a><\/p>\n<p><a href=\"https:\/\/portalfns.saude.gov.br\/wp-content\/uploads\/2024\/12\/Cartilha-Ploa-2025-internet-7-1.pdf\">Cartilha do Minist\u00e9rio da Sa\u00fade<\/a><\/p>\n<p><a href=\"https:\/\/www.gov.br\/mdic\/pt-br\/centrais-de-conteudo\/publicacoes\/cartilha-parlamentar\/2025\">Cartilha do Minist\u00e9rio do Desenvolvimento, Ind\u00fastria, Com\u00e9rcio e Servi\u00e7os<\/a><\/p>\n<p><a href=\"https:\/\/www.gov.br\/agricultura\/pt-br\/centrais-de-conteudo\/publicacoes\/cartilhas-emendas-parlamentares\">Cartilha do Minist\u00e9rio da Agricultura e Pecu\u00e1ria<\/a><\/p>\n<p><a href=\"https:\/\/www.gov.br\/mj\/pt-br\/acesso-a-informacao\/acoes-e-programas\/cartilha-de-emendas-parlamentares-de-2023-ate-2026\/cartilha-de-emendas-parlamentares-2025\/cartilha_emendas_parlamentares_2025.pdf\">Cartilha do Minist\u00e9rio da Justi\u00e7a e Seguran\u00e7a P\u00fablica<\/a><\/p>\n<p><a href=\"https:\/\/www.camara.leg.br\/internet\/comissao\/index\/mista\/orca\/orcamento\/OR2025\/emendas\/cartilhas\/MME.pdf\">Cartilha do Minist\u00e9rio de Minas e Energia<\/a><\/p>\n<\/div><\/div><\/div><div class=\"ea-card  sp-ea-single\"><h3 class=\"ea-header\"><a class=\"collapsed\" data-sptoggle=\"spcollapse\" data-sptarget=#collapse94281 href=\"javascript:void(0)\" aria-expanded=\"false\"><i class=\"ea-expand-icon fa fa-plus\"><\/i> 2025<\/a><\/h3><div class=\"sp-collapse spcollapse spcollapse\" id=\"collapse94281\" data-parent=#sp-ea-9428><div class=\"ea-body\"><p><a href=\"https:\/\/www.ufmg.br\/proplan\/wp-content\/uploads\/2026\/03\/10_Bgu_Emendas_Parlamentares_2025.pdf\">Emendas Parlamentares Or\u00e7amento Geral 2025<\/a><\/p>\n<\/div><\/div><\/div><div class=\"ea-card  sp-ea-single\"><h3 class=\"ea-header\"><a class=\"collapsed\" data-sptoggle=\"spcollapse\" data-sptarget=#collapse94282 href=\"javascript:void(0)\" aria-expanded=\"false\"><i class=\"ea-expand-icon fa fa-plus\"><\/i> 2024<\/a><\/h3><div class=\"sp-collapse spcollapse spcollapse\" id=\"collapse94282\" data-parent=#sp-ea-9428><div class=\"ea-body\"><p><a href=\"https:\/\/www.ufmg.br\/proplan\/wp-content\/uploads\/2025\/01\/10_Bgu_Emendas_Parlamentares_2024.pdf\">Emendas Parlamentares Or\u00e7amento Geral 2024<\/a><\/p>\n<\/div><\/div><\/div><div class=\"ea-card  sp-ea-single\"><h3 class=\"ea-header\"><a class=\"collapsed\" data-sptoggle=\"spcollapse\" data-sptarget=#collapse94283 href=\"javascript:void(0)\" aria-expanded=\"false\"><i class=\"ea-expand-icon fa fa-plus\"><\/i> 2023<\/a><\/h3><div class=\"sp-collapse spcollapse spcollapse\" id=\"collapse94283\" data-parent=#sp-ea-9428><div class=\"ea-body\"><p><a href=\"https:\/\/www.ufmg.br\/proplan\/wp-content\/uploads\/2024\/01\/10_Bgu_Emendas_Parlamentares_2023.pdf\">Emendas Parlamentares Or\u00e7amento Geral 2023<\/a><\/p>\n<\/div><\/div><\/div><div class=\"ea-card  sp-ea-single\"><h3 class=\"ea-header\"><a class=\"collapsed\" data-sptoggle=\"spcollapse\" data-sptarget=#collapse94284 href=\"javascript:void(0)\" aria-expanded=\"false\"><i class=\"ea-expand-icon fa fa-plus\"><\/i> 2022<\/a><\/h3><div class=\"sp-collapse spcollapse spcollapse\" id=\"collapse94284\" data-parent=#sp-ea-9428><div class=\"ea-body\"><p><a href=\"https:\/\/www.ufmg.br\/proplan\/wp-content\/uploads\/2023\/02\/10_Bgu_Emendas_Parlamentares_2022.pdf\">Emendas Parlamentares Or\u00e7amento Geral 2022<\/a><\/p>\n<\/div><\/div><\/div><div class=\"ea-card  sp-ea-single\"><h3 class=\"ea-header\"><a class=\"collapsed\" data-sptoggle=\"spcollapse\" data-sptarget=#collapse94285 href=\"javascript:void(0)\" aria-expanded=\"false\"><i class=\"ea-expand-icon fa fa-plus\"><\/i> 2021<\/a><\/h3><div class=\"sp-collapse spcollapse spcollapse\" id=\"collapse94285\" data-parent=#sp-ea-9428><div class=\"ea-body\"><p><a href=\"https:\/\/www.ufmg.br\/proplan\/wp-content\/uploads\/11_Bgu_Emendas_Parlamentares_2021.pdf\">Emendas Parlamentares Or\u00e7amento Geral 2021<\/a><\/p>\n<\/div><\/div><\/div><div class=\"ea-card  sp-ea-single\"><h3 class=\"ea-header\"><a class=\"collapsed\" data-sptoggle=\"spcollapse\" data-sptarget=#collapse94286 href=\"javascript:void(0)\" aria-expanded=\"false\"><i class=\"ea-expand-icon fa fa-plus\"><\/i> 2020<\/a><\/h3><div class=\"sp-collapse spcollapse spcollapse\" id=\"collapse94286\" data-parent=#sp-ea-9428><div class=\"ea-body\"><p><a href=\"https:\/\/www.ufmg.br\/proplan\/wp-content\/uploads\/2025\/04\/11_Bgu_Emendas_Parlamentares_2020.pdf\">Emendas Parlamentares Or\u00e7amento Geral 2020<\/a><\/p>\n<\/div><\/div><\/div><\/div>\n","protected":false},"excerpt":{"rendered":"","protected":false},"author":9,"featured_media":0,"parent":0,"menu_order":0,"comment_status":"closed","ping_status":"closed","template":"","meta":{"footnotes":""},"tags":[],"class_list":["post-9432","page","type-page","status-publish","hentry"],"_links":{"self":[{"href":"https:\/\/www.ufmg.br\/proplan\/wp-json\/wp\/v2\/pages\/9432","targetHints":{"allow":["GET"]}}],"collection":[{"href":"https:\/\/www.ufmg.br\/proplan\/wp-json\/wp\/v2\/pages"}],"about":[{"href":"https:\/\/www.ufmg.br\/proplan\/wp-json\/wp\/v2\/types\/page"}],"author":[{"embeddable":true,"href":"https:\/\/www.ufmg.br\/proplan\/wp-json\/wp\/v2\/users\/9"}],"replies":[{"embeddable":true,"href":"https:\/\/www.ufmg.br\/proplan\/wp-json\/wp\/v2\/comments?post=9432"}],"version-history":[{"count":4,"href":"https:\/\/www.ufmg.br\/proplan\/wp-json\/wp\/v2\/pages\/9432\/revisions"}],"predecessor-version":[{"id":13531,"href":"https:\/\/www.ufmg.br\/proplan\/wp-json\/wp\/v2\/pages\/9432\/revisions\/13531"}],"wp:attachment":[{"href":"https:\/\/www.ufmg.br\/proplan\/wp-json\/wp\/v2\/media?parent=9432"}],"wp:term":[{"taxonomy":"post_tag","embeddable":true,"href":"https:\/\/www.ufmg.br\/proplan\/wp-json\/wp\/v2\/tags?post=9432"}],"curies":[{"name":"wp","href":"https:\/\/api.w.org\/{rel}","templated":true}]}}