{"id":136,"date":"2023-07-26T10:22:38","date_gmt":"2023-07-26T13:22:38","guid":{"rendered":"http:\/\/www.ufmg.br\/prorh\/pgd\/?page_id=136"},"modified":"2026-04-07T18:57:39","modified_gmt":"2026-04-07T21:57:39","slug":"ufmg","status":"publish","type":"page","link":"https:\/\/www.ufmg.br\/prorh\/pgd\/ufmg\/","title":{"rendered":"PGD UFMG"},"content":{"rendered":"\n<div style=\"height:23px\" aria-hidden=\"true\" class=\"wp-block-spacer\"><\/div>\n\n\n\n<h3 class=\"wp-block-heading\">Marcos importantes<\/h3>\n\n\n\n<div style=\"height:23px\" aria-hidden=\"true\" class=\"wp-block-spacer\"><\/div>\n\n\n\n<div class=\"wp-block-columns is-layout-flex wp-container-6\">\n<div class=\"wp-block-column has-background is-layout-flow\" style=\"background-color:#ffffff00\">\n<figure class=\"wp-block-image alignwide size-medium is-style-rounded\"><img decoding=\"async\" loading=\"lazy\" width=\"300\" height=\"300\" src=\"https:\/\/www.ufmg.br\/prorh\/pgd\/wp-content\/uploads\/2024\/07\/finger-pressing-start-button-edited-3-300x300.jpg\" alt=\"\" class=\"wp-image-847\" srcset=\"https:\/\/www.ufmg.br\/prorh\/pgd\/wp-content\/uploads\/2024\/07\/finger-pressing-start-button-edited-3-300x300.jpg 300w, https:\/\/www.ufmg.br\/prorh\/pgd\/wp-content\/uploads\/2024\/07\/finger-pressing-start-button-edited-3-1024x1024.jpg 1024w, https:\/\/www.ufmg.br\/prorh\/pgd\/wp-content\/uploads\/2024\/07\/finger-pressing-start-button-edited-3-150x150.jpg 150w, https:\/\/www.ufmg.br\/prorh\/pgd\/wp-content\/uploads\/2024\/07\/finger-pressing-start-button-edited-3-768x768.jpg 768w, https:\/\/www.ufmg.br\/prorh\/pgd\/wp-content\/uploads\/2024\/07\/finger-pressing-start-button-edited-3-1536x1536.jpg 1536w, https:\/\/www.ufmg.br\/prorh\/pgd\/wp-content\/uploads\/2024\/07\/finger-pressing-start-button-edited-3-2048x2048.jpg 2048w\" sizes=\"(max-width: 300px) 100vw, 300px\" \/><\/figure>\n\n\n\n<p class=\"has-text-align-center\">Ago\/2023<\/p>\n\n\n\n<p class=\"has-text-align-center\"><strong><a href=\"https:\/\/www.ufmg.br\/prorh\/pgd\/wp-content\/uploads\/2024\/07\/PORTARIA-7384_-DE-18-DE-AGOSTO-DE-2023.pdf\" target=\"_blank\" rel=\"noreferrer noopener\">Portaria UFMG<\/a><\/strong><\/p>\n\n\n\n<p class=\"has-text-align-center has-small-font-size\">Institui o PGD no \u00e2mbito da UFMG.<\/p>\n<\/div>\n\n\n\n<div class=\"wp-block-column is-layout-flow\">\n<figure class=\"wp-block-image alignwide size-medium is-style-rounded\"><img decoding=\"async\" loading=\"lazy\" width=\"300\" height=\"300\" src=\"https:\/\/www.ufmg.br\/prorh\/pgd\/wp-content\/uploads\/2024\/07\/close-up-executives-showing-thumbs-up-edited-1-300x300.jpg\" alt=\"\" class=\"wp-image-848\" srcset=\"https:\/\/www.ufmg.br\/prorh\/pgd\/wp-content\/uploads\/2024\/07\/close-up-executives-showing-thumbs-up-edited-1-300x300.jpg 300w, https:\/\/www.ufmg.br\/prorh\/pgd\/wp-content\/uploads\/2024\/07\/close-up-executives-showing-thumbs-up-edited-1-1024x1024.jpg 1024w, https:\/\/www.ufmg.br\/prorh\/pgd\/wp-content\/uploads\/2024\/07\/close-up-executives-showing-thumbs-up-edited-1-150x150.jpg 150w, https:\/\/www.ufmg.br\/prorh\/pgd\/wp-content\/uploads\/2024\/07\/close-up-executives-showing-thumbs-up-edited-1-768x768.jpg 768w, https:\/\/www.ufmg.br\/prorh\/pgd\/wp-content\/uploads\/2024\/07\/close-up-executives-showing-thumbs-up-edited-1-1536x1536.jpg 1536w, https:\/\/www.ufmg.br\/prorh\/pgd\/wp-content\/uploads\/2024\/07\/close-up-executives-showing-thumbs-up-edited-1-2048x2048.jpg 2048w\" sizes=\"(max-width: 300px) 100vw, 300px\" \/><\/figure>\n\n\n\n<p class=\"has-text-align-center\">Jan\/2024<\/p>\n\n\n\n<p class=\"has-text-align-center\"><strong><strong><a href=\"https:\/\/www.ufmg.br\/prorh\/pgd\/wp-content\/uploads\/2024\/07\/OFICIO-CIRCULAR-No-1-2024-PRORH-GAB-UFMG-Programa-Gestao-de-Desempenho-PGD-1.pdf\" target=\"_blank\" rel=\"noreferrer noopener\">Of\u00edcio PRORH<\/a><\/strong><\/strong><\/p>\n\n\n\n<p class=\"has-text-align-center has-small-font-size\">Divulga modelo de proposta e sinaliza o uso do Polare.<\/p>\n<\/div>\n\n\n\n<div class=\"wp-block-column is-layout-flow\">\n<figure class=\"wp-block-image alignwide size-medium is-style-rounded\"><img decoding=\"async\" loading=\"lazy\" width=\"300\" height=\"300\" src=\"https:\/\/www.ufmg.br\/prorh\/pgd\/wp-content\/uploads\/2024\/07\/cogwheel-business-productivity-symbol-held-by-hands-1-edited-3-300x300.jpg\" alt=\"\" class=\"wp-image-849\" srcset=\"https:\/\/www.ufmg.br\/prorh\/pgd\/wp-content\/uploads\/2024\/07\/cogwheel-business-productivity-symbol-held-by-hands-1-edited-3-300x300.jpg 300w, https:\/\/www.ufmg.br\/prorh\/pgd\/wp-content\/uploads\/2024\/07\/cogwheel-business-productivity-symbol-held-by-hands-1-edited-3-1024x1024.jpg 1024w, https:\/\/www.ufmg.br\/prorh\/pgd\/wp-content\/uploads\/2024\/07\/cogwheel-business-productivity-symbol-held-by-hands-1-edited-3-150x150.jpg 150w, https:\/\/www.ufmg.br\/prorh\/pgd\/wp-content\/uploads\/2024\/07\/cogwheel-business-productivity-symbol-held-by-hands-1-edited-3-768x768.jpg 768w, https:\/\/www.ufmg.br\/prorh\/pgd\/wp-content\/uploads\/2024\/07\/cogwheel-business-productivity-symbol-held-by-hands-1-edited-3-1536x1536.jpg 1536w, https:\/\/www.ufmg.br\/prorh\/pgd\/wp-content\/uploads\/2024\/07\/cogwheel-business-productivity-symbol-held-by-hands-1-edited-3-2048x2048.jpg 2048w\" sizes=\"(max-width: 300px) 100vw, 300px\" \/><\/figure>\n\n\n\n<p class=\"has-text-align-center\">Jan-Jun\/2024<\/p>\n\n\n\n<p class=\"has-text-align-center\"><strong><strong><strong>Polare<\/strong><\/strong><\/strong><\/p>\n\n\n\n<p class=\"has-text-align-center has-small-font-size\">Configura\u00e7\u00e3o e ajustes do sistema.<\/p>\n<\/div>\n\n\n\n<div class=\"wp-block-column is-layout-flow\">\n<figure class=\"wp-block-image alignwide size-medium is-style-rounded\"><img decoding=\"async\" loading=\"lazy\" width=\"300\" height=\"300\" src=\"https:\/\/www.ufmg.br\/prorh\/pgd\/wp-content\/uploads\/2024\/07\/businessperson-s-hand-marking-check-box-with-red-marker-screen-edited-2-300x300.jpg\" alt=\"\" class=\"wp-image-850\" srcset=\"https:\/\/www.ufmg.br\/prorh\/pgd\/wp-content\/uploads\/2024\/07\/businessperson-s-hand-marking-check-box-with-red-marker-screen-edited-2-300x300.jpg 300w, https:\/\/www.ufmg.br\/prorh\/pgd\/wp-content\/uploads\/2024\/07\/businessperson-s-hand-marking-check-box-with-red-marker-screen-edited-2-1024x1024.jpg 1024w, https:\/\/www.ufmg.br\/prorh\/pgd\/wp-content\/uploads\/2024\/07\/businessperson-s-hand-marking-check-box-with-red-marker-screen-edited-2-150x150.jpg 150w, https:\/\/www.ufmg.br\/prorh\/pgd\/wp-content\/uploads\/2024\/07\/businessperson-s-hand-marking-check-box-with-red-marker-screen-edited-2-768x768.jpg 768w, https:\/\/www.ufmg.br\/prorh\/pgd\/wp-content\/uploads\/2024\/07\/businessperson-s-hand-marking-check-box-with-red-marker-screen-edited-2-1536x1536.jpg 1536w, https:\/\/www.ufmg.br\/prorh\/pgd\/wp-content\/uploads\/2024\/07\/businessperson-s-hand-marking-check-box-with-red-marker-screen-edited-2-2048x2048.jpg 2048w\" sizes=\"(max-width: 300px) 100vw, 300px\" \/><\/figure>\n\n\n\n<p class=\"has-text-align-center\">Jul\/2024<\/p>\n\n\n\n<p class=\"has-text-align-center\"><strong><strong><strong>Polare<\/strong><\/strong><\/strong><\/p>\n\n\n\n<p class=\"has-text-align-center has-small-font-size\">Testes em ambiente de homologa\u00e7\u00e3o.<\/p>\n<\/div>\n\n\n\n<div class=\"wp-block-column is-layout-flow\">\n<figure class=\"wp-block-image alignwide size-full is-style-rounded\"><img decoding=\"async\" loading=\"lazy\" width=\"269\" height=\"269\" src=\"https:\/\/www.ufmg.br\/prorh\/pgd\/wp-content\/uploads\/2024\/08\/capa_mobile-edited.jpg\" alt=\"\" class=\"wp-image-1043\" srcset=\"https:\/\/www.ufmg.br\/prorh\/pgd\/wp-content\/uploads\/2024\/08\/capa_mobile-edited.jpg 269w, https:\/\/www.ufmg.br\/prorh\/pgd\/wp-content\/uploads\/2024\/08\/capa_mobile-edited-150x150.jpg 150w\" sizes=\"(max-width: 269px) 100vw, 269px\" \/><\/figure>\n\n\n\n<p class=\"has-text-align-center\">Ago\/2024<\/p>\n\n\n\n<p class=\"has-text-align-center\"><strong><strong><strong>Piloto<\/strong><\/strong><\/strong><\/p>\n\n\n\n<p class=\"has-text-align-center has-small-font-size\">In\u00edcio do Projeto Piloto PGD UFMG.<\/p>\n<\/div>\n<\/div>\n\n\n\n<div style=\"height:30px\" aria-hidden=\"true\" class=\"wp-block-spacer\"><\/div>\n\n\n\n<div class=\"wp-block-columns is-layout-flex wp-container-11\">\n<div class=\"wp-block-column has-background is-layout-flow\" style=\"background-color:#ffffff00\">\n<figure class=\"wp-block-image alignwide size-full is-style-rounded\"><img decoding=\"async\" loading=\"lazy\" width=\"216\" height=\"216\" src=\"https:\/\/www.ufmg.br\/prorh\/pgd\/wp-content\/uploads\/2025\/03\/collage-customer-experience-concept_2-edited.jpg\" alt=\"\" class=\"wp-image-1431\" srcset=\"https:\/\/www.ufmg.br\/prorh\/pgd\/wp-content\/uploads\/2025\/03\/collage-customer-experience-concept_2-edited.jpg 216w, https:\/\/www.ufmg.br\/prorh\/pgd\/wp-content\/uploads\/2025\/03\/collage-customer-experience-concept_2-edited-150x150.jpg 150w\" sizes=\"(max-width: 216px) 100vw, 216px\" \/><\/figure>\n\n\n\n<p class=\"has-text-align-center\">Jan\/2025<\/p>\n\n\n\n<p class=\"has-text-align-center\"><strong><a href=\"https:\/\/www.ufmg.br\/prorh\/pgd\/wp-content\/uploads\/2025\/03\/Avaliacao-Preliminar-Piloto-PGD-Copia-compactado.pdf\" target=\"_blank\" rel=\"noreferrer noopener\">Avalia\u00e7\u00e3o do Projeto Piloto<\/a><\/strong><\/p>\n\n\n\n<p class=\"has-text-align-center has-small-font-size\">Avalia\u00e7\u00e3o do Projeto Piloto PGD UFMG.<\/p>\n<\/div>\n\n\n\n<div class=\"wp-block-column is-layout-flow\">\n<figure class=\"wp-block-image alignwide size-large is-style-rounded\"><img decoding=\"async\" loading=\"lazy\" width=\"2560\" height=\"2560\" src=\"https:\/\/www.ufmg.br\/prorh\/pgd\/wp-content\/uploads\/2025\/03\/person-pressing-power-button-edited-scaled.jpg\" alt=\"\" class=\"wp-image-1432\" srcset=\"https:\/\/www.ufmg.br\/prorh\/pgd\/wp-content\/uploads\/2025\/03\/person-pressing-power-button-edited-scaled.jpg 2560w, https:\/\/www.ufmg.br\/prorh\/pgd\/wp-content\/uploads\/2025\/03\/person-pressing-power-button-edited-300x300.jpg 300w, https:\/\/www.ufmg.br\/prorh\/pgd\/wp-content\/uploads\/2025\/03\/person-pressing-power-button-edited-1024x1024.jpg 1024w, https:\/\/www.ufmg.br\/prorh\/pgd\/wp-content\/uploads\/2025\/03\/person-pressing-power-button-edited-150x150.jpg 150w, https:\/\/www.ufmg.br\/prorh\/pgd\/wp-content\/uploads\/2025\/03\/person-pressing-power-button-edited-768x768.jpg 768w, https:\/\/www.ufmg.br\/prorh\/pgd\/wp-content\/uploads\/2025\/03\/person-pressing-power-button-edited-1536x1536.jpg 1536w, https:\/\/www.ufmg.br\/prorh\/pgd\/wp-content\/uploads\/2025\/03\/person-pressing-power-button-edited-2048x2048.jpg 2048w\" sizes=\"(max-width: 2560px) 100vw, 2560px\" \/><\/figure>\n\n\n\n<p class=\"has-text-align-center\">Fev\/2025<\/p>\n\n\n\n<p class=\"has-text-align-center\"><strong><strong><a href=\"https:\/\/www.ufmg.br\/prorh\/pgd\/wp-content\/uploads\/2025\/03\/SEI_4010083_Portaria_1741_PGD-1.pdf\" target=\"_blank\" rel=\"noreferrer noopener\">Nova Portaria UFMG<\/a><\/strong><\/strong><\/p>\n\n\n\n<p class=\"has-text-align-center\"><strong><a href=\"https:\/\/www.ufmg.br\/prorh\/pgd\/wp-content\/uploads\/2025\/03\/NOTA-TECNICA-1-2025-Minuta-de-Portaria-que-altera-a-Portaria-no-7384-2023-que-institui-o-PGD-1.pdf\">Nota T\u00e9cnica<\/a><\/strong><\/p>\n\n\n\n<p class=\"has-text-align-center has-small-font-size\">Altera a Portaria n\u00ba 7384, de 18 de agosto de 2023, que instituiu o PGD na UFMG.<\/p>\n<\/div>\n\n\n\n<div class=\"wp-block-column is-layout-flow\">\n<figure class=\"wp-block-image alignwide size-large is-style-rounded\"><img decoding=\"async\" loading=\"lazy\" width=\"1024\" height=\"1024\" src=\"https:\/\/www.ufmg.br\/prorh\/pgd\/wp-content\/uploads\/2024\/07\/young-colleagues-working-together-cafe-edited-1024x1024.jpg\" alt=\"\" class=\"wp-image-829\" srcset=\"https:\/\/www.ufmg.br\/prorh\/pgd\/wp-content\/uploads\/2024\/07\/young-colleagues-working-together-cafe-edited-1024x1024.jpg 1024w, https:\/\/www.ufmg.br\/prorh\/pgd\/wp-content\/uploads\/2024\/07\/young-colleagues-working-together-cafe-edited-300x300.jpg 300w, https:\/\/www.ufmg.br\/prorh\/pgd\/wp-content\/uploads\/2024\/07\/young-colleagues-working-together-cafe-edited-150x150.jpg 150w, https:\/\/www.ufmg.br\/prorh\/pgd\/wp-content\/uploads\/2024\/07\/young-colleagues-working-together-cafe-edited-768x768.jpg 768w, https:\/\/www.ufmg.br\/prorh\/pgd\/wp-content\/uploads\/2024\/07\/young-colleagues-working-together-cafe-edited-1536x1536.jpg 1536w, https:\/\/www.ufmg.br\/prorh\/pgd\/wp-content\/uploads\/2024\/07\/young-colleagues-working-together-cafe-edited-2048x2048.jpg 2048w\" sizes=\"(max-width: 1024px) 100vw, 1024px\" \/><\/figure>\n\n\n\n<p class=\"has-text-align-center\">Fev\/2025<\/p>\n\n\n\n<p class=\"has-text-align-center\"><strong><strong><strong><a href=\"https:\/\/www.ufmg.br\/prorh\/pgd\/wp-content\/uploads\/2025\/03\/OF-CIRCULAR-No-1-2025-Programa-de-Gestao-e-Desempenho-PGD.pdf\" data-type=\"URL\" data-id=\"https:\/\/www.ufmg.br\/prorh\/pgd\/wp-content\/uploads\/2025\/03\/OF-CIRCULAR-No-1-2025-Programa-de-Gestao-e-Desempenho-PGD.pdf\">Of\u00edcio PRORH<\/a><\/strong><\/strong><\/strong><\/p>\n\n\n\n<p class=\"has-text-align-center has-small-font-size\">Divulga a nova Portaria do PGD UFMG e informa sobre o novo fluxo e processo SEI.<\/p>\n<\/div>\n\n\n\n<div class=\"wp-block-column is-layout-flow\">\n<figure class=\"wp-block-image alignwide size-large is-style-rounded\"><img decoding=\"async\" loading=\"lazy\" width=\"2560\" height=\"2560\" src=\"https:\/\/www.ufmg.br\/prorh\/pgd\/wp-content\/uploads\/2025\/03\/still-life-business-roles-with-various-mechanism-pieces-edited-scaled.jpg\" alt=\"\" class=\"wp-image-1433\" srcset=\"https:\/\/www.ufmg.br\/prorh\/pgd\/wp-content\/uploads\/2025\/03\/still-life-business-roles-with-various-mechanism-pieces-edited-scaled.jpg 2560w, https:\/\/www.ufmg.br\/prorh\/pgd\/wp-content\/uploads\/2025\/03\/still-life-business-roles-with-various-mechanism-pieces-edited-300x300.jpg 300w, https:\/\/www.ufmg.br\/prorh\/pgd\/wp-content\/uploads\/2025\/03\/still-life-business-roles-with-various-mechanism-pieces-edited-1024x1024.jpg 1024w, https:\/\/www.ufmg.br\/prorh\/pgd\/wp-content\/uploads\/2025\/03\/still-life-business-roles-with-various-mechanism-pieces-edited-150x150.jpg 150w, https:\/\/www.ufmg.br\/prorh\/pgd\/wp-content\/uploads\/2025\/03\/still-life-business-roles-with-various-mechanism-pieces-edited-768x768.jpg 768w, https:\/\/www.ufmg.br\/prorh\/pgd\/wp-content\/uploads\/2025\/03\/still-life-business-roles-with-various-mechanism-pieces-edited-1536x1536.jpg 1536w, https:\/\/www.ufmg.br\/prorh\/pgd\/wp-content\/uploads\/2025\/03\/still-life-business-roles-with-various-mechanism-pieces-edited-2048x2048.jpg 2048w\" sizes=\"(max-width: 2560px) 100vw, 2560px\" \/><\/figure>\n\n\n\n<p class=\"has-text-align-center\">Mar\/2025<\/p>\n\n\n\n<p class=\"has-text-align-center\"><strong><strong><strong>Processo SEI PGD<\/strong><\/strong><\/strong><\/p>\n\n\n\n<p class=\"has-text-align-center has-small-font-size\">Divulga\u00e7\u00e3o dos novos fluxos e procedimentos relacionados ao PGD UFMG.<\/p>\n<\/div>\n<\/div>\n\n\n\n<div style=\"height:100px\" aria-hidden=\"true\" class=\"wp-block-spacer\"><\/div>\n\n\n\n<h2 class=\"wp-block-heading has-text-align-center\">Fluxo de implanta\u00e7\u00e3o do PGD UFMG<\/h2>\n\n\n\n<div style=\"height:43px\" aria-hidden=\"true\" class=\"wp-block-spacer\"><\/div>\n\n\n\n<div class=\"wp-block-columns is-layout-flex wp-container-13\">\n<div class=\"wp-block-column is-layout-flow\"><div style=\"position: relative; width: 100%; height: 0; padding-top: 56.2500%;\n padding-bottom: 0; box-shadow: 0 2px 8px 0 rgba(63,69,81,0.16); margin-top: 1.6em; margin-bottom: 0.9em; overflow: hidden;\n border-radius: 8px; will-change: transform;\"><br \/>\n  <iframe loading=\"lazy\" style=\"position: absolute; width: 100%; height: 100%; top: 0; left: 0; border: none; padding: 0;margin: 0;\" src=\"https:\/\/www.canva.com\/design\/DAGcx2tml0Q\/SO0niIXclblQmen534fojg\/view?embed\" allowfullscreen=\"allowfullscreen\" allow=\"fullscreen\"><br \/>\n  <\/iframe>\n<\/div>\n<p><a href=\"https:\/\/www.canva.com\/design\/DAGcx2tml0Q\/SO0niIXclblQmen534fojg\/view?utm_content=DAGcx2tml0Q&amp;utm_campaign=designshare&amp;utm_medium=embeds&amp;utm_source=link\" target=\"_blank\" rel=\"noopener\">PGD UFMG Fluxo atualizado <\/a> de PRORH UFMG<\/p>\n<\/div>\n<\/div>\n","protected":false},"excerpt":{"rendered":"<p>Marcos importantes Ago\/2023 Portaria UFMG Institui o PGD no \u00e2mbito da UFMG. Jan\/2024 Of\u00edcio PRORH Divulga modelo de proposta e sinaliza o uso do Polare. Jan-Jun\/2024 Polare Configura\u00e7\u00e3o e ajustes do sistema. Jul\/2024 Polare Testes em ambiente de homologa\u00e7\u00e3o. Ago\/2024 Piloto In\u00edcio do Projeto Piloto PGD UFMG. Jan\/2025 Avalia\u00e7\u00e3o do Projeto Piloto Avalia\u00e7\u00e3o do Projeto [&hellip;]<\/p>\n","protected":false},"author":1,"featured_media":0,"parent":0,"menu_order":16,"comment_status":"closed","ping_status":"closed","template":"","meta":[],"acf":[],"_links":{"self":[{"href":"https:\/\/www.ufmg.br\/prorh\/pgd\/wp-json\/wp\/v2\/pages\/136"}],"collection":[{"href":"https:\/\/www.ufmg.br\/prorh\/pgd\/wp-json\/wp\/v2\/pages"}],"about":[{"href":"https:\/\/www.ufmg.br\/prorh\/pgd\/wp-json\/wp\/v2\/types\/page"}],"author":[{"embeddable":true,"href":"https:\/\/www.ufmg.br\/prorh\/pgd\/wp-json\/wp\/v2\/users\/1"}],"replies":[{"embeddable":true,"href":"https:\/\/www.ufmg.br\/prorh\/pgd\/wp-json\/wp\/v2\/comments?post=136"}],"version-history":[{"count":64,"href":"https:\/\/www.ufmg.br\/prorh\/pgd\/wp-json\/wp\/v2\/pages\/136\/revisions"}],"predecessor-version":[{"id":2154,"href":"https:\/\/www.ufmg.br\/prorh\/pgd\/wp-json\/wp\/v2\/pages\/136\/revisions\/2154"}],"wp:attachment":[{"href":"https:\/\/www.ufmg.br\/prorh\/pgd\/wp-json\/wp\/v2\/media?parent=136"}],"curies":[{"name":"wp","href":"https:\/\/api.w.org\/{rel}","templated":true}]}}