{"id":145,"date":"2023-07-26T13:18:42","date_gmt":"2023-07-26T16:18:42","guid":{"rendered":"http:\/\/www.ufmg.br\/prorh\/pgd\/?page_id=145"},"modified":"2026-04-07T18:58:54","modified_gmt":"2026-04-07T21:58:54","slug":"noticias","status":"publish","type":"page","link":"https:\/\/www.ufmg.br\/prorh\/pgd\/noticias\/","title":{"rendered":"NOT\u00cdCIAS E PUBLICA\u00c7\u00d5ES"},"content":{"rendered":"\n<div style=\"height:100px\" aria-hidden=\"true\" class=\"wp-block-spacer\"><\/div>\n\n\n\n<div class=\"wp-block-columns is-layout-flex wp-container-5\">\n<div class=\"wp-block-column is-layout-flow\">\n<figure class=\"wp-block-image size-medium\"><a href=\"https:\/\/www.ufmg.br\/prorh\/pgd\/portarias-e-oficios\/\"><img decoding=\"async\" loading=\"lazy\" width=\"300\" height=\"187\" src=\"https:\/\/www.ufmg.br\/prorh\/pgd\/wp-content\/uploads\/2024\/07\/young-adult-organizing-documents-edited-1-300x187.jpg\" alt=\"\" class=\"wp-image-607\" srcset=\"https:\/\/www.ufmg.br\/prorh\/pgd\/wp-content\/uploads\/2024\/07\/young-adult-organizing-documents-edited-1-300x187.jpg 300w, https:\/\/www.ufmg.br\/prorh\/pgd\/wp-content\/uploads\/2024\/07\/young-adult-organizing-documents-edited-1-1024x640.jpg 1024w, https:\/\/www.ufmg.br\/prorh\/pgd\/wp-content\/uploads\/2024\/07\/young-adult-organizing-documents-edited-1-768x480.jpg 768w, https:\/\/www.ufmg.br\/prorh\/pgd\/wp-content\/uploads\/2024\/07\/young-adult-organizing-documents-edited-1-1536x960.jpg 1536w, https:\/\/www.ufmg.br\/prorh\/pgd\/wp-content\/uploads\/2024\/07\/young-adult-organizing-documents-edited-1-2048x1279.jpg 2048w\" sizes=\"(max-width: 300px) 100vw, 300px\" \/><\/a><\/figure>\n\n\n\n<h4 class=\"wp-block-heading has-text-align-center\"><a href=\"https:\/\/www.ufmg.br\/prorh\/pgd\/portarias-e-oficios\/\">PORTARIAS E OF\u00cdCIOS<\/a><\/h4>\n<\/div>\n\n\n\n<div class=\"wp-block-column is-layout-flow\">\n<figure class=\"wp-block-image size-medium\"><a href=\"https:\/\/www.ufmg.br\/prorh\/pgd\/manuais\/\"><img decoding=\"async\" loading=\"lazy\" width=\"300\" height=\"187\" src=\"https:\/\/www.ufmg.br\/prorh\/pgd\/wp-content\/uploads\/2024\/07\/still-life-documents-stack-edited-2-300x187.jpg\" alt=\"\" class=\"wp-image-608\" srcset=\"https:\/\/www.ufmg.br\/prorh\/pgd\/wp-content\/uploads\/2024\/07\/still-life-documents-stack-edited-2-300x187.jpg 300w, https:\/\/www.ufmg.br\/prorh\/pgd\/wp-content\/uploads\/2024\/07\/still-life-documents-stack-edited-2-1024x640.jpg 1024w, https:\/\/www.ufmg.br\/prorh\/pgd\/wp-content\/uploads\/2024\/07\/still-life-documents-stack-edited-2-768x480.jpg 768w, https:\/\/www.ufmg.br\/prorh\/pgd\/wp-content\/uploads\/2024\/07\/still-life-documents-stack-edited-2-1536x960.jpg 1536w, https:\/\/www.ufmg.br\/prorh\/pgd\/wp-content\/uploads\/2024\/07\/still-life-documents-stack-edited-2-2048x1279.jpg 2048w\" sizes=\"(max-width: 300px) 100vw, 300px\" \/><\/a><\/figure>\n\n\n\n<h4 class=\"wp-block-heading has-text-align-center\"><a href=\"https:\/\/www.ufmg.br\/prorh\/pgd\/manuais\/\">MANUAIS<\/a><\/h4>\n<\/div>\n\n\n\n<div class=\"wp-block-column is-layout-flow\">\n<figure class=\"wp-block-image size-medium\"><a href=\"https:\/\/www.ufmg.br\/prorh\/pgd\/modelos-de-documentos\/\"><img decoding=\"async\" loading=\"lazy\" width=\"300\" height=\"188\" src=\"https:\/\/www.ufmg.br\/prorh\/pgd\/wp-content\/uploads\/2024\/07\/businessman-holding-blank-clipboard-edited-2-300x188.jpg\" alt=\"\" class=\"wp-image-610\" srcset=\"https:\/\/www.ufmg.br\/prorh\/pgd\/wp-content\/uploads\/2024\/07\/businessman-holding-blank-clipboard-edited-2-300x188.jpg 300w, https:\/\/www.ufmg.br\/prorh\/pgd\/wp-content\/uploads\/2024\/07\/businessman-holding-blank-clipboard-edited-2-1024x640.jpg 1024w, https:\/\/www.ufmg.br\/prorh\/pgd\/wp-content\/uploads\/2024\/07\/businessman-holding-blank-clipboard-edited-2-768x480.jpg 768w, https:\/\/www.ufmg.br\/prorh\/pgd\/wp-content\/uploads\/2024\/07\/businessman-holding-blank-clipboard-edited-2-1536x960.jpg 1536w, https:\/\/www.ufmg.br\/prorh\/pgd\/wp-content\/uploads\/2024\/07\/businessman-holding-blank-clipboard-edited-2-2048x1280.jpg 2048w\" sizes=\"(max-width: 300px) 100vw, 300px\" \/><\/a><\/figure>\n\n\n\n<h4 class=\"wp-block-heading has-text-align-center\"><a href=\"https:\/\/www.ufmg.br\/prorh\/pgd\/modelos-de-documentos\/\">MODELOS DE DOCUMENTOS<\/a><\/h4>\n<\/div>\n\n\n\n<div class=\"wp-block-column is-layout-flow\">\n<figure class=\"wp-block-image size-medium\"><a href=\"https:\/\/www.ufmg.br\/prorh\/pgd\/dados-e-transparencia\/\"><img decoding=\"async\" loading=\"lazy\" width=\"300\" height=\"188\" src=\"https:\/\/www.ufmg.br\/prorh\/pgd\/wp-content\/uploads\/2024\/07\/office-workers-using-finance-graphs-edited-1-300x188.jpg\" alt=\"\" class=\"wp-image-611\" srcset=\"https:\/\/www.ufmg.br\/prorh\/pgd\/wp-content\/uploads\/2024\/07\/office-workers-using-finance-graphs-edited-1-300x188.jpg 300w, https:\/\/www.ufmg.br\/prorh\/pgd\/wp-content\/uploads\/2024\/07\/office-workers-using-finance-graphs-edited-1-1024x640.jpg 1024w, https:\/\/www.ufmg.br\/prorh\/pgd\/wp-content\/uploads\/2024\/07\/office-workers-using-finance-graphs-edited-1-768x480.jpg 768w, https:\/\/www.ufmg.br\/prorh\/pgd\/wp-content\/uploads\/2024\/07\/office-workers-using-finance-graphs-edited-1-1536x960.jpg 1536w, https:\/\/www.ufmg.br\/prorh\/pgd\/wp-content\/uploads\/2024\/07\/office-workers-using-finance-graphs-edited-1-2048x1280.jpg 2048w\" sizes=\"(max-width: 300px) 100vw, 300px\" \/><\/a><\/figure>\n\n\n\n<h4 class=\"wp-block-heading has-text-align-center\"><a href=\"https:\/\/www.ufmg.br\/prorh\/pgd\/dados-e-transparencia\/\">RELAT\u00d3RIOS<\/a><\/h4>\n<\/div>\n<\/div>\n\n\n\n<div style=\"height:100px\" aria-hidden=\"true\" class=\"wp-block-spacer\"><\/div>\n\n\n\n<div class=\"wp-block-columns is-layout-flex wp-container-10\">\n<div class=\"wp-block-column is-layout-flow\">\n<figure class=\"wp-block-image size-medium\"><a href=\"https:\/\/www.ufmg.br\/prorh\/pgd\/portarias-agentes-pgd\/\"><img decoding=\"async\" loading=\"lazy\" width=\"300\" height=\"187\" src=\"https:\/\/www.ufmg.br\/prorh\/pgd\/wp-content\/uploads\/2024\/07\/young-adult-organizing-documents-edited-1-300x187.jpg\" alt=\"\" class=\"wp-image-607\" srcset=\"https:\/\/www.ufmg.br\/prorh\/pgd\/wp-content\/uploads\/2024\/07\/young-adult-organizing-documents-edited-1-300x187.jpg 300w, https:\/\/www.ufmg.br\/prorh\/pgd\/wp-content\/uploads\/2024\/07\/young-adult-organizing-documents-edited-1-1024x640.jpg 1024w, https:\/\/www.ufmg.br\/prorh\/pgd\/wp-content\/uploads\/2024\/07\/young-adult-organizing-documents-edited-1-768x480.jpg 768w, https:\/\/www.ufmg.br\/prorh\/pgd\/wp-content\/uploads\/2024\/07\/young-adult-organizing-documents-edited-1-1536x960.jpg 1536w, https:\/\/www.ufmg.br\/prorh\/pgd\/wp-content\/uploads\/2024\/07\/young-adult-organizing-documents-edited-1-2048x1279.jpg 2048w\" sizes=\"(max-width: 300px) 100vw, 300px\" \/><\/a><\/figure>\n\n\n\n<h4 class=\"wp-block-heading has-text-align-center\"><a href=\"https:\/\/www.ufmg.br\/prorh\/pgd\/portarias-agentes-pgd\/\">PORTARIAS AGENTES PGD<\/a><\/h4>\n<\/div>\n\n\n\n<div class=\"wp-block-column is-layout-flow\">\n<figure class=\"wp-block-image size-medium\"><a href=\"https:\/\/www.ufmg.br\/prorh\/pgd\/escritorio-digital\/\"><img decoding=\"async\" src=\"https:\/\/www.ufmg.br\/prorh\/pgd\/wp-content\/uploads\/2025\/04\/programming-background.jpg\" alt=\"\" class=\"wp-image-608\"\/><\/a><\/figure>\n\n\n\n<h4 class=\"wp-block-heading has-text-align-center\"><a href=\"https:\/\/www.ufmg.br\/prorh\/pgd\/escritorio-digital\/\">ESCRIT\u00d3RIO DIGITAL<\/a><\/h4>\n<\/div>\n\n\n\n<div class=\"wp-block-column is-layout-flow\">\n<figure class=\"wp-block-image size-medium\"><a href=\"\" alt=\"\" class=\"wp-image-610\"\/><\/a><\/figure>\n\n\n\n<h4 class=\"wp-block-heading has-text-align-center\"><a href=\"\"><\/a><\/h4>\n<\/div>\n\n\n\n<div class=\"wp-block-column is-layout-flow\">\n<figure class=\"wp-block-image size-medium\"><a href=\"\"><img decoding=\"async\" src=\"\" alt=\"\" class=\"wp-image-611\"\/><\/a><\/figure>\n\n\n\n<h4 class=\"wp-block-heading has-text-align-center\"><a href=\"\"><\/a><\/h4>\n<\/div>\n<\/div>\n\n\n\n<div style=\"height:100px\" aria-hidden=\"true\" class=\"wp-block-spacer\"><\/div>\n\n\n\n<h2 class=\"wp-block-heading\">Apresenta\u00e7\u00f5es<\/h2>\n\n\n\n<div style=\"height:19px\" aria-hidden=\"true\" class=\"wp-block-spacer\"><\/div>\n\n\n\n<div class=\"wp-block-columns is-layout-flex wp-container-12\">\n<div class=\"wp-block-column is-layout-flow\">\n    <!-- Embed personalizado do Canva via iframe -->\n    <figure class=\"wp-block-embed is-type-wp-embed is-provider-canva wp-block-embed-canva\">\n      <div class=\"wp-block-embed__wrapper\">\n        <iframe \n          src=\"https:\/\/www.canva.com\/design\/DAGdrPzCGYE\/KdRBlxhmHRTZPl_JYRRxfA\/view?embed\" \n          width=\"50%\" \n          height=\"300\" \n          style=\"border: none;\" \n          allowfullscreen=\"true\" \n          loading=\"lazy\">\n        <\/iframe>\n      <\/div>\n      <figcaption class=\"wp-element-caption\">\n        Apresenta\u00e7\u00e3o realizada no 1\u00ba Plant\u00e3o de d\u00favidas\n      <\/figcaption>\n    <\/figure>\n    <!-- Fim do embed personalizado -->\n  <\/div>\n<\/div>\n\n\n\n<div class=\"wp-block-column is-layout-flow\"><\/div>\n\n\n<p><!-- \/wp:columns --><\/p>","protected":false},"excerpt":{"rendered":"<p>PORTARIAS E OF\u00cdCIOS MANUAIS MODELOS DE DOCUMENTOS RELAT\u00d3RIOS PORTARIAS AGENTES PGD ESCRIT\u00d3RIO DIGITAL Apresenta\u00e7\u00f5es Apresenta\u00e7\u00e3o realizada no 1\u00ba Plant\u00e3o de d\u00favidas<\/p>\n","protected":false},"author":1,"featured_media":0,"parent":0,"menu_order":18,"comment_status":"closed","ping_status":"closed","template":"page-templates\/page-news.php","meta":[],"acf":[],"_links":{"self":[{"href":"https:\/\/www.ufmg.br\/prorh\/pgd\/wp-json\/wp\/v2\/pages\/145"}],"collection":[{"href":"https:\/\/www.ufmg.br\/prorh\/pgd\/wp-json\/wp\/v2\/pages"}],"about":[{"href":"https:\/\/www.ufmg.br\/prorh\/pgd\/wp-json\/wp\/v2\/types\/page"}],"author":[{"embeddable":true,"href":"https:\/\/www.ufmg.br\/prorh\/pgd\/wp-json\/wp\/v2\/users\/1"}],"replies":[{"embeddable":true,"href":"https:\/\/www.ufmg.br\/prorh\/pgd\/wp-json\/wp\/v2\/comments?post=145"}],"version-history":[{"count":61,"href":"https:\/\/www.ufmg.br\/prorh\/pgd\/wp-json\/wp\/v2\/pages\/145\/revisions"}],"predecessor-version":[{"id":2157,"href":"https:\/\/www.ufmg.br\/prorh\/pgd\/wp-json\/wp\/v2\/pages\/145\/revisions\/2157"}],"wp:attachment":[{"href":"https:\/\/www.ufmg.br\/prorh\/pgd\/wp-json\/wp\/v2\/media?parent=145"}],"curies":[{"name":"wp","href":"https:\/\/api.w.org\/{rel}","templated":true}]}}