{"id":1470,"date":"2025-03-28T15:27:10","date_gmt":"2025-03-28T18:27:10","guid":{"rendered":"https:\/\/www.ufmg.br\/prorh\/pgd\/?page_id=1470"},"modified":"2026-01-22T12:25:51","modified_gmt":"2026-01-22T15:25:51","slug":"portarias-agentes-pgd","status":"publish","type":"page","link":"https:\/\/www.ufmg.br\/prorh\/pgd\/portarias-agentes-pgd\/","title":{"rendered":"Portarias Agentes PGD"},"content":{"rendered":"\n<div style=\"height:40px\" aria-hidden=\"true\" class=\"wp-block-spacer\"><\/div>\n\n\n\n<div class=\"wp-block-cover is-light has-parallax\" style=\"min-height:100vh\"><span aria-hidden=\"true\" class=\"wp-block-cover__background has-white-background-color has-background-dim-10 has-background-dim\"><\/span><div role=\"img\" class=\"wp-block-cover__image-background wp-image-515 has-parallax\" style=\"background-position:50% 50%;background-image:url(https:\/\/www.ufmg.br\/prorh\/pgd\/wp-content\/uploads\/2025\/03\/young-adult-organizing-documents.jpg)\"><\/div><div class=\"wp-block-cover__inner-container\">\n<p class=\"has-text-align-center has-large-font-size\"><\/p>\n<\/div><\/div>\n\n\n\n<div style=\"height:76px\" aria-hidden=\"true\" class=\"wp-block-spacer\"><\/div>\n\n\n<div class=\"wp-block-columns are-vertically-aligned-center\">\n<div class=\"wp-block-column is-vertically-aligned-center\">\n<h4 class=\"wp-block-heading has-text-align-center\">\n      <a href=\"https:\/\/www.ufmg.br\/prorh\/pgd\/wp-content\/uploads\/2025\/07\/PORTARIA-1-2025-PRPG.pdf\">PORTARIA N\u00ba 1, DE 18 DE MAR\u00c7O DE 2025<\/a><\/h4>\n<p class=\"has-text-align-center has-small-font-size\">Designa os Agentes PGD da Pr\u00f3-Reitoria de P\u00f3s-Gradua\u00e7\u00e3o.<\/p>\n<\/div>\n<div class=\"wp-block-column is-vertically-aligned-center\">\n<h4 class=\"wp-block-heading has-text-align-center\">\n      <a href=\"https:\/\/www.ufmg.br\/prorh\/pgd\/wp-content\/uploads\/2025\/07\/PORTARIA-2-2025-MUSICA.pdf\">PORTARIA N\u00ba 2, DE 18 DE MAR\u00c7O DE 2025<\/a><\/h4>\n<p class=\"has-text-align-center has-small-font-size\">Designa os Agentes PGD da Escola de M\u00fasica.<\/p>\n<\/div>\n<div class=\"wp-block-column is-vertically-aligned-center\">\n<h4 class=\"wp-block-heading has-text-align-center\">\n      <a href=\"https:\/\/www.ufmg.br\/prorh\/pgd\/wp-content\/uploads\/2025\/07\/PORTARIA-2-2025-ICEX.pdf\">PORTARIA N\u00ba 2, DE 21 DE MAR\u00c7O DE 2025<\/a><\/h4>\n<p class=\"has-text-align-center has-small-font-size\">Designa os Agentes PGD do Instituto de Ci\u00eancias Exatas.<\/p>\n<\/div>\n<\/div>\n<div class=\"wp-block-columns are-vertically-aligned-center\">\n<div class=\"wp-block-column is-vertically-aligned-center\">\n<h4 class=\"wp-block-heading has-text-align-center\">\n      <a href=\"https:\/\/www.ufmg.br\/prorh\/pgd\/wp-content\/uploads\/2025\/05\/PORTARIA-2522-2025-DIREITO.pdf\">PORTARIA N\u00ba 2522, DE 25 DE MAR\u00c7O DE 2025<\/a><\/h4>\n<p class=\"has-text-align-center has-small-font-size\">Designa os Agentes PGD da Faculdade de Direito.<\/p>\n<\/div>\n<div class=\"wp-block-column is-vertically-aligned-center\">\n<h4 class=\"wp-block-heading has-text-align-center\">\n      <a href=\"https:\/\/www.ufmg.br\/prorh\/pgd\/wp-content\/uploads\/2025\/03\/Portaria-2531-2025-PGD.pdf\">PORTARIA N\u00ba 2531, DE 26 DE MAR\u00c7O DE 2025<\/a><\/h4>\n<p class=\"has-text-align-center has-small-font-size\">Designa os Agentes PGD da Biblioteca Universit\u00e1ria.<\/p>\n<\/div>\n<div class=\"wp-block-column is-vertically-aligned-center\">\n<h4 class=\"wp-block-heading has-text-align-center\">\n      <a href=\"https:\/\/www.ufmg.br\/prorh\/pgd\/wp-content\/uploads\/2025\/07\/PORTARIA-2543-2025-DAP.pdf\">PORTARIA N\u00ba 2543, DE 26 DE MAR\u00c7O DE 2025<\/a><\/h4>\n<p class=\"has-text-align-center has-small-font-size\">Designa os Agentes PGD do Departamento de Administra\u00e7\u00e3o de Pessoal.<\/p>\n<\/div>\n<\/div>\n<div class=\"wp-block-columns are-vertically-aligned-center\">\n<div class=\"wp-block-column is-vertically-aligned-center\">\n<h4 class=\"wp-block-heading has-text-align-center\">\n      <a href=\"https:\/\/www.ufmg.br\/prorh\/pgd\/wp-content\/uploads\/2025\/05\/PORTARIA-2836-2025-EEFFTO.pdf\">PORTARIA N\u00ba 2836, DE 02 DE ABRIL DE 2025<\/a><\/h4>\n<p class=\"has-text-align-center has-small-font-size\">Designa os Agentes PGD da Escola de Educa\u00e7\u00e3o F\u00edsica, Fisioterapia e Terapia Ocupacional.<\/p>\n<\/div>\n<div class=\"wp-block-column is-vertically-aligned-center\">\n<h4 class=\"wp-block-heading has-text-align-center\">\n      <a href=\"https:\/\/www.ufmg.br\/prorh\/pgd\/wp-content\/uploads\/2025\/04\/Portaria-4-2025-PGD.pdf\">PORTARIA N\u00ba 4, DE 14 DE ABRIL DE 2025<\/a><\/h4>\n<p class=\"has-text-align-center has-small-font-size\">Designa os Agentes PGD da Pr\u00f3-Reitoria de Gradua\u00e7\u00e3o.<\/p>\n<\/div>\n<div class=\"wp-block-column is-vertically-aligned-center\">\n<h4 class=\"wp-block-heading has-text-align-center\">\n      <a href=\"https:\/\/www.ufmg.br\/prorh\/pgd\/wp-content\/uploads\/2025\/05\/PORTARIA-1-2025-DAI.pdf\">PORTARIA N\u00ba 1, DE 13 DE MAIO DE 2025<\/a><\/h4>\n<p class=\"has-text-align-center has-small-font-size\">Designa os Agentes PGD da Diretoria de Avalia\u00e7\u00e3o Institucional.<\/p>\n<\/div>\n<\/div>\n<div class=\"wp-block-columns are-vertically-aligned-center\">\n<div class=\"wp-block-column is-vertically-aligned-center\">\n<h4 class=\"wp-block-heading has-text-align-center\">\n      <a href=\"https:\/\/www.ufmg.br\/prorh\/pgd\/wp-content\/uploads\/2025\/05\/PORTARIA-1-2025-PRA.pdf\">PORTARIA N\u00ba 1, DE 16 DE MAIO DE 2025<\/a><\/h4>\n<p class=\"has-text-align-center has-small-font-size\">Designa os Agentes PGD da Pr\u00f3-Reitoria de Administra\u00e7\u00e3o.<\/p>\n<\/div>\n<div class=\"wp-block-column is-vertically-aligned-center\">\n<h4 class=\"wp-block-heading has-text-align-center\">\n      <a href=\"https:\/\/www.ufmg.br\/prorh\/pgd\/wp-content\/uploads\/2025\/05\/PORTARIA-1-2025-DIARQ.pdf\">PORTARIA N\u00ba 1, DE 16 DE MAIO DE 2025<\/a><\/h4>\n<p class=\"has-text-align-center has-small-font-size\">Designa os Agentes PGD da Diretoria de Arquivos Institucionais.<\/p>\n<\/div>\n<div class=\"wp-block-column is-vertically-aligned-center\">\n<h4 class=\"wp-block-heading has-text-align-center\">\n      <a href=\"https:\/\/www.ufmg.br\/prorh\/pgd\/wp-content\/uploads\/2025\/05\/PORTARIA-4530-2025-DRH.pdf\">PORTARIA N\u00ba 4530, DE 16 DE MAIO DE 2025<\/a><\/h4>\n<p class=\"has-text-align-center has-small-font-size\">Designa os Agentes PGD do Departamento de Desenvolvimento de Recursos Humanos.<\/p>\n<\/div>\n<\/div>\n<div class=\"wp-block-columns are-vertically-aligned-center\">\n<div class=\"wp-block-column is-vertically-aligned-center\">\n<h4 class=\"wp-block-heading has-text-align-center\">\n      <a href=\"https:\/\/www.ufmg.br\/prorh\/pgd\/wp-content\/uploads\/2025\/07\/OFICIO-5-2025-DTI.pdf\">OF\u00cdCIO N\u00ba 5, DE 21 DE MAIO DE 2025<\/a><\/h4>\n<p class=\"has-text-align-center has-small-font-size\">Designa os Agentes PGD da Diretoria de Tecnologia da Informa\u00e7\u00e3o.<\/p>\n<\/div>\n<div class=\"wp-block-column is-vertically-aligned-center\">\n<h4 class=\"wp-block-heading has-text-align-center\">\n      <a href=\"https:\/\/www.ufmg.br\/prorh\/pgd\/wp-content\/uploads\/2025\/05\/PORTARIA-4917-2025-COLTEC.pdf\">PORTARIA N\u00ba 4917, DE 23 DE MAIO DE 2025<\/a><\/h4>\n<p class=\"has-text-align-center has-small-font-size\">Designa os Agentes PGD do Col\u00e9gio T\u00e9cnico.<\/p>\n<\/div>\n<div class=\"wp-block-column is-vertically-aligned-center\">\n<h4 class=\"wp-block-heading has-text-align-center\">\n      <a href=\"https:\/\/www.ufmg.br\/prorh\/pgd\/wp-content\/uploads\/2025\/06\/PORTARIA-1-2025-DCI.pdf\">PORTARIA N\u00ba 1, DE 18 DE JUNHO DE 2025<\/a><\/h4>\n<p class=\"has-text-align-center has-small-font-size\">Designa os Agentes PGD da Diretoria de Coopera\u00e7\u00e3o Institucional.<\/p>\n<\/div>\n<\/div>\n<div class=\"wp-block-columns are-vertically-aligned-center\">\n<div class=\"wp-block-column is-vertically-aligned-center\">\n<h4 class=\"wp-block-heading has-text-align-center\"><a href=\"https:\/\/www.ufmg.br\/prorh\/pgd\/wp-content\/uploads\/2025\/10\/SEI_4452529_PGD_Portaria_de_Designacao_de_Agentes_PGD_7814.pdf\">PORTARIA N\u00ba 7814, DE 11 DE AGOSTO DE 2025<\/a><\/h4>\n<p class=\"has-text-align-center has-small-font-size\">Designa os Agentes PGD do Departamento de Registro e Controle Acad\u00eamico.<\/p>\n<p><\/p>\n<\/div>\n<div class=\"wp-block-column is-vertically-aligned-center\">\n<h4 class=\"wp-block-heading has-text-align-center\"><a href=\"https:\/\/www.ufmg.br\/prorh\/pgd\/wp-content\/uploads\/2025\/10\/SEI_4469621_PGD_Portaria_de_Designacao_de_Agentes_PGD_1.pdf\">PORTARIA N\u00ba 1, DE 18 DE AGOSTO DE 2025<\/a><\/h4>\n<p class=\"has-text-align-center has-small-font-size\">Designa os Agentes PGD da Faculdade de Odontologia.<\/p>\n<p><\/p>\n<\/div>\n<div class=\"wp-block-column is-vertically-aligned-center\">\n<h4 class=\"wp-block-heading has-text-align-center\"><a href=\"https:\/\/www.ufmg.br\/prorh\/pgd\/wp-content\/uploads\/2025\/10\/SEI_4536670_PGD_Portaria_de_Designacao_de_Agentes_PGD_1.pdf\">PORTARIA N\u00ba 1, DE 08 DE SETEMBRO DE 2025<\/a><\/h4>\n<p class=\"has-text-align-center has-small-font-size\">Designa os Agentes PGD do Departamento de Log\u00edstica de Suprimentos.<\/p>\n<p><\/p>\n<\/div>\n<\/div>\n<div class=\"wp-block-columns are-vertically-aligned-center\">\n<div class=\"wp-block-column is-vertically-aligned-center\">\n<h4 class=\"wp-block-heading has-text-align-center\"><a href=\"https:\/\/www.ufmg.br\/prorh\/pgd\/wp-content\/uploads\/2025\/10\/SEI_4515896_PGD_Portaria_de_Designacao_de_Agentes_PGD_8774.pdf\">PORTARIA N\u00ba 8774, DE 01 DE SETEMBRO DE 2025<\/a><\/h4>\n<p class=\"has-text-align-center has-small-font-size\">Designa os Agentes PGD da Ouvidoria-Geral.<\/p>\n<p><\/p>\n<\/div>\n<div class=\"wp-block-column is-vertically-aligned-center\">\n<h4 class=\"wp-block-heading has-text-align-center\"><a href=\"https:\/\/www.ufmg.br\/prorh\/pgd\/wp-content\/uploads\/2025\/10\/SEI_4536552_PGD_Portaria_de_Designacao_de_Agentes_PGD_8992.pdf\">PORTARIA N\u00ba 8992, DE 08 DE SETEMBRO DE 2025<\/a><\/h4>\n<p class=\"has-text-align-center has-small-font-size\">Designa os Agentes PGD da Faculdade de Farm\u00e1cia.<\/p>\n<p><\/p>\n<\/div>\n<div class=\"wp-block-column is-vertically-aligned-center\">\n<h4 class=\"wp-block-heading has-text-align-center\"><a href=\"https:\/\/www.ufmg.br\/prorh\/pgd\/wp-content\/uploads\/2025\/10\/SEI_4559248_PGD_Portaria_de_Designacao_de_Agentes_PGD_9273.pdf\">PORTARIA N\u00ba 9273, DE 16 DE SETEMBRO DE 2025<\/a><\/h4>\n<p class=\"has-text-align-center has-small-font-size\">Designa os Agentes PGD do Centro Pedag\u00f3gico.<\/p>\n<p><\/p>\n<\/div>\n<\/div>\n<div class=\"wp-block-columns are-vertically-aligned-center\">\n<div class=\"wp-block-column is-vertically-aligned-center\">\n<h4 class=\"wp-block-heading has-text-align-center\"><a href=\"https:\/\/www.ufmg.br\/prorh\/pgd\/wp-content\/uploads\/2025\/10\/SEI_4569642_PGD_Portaria_de_Designacao_de_Agentes_PGD_9531.pdf\">PORTARIA N\u00ba 9531, DE 18 DE SETEMBRO DE 2025<\/a><\/h4>\n<p class=\"has-text-align-center has-small-font-size\">Designa os Agentes PGD da Pr\u00f3-Reitoria de Pesquisa.<\/p>\n<p><\/p>\n<\/div>\n<div class=\"wp-block-column is-vertically-aligned-center\">\n<h4 class=\"wp-block-heading has-text-align-center\"><a href=\"https:\/\/www.ufmg.br\/prorh\/pgd\/wp-content\/uploads\/2025\/10\/SEI_4599091_PGD_Portaria_de_Designacao_de_Agentes_PGD_1.pdf\">PORTARIA N\u00ba 1, DE 29 DE SETEMBRO DE 2025<\/a><\/h4>\n<p class=\"has-text-align-center has-small-font-size\">Designa os Agentes PGD da Faculdade de Letras.<\/p>\n<p><\/p>\n<\/div>\n<div class=\"wp-block-column is-vertically-aligned-center\">\n<h4 class=\"wp-block-heading has-text-align-center\"><a href=\"https:\/\/www.ufmg.br\/prorh\/pgd\/wp-content\/uploads\/2025\/10\/SEI_4616900_PGD_Portaria_de_Designacao_de_Agentes_PGD_10038.pdf\">PORTARIA N\u00ba 10038, DE 03 DE OUTUBRO DE 2025<\/a><\/h4>\n<p class=\"has-text-align-center has-small-font-size\">Designa os Agentes PGD da Faculdade de Educa\u00e7\u00e3o.<\/p>\n<p><\/p>\n<\/div>\n<\/div>\n<div class=\"wp-block-columns are-vertically-aligned-center\">\n<div class=\"wp-block-column is-vertically-aligned-center\">\n<h4 class=\"wp-block-heading has-text-align-center\"><a href=\"https:\/\/www.ufmg.br\/prorh\/pgd\/wp-content\/uploads\/2026\/01\/Portaria_designacao_dos_agentes_EVET.pdf\">PORTARIA DE DESIGNA\u00c7\u00c3O DE AGENTES PGD N\u00ba 2, DE 27 DE NOVEMBRO DE 2025<\/a><\/h4>\n<p class=\"has-text-align-center has-small-font-size\">Designa os Agentes PGD da Faculdade de Veterin\u00e1ria.<\/p>\n<p><\/p>\n<\/div>\n<div class=\"wp-block-column is-vertically-aligned-center\">\n<h4 class=\"wp-block-heading has-text-align-center\"><a href=\"https:\/\/www.ufmg.br\/prorh\/pgd\/wp-content\/uploads\/2026\/01\/SEI_4829166_Portaria_12703_AGENTES_PGD_DEED.pdf\">PORTARIA N\u00ba 12703, DE 16 DE DEZEMBRO DE 2025<\/a><\/h4>\n<p class=\"has-text-align-center has-small-font-size\">Designa os Agentes PGD da Diretoria de Educa\u00e7\u00e3o a Dist\u00e2ncia e Educa\u00e7\u00e3o Digital<\/p>\n<p><\/p>\n<\/div>\n<div class=\"wp-block-column is-vertically-aligned-center\">\n<h4 class=\"wp-block-heading has-text-align-center\"><a href=\"\"><\/a><\/h4>\n<p class=\"has-text-align-center has-small-font-size\">\n<\/p><\/div>\n<\/div>","protected":false},"excerpt":{"rendered":"<p>PORTARIA N\u00ba 1, DE 18 DE MAR\u00c7O DE 2025 Designa os Agentes PGD da Pr\u00f3-Reitoria de P\u00f3s-Gradua\u00e7\u00e3o. PORTARIA N\u00ba 2, DE 18 DE MAR\u00c7O DE 2025 Designa os Agentes PGD da Escola de M\u00fasica. PORTARIA N\u00ba 2, DE 21 DE MAR\u00c7O DE 2025 Designa os Agentes PGD do Instituto de Ci\u00eancias Exatas. PORTARIA N\u00ba 2522, [&hellip;]<\/p>\n","protected":false},"author":5,"featured_media":0,"parent":0,"menu_order":5,"comment_status":"closed","ping_status":"closed","template":"","meta":[],"acf":[],"_links":{"self":[{"href":"https:\/\/www.ufmg.br\/prorh\/pgd\/wp-json\/wp\/v2\/pages\/1470"}],"collection":[{"href":"https:\/\/www.ufmg.br\/prorh\/pgd\/wp-json\/wp\/v2\/pages"}],"about":[{"href":"https:\/\/www.ufmg.br\/prorh\/pgd\/wp-json\/wp\/v2\/types\/page"}],"author":[{"embeddable":true,"href":"https:\/\/www.ufmg.br\/prorh\/pgd\/wp-json\/wp\/v2\/users\/5"}],"replies":[{"embeddable":true,"href":"https:\/\/www.ufmg.br\/prorh\/pgd\/wp-json\/wp\/v2\/comments?post=1470"}],"version-history":[{"count":22,"href":"https:\/\/www.ufmg.br\/prorh\/pgd\/wp-json\/wp\/v2\/pages\/1470\/revisions"}],"predecessor-version":[{"id":2027,"href":"https:\/\/www.ufmg.br\/prorh\/pgd\/wp-json\/wp\/v2\/pages\/1470\/revisions\/2027"}],"wp:attachment":[{"href":"https:\/\/www.ufmg.br\/prorh\/pgd\/wp-json\/wp\/v2\/media?parent=1470"}],"curies":[{"name":"wp","href":"https:\/\/api.w.org\/{rel}","templated":true}]}}