{"id":148,"date":"2023-07-26T14:33:46","date_gmt":"2023-07-26T17:33:46","guid":{"rendered":"http:\/\/www.ufmg.br\/prorh\/pgd\/?page_id=148"},"modified":"2026-04-07T18:49:18","modified_gmt":"2026-04-07T21:49:18","slug":"videos","status":"publish","type":"page","link":"https:\/\/www.ufmg.br\/prorh\/pgd\/videos\/","title":{"rendered":"CAPACITA\u00c7\u00c3O PGD"},"content":{"rendered":"\n<div style=\"height:38px\" aria-hidden=\"true\" class=\"wp-block-spacer\"><\/div>\n\n\n\n<div class=\"wp-block-columns is-layout-flex wp-container-24\">\n<div class=\"wp-block-column is-layout-flow\">\n<h2 class=\"wp-block-heading\">S\u00e9rie de tutoriais sobre o Polare<strong> <\/strong><\/h2>\n\n\n\n<p><p style=\"text-align: justify;\">Estes tutoriais foram desenvolvidos pela Comiss\u00e3o PRORH de Apoio \u00e0 Implanta\u00e7\u00e3o do PGD na UFMG, com o objetivo de auxiliar as unidades na operacionaliza\u00e7\u00e3o do Polare. A s\u00e9rie \u00e9 composta por 07 v\u00eddeos. Os quatro primeiros v\u00eddeos focam nas configura\u00e7\u00f5es e cadastros iniciais para a implanta\u00e7\u00e3o do PGD na Unidade, incluindo o cadastramento do plano estrat\u00e9gico, do plano gerencial e dos planos individuais. J\u00e1 os tr\u00eas \u00faltimos v\u00eddeos abordam a rotina no Polare, como a realiza\u00e7\u00e3o de entregas pelos servidores, a homologa\u00e7\u00e3o das entregas pelas chefias e a emiss\u00e3o de relat\u00f3rios.<\/p><\/p>\n\n\n\n<div style=\"height:32px\" aria-hidden=\"true\" class=\"wp-block-spacer\"><\/div>\n\n\n\n<div class=\"wp-block-columns is-layout-flex wp-container-4\">\n<div class=\"wp-block-column is-layout-flow\">\n<figure class=\"wp-block-embed is-type-video is-provider-youtube wp-block-embed-youtube wp-embed-aspect-16-9 wp-has-aspect-ratio\"><div class=\"wp-block-embed__wrapper\">\n<iframe loading=\"lazy\" title=\"PGD UFMG_Tutorial1_Introdu\u00e7\u00e3o ao sistema Polare\" width=\"500\" height=\"281\" src=\"https:\/\/www.youtube.com\/embed\/rPYuj1che7o?feature=oembed\" frameborder=\"0\" allow=\"accelerometer; autoplay; clipboard-write; encrypted-media; gyroscope; picture-in-picture; web-share\" referrerpolicy=\"strict-origin-when-cross-origin\" allowfullscreen><\/iframe>\n<\/div><figcaption class=\"wp-element-caption\">M\u00f3dulo 1: Introdu\u00e7\u00e3o ao sistema Polare<\/figcaption><\/figure>\n<\/div>\n\n\n\n<div class=\"wp-block-column is-layout-flow\">\n<figure class=\"wp-block-embed is-type-video is-provider-youtube wp-block-embed-youtube wp-embed-aspect-16-9 wp-has-aspect-ratio\"><div class=\"wp-block-embed__wrapper\">\n<iframe loading=\"lazy\" title=\"PGD UFMG_Tutorial2_Plano Institucional e Estrat\u00e9gico no sistema Polare\" width=\"500\" height=\"281\" src=\"https:\/\/www.youtube.com\/embed\/MMmSNr2FQZo?feature=oembed\" frameborder=\"0\" allow=\"accelerometer; autoplay; clipboard-write; encrypted-media; gyroscope; picture-in-picture; web-share\" referrerpolicy=\"strict-origin-when-cross-origin\" allowfullscreen><\/iframe>\n<\/div><figcaption class=\"wp-element-caption\">M\u00f3dulo 2: Plano Institucional e Plano Estrat\u00e9gico<\/figcaption><\/figure>\n<\/div>\n\n\n\n<div class=\"wp-block-column is-layout-flow\">\n<figure class=\"wp-block-embed is-type-video is-provider-youtube wp-block-embed-youtube wp-embed-aspect-16-9 wp-has-aspect-ratio\"><div class=\"wp-block-embed__wrapper\">\n<iframe loading=\"lazy\" title=\"PGD UFMG_Tutorial3_Plano Gerencial no sistema Polare\" width=\"500\" height=\"281\" src=\"https:\/\/www.youtube.com\/embed\/-2o8rc9V6DQ?feature=oembed\" frameborder=\"0\" allow=\"accelerometer; autoplay; clipboard-write; encrypted-media; gyroscope; picture-in-picture; web-share\" referrerpolicy=\"strict-origin-when-cross-origin\" allowfullscreen><\/iframe>\n<\/div><figcaption class=\"wp-element-caption\">M\u00f3dulo 3: Plano Gerencial<\/figcaption><\/figure>\n<\/div>\n<\/div>\n\n\n\n<div style=\"height:21px\" aria-hidden=\"true\" class=\"wp-block-spacer\"><\/div>\n\n\n\n<div class=\"wp-block-columns is-layout-flex wp-container-8\">\n<div class=\"wp-block-column is-layout-flow\">\n<figure class=\"wp-block-embed is-type-video is-provider-youtube wp-block-embed-youtube wp-embed-aspect-16-9 wp-has-aspect-ratio\"><div class=\"wp-block-embed__wrapper\">\n<iframe loading=\"lazy\" title=\"PGD UFMG_Tutorial4_Plano Individual no sistema Polare\" width=\"500\" height=\"281\" src=\"https:\/\/www.youtube.com\/embed\/Vh1R4jrLjfo?feature=oembed\" frameborder=\"0\" allow=\"accelerometer; autoplay; clipboard-write; encrypted-media; gyroscope; picture-in-picture; web-share\" referrerpolicy=\"strict-origin-when-cross-origin\" allowfullscreen><\/iframe>\n<\/div><figcaption class=\"wp-element-caption\">M\u00f3dulo 4: Plano Individual<\/figcaption><\/figure>\n<\/div>\n\n\n\n<div class=\"wp-block-column is-layout-flow\">\n<figure class=\"wp-block-embed is-type-video is-provider-youtube wp-block-embed-youtube wp-embed-aspect-16-9 wp-has-aspect-ratio\"><div class=\"wp-block-embed__wrapper\">\n<iframe loading=\"lazy\" title=\"PGD UFMG_Tutorial5_Entregas no sistema Polare\" width=\"500\" height=\"281\" src=\"https:\/\/www.youtube.com\/embed\/Fr0MxlAAx7s?feature=oembed\" frameborder=\"0\" allow=\"accelerometer; autoplay; clipboard-write; encrypted-media; gyroscope; picture-in-picture; web-share\" referrerpolicy=\"strict-origin-when-cross-origin\" allowfullscreen><\/iframe>\n<\/div><figcaption class=\"wp-element-caption\">M\u00f3dulo 5: Entregas<\/figcaption><\/figure>\n<\/div>\n\n\n\n<div class=\"wp-block-column is-layout-flow\">\n<figure class=\"wp-block-embed is-type-video is-provider-youtube wp-block-embed-youtube wp-embed-aspect-16-9 wp-has-aspect-ratio\"><div class=\"wp-block-embed__wrapper\">\n<iframe loading=\"lazy\" title=\"PGD UFMG_Tutorial6_M\u00f3dulo de homologa\u00e7\u00e3o no sistema Polare\" width=\"500\" height=\"281\" src=\"https:\/\/www.youtube.com\/embed\/Fp3kU2z8cLo?feature=oembed\" frameborder=\"0\" allow=\"accelerometer; autoplay; clipboard-write; encrypted-media; gyroscope; picture-in-picture; web-share\" referrerpolicy=\"strict-origin-when-cross-origin\" allowfullscreen><\/iframe>\n<\/div><figcaption class=\"wp-element-caption\">M\u00f3dulo 6: Homologa\u00e7\u00e3o<\/figcaption><\/figure>\n<\/div>\n<\/div>\n\n\n\n<div class=\"wp-block-columns is-layout-flex wp-container-12\">\n<div class=\"wp-block-column is-layout-flow\">\n<figure class=\"wp-block-embed is-type-video is-provider-youtube wp-block-embed-youtube wp-embed-aspect-16-9 wp-has-aspect-ratio\"><div class=\"wp-block-embed__wrapper\">\n<iframe loading=\"lazy\" title=\"PGD UFMG_Tutorial7_Relat\u00f3rios no sistema Polare\" width=\"500\" height=\"281\" src=\"https:\/\/www.youtube.com\/embed\/vtzz_FAIFTA?feature=oembed\" frameborder=\"0\" allow=\"accelerometer; autoplay; clipboard-write; encrypted-media; gyroscope; picture-in-picture; web-share\" referrerpolicy=\"strict-origin-when-cross-origin\" allowfullscreen><\/iframe>\n<\/div><figcaption class=\"wp-element-caption\">M\u00f3dulo 7: Relat\u00f3rios<\/figcaption><\/figure>\n<\/div>\n\n\n\n<div class=\"wp-block-column is-layout-flow\">\n<figure class=\"wp-block-embed is-type-video is-provider-youtube wp-block-embed-youtube wp-embed-aspect-16-9 wp-has-aspect-ratio\"><div class=\"wp-block-embed__wrapper\">\n<iframe loading=\"lazy\" title=\"Homologa\u00e7\u00e3o do Plano Gerencial - Nova Vers\u00e3o Polare (v2.12.4 em diante)\" width=\"500\" height=\"281\" src=\"https:\/\/www.youtube.com\/embed\/1qI5mOfTdjQ?feature=oembed\" frameborder=\"0\" allow=\"accelerometer; autoplay; clipboard-write; encrypted-media; gyroscope; picture-in-picture; web-share\" referrerpolicy=\"strict-origin-when-cross-origin\" allowfullscreen><\/iframe>\n<\/div><figcaption class=\"wp-element-caption\">Vers\u00e3o atual do Polare: Homologa\u00e7\u00e3o do Plano Gerencial<\/figcaption><\/figure>\n<\/div>\n\n\n\n<div class=\"wp-block-column is-layout-flow\">\n<figure class=\"wp-block-embed is-type-video is-provider-youtube wp-block-embed-youtube wp-embed-aspect-16-9 wp-has-aspect-ratio\"><div class=\"wp-block-embed__wrapper\">\n<iframe loading=\"lazy\" title=\"Homologa\u00e7\u00e3o do Plano Individual  - Nova Vers\u00e3o do Polare (v2.12.4 em diante)\" width=\"500\" height=\"281\" src=\"https:\/\/www.youtube.com\/embed\/f_V_I6Jm_Iw?feature=oembed\" frameborder=\"0\" allow=\"accelerometer; autoplay; clipboard-write; encrypted-media; gyroscope; picture-in-picture; web-share\" referrerpolicy=\"strict-origin-when-cross-origin\" allowfullscreen><\/iframe>\n<\/div><figcaption class=\"wp-element-caption\">Vers\u00e3o atual do Polare: Homologa\u00e7\u00e3o do Plano Individual<\/figcaption><\/figure>\n<\/div>\n<\/div>\n\n\n\n<div class=\"wp-block-columns is-layout-flex wp-container-16\">\n<div class=\"wp-block-column is-layout-flow\">\n<figure class=\"wp-block-embed is-type-video is-provider-youtube wp-block-embed-youtube wp-embed-aspect-16-9 wp-has-aspect-ratio\"><div class=\"wp-block-embed__wrapper\">\n<iframe loading=\"lazy\" title=\"Avalia\u00e7\u00e3o de Plano Gerencial -  Nova Vers\u00e3o Polare (v2.12.4 em diante)\" width=\"500\" height=\"281\" src=\"https:\/\/www.youtube.com\/embed\/KZXH46xXubU?feature=oembed\" frameborder=\"0\" allow=\"accelerometer; autoplay; clipboard-write; encrypted-media; gyroscope; picture-in-picture; web-share\" referrerpolicy=\"strict-origin-when-cross-origin\" allowfullscreen><\/iframe>\n<\/div><figcaption class=\"wp-element-caption\">Vers\u00e3o atual do Polare: Avalia\u00e7\u00e3o do Plano Gerencial<\/figcaption><\/figure>\n<\/div>\n\n\n\n<div class=\"wp-block-column is-layout-flow\">\n<figure class=\"wp-block-embed is-type-video is-provider-youtube wp-block-embed-youtube wp-embed-aspect-16-9 wp-has-aspect-ratio\"><div class=\"wp-block-embed__wrapper\">\n<iframe loading=\"lazy\" title=\"Avalia\u00e7\u00e3o do Plano Individual - Nova Vers\u00e3o do Polare (v2.12.4 em diante)\" width=\"500\" height=\"281\" src=\"https:\/\/www.youtube.com\/embed\/q2-Il5QhXws?feature=oembed\" frameborder=\"0\" allow=\"accelerometer; autoplay; clipboard-write; encrypted-media; gyroscope; picture-in-picture; web-share\" referrerpolicy=\"strict-origin-when-cross-origin\" allowfullscreen><\/iframe>\n<\/div><figcaption class=\"wp-element-caption\">Vers\u00e3o atual do Polare: Homologa\u00e7\u00e3o do Plano Individual<\/figcaption><\/figure>\n<\/div>\n\n\n\n<div class=\"wp-block-column is-layout-flow\"><\/div>\n<\/div>\n\n\n\n<hr>\n\n\n\n<figure class=\"wp-block-embed aligncenter is-type-video is-provider-youtube wp-block-embed-youtube wp-embed-aspect-16-9 wp-has-aspect-ratio\"><div class=\"wp-block-embed__wrapper\">\n<iframe loading=\"lazy\" title=\"Lan\u00e7amento do Curso de Capacita\u00e7\u00e3o para Agentes PGD UFMG\" width=\"500\" height=\"281\" src=\"https:\/\/www.youtube.com\/embed\/NZ5z00sNoRg?feature=oembed\" frameborder=\"0\" allow=\"accelerometer; autoplay; clipboard-write; encrypted-media; gyroscope; picture-in-picture; web-share\" referrerpolicy=\"strict-origin-when-cross-origin\" allowfullscreen><\/iframe>\n<\/div><figcaption class=\"wp-element-caption\">Lan\u00e7amento do Curso de Capacita\u00e7\u00e3o para Agentes PGD UFMG<\/figcaption><\/figure>\n\n\n\n<hr>\n\n\n\n<div class=\"wp-block-columns is-layout-flex wp-container-19\">\n<div class=\"wp-block-column is-layout-flow\">\n<h4 class=\"wp-block-heading\">Plant\u00e3o de D\u00favidas (26\/09\/2025)<\/h4>\n\n\n\n<figure class=\"wp-block-embed is-type-video is-provider-youtube wp-block-embed-youtube wp-embed-aspect-16-9 wp-has-aspect-ratio\"><div class=\"wp-block-embed__wrapper\">\n<iframe loading=\"lazy\" title=\"Plant\u00e3o de D\u00favidas PGD aborda monitoramento do MGI e atualiza\u00e7\u00f5es do Polare\" width=\"500\" height=\"281\" src=\"https:\/\/www.youtube.com\/embed\/b8wFBCqSmVU?feature=oembed\" frameborder=\"0\" allow=\"accelerometer; autoplay; clipboard-write; encrypted-media; gyroscope; picture-in-picture; web-share\" referrerpolicy=\"strict-origin-when-cross-origin\" allowfullscreen><\/iframe>\n<\/div><\/figure>\n<\/div>\n\n\n\n<div class=\"wp-block-column is-layout-flow\">\n<h4 class=\"wp-block-heading\">Apresenta\u00e7\u00e3o de Resultados (29\/04\/2025)<\/h4>\n\n\n\n<figure class=\"wp-block-embed is-type-video is-provider-youtube wp-block-embed-youtube wp-embed-aspect-16-9 wp-has-aspect-ratio\"><div class=\"wp-block-embed__wrapper\">\n<iframe loading=\"lazy\" title=\"Programa de Gest\u00e3o e Desempenho (PGD) na UFMG\" width=\"500\" height=\"281\" src=\"https:\/\/www.youtube.com\/embed\/nFMG-AXHiGM?feature=oembed\" frameborder=\"0\" allow=\"accelerometer; autoplay; clipboard-write; encrypted-media; gyroscope; picture-in-picture; web-share\" referrerpolicy=\"strict-origin-when-cross-origin\" allowfullscreen><\/iframe>\n<\/div><\/figure>\n<\/div>\n<\/div>\n\n\n\n<div style=\"height:39px\" aria-hidden=\"true\" class=\"wp-block-spacer wp-embed-aspect-16-9 wp-has-aspect-ratio\"><\/div>\n\n\n\n<div class=\"wp-block-columns wp-embed-aspect-16-9 wp-has-aspect-ratio is-layout-flex wp-container-22\">\n<div class=\"wp-block-column is-layout-flow\">\n<h4 class=\"wp-block-heading\">Plant\u00e3o de D\u00favidas (14\/04\/2025)<\/h4>\n\n\n\n<figure class=\"wp-block-embed is-type-video is-provider-youtube wp-block-embed-youtube wp-embed-aspect-16-9 wp-has-aspect-ratio\"><div class=\"wp-block-embed__wrapper\">\n<iframe loading=\"lazy\" title=\"Plant\u00e3o de D\u00favidas Polare PGD UFMG\" width=\"500\" height=\"281\" src=\"https:\/\/www.youtube.com\/embed\/UkYgEv9XmpY?feature=oembed\" frameborder=\"0\" allow=\"accelerometer; autoplay; clipboard-write; encrypted-media; gyroscope; picture-in-picture; web-share\" referrerpolicy=\"strict-origin-when-cross-origin\" allowfullscreen><\/iframe>\n<\/div><\/figure>\n<\/div>\n\n\n\n<div class=\"wp-block-column is-layout-flow\">\n<h4 class=\"wp-block-heading\">Plant\u00e3o de D\u00favidas (08\/04\/2025) &#8211; 2\u00aa parte <\/h4>\n\n\n\n<figure class=\"wp-block-embed is-type-video is-provider-youtube wp-block-embed-youtube wp-embed-aspect-16-9 wp-has-aspect-ratio\"><div class=\"wp-block-embed__wrapper\">\n<iframe loading=\"lazy\" title=\"Plant\u00e3o de D\u00favidas sobre Fluxos de Autoriza\u00e7\u00e3o e Implanta\u00e7\u00e3o do PGD_Parte I (08\/04\/2025)\" width=\"500\" height=\"281\" src=\"https:\/\/www.youtube.com\/embed\/ovvLCQ3DmkU?feature=oembed\" frameborder=\"0\" allow=\"accelerometer; autoplay; clipboard-write; encrypted-media; gyroscope; picture-in-picture; web-share\" referrerpolicy=\"strict-origin-when-cross-origin\" allowfullscreen><\/iframe>\n<\/div><\/figure>\n<\/div>\n<\/div>\n<\/div>\n<\/div>\n\n\n\n<div style=\"height:39px\" aria-hidden=\"true\" class=\"wp-block-spacer\"><\/div>\n\n\n\n<div class=\"wp-block-columns is-layout-flex wp-container-27\">\n<div class=\"wp-block-column is-layout-flow\">\n<h4 class=\"wp-block-heading\">Plant\u00e3o de D\u00favidas (08\/04\/2025)<\/h4>\n\n\n\n<figure class=\"wp-block-embed is-type-video is-provider-youtube wp-block-embed-youtube wp-embed-aspect-16-9 wp-has-aspect-ratio\"><div class=\"wp-block-embed__wrapper\">\n<iframe loading=\"lazy\" title=\"Plant\u00e3o de D\u00favidas sobre Fluxos de Autoriza\u00e7\u00e3o e Implanta\u00e7\u00e3o do PGD_Parte I (08\/04\/2025)\" width=\"500\" height=\"281\" src=\"https:\/\/www.youtube.com\/embed\/qwbx9F6CpQc?feature=oembed\" frameborder=\"0\" allow=\"accelerometer; autoplay; clipboard-write; encrypted-media; gyroscope; picture-in-picture; web-share\" referrerpolicy=\"strict-origin-when-cross-origin\" allowfullscreen><\/iframe>\n<\/div><\/figure>\n<\/div>\n\n\n\n<div class=\"wp-block-column is-layout-flow\">\n<h4 class=\"wp-block-heading\"><strong>Plant\u00e3o de D\u00favidas (30\/01\/2025)<\/strong><\/h4>\n\n\n\n<figure class=\"wp-block-embed is-type-video is-provider-youtube wp-block-embed-youtube wp-embed-aspect-16-9 wp-has-aspect-ratio\"><div class=\"wp-block-embed__wrapper\">\n<iframe loading=\"lazy\" title=\"Piloto PGD UFMG Plant\u00e3o de d\u00favidas1\" width=\"500\" height=\"281\" src=\"https:\/\/www.youtube.com\/embed\/4GaqFBhojBs?feature=oembed\" frameborder=\"0\" allow=\"accelerometer; autoplay; clipboard-write; encrypted-media; gyroscope; picture-in-picture; web-share\" referrerpolicy=\"strict-origin-when-cross-origin\" allowfullscreen><\/iframe>\n<\/div><\/figure>\n<\/div>\n<\/div>\n\n\n\n<div class=\"wp-block-columns is-layout-flex wp-container-30\">\n<div class=\"wp-block-column is-layout-flow\">\n<h4 class=\"wp-block-heading\">Reuni\u00e3o Introdut\u00f3ria Piloto PGD UFMG (1\u00ba\/08\/2024)<\/h4>\n\n\n\n<figure class=\"wp-block-embed is-type-video is-provider-youtube wp-block-embed-youtube wp-embed-aspect-16-9 wp-has-aspect-ratio\"><div class=\"wp-block-embed__wrapper\">\n<iframe loading=\"lazy\" title=\"Reuni\u00e3o Introdut\u00f3ria Piloto PGD UFMG\" width=\"500\" height=\"281\" src=\"https:\/\/www.youtube.com\/embed\/Q_EGnKM9GYo?feature=oembed\" frameborder=\"0\" allow=\"accelerometer; autoplay; clipboard-write; encrypted-media; gyroscope; picture-in-picture; web-share\" referrerpolicy=\"strict-origin-when-cross-origin\" allowfullscreen><\/iframe>\n<\/div><\/figure>\n<\/div>\n\n\n\n<div class=\"wp-block-column is-layout-flow\">\n<h4 class=\"wp-block-heading\">Apresenta\u00e7\u00e3o do Sistema Polare (18\/07\/2024)<\/h4>\n\n\n\n<figure class=\"wp-block-embed is-type-video is-provider-youtube wp-block-embed-youtube wp-embed-aspect-16-9 wp-has-aspect-ratio\"><div class=\"wp-block-embed__wrapper\">\n<iframe loading=\"lazy\" title=\"Apresenta\u00e7\u00e3o do Polare (Sistema PGD)\" width=\"500\" height=\"281\" src=\"https:\/\/www.youtube.com\/embed\/wowCvwXiEO0?feature=oembed\" frameborder=\"0\" allow=\"accelerometer; autoplay; clipboard-write; encrypted-media; gyroscope; picture-in-picture; web-share\" referrerpolicy=\"strict-origin-when-cross-origin\" allowfullscreen><\/iframe>\n<\/div><\/figure>\n<\/div>\n<\/div>\n","protected":false},"excerpt":{"rendered":"<p>S\u00e9rie de tutoriais sobre o Polare Estes tutoriais foram desenvolvidos pela Comiss\u00e3o PRORH de Apoio \u00e0 Implanta\u00e7\u00e3o do PGD na UFMG, com o objetivo de auxiliar as unidades na operacionaliza\u00e7\u00e3o do Polare. A s\u00e9rie \u00e9 composta por 07 v\u00eddeos. Os quatro primeiros v\u00eddeos focam nas configura\u00e7\u00f5es e cadastros iniciais para a implanta\u00e7\u00e3o do PGD na [&hellip;]<\/p>\n","protected":false},"author":1,"featured_media":0,"parent":0,"menu_order":21,"comment_status":"closed","ping_status":"closed","template":"","meta":[],"acf":[],"_links":{"self":[{"href":"https:\/\/www.ufmg.br\/prorh\/pgd\/wp-json\/wp\/v2\/pages\/148"}],"collection":[{"href":"https:\/\/www.ufmg.br\/prorh\/pgd\/wp-json\/wp\/v2\/pages"}],"about":[{"href":"https:\/\/www.ufmg.br\/prorh\/pgd\/wp-json\/wp\/v2\/types\/page"}],"author":[{"embeddable":true,"href":"https:\/\/www.ufmg.br\/prorh\/pgd\/wp-json\/wp\/v2\/users\/1"}],"replies":[{"embeddable":true,"href":"https:\/\/www.ufmg.br\/prorh\/pgd\/wp-json\/wp\/v2\/comments?post=148"}],"version-history":[{"count":33,"href":"https:\/\/www.ufmg.br\/prorh\/pgd\/wp-json\/wp\/v2\/pages\/148\/revisions"}],"predecessor-version":[{"id":2147,"href":"https:\/\/www.ufmg.br\/prorh\/pgd\/wp-json\/wp\/v2\/pages\/148\/revisions\/2147"}],"wp:attachment":[{"href":"https:\/\/www.ufmg.br\/prorh\/pgd\/wp-json\/wp\/v2\/media?parent=148"}],"curies":[{"name":"wp","href":"https:\/\/api.w.org\/{rel}","templated":true}]}}