{"id":1513,"date":"2025-04-08T09:49:19","date_gmt":"2025-04-08T12:49:19","guid":{"rendered":"https:\/\/www.ufmg.br\/prorh\/pgd\/?page_id=1513"},"modified":"2026-04-08T10:05:19","modified_gmt":"2026-04-08T13:05:19","slug":"escritorio-digital","status":"publish","type":"page","link":"https:\/\/www.ufmg.br\/prorh\/pgd\/escritorio-digital\/","title":{"rendered":"Escrit\u00f3rio Digital"},"content":{"rendered":"\n<div style=\"height:27px\" aria-hidden=\"true\" class=\"wp-block-spacer\"><\/div>\n\n\n<p><b>Orienta\u00e7\u00f5es para atividades administrativas realizadas remotamente<\/b><\/p>\n<p>Com a regulamenta\u00e7\u00e3o do Programa de Gest\u00e3o e Desempenho (PGD) na UFMG, ser\u00e1 habitual que as atividades de trabalho sejam feitas de forma flex\u00edvel e com a necess\u00e1ria mobilidade. Diante desse novo cen\u00e1rio, \u00e9 fundamental que todos os envolvidos \u2014 tanto chefias quanto demais servidores \u2014 estejam atentos a diversos aspectos relacionados \u00e0 seguran\u00e7a da informa\u00e7\u00e3o, ao uso de tecnologia e \u00e0 comunica\u00e7\u00e3o institucional.<\/p>\n<p>Para garantir um ambiente de trabalho remoto seguro, produtivo e em conformidade com os normativos legais, a Diretoria de Tecnologia da Informa\u00e7\u00e3o (DTI) da UFMG disponibiliza uma s\u00e9rie de diretrizes e infraestrutura de suporte. As orienta\u00e7\u00f5es incluem:<\/p>\n<p>\u2705 Seguran\u00e7a e privacidade das informa\u00e7\u00f5es<br>\n\u2705 Armazenamento de dados na nuvem<br>\n\u2705 Acesso a sistemas e servi\u00e7os institucionais<br>\n\u2705 Uso de e-mails institucionais<br>\n\u2705 Acesso remoto a arquivos da universidade<br>\n\u2705 Diretrizes para reuni\u00f5es virtuais<br>\n\u2705 Comunica\u00e7\u00e3o via chat e telefone<br>\n\u2705 Suporte t\u00e9cnico e esclarecimento de d\u00favidas<\/p>\n<p>CONFIRA ABAIXO<\/p>\n\n\n<div class=\"wp-block-columns is-layout-flex wp-container-4\">\n<div class=\"wp-block-column is-layout-flow\" style=\"flex-basis:25%\"><\/div>\n\n\n\n<div class=\"wp-block-column is-layout-flow\" style=\"flex-basis:50%\"><div style=\"position: relative; width: 100%; height: 0; padding-top: 141.4286%;\n padding-bottom: 0; box-shadow: 0 2px 8px 0 rgba(63,69,81,0.16); margin-top: 1.6em; margin-bottom: 0.9em; overflow: hidden;\n border-radius: 8px; will-change: transform;\"><br \/>\n  <iframe loading=\"lazy\" style=\"position: absolute; width: 100%; height: 100%; top: 0; left: 0; border: none; padding: 0;margin: 0;\" src=\"https:\/\/www.canva.com\/design\/DAGhnPBQ3s4\/2lqkIy892xkyyFCBmnOpCw\/view?embed\" allowfullscreen=\"allowfullscreen\" allow=\"fullscreen\"><br \/>\n  <\/iframe>\n<\/div>\n<p><a href=\"\" target=\"_blank\" rel=\"noopener\"><\/a><\/p>\n<\/div>\n\n\n\n<div class=\"wp-block-column is-layout-flow\" style=\"flex-basis:25%\"><\/div>\n<\/div>\n\n\n<p>Para garantir o cumprimento dessas diretrizes e facilitar a adapta\u00e7\u00e3o ao PGD, \u00e9 essencial que todos consultem os materiais informativos dispon\u00edveis, que detalham os procedimentos e boas pr\u00e1ticas para o trabalho remoto.<\/p>\n<p>Al\u00e9m disso, a DTI disponibiliza o Cat\u00e1logo de Servi\u00e7os, que re\u00fane informa\u00e7\u00f5es sobre ferramentas, suporte e infraestrutura tecnol\u00f3gica oferecidos pela UFMG. O material pode ser acessado no link: <a href=\"https:\/\/www.ufmg.br\/dti\/blog\/catalogo-de-servicos\/\">https:\/\/www.ufmg.br\/dti\/blog\/catalogo-de-servicos\/<\/a><\/p>","protected":false},"excerpt":{"rendered":"<p>Orienta\u00e7\u00f5es para atividades administrativas realizadas remotamente Com a regulamenta\u00e7\u00e3o do Programa de Gest\u00e3o e Desempenho (PGD) na UFMG, ser\u00e1 habitual que as atividades de trabalho sejam feitas de forma flex\u00edvel e com a necess\u00e1ria mobilidade. Diante desse novo cen\u00e1rio, \u00e9 fundamental que todos os envolvidos \u2014 tanto chefias quanto demais servidores \u2014 estejam atentos a [&hellip;]<\/p>\n","protected":false},"author":5,"featured_media":0,"parent":0,"menu_order":4,"comment_status":"closed","ping_status":"closed","template":"","meta":[],"acf":[],"_links":{"self":[{"href":"https:\/\/www.ufmg.br\/prorh\/pgd\/wp-json\/wp\/v2\/pages\/1513"}],"collection":[{"href":"https:\/\/www.ufmg.br\/prorh\/pgd\/wp-json\/wp\/v2\/pages"}],"about":[{"href":"https:\/\/www.ufmg.br\/prorh\/pgd\/wp-json\/wp\/v2\/types\/page"}],"author":[{"embeddable":true,"href":"https:\/\/www.ufmg.br\/prorh\/pgd\/wp-json\/wp\/v2\/users\/5"}],"replies":[{"embeddable":true,"href":"https:\/\/www.ufmg.br\/prorh\/pgd\/wp-json\/wp\/v2\/comments?post=1513"}],"version-history":[{"count":26,"href":"https:\/\/www.ufmg.br\/prorh\/pgd\/wp-json\/wp\/v2\/pages\/1513\/revisions"}],"predecessor-version":[{"id":2166,"href":"https:\/\/www.ufmg.br\/prorh\/pgd\/wp-json\/wp\/v2\/pages\/1513\/revisions\/2166"}],"wp:attachment":[{"href":"https:\/\/www.ufmg.br\/prorh\/pgd\/wp-json\/wp\/v2\/media?parent=1513"}],"curies":[{"name":"wp","href":"https:\/\/api.w.org\/{rel}","templated":true}]}}