{"id":2215,"date":"2026-05-07T12:18:07","date_gmt":"2026-05-07T15:18:07","guid":{"rendered":"https:\/\/www.ufmg.br\/prorh\/pgd\/?page_id=2215"},"modified":"2026-05-07T12:31:40","modified_gmt":"2026-05-07T15:31:40","slug":"portarias-tecnicas","status":"publish","type":"page","link":"https:\/\/www.ufmg.br\/prorh\/pgd\/portarias-tecnicas\/","title":{"rendered":"Portarias T\u00e9cnicas"},"content":{"rendered":"<div class=\"wp-block-columns are-vertically-aligned-center\">\n<div class=\"wp-block-column is-vertically-aligned-center\">\n<h4 class=\"wp-block-heading has-text-align-center\">\n      <a href=\"https:\/\/www.ufmg.br\/prorh\/pgd\/wp-content\/uploads\/2024\/07\/PORTARIA-7384_-DE-18-DE-AGOSTO-DE-2023.pdf\">PORTARIA N\u00ba 7384, DE 18 DE AGOSTO DE 2023<\/a><\/h4>\n<p class=\"has-text-align-center has-small-font-size\">Institui o Programa de Gest\u00e3o e Desempenho e estabelece procedimento gerais relativos \u00e0 sua implementa\u00e7\u00e3o.<\/p>\n<\/div>\n<div class=\"wp-block-column is-vertically-aligned-center\">\n<h4 class=\"wp-block-heading has-text-align-center\">\n      <a href=\"https:\/\/www.ufmg.br\/prorh\/pgd\/wp-content\/uploads\/2025\/09\/PORTARIA-6299-2024-Institui-a-Comissao-de-Apoio-a-Implantacao-do-Projeto-Piloto-do-PGD.pdf\">PORTARIA N\u00ba 6299, DE 23 DE JULHO DE 2024<\/a><\/h4>\n<p class=\"has-text-align-center has-small-font-size\">Institui a Comiss\u00e3o de Apoio \u00e0 implanta\u00e7\u00e3o do Projeto Piloto do PGD.<\/p>\n<\/div>\n<div class=\"wp-block-column is-vertically-aligned-center\">\n<h4 class=\"wp-block-heading has-text-align-center\">\n      <a href=\"https:\/\/www.ufmg.br\/prorh\/pgd\/wp-content\/uploads\/2025\/09\/PORTARIA-7665-2024-Retifica-portaria-6299-2024-Comissao-de-Apoio-a-implantacao-do-Projeto-Piloto-do-PGD.pdf\">PORTARIA N\u00ba 7665, DE 29 DE AGOSTO DE 2024<\/a><\/h4>\n<p class=\"has-text-align-center has-small-font-size\">Retifica a Portaria N\u00ba 6299.<\/p>\n<\/div>\n<\/div>\n<div class=\"wp-block-columns are-vertically-aligned-center\">\n<div class=\"wp-block-column is-vertically-aligned-center\">\n<h4 class=\"wp-block-heading has-text-align-center\">\n      <a href=\"https:\/\/www.ufmg.br\/prorh\/pgd\/wp-content\/uploads\/2025\/09\/PORTARIA-9707-2024-Retifica-portaria-7665-2024-Comissao-de-Apoio-a-implantacao-do-Projeto-Piloto-do-PGD.pdf\">PORTARIA N\u00ba 9707, DE 25 DE OUTUBRO DE 2024<\/a><\/h4>\n<p class=\"has-text-align-center has-small-font-size\">Retifica a Portaria N\u00ba 7665.<\/p>\n<\/div>\n<div class=\"wp-block-column is-vertically-aligned-center\">\n<h4 class=\"wp-block-heading has-text-align-center\">\n      <a href=\"https:\/\/www.ufmg.br\/prorh\/pgd\/wp-content\/uploads\/2025\/03\/SEI_4010083_Portaria_1741_PGD-1.pdf\">PORTARIA N\u00ba 1741, DE 27 DE FEVEREIRO DE 2025<\/a><\/h4>\n<p class=\"has-text-align-center has-small-font-size\">Altera a Portaria N\u00ba 7384.<\/p>\n<\/div>\n<div class=\"wp-block-column is-vertically-aligned-center\">\n<h4 class=\"wp-block-heading has-text-align-center\">\n      <a href=\"https:\/\/www.ufmg.br\/prorh\/pgd\/wp-content\/uploads\/2025\/09\/PORTARIA-2661-2025-Institui-a-Comissao-de-Suporte-Tecnico-do-Programa-de-Gestao-e-Desempenho-da-Universidade-Federal-de-Minas-Gerais.pdf\">PORTARIA N\u00ba 2661, DE 28 DE MAR\u00c7O DE 2025<\/a><\/h4>\n<p class=\"has-text-align-center has-small-font-size\">Institui a Comiss\u00e3o de Suporte T\u00e9cnico do Programa de Gest\u00e3o e Desempenho da Universidade Federal de Minas Gerais.<\/p>\n<\/div>\n<\/div>\n<div class=\"wp-block-columns are-vertically-aligned-center\">\n<div class=\"wp-block-column is-vertically-aligned-center\">\n<h4 class=\"wp-block-heading has-text-align-center\">\n      <a href=\"https:\/\/www.ufmg.br\/prorh\/pgd\/wp-content\/uploads\/2025\/05\/PORTARIA-2836-2025-EEFFTO.pdf\"><\/a><\/h4>\n<p class=\"has-text-align-center has-small-font-size\">\n<\/div>\n<div class=\"wp-block-column is-vertically-aligned-center\">\n<h4 class=\"wp-block-heading has-text-align-center\">\n      <a href=\"https:\/\/www.ufmg.br\/prorh\/pgd\/wp-content\/uploads\/2025\/04\/Portaria-4-2025-PGD.pdf\"><\/a><\/h4>\n<p class=\"has-text-align-center has-small-font-size\">\n<\/div>\n<div class=\"wp-block-column is-vertically-aligned-center\">\n<h4 class=\"wp-block-heading has-text-align-center\">\n      <a href=\"https:\/\/www.ufmg.br\/prorh\/pgd\/wp-content\/uploads\/2025\/05\/PORTARIA-1-2025-DAI.pdf\"><\/a><\/h4>\n<p class=\"has-text-align-center has-small-font-size\">\n<\/div>\n<\/div>\n","protected":false},"excerpt":{"rendered":"<p>PORTARIA N\u00ba 7384, DE 18 DE AGOSTO DE 2023 Institui o Programa de Gest\u00e3o e Desempenho e estabelece procedimento gerais relativos \u00e0 sua implementa\u00e7\u00e3o. PORTARIA N\u00ba 6299, DE 23 DE JULHO DE 2024 Institui a Comiss\u00e3o de Apoio \u00e0 implanta\u00e7\u00e3o do Projeto Piloto do PGD. PORTARIA N\u00ba 7665, DE 29 DE AGOSTO DE 2024 Retifica [&hellip;]<\/p>\n","protected":false},"author":5,"featured_media":0,"parent":0,"menu_order":1,"comment_status":"closed","ping_status":"closed","template":"","meta":[],"acf":[],"_links":{"self":[{"href":"https:\/\/www.ufmg.br\/prorh\/pgd\/wp-json\/wp\/v2\/pages\/2215"}],"collection":[{"href":"https:\/\/www.ufmg.br\/prorh\/pgd\/wp-json\/wp\/v2\/pages"}],"about":[{"href":"https:\/\/www.ufmg.br\/prorh\/pgd\/wp-json\/wp\/v2\/types\/page"}],"author":[{"embeddable":true,"href":"https:\/\/www.ufmg.br\/prorh\/pgd\/wp-json\/wp\/v2\/users\/5"}],"replies":[{"embeddable":true,"href":"https:\/\/www.ufmg.br\/prorh\/pgd\/wp-json\/wp\/v2\/comments?post=2215"}],"version-history":[{"count":15,"href":"https:\/\/www.ufmg.br\/prorh\/pgd\/wp-json\/wp\/v2\/pages\/2215\/revisions"}],"predecessor-version":[{"id":2234,"href":"https:\/\/www.ufmg.br\/prorh\/pgd\/wp-json\/wp\/v2\/pages\/2215\/revisions\/2234"}],"wp:attachment":[{"href":"https:\/\/www.ufmg.br\/prorh\/pgd\/wp-json\/wp\/v2\/media?parent=2215"}],"curies":[{"name":"wp","href":"https:\/\/api.w.org\/{rel}","templated":true}]}}