{"id":290,"date":"2024-07-25T13:54:22","date_gmt":"2024-07-25T16:54:22","guid":{"rendered":"https:\/\/www.ufmg.br\/prorh\/pgd\/?page_id=290"},"modified":"2026-04-07T18:54:17","modified_gmt":"2026-04-07T21:54:17","slug":"sobre","status":"publish","type":"page","link":"https:\/\/www.ufmg.br\/prorh\/pgd\/sobre\/","title":{"rendered":"SOBRE PGD"},"content":{"rendered":"\n<blockquote class=\"wp-block-quote\">\n<div style=\"height:59px\" aria-hidden=\"true\" class=\"wp-block-spacer\"><\/div>\n<cite>O Programa de Gest\u00e3o e Desempenho (PGD) \u00e9 o modelo de gest\u00e3o institu\u00eddo pela Administra\u00e7\u00e3o P\u00fablica Federal por meio do Decreto n\u00ba 11.072\/2022 e regulamentado pelas Instru\u00e7\u00f5es Normativas (IN) n\u00ba <a rel=\"noreferrer noopener\" href=\"https:\/\/www.in.gov.br\/en\/web\/dou\/-\/instrucao-normativa-conjunta-sgp-srt-seges\/mgi-n-52-de-21-de-dezembro-de-2023-532726070\" target=\"_blank\">52\/2023<\/a> e <a rel=\"noreferrer noopener\" href=\"https:\/\/www.in.gov.br\/en\/web\/dou\/-\/instrucao-normativa-conjunta-seges-sgprt-\/mgi-n-24-de-28-de-julho-de-2023-499593248\" target=\"_blank\">24\/2023<\/a> &#8211; retificada pela IN n\u00ba <a rel=\"noreferrer noopener\" href=\"https:\/\/www.in.gov.br\/en\/web\/dou\/-\/instrucao-normativa-conjunta-seges-sgp-srt\/mgi-n-21-de-16-de-julho-de-2024-572617003\" target=\"_blank\">21\/2024<\/a>.<\/cite><\/blockquote>\n\n\n\n<div style=\"height:68px\" aria-hidden=\"true\" class=\"wp-block-spacer\"><\/div>\n\n\n<style>#sp-ea-309 .spcollapsing { height: 0; overflow: hidden; transition-property: height;transition-duration: 300ms;}#sp-ea-309.sp-easy-accordion>.sp-ea-single {border: 1px solid #e2e2e2; }#sp-ea-309.sp-easy-accordion>.sp-ea-single>.ea-header a {color: #009af9;}#sp-ea-309.sp-easy-accordion>.sp-ea-single>.sp-collapse>.ea-body {background: #fff; color: #444;}#sp-ea-309.sp-easy-accordion>.sp-ea-single {background: #eee;}#sp-ea-309.sp-easy-accordion>.sp-ea-single>.ea-header a .ea-expand-icon.fa { float: left; color: #009af9;font-size: 16px;}<\/style><div id=\"sp_easy_accordion-1721935375\"><div id=\"sp-ea-309\" class=\"sp-ea-one sp-easy-accordion\" data-ex-icon=\"fa-minus\" data-col-icon=\"fa-plus\"  data-ea-active=\"ea-click\"  data-ea-mode=\"vertical\" data-preloader=\"\" data-scroll-active-item=\"\" data-offset-to-scroll=\"0\"><div class=\"ea-card  sp-ea-single\"><h3 class=\"ea-header\"><a class=\"collapsed\" data-sptoggle=\"spcollapse\" data-sptarget=#collapse3090 href=\"javascript:void(0)\"  aria-expanded=\"false\"><i class=\"ea-expand-icon fa fa-plus\"><\/i> Objetivos do PGD<\/a><\/h3><div class=\"sp-collapse spcollapse spcollapse\" id=\"collapse3090\" data-parent=#sp-ea-309><div class=\"ea-body\"><blockquote><p>I - promover a gest\u00e3o orientada a resultados, baseada em evid\u00eancias, com foco na melhoria cont\u00ednua das entregas dos \u00f3rg\u00e3os e entidades da administra\u00e7\u00e3o p\u00fablica federal;<\/p>\n<p>II - estimular a cultura de planejamento institucional;<\/p>\n<p>III - otimizar a gest\u00e3o dos recursos p\u00fablicos;<\/p>\n<p>IV - incentivar a cultura da inova\u00e7\u00e3o;<\/p>\n<p>V - fomentar a transforma\u00e7\u00e3o digital;<\/p>\n<p>VI - atrair e reter talentos na administra\u00e7\u00e3o p\u00fablica federal;<\/p>\n<p>VII - contribuir para o dimensionamento da for\u00e7a de trabalho;<\/p>\n<p>VIII - aprimorar o desempenho institucional, das equipes e dos indiv\u00edduos;<\/p>\n<p>IX - contribuir para a sa\u00fade e a qualidade de vida no trabalho dos participantes; e<\/p>\n<p>X - contribuir para a sustentabilidade ambiental na administra\u00e7\u00e3o p\u00fablica federal.<\/p><\/blockquote>\n<h5 style=\"text-align: right;\"><strong>(IN 24\/2023)<\/strong><\/h5>\n<\/div><\/div><\/div><div class=\"ea-card  sp-ea-single\"><h3 class=\"ea-header\"><a class=\"collapsed\" data-sptoggle=\"spcollapse\" data-sptarget=#collapse3091 href=\"javascript:void(0)\"  aria-expanded=\"false\"><i class=\"ea-expand-icon fa fa-plus\"><\/i> Conceitos importantes<\/a><\/h3><div class=\"sp-collapse spcollapse spcollapse\" id=\"collapse3091\" data-parent=#sp-ea-309><div class=\"ea-body\"><blockquote><p><strong>I - atividade<\/strong>: o conjunto de a\u00e7\u00f5es, s\u00edncronas ou ass\u00edncronas, realizadas pelo participante que visa contribuir para as entregas de uma unidade de execu\u00e7\u00e3o;<\/p>\n<p><strong>II - atividade s\u00edncrona<\/strong>: aquela cuja execu\u00e7\u00e3o se d\u00e1 mediante intera\u00e7\u00e3o simult\u00e2nea do participante com terceiros, podendo ser realizada com presen\u00e7a f\u00edsica ou virtual;<\/p>\n<p><strong>III - atividade ass\u00edncrona<\/strong>: aquela cuja execu\u00e7\u00e3o se d\u00e1 de maneira n\u00e3o simult\u00e2nea entre o participante e terceiros, ou requeira exclusivamente o esfor\u00e7o do participante para sua consecu\u00e7\u00e3o, podendo ser realizada com presen\u00e7a f\u00edsica ou n\u00e3o;<\/p>\n<p><strong>IV - demandante<\/strong>: aquele que solicita entregas da unidade de execu\u00e7\u00e3o;<\/p>\n<p><strong>V - destinat\u00e1rio<\/strong>: benefici\u00e1rio ou usu\u00e1rio da entrega, podendo ser interno ou externo \u00e0 organiza\u00e7\u00e3o;<\/p>\n<p><strong>VI - entrega<\/strong>: o produto ou servi\u00e7o da unidade de execu\u00e7\u00e3o, resultante da contribui\u00e7\u00e3o dos participantes;<\/p>\n<p><strong>VII - escrit\u00f3rio digital<\/strong>: conjunto de ferramentas digitais definido pelo \u00f3rg\u00e3o ou entidade para possibilitar a realiza\u00e7\u00e3o de atividades s\u00edncronas ou ass\u00edncronas;<\/p>\n<p><strong>VIII - participante<\/strong>: agente p\u00fablico previsto no art. 2\u00ba, \u00a7 1\u00ba, do Decreto n\u00ba 11.072, de 17 de maio de 2022, com status de participa\u00e7\u00e3o no PGD cadastrado nos Sistemas Estruturantes de Gest\u00e3o de Pessoal da Administra\u00e7\u00e3o P\u00fablica Federal;<\/p>\n<p><strong>IX - plano de entregas da unidade<\/strong>: instrumento de gest\u00e3o que tem por objetivo planejar as entregas da unidade de execu\u00e7\u00e3o, contendo suas metas, prazos, demandantes e destinat\u00e1rios;<\/p>\n<p><strong>X - plano de trabalho do participante<\/strong>: instrumento de gest\u00e3o que tem por objetivo alocar o percentual da carga hor\u00e1ria dispon\u00edvel no per\u00edodo, de forma a contribuir direta ou indiretamente para o plano de entregas da unidade;<\/p>\n<p><strong>XI - Rede PGD<\/strong>: \u00e9 o grupo de representantes de \u00f3rg\u00e3os e entidades da administra\u00e7\u00e3o p\u00fablica federal junto ao Comit\u00ea de que trata o art. 31 desta Instru\u00e7\u00e3o Normativa Conjunta;<\/p>\n<p><strong>XII - Termo de Ci\u00eancia e Responsabilidade (TCR)<\/strong>: instrumento de gest\u00e3o por meio do qual a chefia da unidade de execu\u00e7\u00e3o e o interessado pactuam as regras para participa\u00e7\u00e3o no PGD;<\/p>\n<p><strong>XIII - time volante<\/strong>: \u00e9 aquele composto por participantes de unidades diversas com objetivo de atuar em projetos espec\u00edficos;<\/p>\n<p><strong>XIV - unidade instituidora<\/strong>: a unidade administrativa prevista no art. 4\u00ba do Decreto n\u00ba 11.072, de 2022;<\/p>\n<p><strong>XV - unidade de execu\u00e7\u00e3o<\/strong>: qualquer unidade da estrutura administrativa que tenha plano de entregas pactuado.<\/p>\n<p><strong>XVI - carga hor\u00e1ria dispon\u00edvel<\/strong>: o quantitativo de horas da jornada de trabalho do participante no per\u00edodo de vig\u00eancia do plano de trabalho, descontando-se licen\u00e7as e afastamentos legais, e acrescentando-se eventuais compensa\u00e7\u00f5es.<\/p><\/blockquote>\n<h5 style=\"text-align: right;\"><strong>(IN 24\/2023 e IN 21\/2024)<\/strong><\/h5>\n<\/div><\/div><\/div><div class=\"ea-card  sp-ea-single\"><h3 class=\"ea-header\"><a class=\"collapsed\" data-sptoggle=\"spcollapse\" data-sptarget=#collapse3092 href=\"javascript:void(0)\"  aria-expanded=\"false\"><i class=\"ea-expand-icon fa fa-plus\"><\/i> Modalidades e regimes<\/a><\/h3><div class=\"sp-collapse spcollapse spcollapse\" id=\"collapse3092\" data-parent=#sp-ea-309><div class=\"ea-body\"><blockquote><p><strong>I. Modalidade presencial:<\/strong> a totalidade da jornada de trabalho do participante ocorre em local determinado pela administra\u00e7\u00e3o p\u00fablica federal.<\/p>\n<p><strong>II. Modalidade de teletrabalho<\/strong>:<\/p>\n<ul>\n<li><strong>Regime de execu\u00e7\u00e3o parcial<\/strong>: parte da jornada de trabalho ocorre em locais a crit\u00e9rio do participante e parte em local determinado pela administra\u00e7\u00e3o p\u00fablica federal;<\/li>\n<\/ul>\n<p>&nbsp;<\/p>\n<ul>\n<li><strong>Regime de execu\u00e7\u00e3o integral<\/strong>: a totalidade da jornada de trabalho ocorre em local a crit\u00e9rio do participante.<\/li>\n<\/ul>\n<\/blockquote>\n<h5 style=\"text-align: right;\"><strong>(IN 24\/2023)<\/strong><\/h5>\n<\/div><\/div><\/div><div class=\"ea-card  sp-ea-single\"><h3 class=\"ea-header\"><a class=\"collapsed\" data-sptoggle=\"spcollapse\" data-sptarget=#collapse3093 href=\"javascript:void(0)\"  aria-expanded=\"false\"><i class=\"ea-expand-icon fa fa-plus\"><\/i> Ciclo PGD<\/a><\/h3><div class=\"sp-collapse spcollapse spcollapse\" id=\"collapse3093\" data-parent=#sp-ea-309><div class=\"ea-body\"><blockquote><p>I - elabora\u00e7\u00e3o do plano de entregas da unidade de execu\u00e7\u00e3o;<\/p>\n<p>II - elabora\u00e7\u00e3o e pactua\u00e7\u00e3o dos planos de trabalho dos participantes;<\/p>\n<p>III - execu\u00e7\u00e3o e monitoramento dos planos de trabalho dos participantes;<\/p>\n<p>IV - avalia\u00e7\u00e3o dos planos de trabalho dos participantes; e<\/p>\n<p>V - avalia\u00e7\u00e3o do plano de entregas da unidade de execu\u00e7\u00e3o.<\/p><\/blockquote>\n<h5 style=\"text-align: right;\"><strong>(IN 24\/2023)<\/strong><\/h5>\n<\/div><\/div><\/div><\/div><\/div>\n\n\n\n<div style=\"height:81px\" aria-hidden=\"true\" class=\"wp-block-spacer\"><\/div>\n\n\n\n<div class=\"wp-block-columns is-layout-flex wp-container-4\">\n<div class=\"wp-block-column is-layout-flow\"><div class=\"wp-block-image is-style-rounded\">\n<figure class=\"aligncenter size-medium\"><a href=\"https:\/\/www.gov.br\/servidor\/pt-br\/assuntos\/programa-de-gestao\/nova-in-2023\/legislacao\" target=\"_blank\" rel=\"noreferrer noopener\"><img decoding=\"async\" loading=\"lazy\" width=\"300\" height=\"300\" src=\"https:\/\/www.ufmg.br\/prorh\/pgd\/wp-content\/uploads\/2024\/07\/standard-quality-control-concept-m-edited-1-300x300.jpg\" alt=\"\" class=\"wp-image-842\" srcset=\"https:\/\/www.ufmg.br\/prorh\/pgd\/wp-content\/uploads\/2024\/07\/standard-quality-control-concept-m-edited-1-300x300.jpg 300w, https:\/\/www.ufmg.br\/prorh\/pgd\/wp-content\/uploads\/2024\/07\/standard-quality-control-concept-m-edited-1-1024x1024.jpg 1024w, https:\/\/www.ufmg.br\/prorh\/pgd\/wp-content\/uploads\/2024\/07\/standard-quality-control-concept-m-edited-1-150x150.jpg 150w, https:\/\/www.ufmg.br\/prorh\/pgd\/wp-content\/uploads\/2024\/07\/standard-quality-control-concept-m-edited-1-768x768.jpg 768w, https:\/\/www.ufmg.br\/prorh\/pgd\/wp-content\/uploads\/2024\/07\/standard-quality-control-concept-m-edited-1-1536x1536.jpg 1536w, https:\/\/www.ufmg.br\/prorh\/pgd\/wp-content\/uploads\/2024\/07\/standard-quality-control-concept-m-edited-1-2048x2048.jpg 2048w\" sizes=\"(max-width: 300px) 100vw, 300px\" \/><\/a><\/figure><\/div>\n\n\n<div style=\"height:18px\" aria-hidden=\"true\" class=\"wp-block-spacer\"><\/div>\n\n\n\n<h4 class=\"wp-block-heading has-text-align-center has-black-color has-text-color\"><strong><a href=\"https:\/\/www.gov.br\/servidor\/pt-br\/assuntos\/programa-de-gestao\/nova-in-2023\/legislacao\" target=\"_blank\" rel=\"noreferrer noopener\">LEGISLA\u00c7\u00c3O GOV PGD<\/a><\/strong><\/h4>\n<\/div>\n\n\n\n<div class=\"wp-block-column is-layout-flow\"><div class=\"wp-block-image is-style-rounded\">\n<figure class=\"aligncenter size-medium\"><a href=\"https:\/\/www.gov.br\/servidor\/pt-br\/assuntos\/programa-de-gestao\/nova-in-2023\/guia-pgd\" target=\"_blank\" rel=\"noreferrer noopener\"><img decoding=\"async\" loading=\"lazy\" width=\"300\" height=\"300\" src=\"https:\/\/www.ufmg.br\/prorh\/pgd\/wp-content\/uploads\/2024\/07\/still-life-documents-stack-edited-3-300x300.jpg\" alt=\"\" class=\"wp-image-843\" srcset=\"https:\/\/www.ufmg.br\/prorh\/pgd\/wp-content\/uploads\/2024\/07\/still-life-documents-stack-edited-3-300x300.jpg 300w, https:\/\/www.ufmg.br\/prorh\/pgd\/wp-content\/uploads\/2024\/07\/still-life-documents-stack-edited-3-1024x1024.jpg 1024w, https:\/\/www.ufmg.br\/prorh\/pgd\/wp-content\/uploads\/2024\/07\/still-life-documents-stack-edited-3-150x150.jpg 150w, https:\/\/www.ufmg.br\/prorh\/pgd\/wp-content\/uploads\/2024\/07\/still-life-documents-stack-edited-3-768x768.jpg 768w, https:\/\/www.ufmg.br\/prorh\/pgd\/wp-content\/uploads\/2024\/07\/still-life-documents-stack-edited-3-1536x1536.jpg 1536w, https:\/\/www.ufmg.br\/prorh\/pgd\/wp-content\/uploads\/2024\/07\/still-life-documents-stack-edited-3-2048x2048.jpg 2048w\" sizes=\"(max-width: 300px) 100vw, 300px\" \/><\/a><\/figure><\/div>\n\n\n<div style=\"height:18px\" aria-hidden=\"true\" class=\"wp-block-spacer\"><\/div>\n\n\n\n<h4 class=\"wp-block-heading has-text-align-center has-black-color has-text-color\"><strong><a href=\"https:\/\/www.gov.br\/servidor\/pt-br\/assuntos\/programa-de-gestao\/nova-in-2023\/guia-pgd\" target=\"_blank\" rel=\"noreferrer noopener\">PUBLICA\u00c7\u00d5ES GOV PGD<\/a><\/strong><\/h4>\n<\/div>\n\n\n\n<div class=\"wp-block-column is-layout-flow\"><div class=\"wp-block-image is-style-rounded\">\n<figure class=\"aligncenter size-medium\"><a href=\"https:\/\/www.gov.br\/servidor\/pt-br\/assuntos\/programa-de-gestao\/nova-in-2023\/faq\" target=\"_blank\" rel=\"noreferrer noopener\"><img decoding=\"async\" loading=\"lazy\" width=\"300\" height=\"300\" src=\"https:\/\/www.ufmg.br\/prorh\/pgd\/wp-content\/uploads\/2024\/07\/truth-concept-arrangement-with-magnifier-edited-1-300x300.jpg\" alt=\"\" class=\"wp-image-844\" srcset=\"https:\/\/www.ufmg.br\/prorh\/pgd\/wp-content\/uploads\/2024\/07\/truth-concept-arrangement-with-magnifier-edited-1-300x300.jpg 300w, https:\/\/www.ufmg.br\/prorh\/pgd\/wp-content\/uploads\/2024\/07\/truth-concept-arrangement-with-magnifier-edited-1-1024x1024.jpg 1024w, https:\/\/www.ufmg.br\/prorh\/pgd\/wp-content\/uploads\/2024\/07\/truth-concept-arrangement-with-magnifier-edited-1-150x150.jpg 150w, https:\/\/www.ufmg.br\/prorh\/pgd\/wp-content\/uploads\/2024\/07\/truth-concept-arrangement-with-magnifier-edited-1-768x768.jpg 768w, https:\/\/www.ufmg.br\/prorh\/pgd\/wp-content\/uploads\/2024\/07\/truth-concept-arrangement-with-magnifier-edited-1-1536x1536.jpg 1536w, https:\/\/www.ufmg.br\/prorh\/pgd\/wp-content\/uploads\/2024\/07\/truth-concept-arrangement-with-magnifier-edited-1-2048x2048.jpg 2048w\" sizes=\"(max-width: 300px) 100vw, 300px\" \/><\/a><\/figure><\/div>\n\n\n<div style=\"height:20px\" aria-hidden=\"true\" class=\"wp-block-spacer\"><\/div>\n\n\n\n<h4 class=\"wp-block-heading has-text-align-center has-black-color has-text-color\"><strong><a href=\"https:\/\/www.gov.br\/servidor\/pt-br\/assuntos\/programa-de-gestao\/nova-in-2023\/faq\" target=\"_blank\" rel=\"noreferrer noopener\">FAQ GOV PGD<\/a><\/strong><\/h4>\n<\/div>\n<\/div>\n","protected":false},"excerpt":{"rendered":"<p>LEGISLA\u00c7\u00c3O GOV PGD PUBLICA\u00c7\u00d5ES GOV PGD FAQ GOV PGD<\/p>\n","protected":false},"author":1,"featured_media":0,"parent":0,"menu_order":14,"comment_status":"closed","ping_status":"closed","template":"","meta":[],"acf":[],"_links":{"self":[{"href":"https:\/\/www.ufmg.br\/prorh\/pgd\/wp-json\/wp\/v2\/pages\/290"}],"collection":[{"href":"https:\/\/www.ufmg.br\/prorh\/pgd\/wp-json\/wp\/v2\/pages"}],"about":[{"href":"https:\/\/www.ufmg.br\/prorh\/pgd\/wp-json\/wp\/v2\/types\/page"}],"author":[{"embeddable":true,"href":"https:\/\/www.ufmg.br\/prorh\/pgd\/wp-json\/wp\/v2\/users\/1"}],"replies":[{"embeddable":true,"href":"https:\/\/www.ufmg.br\/prorh\/pgd\/wp-json\/wp\/v2\/comments?post=290"}],"version-history":[{"count":101,"href":"https:\/\/www.ufmg.br\/prorh\/pgd\/wp-json\/wp\/v2\/pages\/290\/revisions"}],"predecessor-version":[{"id":2149,"href":"https:\/\/www.ufmg.br\/prorh\/pgd\/wp-json\/wp\/v2\/pages\/290\/revisions\/2149"}],"wp:attachment":[{"href":"https:\/\/www.ufmg.br\/prorh\/pgd\/wp-json\/wp\/v2\/media?parent=290"}],"curies":[{"name":"wp","href":"https:\/\/api.w.org\/{rel}","templated":true}]}}