{"id":591,"date":"2024-07-27T00:45:37","date_gmt":"2024-07-27T03:45:37","guid":{"rendered":"https:\/\/www.ufmg.br\/prorh\/pgd\/?page_id=591"},"modified":"2026-04-07T18:58:22","modified_gmt":"2026-04-07T21:58:22","slug":"polare","status":"publish","type":"page","link":"https:\/\/www.ufmg.br\/prorh\/pgd\/polare\/","title":{"rendered":"POLARE"},"content":{"rendered":"\n<div class=\"wp-block-columns is-layout-flex wp-container-2\">\n<div class=\"wp-block-column is-layout-flow\">\n<div style=\"height:117px\" aria-hidden=\"true\" class=\"wp-block-spacer\"><\/div>\n\n\n\n<div class=\"wp-block-media-text alignwide is-stacked-on-mobile is-image-fill\"><figure class=\"wp-block-media-text__media\" style=\"background-image:url(https:\/\/www.ufmg.br\/prorh\/pgd\/wp-content\/uploads\/2024\/07\/finger-pressing-start-button-edited-3-1024x1024.jpg);background-position:53% 26%\"><img decoding=\"async\" loading=\"lazy\" width=\"1024\" height=\"1024\" src=\"https:\/\/www.ufmg.br\/prorh\/pgd\/wp-content\/uploads\/2024\/07\/finger-pressing-start-button-edited-3-1024x1024.jpg\" alt=\"\" class=\"wp-image-847 size-full\" srcset=\"https:\/\/www.ufmg.br\/prorh\/pgd\/wp-content\/uploads\/2024\/07\/finger-pressing-start-button-edited-3-1024x1024.jpg 1024w, https:\/\/www.ufmg.br\/prorh\/pgd\/wp-content\/uploads\/2024\/07\/finger-pressing-start-button-edited-3-300x300.jpg 300w, https:\/\/www.ufmg.br\/prorh\/pgd\/wp-content\/uploads\/2024\/07\/finger-pressing-start-button-edited-3-150x150.jpg 150w, https:\/\/www.ufmg.br\/prorh\/pgd\/wp-content\/uploads\/2024\/07\/finger-pressing-start-button-edited-3-768x768.jpg 768w, https:\/\/www.ufmg.br\/prorh\/pgd\/wp-content\/uploads\/2024\/07\/finger-pressing-start-button-edited-3-1536x1536.jpg 1536w, https:\/\/www.ufmg.br\/prorh\/pgd\/wp-content\/uploads\/2024\/07\/finger-pressing-start-button-edited-3-2048x2048.jpg 2048w\" sizes=\"(max-width: 1024px) 100vw, 1024px\" \/><\/figure><div class=\"wp-block-media-text__content\">\n<h2 class=\"wp-block-heading\">Acesse o sistema Polare<\/h2>\n\n\n\n<div style=\"height:55px\" aria-hidden=\"true\" class=\"wp-block-spacer\"><\/div>\n\n\n<div class=\"wp-block-image\">\n<figure class=\"alignleft size-medium\"><img decoding=\"async\" loading=\"lazy\" width=\"300\" height=\"67\" src=\"https:\/\/www.ufmg.br\/prorh\/pgd\/wp-content\/uploads\/2024\/07\/polare2-300x67.png\" alt=\"\" class=\"wp-image-878\" srcset=\"https:\/\/www.ufmg.br\/prorh\/pgd\/wp-content\/uploads\/2024\/07\/polare2-300x67.png 300w, https:\/\/www.ufmg.br\/prorh\/pgd\/wp-content\/uploads\/2024\/07\/polare2-1024x228.png 1024w, https:\/\/www.ufmg.br\/prorh\/pgd\/wp-content\/uploads\/2024\/07\/polare2-768x171.png 768w, https:\/\/www.ufmg.br\/prorh\/pgd\/wp-content\/uploads\/2024\/07\/polare2.png 1467w\" sizes=\"(max-width: 300px) 100vw, 300px\" \/><\/figure><\/div>\n\n\n<div style=\"height:52px\" aria-hidden=\"true\" class=\"wp-block-spacer\"><\/div>\n\n\n\n<p><strong>Como acessar:<\/strong><\/p>\n\n\n\n<ol>\n<li class=\"has-small-font-size\">Acesse o link: <a rel=\"noreferrer noopener\" href=\"https:\/\/polare.ufmg.br\/polare\" target=\"_blank\">https:\/\/polare.ufmg.br\/polare<\/a><\/li>\n\n\n\n<li class=\"has-small-font-size\">Insira suas credenciais de acesso (MinhaUFMG).<\/li>\n\n\n\n<li class=\"has-small-font-size\">Inicie suas atividades!<\/li>\n<\/ol>\n<\/div><\/div>\n\n\n\n<div style=\"height:23px\" aria-hidden=\"true\" class=\"wp-block-spacer\"><\/div>\n\n\n\n<div style=\"height:58px\" aria-hidden=\"true\" class=\"wp-block-spacer\"><\/div>\n<\/div>\n<\/div>\n\n\n\n<div class=\"wp-block-media-text alignwide is-stacked-on-mobile is-image-fill\"><figure class=\"wp-block-media-text__media\" style=\"background-image:url(https:\/\/www.ufmg.br\/prorh\/pgd\/wp-content\/uploads\/2024\/07\/business-desk-arrangement-with-laptop-edited-scaled.jpg);background-position:50% 50%\"><img decoding=\"async\" loading=\"lazy\" width=\"2560\" height=\"2560\" src=\"https:\/\/www.ufmg.br\/prorh\/pgd\/wp-content\/uploads\/2024\/07\/business-desk-arrangement-with-laptop-edited-scaled.jpg\" alt=\"\" class=\"wp-image-889 size-full\" srcset=\"https:\/\/www.ufmg.br\/prorh\/pgd\/wp-content\/uploads\/2024\/07\/business-desk-arrangement-with-laptop-edited-scaled.jpg 2560w, https:\/\/www.ufmg.br\/prorh\/pgd\/wp-content\/uploads\/2024\/07\/business-desk-arrangement-with-laptop-edited-300x300.jpg 300w, https:\/\/www.ufmg.br\/prorh\/pgd\/wp-content\/uploads\/2024\/07\/business-desk-arrangement-with-laptop-edited-1024x1024.jpg 1024w, https:\/\/www.ufmg.br\/prorh\/pgd\/wp-content\/uploads\/2024\/07\/business-desk-arrangement-with-laptop-edited-150x150.jpg 150w, https:\/\/www.ufmg.br\/prorh\/pgd\/wp-content\/uploads\/2024\/07\/business-desk-arrangement-with-laptop-edited-768x768.jpg 768w, https:\/\/www.ufmg.br\/prorh\/pgd\/wp-content\/uploads\/2024\/07\/business-desk-arrangement-with-laptop-edited-1536x1536.jpg 1536w, https:\/\/www.ufmg.br\/prorh\/pgd\/wp-content\/uploads\/2024\/07\/business-desk-arrangement-with-laptop-edited-2048x2048.jpg 2048w\" sizes=\"(max-width: 2560px) 100vw, 2560px\" \/><\/figure><div class=\"wp-block-media-text__content\">\n<h2 class=\"wp-block-heading\">Acesso ao ambiente de TREINAMENTO do Polare<\/h2>\n\n\n\n<div style=\"height:27px\" aria-hidden=\"true\" class=\"wp-block-spacer\"><\/div>\n\n\n\n<p class=\"has-text-align-left has-small-font-size\">N\u00e3o utilize este ambiente  para lan\u00e7ar os planos estrat\u00e9gicos, gerenciais e individuais reais. Esse \u00e9 um ambiente destinado apenas para explorar e testar. Nenhum dado desse ambiente poder\u00e1 ser migrado para o ambiente de produ\u00e7\u00e3o. <\/p>\n\n\n\n<p><strong>Como acessar:<\/strong> <\/p>\n\n\n\n<ol>\n<li class=\"has-small-font-size\">Acesse o link: <a rel=\"noreferrer noopener\" href=\"https:\/\/polare-trn.cecom.ufmg.br\/polare\/\" target=\"_blank\">https:\/\/polare-trn.cecom.ufmg.br\/polare\/<\/a><\/li>\n\n\n\n<li class=\"has-small-font-size\">Insira suas credenciais de acesso (MinhaUFMG).<\/li>\n\n\n\n<li class=\"has-small-font-size\">Explore e teste as funcionalidades do sistema.<\/li>\n<\/ol>\n\n\n\n<p class=\"has-text-align-center\"><\/p>\n<\/div><\/div>\n","protected":false},"excerpt":{"rendered":"<p>Acesse o sistema Polare Como acessar:<\/p>\n","protected":false},"author":2,"featured_media":0,"parent":0,"menu_order":12,"comment_status":"closed","ping_status":"closed","template":"","meta":[],"acf":[],"_links":{"self":[{"href":"https:\/\/www.ufmg.br\/prorh\/pgd\/wp-json\/wp\/v2\/pages\/591"}],"collection":[{"href":"https:\/\/www.ufmg.br\/prorh\/pgd\/wp-json\/wp\/v2\/pages"}],"about":[{"href":"https:\/\/www.ufmg.br\/prorh\/pgd\/wp-json\/wp\/v2\/types\/page"}],"author":[{"embeddable":true,"href":"https:\/\/www.ufmg.br\/prorh\/pgd\/wp-json\/wp\/v2\/users\/2"}],"replies":[{"embeddable":true,"href":"https:\/\/www.ufmg.br\/prorh\/pgd\/wp-json\/wp\/v2\/comments?post=591"}],"version-history":[{"count":49,"href":"https:\/\/www.ufmg.br\/prorh\/pgd\/wp-json\/wp\/v2\/pages\/591\/revisions"}],"predecessor-version":[{"id":2156,"href":"https:\/\/www.ufmg.br\/prorh\/pgd\/wp-json\/wp\/v2\/pages\/591\/revisions\/2156"}],"wp:attachment":[{"href":"https:\/\/www.ufmg.br\/prorh\/pgd\/wp-json\/wp\/v2\/media?parent=591"}],"curies":[{"name":"wp","href":"https:\/\/api.w.org\/{rel}","templated":true}]}}