{"id":594,"date":"2024-07-27T00:48:53","date_gmt":"2024-07-27T03:48:53","guid":{"rendered":"https:\/\/www.ufmg.br\/prorh\/pgd\/?page_id=594"},"modified":"2026-04-07T19:01:23","modified_gmt":"2026-04-07T22:01:23","slug":"contato-pgd","status":"publish","type":"page","link":"https:\/\/www.ufmg.br\/prorh\/pgd\/contato-pgd\/","title":{"rendered":"CONTATO PGD"},"content":{"rendered":"\n<div style=\"height:53px\" aria-hidden=\"true\" class=\"wp-block-spacer\"><\/div>\n\n\n\n<p><\/p>\n\n\n\n<p class=\"has-text-align-center\">Para d\u00favidas, sugest\u00f5es ou mais informa\u00e7\u00f5es, envie-nos um e-mail.<\/p>\n\n\n\n<p class=\"has-text-align-center\"><strong>E-mail: <\/strong><\/p>\n\n\n\n<h3 class=\"wp-block-heading has-text-align-center has-vivid-cyan-blue-color has-text-color\"><strong>pgd@ufmg.br<\/strong><\/h3>\n","protected":false},"excerpt":{"rendered":"<p>Para d\u00favidas, sugest\u00f5es ou mais informa\u00e7\u00f5es, envie-nos um e-mail. E-mail: pgd@ufmg.br<\/p>\n","protected":false},"author":2,"featured_media":0,"parent":0,"menu_order":11,"comment_status":"closed","ping_status":"closed","template":"","meta":[],"acf":[],"_links":{"self":[{"href":"https:\/\/www.ufmg.br\/prorh\/pgd\/wp-json\/wp\/v2\/pages\/594"}],"collection":[{"href":"https:\/\/www.ufmg.br\/prorh\/pgd\/wp-json\/wp\/v2\/pages"}],"about":[{"href":"https:\/\/www.ufmg.br\/prorh\/pgd\/wp-json\/wp\/v2\/types\/page"}],"author":[{"embeddable":true,"href":"https:\/\/www.ufmg.br\/prorh\/pgd\/wp-json\/wp\/v2\/users\/2"}],"replies":[{"embeddable":true,"href":"https:\/\/www.ufmg.br\/prorh\/pgd\/wp-json\/wp\/v2\/comments?post=594"}],"version-history":[{"count":7,"href":"https:\/\/www.ufmg.br\/prorh\/pgd\/wp-json\/wp\/v2\/pages\/594\/revisions"}],"predecessor-version":[{"id":2162,"href":"https:\/\/www.ufmg.br\/prorh\/pgd\/wp-json\/wp\/v2\/pages\/594\/revisions\/2162"}],"wp:attachment":[{"href":"https:\/\/www.ufmg.br\/prorh\/pgd\/wp-json\/wp\/v2\/media?parent=594"}],"curies":[{"name":"wp","href":"https:\/\/api.w.org\/{rel}","templated":true}]}}