{"id":1254,"date":"2021-10-06T15:34:35","date_gmt":"2021-10-06T18:34:35","guid":{"rendered":"https:\/\/www.ufmg.br\/prorh\/?page_id=1254"},"modified":"2022-02-23T17:39:37","modified_gmt":"2022-02-23T20:39:37","slug":"cis-comissao-interna-de-supervisao-do-pcctae","status":"publish","type":"page","link":"https:\/\/www.ufmg.br\/prorh\/a-prorh\/estrutura-2\/cis-comissao-interna-de-supervisao-do-pcctae\/","title":{"rendered":"CIS-PCCTAE (Comiss\u00e3o Interna de Supervis\u00e3o do Plano de Carreira dos Cargos T\u00e9cnico-Administrativos em Educa\u00e7\u00e3o)"},"content":{"rendered":"<p><a href=\"https:\/\/www.ufmg.br\/prorh\/wp-content\/uploads\/2021\/11\/9245917443_e91d87d1a8_o-1-scaled-e1636163667527.jpg\"><img loading=\"lazy\" class=\"alignnone wp-image-1954 size-full\" src=\"https:\/\/www.ufmg.br\/prorh\/wp-content\/uploads\/2021\/11\/9245917443_e91d87d1a8_o-1-scaled-e1636491750472.jpg\" alt=\"\" width=\"780\" height=\"300\" \/><\/a><\/p>\n<h6><em>Foto: Lucas Braga\/UFMG<\/em><\/h6>\n<p>A CIS se encontra instalada no pr\u00e9dio da Biblioteca Central.<\/p>\n<p>&nbsp;<\/p>\n<div id=\"sp-ea-1244\" class=\"sp-ea-one sp-easy-accordion\" data-ex-icon=\"fa-minus\" data-col-icon=\"fa-plus\"  data-ea-active=\"ea-click\"  data-ea-mode=\"vertical\" data-preloader=\"\"><div class=\"ea-card ea-expand sp-ea-single\"><h3 class=\"ea-header\"><a class=\"collapsed\" data-sptoggle=\"spcollapse\" data-sptarget=#collapse12440 href=\"javascript:void(0)\" aria-expanded=\"true\"><i class=\"ea-expand-icon fa fa-minus\"><\/i> Sobre<\/a><\/h3><div class=\"sp-collapse spcollapse collapsed show\" id=\"collapse12440\" data-parent=#sp-ea-1244><div class=\"ea-body\"><h6 style=\"text-align: justify\">SOBRE A CIS<\/h6>\n<p style=\"text-align: justify\">A CIS-PCCTAE \u00e9 a Comiss\u00e3o Interna de Supervis\u00e3o do Plano de Carreira dos Cargos T\u00e9cnico-Administrativos em Educa\u00e7\u00e3o, institu\u00edda pela Portaria-MEC n\u00ba 2.519, de 15 de julho de 2005. Dentre suas atribui\u00e7\u00f5es est\u00e1 orientar os(as) trabalhadores(as) nas quest\u00f5es relacionadas \u00e0 Carreira dos TAE, bem como fiscalizar e avaliar os aspectos referentes ao dimensionamento, capacita\u00e7\u00e3o e avalia\u00e7\u00e3o. Constam ainda nas suas atribui\u00e7\u00f5es propor \u00e0 Comiss\u00e3o Nacional de Supervis\u00e3o as altera\u00e7\u00f5es necess\u00e1rias para o aprimoramento do Plano de Carreira dos TAE.<\/p>\n<h6 style=\"text-align: justify\">COMPOSI\u00c7\u00c3O DA CIS<\/h6>\n<p style=\"text-align: justify\">A CIS-UFMG \u00e9 integrada por servidores da Carreira, eleitos entre seus pares ativos, aposentados e pensionistas, no \u00e2mbito da UFMG, tendo atualmente 11 vagas em sua composi\u00e7\u00e3o.<\/p>\n<h6 style=\"text-align: justify\">SUA ATUA\u00c7\u00c3O<\/h6>\n<p style=\"text-align: justify\">A Comiss\u00e3o se re\u00fane quinzenalmente para tratar de temas relacionados \u00e0 Carreira dos servidores, al\u00e9m de ter representa\u00e7\u00e3o e participa\u00e7\u00e3o em diferentes comiss\u00f5es e grupos institu\u00eddos no \u00e2mbito da UFMG, particularmente aqueles ligados \u00e0 PRORH.<\/p>\n<p style=\"text-align: justify\">A CIS tem tamb\u00e9m um car\u00e1ter que \u00e9 eminentemente propositivo, considerando que o exame continuado dos diferentes aspectos e das inter-rela\u00e7\u00f5es do PCCTAE com as pol\u00edticas e a\u00e7\u00f5es institucionais de gest\u00e3o de pessoas tem, como consequ\u00eancia necess\u00e1ria, a apresenta\u00e7\u00e3o de an\u00e1lises, propostas, sugest\u00f5es, projetos etc., com objetivo de aprimorar\/qualificar tanto o pr\u00f3prio PCCTAE como as pr\u00f3prias pol\u00edticas\/a\u00e7\u00f5es nessa \u00e1rea, no \u00e2mbito da UFMG.<\/p>\n<p style=\"text-align: justify\">A Comiss\u00e3o pode auxiliar os servidores em diferentes aspectos da Carreira, tais como: concurso p\u00fablico, est\u00e1gio probat\u00f3rio, capacita\u00e7\u00e3o e qualifica\u00e7\u00e3o (incluindo afastamentos no e do pa\u00eds), correla\u00e7\u00e3o de \u00e1reas do conhecimento para fins de concess\u00e3o de incentivo \u00e0 qualifica\u00e7\u00e3o ou progress\u00e3o por capacita\u00e7\u00e3o profissional, avalia\u00e7\u00e3o de desempenho, progress\u00e3o por m\u00e9rito profissional, dados e informa\u00e7\u00f5es sobre a carreira e o PCCTAE, dentre outros.<\/p>\n<\/div><\/div><\/div><div class=\"ea-card  sp-ea-single\"><h3 class=\"ea-header\"><a class=\"collapsed\" data-sptoggle=\"spcollapse\" data-sptarget=#collapse12441 href=\"javascript:void(0)\" aria-expanded=\"false\"><i class=\"ea-expand-icon fa fa-plus\"><\/i> Atribui\u00e7\u00f5es<\/a><\/h3><div class=\"sp-collapse spcollapse \" id=\"collapse12441\" data-parent=#sp-ea-1244><div class=\"ea-body\"><p>A legisla\u00e7\u00e3o federal e o regimento interno determinam que cabe \u00e0 CIS:<\/p>\n<ol>\n<li>acompanhar a implanta\u00e7\u00e3o do PCCTAE em todas as suas etapas, bem como o trabalho da Comiss\u00e3o de Enquadramento da UFMG;<\/li>\n<li>auxiliar a \u00e1rea de gest\u00e3o de pessoas da UFMG, bem como os servidores que optaram pelo PCCTAE, nos aspectos relacionados ao Plano;<\/li>\n<li>fiscalizar e avaliar a implementa\u00e7\u00e3o do PCCTAE no \u00e2mbito da UFMG; propor \u00e0 Comiss\u00e3o Nacional de Supervis\u00e3o as altera\u00e7\u00f5es necess\u00e1rias ao aprimoramento do Plano, conforme o \u00a7 3o do art. 22 da Lei no 11.91\/2005;<\/li>\n<li>apresentar propostas e fiscalizar a elabora\u00e7\u00e3o e a execu\u00e7\u00e3o do plano de desenvolvimento de capacita\u00e7\u00e3o de pessoal e os programas de avalia\u00e7\u00e3o de desempenho e de dimensionamento das necessidades de pessoal e modelo de aloca\u00e7\u00e3o de vagas; avaliar anualmente as propostas de lota\u00e7\u00e3o da UFMG, conforme disposi\u00e7\u00e3o contida no inciso I, \u00a7 1o, art. 24 da Lei no 11.091\/2005;<\/li>\n<li>acompanhar o processo proposto pela \u00e1rea de gest\u00e3o de pessoas para identifica\u00e7\u00e3o dos ambientes organizacionais da UFMG, bem como dos cargos que os integram;<\/li>\n<li>examinar os casos omissos referentes ao PCCTAE e encaminh\u00e1-los \u00e0 Comiss\u00e3o Nacional de Supervis\u00e3o.<\/li>\n<\/ol>\n<p>O Regimento Interno da CIS\/UFMG, aprovado pelo Conselho Universit\u00e1rio, disp\u00f5e sobre a composi\u00e7\u00e3o, organiza\u00e7\u00e3o administrativa, atribui\u00e7\u00f5es e compet\u00eancias, elei\u00e7\u00f5es, mandatos e forma de funcionamento da Comiss\u00e3o.<\/p>\n<p><a href=\"https:\/\/www.ufmg.br\/prorh\/wp-content\/uploads\/2021\/10\/regimento_interno_cis_ufmg.pdf\" target=\"_blank\" rel=\"noopener\">Aqui voc\u00ea pode acessar a \u00edntegra do Regimento Interno da CIS\/UFMG<\/a><\/p>\n<p><a href=\"http:\/\/www.planalto.gov.br\/ccivil_03\/_ato2004-2006\/2005\/lei\/l11091.htm\" target=\"_blank\" rel=\"noopener\">Aqui voc\u00ea pode acessar a \u00edntegra do Plano de Carreira dos Cargos T\u00e9cnico-Administrativos em Educa\u00e7\u00e3o (Lei n\u00ba 11.091 de 2005)<\/a><\/p>\n<\/div><\/div><\/div><div class=\"ea-card  sp-ea-single\"><h3 class=\"ea-header\"><a class=\"collapsed\" data-sptoggle=\"spcollapse\" data-sptarget=#collapse12442 href=\"javascript:void(0)\" aria-expanded=\"false\"><i class=\"ea-expand-icon fa fa-plus\"><\/i> Organograma<\/a><\/h3><div class=\"sp-collapse spcollapse \" id=\"collapse12442\" data-parent=#sp-ea-1244><div class=\"ea-body\"><p><img class=\"aligncenter wp-image-4124 \" src=\"https:\/\/www.ufmg.br\/prorh\/wp-content\/uploads\/2024\/09\/Organograma-CIS-UFMG-2024.jpg\" alt=\"\" width=\"676\" height=\"507\" \/><\/p>\n<p>Membros da CIS comp\u00f5em tamb\u00e9m as seguintes Comiss\u00f5es Institucionais da UFMG:<\/p>\n<ul>\n<li>Coordena\u00e7\u00e3o Geral de Avalia\u00e7\u00e3o de Desempenho dos Servidores T\u00e9cnico-Administrativos em Educa\u00e7\u00e3o;<\/li>\n<li>Comiss\u00e3o Geral de Est\u00e1gio Probat\u00f3rio \u2013 CGESP;<\/li>\n<li>Comiss\u00e3o de Desenvolvimento para elaborar proposta de Plano de Desenvolvimento dos Servidores;<\/li>\n<li>Comiss\u00e3o Organizadora da Semana do Servidor.<\/li>\n<\/ul>\n<\/div><\/div><\/div><div class=\"ea-card  sp-ea-single\"><h3 class=\"ea-header\"><a class=\"collapsed\" data-sptoggle=\"spcollapse\" data-sptarget=#collapse12443 href=\"javascript:void(0)\" aria-expanded=\"false\"><i class=\"ea-expand-icon fa fa-plus\"><\/i> Equipe<\/a><\/h3><div class=\"sp-collapse spcollapse \" id=\"collapse12443\" data-parent=#sp-ea-1244><div class=\"ea-body\">\n<table id=\"tablepress-28\" class=\"tablepress tablepress-id-28\">\n<thead>\n<tr class=\"row-1 odd\">\n\t<th class=\"column-1\">SETOR<\/th><th class=\"column-2\">INTEGRANTES<\/th>\n<\/tr>\n<\/thead>\n<tbody class=\"row-hover\">\n<tr class=\"row-2 even\">\n\t<td class=\"column-1\">COORDENA\u00c7\u00c3O<\/td><td class=\"column-2\">Alex Goursand Macedo \u2013 Coordenador<br \/>\n<br \/>\nKayla Veruska Lopes da Silva \u2013 Coordenadora Adjunta<\/td>\n<\/tr>\n<tr class=\"row-3 odd\">\n\t<td class=\"column-1\">SECRETARIA ADMINISTRATIVA DA COMISS\u00c3O<\/td><td class=\"column-2\">Hilbert David de Oliveira Sousa<br \/>\n<br \/>\nRaimundo F\u00e1bio Alves Ferreira Chaves<\/td>\n<\/tr>\n<tr class=\"row-4 even\">\n\t<td class=\"column-1\">COMISS\u00c3O (Servidor\/a \u2013 Unidade)<\/td><td class=\"column-2\">Alex Goursand Macedo \u2013 ICEX<br \/>\n<br \/>\nAnderson Soares da Silva \u2013 FAFICH<br \/>\n<br \/>\nHelder de Castro Bernardes Barbosa \u2013 ICA<br \/>\n<br \/>\nHerivelton de Oliveira Ferraz \u2013 FAFICH<br \/>\n<br \/>\nJo\u00e3o Fernandes da Silva \u2013 ICEX<br \/>\n<br \/>\nKayla Veruska Lopes da Silva \u2013 ODONTO<br \/>\n<br \/>\nLuciana do Carmo \u2013 ICB<br \/>\n<br \/>\nL\u00facia Aparecida de Oliveira Pinto \u2013 TU<br \/>\n<br \/>\nLuiz Ant\u00f4nio de Faria Fonseca J\u00fanior \u2013 DAI<br \/>\n<br \/>\nManoel Patroc\u00ednio Maria \u2013 ICA<br \/>\n<br \/>\nRaimundo F\u00e1bio Alves Ferreira Chaves \u2013 PRORH\/CIS<\/td>\n<\/tr>\n<\/tbody>\n<\/table>\n<!-- #tablepress-28 from cache -->\n<\/div><\/div><\/div><div class=\"ea-card  sp-ea-single\"><h3 class=\"ea-header\"><a class=\"collapsed\" data-sptoggle=\"spcollapse\" data-sptarget=#collapse12444 href=\"javascript:void(0)\" aria-expanded=\"false\"><i class=\"ea-expand-icon fa fa-plus\"><\/i> Informes<\/a><\/h3><div class=\"sp-collapse spcollapse \" id=\"collapse12444\" data-parent=#sp-ea-1244><div class=\"ea-body\"><p><img class=\"wp-image-5014 size-full aligncenter\" src=\"https:\/\/www.ufmg.br\/prorh\/wp-content\/uploads\/2026\/03\/Comunicado-CIS.jpeg\" alt=\"\" width=\"671\" height=\"446\" \/><\/p>\n<hr \/>\n<p style=\"text-align: justify\">Est\u00e1 dispon\u00edvel no Portal Livros Abertos FaE\/UFMG o livro \"O ser e o fazer do t\u00e9cnico-administrativo em Educa\u00e7\u00e3o: aportes para a constru\u00e7\u00e3o de uma universidade democr\u00e1tica\". Esta obra apresenta uma an\u00e1lise qualitativa e quantitativa do Plano de Carreira e Cargos dos t\u00e9cnico-administrativos em Educa\u00e7\u00e3o na UFMG, com foco na excel\u00eancia da gest\u00e3o p\u00fablica e na constru\u00e7\u00e3o de uma universidade plural e inclusiva. O livro aborda temas como: O movimento hist\u00f3rico da constru\u00e7\u00e3o da carreira; Qualifica\u00e7\u00e3o, capacita\u00e7\u00e3o e desenvolvimento profissional; Gest\u00e3o democr\u00e1tica e participa\u00e7\u00e3o na pesquisa; Produ\u00e7\u00e3o intelectual e valoriza\u00e7\u00e3o dos trabalhadores; A dimens\u00e3o \u00e9tnico-racial na perspectiva dos atores envolvidos. Uma contribui\u00e7\u00e3o essencial para refletir sobre os desafios e caminhos na rela\u00e7\u00e3o entre trabalho e educa\u00e7\u00e3o, visando uma universidade mais democr\u00e1tica e equitativa.<\/p>\n<p><a href=\"https:\/\/livrosabertos.fae.ufmg.br\/index.php\/produto\/o-ser-e-o-fazer-dos-tecnico-administrativos-em-educacao-aportes-para-a-construcao-de-uma-universidade-democratica\/\">https:\/\/livrosabertos.fae.ufmg.br\/index.php\/produto\/o-ser-e-o-fazer-dos-tecnico-administrativos-em-educacao-aportes-para-a-construcao-de-uma-universidade-democratica <\/a><\/p>\n<hr \/>\n<p><a href=\"https:\/\/www.ufmg.br\/prorh\/wp-content\/uploads\/2025\/10\/Boletim-CIS-UFMG-no-07-2025.pdf\">Boletim CIS-PCCTAE\/UFMG N\u00ba 7 | setembro 2025<\/a><br \/>\n<a href=\"https:\/\/www.ufmg.br\/prorh\/wp-content\/uploads\/2025\/06\/Boletim-CIS-UFMG-no-06-2025.pdf\">Boletim CIS-PCCTAE\/UFMG n\u00ba 6 | junho 2025<\/a><br \/>\n<a href=\"https:\/\/www.ufmg.br\/prorh\/wp-content\/uploads\/2025\/04\/Boletim-CIS-UFMG-no-05-2025.pdf\">Boletim CIS-PCCTAE\/UFMG n\u00ba 5 | abril 2025<\/a><br \/>\n<a href=\"https:\/\/www.ufmg.br\/prorh\/wp-content\/uploads\/2025\/02\/Boletim-CIS-UFMG-no-04-2025.pdf\">Boletim CIS-PCCTAE\/UFMG n\u00ba 4 | fevereiro 2025<\/a><\/p>\n<hr \/>\n<p><a href=\"https:\/\/www.ufmg.br\/prorh\/wp-content\/uploads\/2025\/02\/Cronograma_cis_2025-Aprovado-em-13-12-24.pdf\">Cronograma de Reuni\u00f5es Ordin\u00e1rias da CIS\/UFMG - 2025<\/a><\/p>\n<hr \/>\n<p><a href=\"https:\/\/www.ufmg.br\/prorh\/wp-content\/uploads\/2025\/02\/Relatorio-Atividades-CIS-UFMG-2024.pdf\">Relat\u00f3rio das Atividades da CIS\/UFMG realizadas em 2024<\/a><\/p>\n<hr \/>\n<p><a href=\"https:\/\/www.ufmg.br\/prorh\/wp-content\/uploads\/2022\/12\/O-Perfil-da-Formacao-do-TAE-da-UFMG-2021.pdf\" target=\"_blank\" rel=\"noopener\">O Perfil da Forma\u00e7\u00e3o do TAE da UFMG - 2021<\/a><\/p>\n<\/div><\/div><\/div><div class=\"ea-card  sp-ea-single\"><h3 class=\"ea-header\"><a class=\"collapsed\" data-sptoggle=\"spcollapse\" data-sptarget=#collapse12445 href=\"javascript:void(0)\" aria-expanded=\"false\"><i class=\"ea-expand-icon fa fa-plus\"><\/i> Contatos<\/a><\/h3><div class=\"sp-collapse spcollapse \" id=\"collapse12445\" data-parent=#sp-ea-1244><div class=\"ea-body\"><p><strong>Secretaria Administrativa<\/strong><\/p>\n<ul>\n<li>E-mail: cis@prorh.ufmg.br<\/li>\n<li>Telefones: (31) 3409-6485<\/li>\n<\/ul>\n<\/div><\/div><\/div><div class=\"ea-card  sp-ea-single\"><h3 class=\"ea-header\"><a class=\"collapsed\" data-sptoggle=\"spcollapse\" data-sptarget=#collapse12446 href=\"javascript:void(0)\" aria-expanded=\"false\"><i class=\"ea-expand-icon fa fa-plus\"><\/i> Localiza\u00e7\u00e3o<\/a><\/h3><div class=\"sp-collapse spcollapse \" id=\"collapse12446\" data-parent=#sp-ea-1244><div class=\"ea-body\"><p>Universidade Federal de Minas Gerais<br \/>\nCampus Pampulha \u2013 Pr\u00e9dio da Biblioteca Central \u2013 Sala 117<br \/>\nAv. Ant\u00f4nio Carlos, 6627, Pampulha<br \/>\nCEP 31.270-901 \u2013 Belo Horizonte \u2013 MG<\/p>\n<\/div><\/div><\/div><\/div>\n","protected":false},"excerpt":{"rendered":"<p>Foto: Lucas Braga\/UFMG A CIS se encontra instalada no pr\u00e9dio [&hellip;]<\/p>\n","protected":false},"author":1,"featured_media":0,"parent":725,"menu_order":0,"comment_status":"closed","ping_status":"closed","template":"","meta":[],"tags":[],"_links":{"self":[{"href":"https:\/\/www.ufmg.br\/prorh\/wp-json\/wp\/v2\/pages\/1254"}],"collection":[{"href":"https:\/\/www.ufmg.br\/prorh\/wp-json\/wp\/v2\/pages"}],"about":[{"href":"https:\/\/www.ufmg.br\/prorh\/wp-json\/wp\/v2\/types\/page"}],"author":[{"embeddable":true,"href":"https:\/\/www.ufmg.br\/prorh\/wp-json\/wp\/v2\/users\/1"}],"replies":[{"embeddable":true,"href":"https:\/\/www.ufmg.br\/prorh\/wp-json\/wp\/v2\/comments?post=1254"}],"version-history":[{"count":10,"href":"https:\/\/www.ufmg.br\/prorh\/wp-json\/wp\/v2\/pages\/1254\/revisions"}],"predecessor-version":[{"id":2508,"href":"https:\/\/www.ufmg.br\/prorh\/wp-json\/wp\/v2\/pages\/1254\/revisions\/2508"}],"up":[{"embeddable":true,"href":"https:\/\/www.ufmg.br\/prorh\/wp-json\/wp\/v2\/pages\/725"}],"wp:attachment":[{"href":"https:\/\/www.ufmg.br\/prorh\/wp-json\/wp\/v2\/media?parent=1254"}],"wp:term":[{"taxonomy":"post_tag","embeddable":true,"href":"https:\/\/www.ufmg.br\/prorh\/wp-json\/wp\/v2\/tags?post=1254"}],"curies":[{"name":"wp","href":"https:\/\/api.w.org\/{rel}","templated":true}]}}