{"id":1266,"date":"2021-10-06T15:36:25","date_gmt":"2021-10-06T18:36:25","guid":{"rendered":"https:\/\/www.ufmg.br\/prorh\/?page_id=1266"},"modified":"2021-11-09T18:05:35","modified_gmt":"2021-11-09T21:05:35","slug":"drh-departamento-de-desenvolvimento-de-recursos-humanos","status":"publish","type":"page","link":"https:\/\/www.ufmg.br\/prorh\/a-prorh\/estrutura-2\/drh-departamento-de-desenvolvimento-de-recursos-humanos\/","title":{"rendered":"DRH (Departamento de Desenvolvimento de Recursos Humanos)"},"content":{"rendered":"<h6><a href=\"https:\/\/www.ufmg.br\/prorh\/wp-content\/uploads\/2021\/11\/16033512786_6532aeef6a_o-1-scaled-e1636163384946.jpg\"><img loading=\"lazy\" class=\"alignnone wp-image-1947 size-full\" src=\"https:\/\/www.ufmg.br\/prorh\/wp-content\/uploads\/2021\/11\/16033512786_6532aeef6a_o-1-scaled-e1636491930764.jpg\" alt=\"\" width=\"780\" height=\"300\" \/><\/a><\/h6>\n<h6><em>Foto: Lucas Braga\/UFMG<\/em><\/h6>\n<p>&nbsp;<\/p>\n<div id=\"sp-ea-1250\" class=\"sp-ea-one sp-easy-accordion\" data-ex-icon=\"fa-minus\" data-col-icon=\"fa-plus\"  data-ea-active=\"ea-click\"  data-ea-mode=\"vertical\" data-preloader=\"\"><div class=\"ea-card ea-expand sp-ea-single\"><h3 class=\"ea-header\"><a class=\"collapsed\" data-sptoggle=\"spcollapse\" data-sptarget=#collapse12500 href=\"javascript:void(0)\" aria-expanded=\"true\"><i class=\"ea-expand-icon fa fa-minus\"><\/i> Sobre<\/a><\/h3><div class=\"sp-collapse spcollapse collapsed show\" id=\"collapse12500\" data-parent=#sp-ea-1250><div class=\"ea-body\"><p style=\"text-align: justify\">O Departamento de Desenvolvimento de Recursos Humanos (DRH) comp\u00f5e a estrutura da Pr\u00f3-Reitoria de Recursos Humanos (PRORH) e \u00e9 respons\u00e1vel pelo planejamento, execu\u00e7\u00e3o e acompanhamento das a\u00e7\u00f5es de gest\u00e3o de pessoas da Universidade.<\/p>\n<\/div><\/div><\/div><div class=\"ea-card  sp-ea-single\"><h3 class=\"ea-header\"><a class=\"collapsed\" data-sptoggle=\"spcollapse\" data-sptarget=#collapse12501 href=\"javascript:void(0)\" aria-expanded=\"false\"><i class=\"ea-expand-icon fa fa-plus\"><\/i> Atribui\u00e7\u00f5es<\/a><\/h3><div class=\"sp-collapse spcollapse \" id=\"collapse12501\" data-parent=#sp-ea-1250><div class=\"ea-body\"><p style=\"text-align: justify\">Compete ao DRH a execu\u00e7\u00e3o de programas de capacita\u00e7\u00e3o, o gerenciamento de processos de provimento e de movimenta\u00e7\u00e3o interna e externa dos servidores, a an\u00e1lise de processos de progress\u00e3o por capacita\u00e7\u00e3o, de incentivo \u00e0 qualifica\u00e7\u00e3o, de afastamentos para estudo de servidores T\u00e9cnico-Administrativos em Educa\u00e7\u00e3o, a execu\u00e7\u00e3o do Plano de Desenvolvimento de Pessoal, a execu\u00e7\u00e3o do Programa de Educa\u00e7\u00e3o para a Aposentadoria (PEA) e o acompanhamento funcional dos servidores, dentre outras atividades.<\/p>\n<p style=\"text-align: justify\">Al\u00e9m das a\u00e7\u00f5es acima elencadas, juntamente com o Gabinete da PRORH, est\u00e1 a tarefa de propor, implementar e acompanhar projetos de distribui\u00e7\u00e3o e adequa\u00e7\u00e3o do corpo t\u00e9cnico-administrativo da Universidade.<\/p>\n<p style=\"text-align: justify\">O DRH tamb\u00e9m oferece apoio \u00e0s Unidades Acad\u00eamicas e aos \u00f3rg\u00e3os da Universidade nos temas referentes \u00e0 \u00e1rea de gest\u00e3o de pessoas.<\/p>\n<p style=\"text-align: justify\">Os dados referentes \u00e0s nomea\u00e7\u00f5es de concursos p\u00fablicos podem ser acessados no Di\u00e1rio Oficial da Uni\u00e3o e no endere\u00e7o eletr\u00f4nico https:\/\/www2.ufmg.br\/concursos. No endere\u00e7o eletr\u00f4nico citado, constam dados relativos aos editais os quais nortearam os concursos p\u00fablicos, al\u00e9m de dados dos servidores nomeados, por modalidade de concorr\u00eancia.<\/p>\n<hr \/>\n<p><a href=\"https:\/\/www.ufmg.br\/prorh\/wp-content\/uploads\/2026\/04\/PORTARIA-2809-2026-Subdelegacao-de-competencias-DRH.pdf\">Portaria de Subdelega\u00e7\u00e3o de Compet\u00eancias<\/a><\/p>\n<\/div><\/div><\/div><div class=\"ea-card  sp-ea-single\"><h3 class=\"ea-header\"><a class=\"collapsed\" data-sptoggle=\"spcollapse\" data-sptarget=#collapse12502 href=\"javascript:void(0)\" aria-expanded=\"false\"><i class=\"ea-expand-icon fa fa-plus\"><\/i> Organograma<\/a><\/h3><div class=\"sp-collapse spcollapse \" id=\"collapse12502\" data-parent=#sp-ea-1250><div class=\"ea-body\"><p><a href=\"https:\/\/www.ufmg.br\/prorh\/wp-content\/uploads\/2023\/05\/ORGANOGRAMA-DRH-2022.jpg\"><img class=\"wp-image-2045 size-full aligncenter\" src=\"https:\/\/www.ufmg.br\/prorh\/wp-content\/uploads\/2023\/05\/ORGANOGRAMA-DRH-2022.jpg\" alt=\"\" width=\"693\" height=\"310\" \/><\/a><\/p>\n<\/div><\/div><\/div><div class=\"ea-card  sp-ea-single\"><h3 class=\"ea-header\"><a class=\"collapsed\" data-sptoggle=\"spcollapse\" data-sptarget=#collapse12503 href=\"javascript:void(0)\" aria-expanded=\"false\"><i class=\"ea-expand-icon fa fa-plus\"><\/i> Equipe<\/a><\/h3><div class=\"sp-collapse spcollapse \" id=\"collapse12503\" data-parent=#sp-ea-1250><div class=\"ea-body\">\n<table id=\"tablepress-20\" class=\"tablepress tablepress-id-20\">\n<thead>\n<tr class=\"row-1 odd\">\n\t<th class=\"column-1\">SETOR<\/th><th class=\"column-2\">CHEFIA<\/th>\n<\/tr>\n<\/thead>\n<tbody class=\"row-hover\">\n<tr class=\"row-2 even\">\n\t<td class=\"column-1\">DIRETORIA<\/td><td class=\"column-2\">Diretor-Geral:<br \/>\nKildrei Alcantara Neri<br \/>\n<br \/>\nVice-Diretora Geral:<br \/>\nByanka Karolyne Dias da Silva<\/td>\n<\/tr>\n<tr class=\"row-3 odd\">\n\t<td class=\"column-1\">ASSESSORIA T\u00c9CNICA<\/td><td class=\"column-2\">Coordenadora:<br \/>\nNat\u00e1lia Fernandes Kelles<br \/>\n<br \/>\nVice-Coordenador(a):<br \/>\n-<\/td>\n<\/tr>\n<tr class=\"row-4 even\">\n\t<td class=\"column-1\">DIVIS\u00c3O DE APOIO ADMINISTRATIVO<\/td><td class=\"column-2\">Diretora:<br \/>\nRosilene Alves Ribeiro<br \/>\n<br \/>\nVice-Diretora:<br \/>\nK\u00eania Raiza Fernandes Pimenta<\/td>\n<\/tr>\n<tr class=\"row-5 odd\">\n\t<td class=\"column-1\">DIVIS\u00c3O DE DESENVOLVIMENTO DE PESSOAL<br \/>\n<\/td><td class=\"column-2\">Diretor:<br \/>\nFilipe Amaral Rocha de Menezes<br \/>\n<br \/>\nVice-Diretor(a):<br \/>\n-<\/td>\n<\/tr>\n<tr class=\"row-6 even\">\n\t<td class=\"column-1\">DIVIS\u00c3O DE PROVIMENTO E MOVIMENTA\u00c7\u00c3O<\/td><td class=\"column-2\">Diretora:<br \/>\nNat\u00e1lia Santos Garcia <br \/>\n<br \/>\nVice-Diretora:<br \/>\nFel\u00edcia Maria Pereira dos Santos<\/td>\n<\/tr>\n<tr class=\"row-7 odd\">\n\t<td class=\"column-1\">DIVIS\u00c3O DE ACOMPANHAMENTO FUNCIONAL<\/td><td class=\"column-2\">Diretora:<br \/>\nDaniela Leonel de Paula Mendes<br \/>\n<br \/>\nVice-Diretora:<br \/>\nAna Paula Dias Macedo Pereira<\/td>\n<\/tr>\n<\/tbody>\n<\/table>\n<!-- #tablepress-20 from cache -->\n<\/div><\/div><\/div><div class=\"ea-card  sp-ea-single\"><h3 class=\"ea-header\"><a class=\"collapsed\" data-sptoggle=\"spcollapse\" data-sptarget=#collapse12504 href=\"javascript:void(0)\" aria-expanded=\"false\"><i class=\"ea-expand-icon fa fa-plus\"><\/i> Informes<\/a><\/h3><div class=\"sp-collapse spcollapse \" id=\"collapse12504\" data-parent=#sp-ea-1250><div class=\"ea-body\"><ul>\n<li><a href=\"https:\/\/www.ufmg.br\/prorh\/wp-content\/uploads\/2024\/08\/Conecta-DRH_Edic\u0327a\u0303o-1.pdf\">Conecta DRH Edic\u0327a\u0303o n\u00ba 1 | junho 2024<\/a><\/li>\n<li><a href=\"https:\/\/www.ufmg.br\/prorh\/wp-content\/uploads\/2024\/08\/Conecta-DRH_Edic\u0327a\u0303o-2.pdf\">Conecta DRH Edic\u0327a\u0303o n\u00ba 2 | julho 2024<\/a><\/li>\n<li><a href=\"https:\/\/www.ufmg.br\/prorh\/wp-content\/uploads\/2024\/08\/Conecta-DRH_Edic\u0327a\u0303o-3.pdf\">Conecta DRH Edic\u0327a\u0303o n\u00ba 3 | agosto 2024<\/a><\/li>\n<li><a href=\"https:\/\/www.ufmg.br\/prorh\/wp-content\/uploads\/2024\/09\/Conecta-DRH_Edicao-4.pdf\">Conecta DRH Edic\u0327a\u0303o n\u00ba 4 | setembro 2024<\/a><\/li>\n<li><a href=\"https:\/\/www.ufmg.br\/prorh\/wp-content\/uploads\/2024\/10\/Conecta-DRH_Edicao-5.pdf\">Conecta DRH Edic\u0327a\u0303o n\u00ba 5 | outubro 2024<\/a><\/li>\n<li><a href=\"https:\/\/www.ufmg.br\/prorh\/wp-content\/uploads\/2024\/12\/Conecta-DRH_Edicao-6.pdf\">Conecta DRH Edic\u0327a\u0303o n\u00ba 6 | novembro 2024<\/a><\/li>\n<li><a href=\"https:\/\/www.ufmg.br\/prorh\/wp-content\/uploads\/2024\/12\/Conecta-DRH_Edicao-7.pdf\">Conecta DRH Edic\u0327a\u0303o n\u00ba 7 | dezembro 2024<\/a><\/li>\n<li><a href=\"https:\/\/www.ufmg.br\/prorh\/wp-content\/uploads\/2025\/01\/Conecta-DRH_Edicao-8.pdf\">Conecta DRH Edic\u0327a\u0303o n\u00ba 8 | janeiro 2025<\/a><\/li>\n<li><a href=\"https:\/\/www.ufmg.br\/prorh\/wp-content\/uploads\/2025\/02\/Conecta-DRH_Edicao-9.pdf\">Conecta DRH Edic\u0327a\u0303o n\u00ba 9 | fevereiro 2025<\/a><\/li>\n<li><a href=\"https:\/\/www.ufmg.br\/prorh\/wp-content\/uploads\/2025\/03\/Conecta-DRH_Edicao-10.pdf\">Conecta DRH Edi\u00e7\u00e3o n\u00ba 10 | mar\u00e7o 2025<\/a><\/li>\n<li><a href=\"https:\/\/www.ufmg.br\/prorh\/wp-content\/uploads\/2025\/04\/Conecta-DRH_Edicao-11.pdf\">Conecta DRH Edi\u00e7\u00e3o n\u00ba 11 | abril 2025<\/a><\/li>\n<li><a href=\"https:\/\/www.ufmg.br\/prorh\/wp-content\/uploads\/2025\/05\/Conecta-DRH_Edicao-12.pdf\">Conecta DRH Edi\u00e7\u00e3o n\u00ba 12 | maio 2025<\/a><\/li>\n<li><a href=\"https:\/\/www.ufmg.br\/prorh\/wp-content\/uploads\/2025\/06\/Conecta-DRH_Edicao-13.pdf\">Conecta DRH Edi\u00e7\u00e3o n\u00ba 13 | junho 2025<\/a><\/li>\n<li><a href=\"https:\/\/www.ufmg.br\/prorh\/wp-content\/uploads\/2025\/07\/Conecta-DRH_Edicao-14.pdf\">Conecta DRH Edi\u00e7\u00e3o n\u00ba 14 | julho 2025<\/a><\/li>\n<li><a href=\"https:\/\/www.ufmg.br\/prorh\/wp-content\/uploads\/2025\/08\/Conecta-DRH_Edic\u0327a\u0303o-15.pdf\">Conecta DRH Edi\u00e7\u00e3o n\u00ba 15 | agosto 2025<\/a><\/li>\n<li><a href=\"https:\/\/www.ufmg.br\/prorh\/wp-content\/uploads\/2025\/09\/Conecta-DRH_Edic\u0327a\u0303o-16.pdf\">Conecta DRH Edi\u00e7\u00e3o n\u00ba 16 | setembro 2025<\/a><\/li>\n<li><a href=\"https:\/\/www.ufmg.br\/prorh\/wp-content\/uploads\/2025\/10\/Conecta-DRH-Edic\u0327a\u0303o-17.pdf\">Conecta DRH Edi\u00e7\u00e3o n\u00ba 17 | outubro 2025<\/a><\/li>\n<li><a href=\"https:\/\/www.ufmg.br\/prorh\/wp-content\/uploads\/2025\/11\/Conecta-DRH-Edic\u0327a\u0303o-18.pdf\">Conecta DRH Edic\u0327a\u0303o n\u00ba 18 | novembro 2025<\/a><\/li>\n<li><a href=\"https:\/\/www.ufmg.br\/prorh\/wp-content\/uploads\/2025\/12\/Conecta-DRH-Edicao-19.pdf\">Conecta DRH Edic\u0327a\u0303o n\u00ba 19 | dezembro 2025<\/a><\/li>\n<li><a href=\"https:\/\/www.ufmg.br\/prorh\/wp-content\/uploads\/2026\/01\/Conecta-DRH-Edicao-20.pdf\">Conecta DRH Edi\u00e7\u00e3o n\u00ba 20 | janeiro 2026<\/a><\/li>\n<li><a href=\"https:\/\/www.ufmg.br\/prorh\/wp-content\/uploads\/2026\/02\/Conecta-DRH-Edicao-21.pdf\">Conecta DRH Edi\u00e7\u00e3o n\u00ba 21 | fevereiro 2026<\/a><\/li>\n<li><a href=\"https:\/\/www.ufmg.br\/prorh\/wp-content\/uploads\/2026\/03\/Conecta-DRH-Edicao-22.pdf\">Conecta DRH Edi\u00e7\u00e3o n\u00ba 22 | mar\u00e7o 2026<\/a><\/li>\n<li><a href=\"https:\/\/www.ufmg.br\/prorh\/wp-content\/uploads\/2026\/04\/Conecta-DRH-Edicao-23.pdf\">Conecta DRH Edi\u00e7\u00e3o n\u00ba 23 | abril 2026<\/a><\/li>\n<\/ul>\n<\/div><\/div><\/div><div class=\"ea-card  sp-ea-single\"><h3 class=\"ea-header\"><a class=\"collapsed\" data-sptoggle=\"spcollapse\" data-sptarget=#collapse12505 href=\"javascript:void(0)\" aria-expanded=\"false\"><i class=\"ea-expand-icon fa fa-plus\"><\/i> Contatos<\/a><\/h3><div class=\"sp-collapse spcollapse \" id=\"collapse12505\" data-parent=#sp-ea-1250><div class=\"ea-body\"><p><strong>Diretoria<\/strong><\/p>\n<ul>\n<li>E-mail: dir@drh.ufmg.br<\/li>\n<li>Telefone: (31) 3409-3940<\/li>\n<\/ul>\n<p><strong>Assessoria T\u00e9cnica<\/strong><\/p>\n<ul>\n<li>E-mail:\u00a0assessoria@drh.ufmg.br<\/li>\n<li>Telefone: (31) 3409-4598<\/li>\n<\/ul>\n<p><strong>Divis\u00e3o de Apoio Administrativo (DAA)<\/strong><\/p>\n<ul>\n<li>E-mail: daa@drh.ufmg.br<\/li>\n<li>Telefone: (31) 3409-4486\/4487\/3230\/3231<\/li>\n<\/ul>\n<p><strong>Divis\u00e3o de Provimento e Movimenta\u00e7\u00e3o<\/strong><strong> (DPM)<\/strong><\/p>\n<ul>\n<li>E-mail: dpm@drh.ufmg.br<\/li>\n<li>Telefone: (31) 3409-3288<\/li>\n<\/ul>\n<p><strong>Contatos espec\u00edficos<\/strong><\/p>\n<ul>\n<li><em><strong>Admiss\u00e3o e Contrata\u00e7\u00e3o de T\u00e9cnico-Administrativo em Educa\u00e7\u00e3o<\/strong><\/em><\/li>\n<li>admissaotae@drh.ufmg.br<\/li>\n<\/ul>\n<ul>\n<li><em><strong>Admiss\u00e3o e Contrata\u00e7\u00e3o de Docente<\/strong><\/em><\/li>\n<li>admissaodocente@drh.ufmg.br<\/li>\n<\/ul>\n<ul>\n<li><strong><em>Cess\u00e3o, Colabora\u00e7\u00e3o T\u00e9cnica, Exerc\u00edcio Provis\u00f3rio na UFMG, Movimenta\u00e7\u00e3o para compor a for\u00e7a de trabalho, Redistribui\u00e7\u00e3o, Remo\u00e7\u00e3o Judicial, Requisi\u00e7\u00e3o, outras movimenta\u00e7\u00f5es externas, retornos de movimenta\u00e7\u00e3o e Ajuda de Custo das movimenta\u00e7\u00f5es externas<\/em><\/strong><\/li>\n<li>movimentacao@drh.ufmg.br<\/li>\n<\/ul>\n<ul>\n<li><strong><em>Recondu\u00e7\u00e3o e Revers\u00e3o<\/em><\/strong><\/li>\n<li>dpm@drh.ufmg.br<\/li>\n<\/ul>\n<ul>\n<li><strong><em>Remo\u00e7\u00e3o<\/em>\u00a0<\/strong><\/li>\n<li>remocao@drh.ufmg.br<\/li>\n<\/ul>\n<p><strong>Divis\u00e3o de Desenvolvimento de Pessoal (DDP)<\/strong><\/p>\n<ul>\n<li>E-mail: ddp@drh.ufmg.br<\/li>\n<li>Telefone: (31) 3409-3245<\/li>\n<\/ul>\n<p><strong>Divis\u00e3o de Acompanhamento Funcional (DAF)<\/strong><\/p>\n<ul>\n<li>E-mail: daf@drh.ufmg.br<\/li>\n<li>Telefone:\u00a0(31) 3409-4497\/3242<\/li>\n<\/ul>\n<p><strong>Contatos espec\u00edficos<\/strong><\/p>\n<ul>\n<li><strong><em>Acompanhamento Funcional<\/em><\/strong><\/li>\n<li>E-mail: acompanhamento@drh.ufmg.br<\/li>\n<li>Telefone: (31) 3409-3244\/3248\/3251\/3274\/4493\/4496<\/li>\n<\/ul>\n<ul>\n<li><em><strong>Acompanhamento Introdut\u00f3rio<\/strong><\/em><\/li>\n<li>E-mail: aci-pti@drh.ufmg.br<\/li>\n<li>Telefone: (31) 3409-3238\/4474<\/li>\n<\/ul>\n<ul>\n<li><strong><em>Avalia\u00e7\u00e3o de Desempenho<\/em><\/strong><\/li>\n<li>E-mail: avaliacao@prorh.ufmg.br<\/li>\n<li>Telefone: (31) 3409-3236<\/li>\n<\/ul>\n<ul>\n<li><em><strong>Est\u00e1gio Probat\u00f3rio<\/strong><\/em><\/li>\n<li>E-mail: estagioprobatorio@drh.ufmg.br<\/li>\n<li>Telefone: (31) 3409-3233\/4492<\/li>\n<\/ul>\n<\/div><\/div><\/div><div class=\"ea-card  sp-ea-single\"><h3 class=\"ea-header\"><a class=\"collapsed\" data-sptoggle=\"spcollapse\" data-sptarget=#collapse12506 href=\"javascript:void(0)\" aria-expanded=\"false\"><i class=\"ea-expand-icon fa fa-plus\"><\/i> Localiza\u00e7\u00e3o<\/a><\/h3><div class=\"sp-collapse spcollapse \" id=\"collapse12506\" data-parent=#sp-ea-1250><div class=\"ea-body\"><p><span class=\"TextRun SCXW200433009 BCX0\" lang=\"PT-BR\" xml:lang=\"PT-BR\" data-contrast=\"auto\">Universidade Federal de Minas Gerais<\/span><span class=\"LineBreakBlob BlobObject DragDrop SCXW200433009 BCX0\"><span class=\"SCXW200433009 BCX0\">\u00a0<\/span><br class=\"SCXW200433009 BCX0\" \/><\/span><span class=\"TextRun SCXW200433009 BCX0\" lang=\"PT-BR\" xml:lang=\"PT-BR\" data-contrast=\"auto\">Campus Pampulha \u2013 Unidade Administrativa III \u2013\u00a0T<\/span><span class=\"TextRun Highlight SCXW200433009 BCX0\" lang=\"PT-BR\" xml:lang=\"PT-BR\" data-contrast=\"auto\"><span class=\"NormalTextRun SCXW200433009 BCX0\">\u00e9rreo<\/span><\/span><span class=\"TextRun SCXW200433009 BCX0\" lang=\"PT-BR\" xml:lang=\"PT-BR\" data-contrast=\"auto\">\u00a0<\/span><span class=\"LineBreakBlob BlobObject DragDrop SCXW200433009 BCX0\"><span class=\"SCXW200433009 BCX0\">\u00a0<\/span><br class=\"SCXW200433009 BCX0\" \/><\/span><span class=\"TextRun SCXW200433009 BCX0\" lang=\"PT-BR\" xml:lang=\"PT-BR\" data-contrast=\"auto\">Av. Ant\u00f4nio Carlos, 6.627, Pampulha<\/span><span class=\"LineBreakBlob BlobObject DragDrop SCXW200433009 BCX0\"><span class=\"SCXW200433009 BCX0\">\u00a0<\/span><br class=\"SCXW200433009 BCX0\" \/><\/span><span class=\"TextRun SCXW200433009 BCX0\" lang=\"PT-BR\" xml:lang=\"PT-BR\" data-contrast=\"auto\">CEP 31.270-901 \u2013 Belo Horizonte \u2013 MG<\/span><span class=\"EOP SCXW200433009 BCX0\">\u00a0<\/span><\/p>\n<\/div><\/div><\/div><\/div>\n","protected":false},"excerpt":{"rendered":"<p>Foto: Lucas Braga\/UFMG &nbsp;<\/p>\n","protected":false},"author":1,"featured_media":0,"parent":725,"menu_order":0,"comment_status":"closed","ping_status":"closed","template":"","meta":[],"tags":[],"_links":{"self":[{"href":"https:\/\/www.ufmg.br\/prorh\/wp-json\/wp\/v2\/pages\/1266"}],"collection":[{"href":"https:\/\/www.ufmg.br\/prorh\/wp-json\/wp\/v2\/pages"}],"about":[{"href":"https:\/\/www.ufmg.br\/prorh\/wp-json\/wp\/v2\/types\/page"}],"author":[{"embeddable":true,"href":"https:\/\/www.ufmg.br\/prorh\/wp-json\/wp\/v2\/users\/1"}],"replies":[{"embeddable":true,"href":"https:\/\/www.ufmg.br\/prorh\/wp-json\/wp\/v2\/comments?post=1266"}],"version-history":[{"count":6,"href":"https:\/\/www.ufmg.br\/prorh\/wp-json\/wp\/v2\/pages\/1266\/revisions"}],"predecessor-version":[{"id":2023,"href":"https:\/\/www.ufmg.br\/prorh\/wp-json\/wp\/v2\/pages\/1266\/revisions\/2023"}],"up":[{"embeddable":true,"href":"https:\/\/www.ufmg.br\/prorh\/wp-json\/wp\/v2\/pages\/725"}],"wp:attachment":[{"href":"https:\/\/www.ufmg.br\/prorh\/wp-json\/wp\/v2\/media?parent=1266"}],"wp:term":[{"taxonomy":"post_tag","embeddable":true,"href":"https:\/\/www.ufmg.br\/prorh\/wp-json\/wp\/v2\/tags?post=1266"}],"curies":[{"name":"wp","href":"https:\/\/api.w.org\/{rel}","templated":true}]}}