{"id":3864,"date":"2024-03-19T15:43:26","date_gmt":"2024-03-19T18:43:26","guid":{"rendered":"https:\/\/www.ufmg.br\/prorh\/?page_id=3864"},"modified":"2024-03-19T15:47:25","modified_gmt":"2024-03-19T18:47:25","slug":"estagio-pfpc-fump","status":"publish","type":"page","link":"https:\/\/www.ufmg.br\/prorh\/estagio-pfpc-fump\/","title":{"rendered":"Est\u00e1gio PFPC\/FUMP"},"content":{"rendered":"<p>Orienta\u00e7\u00f5es e informa\u00e7\u00f5es gerais diretamente relacionadas \u00e0s quest\u00f5es de est\u00e1gio PFPC\/FUMP.<\/p>\n<p>&nbsp;<\/p>\n<div id=\"sp-ea-3863\" class=\"sp-ea-one sp-easy-accordion\" data-ex-icon=\"fa-minus\" data-col-icon=\"fa-plus\"  data-ea-active=\"ea-click\"  data-ea-mode=\"vertical\" data-preloader=\"\"><div class=\"ea-card  sp-ea-single\"><h3 class=\"ea-header\"><a class=\"collapsed\" data-sptoggle=\"spcollapse\" data-sptarget=#collapse38630 href=\"javascript:void(0)\" aria-expanded=\"false\"><i class=\"ea-expand-icon fa fa-plus\"><\/i> Altera\u00e7\u00e3o contratual<\/a><\/h3><div class=\"sp-collapse spcollapse spcollapse\" id=\"collapse38630\" data-parent=#sp-ea-3863><div class=\"ea-body\"><blockquote><p>Caso haja mudan\u00e7a em cl\u00e1usula do Termo de Compromisso de Est\u00e1gio, o(a) supervisor(a) de est\u00e1gio redigir\u00e1 Termo Aditivo e encaminhar\u00e1, via SEI, ao Setor de Est\u00e1gio da Funda\u00e7\u00e3o Universit\u00e1ria Mendes Pimentel (FUMP).<\/p><\/blockquote>\n<h5><strong>Para mais informa\u00e7\u00f5es acesse:<br \/>\n<\/strong><\/h5>\n<ul>\n<li><a href=\"https:\/\/sei.ufmg.br\/index.php\/2019\/08\/28\/base-de-conhecimento\/?id_procedimento=100000176&id_base=1313\">Base de conhecimento<\/a><\/li>\n<\/ul>\n<\/div><\/div><\/div><div class=\"ea-card  sp-ea-single\"><h3 class=\"ea-header\"><a class=\"collapsed\" data-sptoggle=\"spcollapse\" data-sptarget=#collapse38631 href=\"javascript:void(0)\" aria-expanded=\"false\"><i class=\"ea-expand-icon fa fa-plus\"><\/i> Apura\u00e7\u00e3o de frequ\u00eancia<\/a><\/h3><div class=\"sp-collapse spcollapse spcollapse\" id=\"collapse38631\" data-parent=#sp-ea-3863><div class=\"ea-body\"><blockquote><p>A apura\u00e7\u00e3o da frequ\u00eancia de estagi\u00e1rio(a) ser\u00e1 realizada atrav\u00e9s de folha de presen\u00e7a impressa com encaminhamento, via Sistema Eletr\u00f4nico de Informa\u00e7\u00f5es (SEI), para o Setor de Est\u00e1gio da Funda\u00e7\u00e3o Universit\u00e1ria Mendes Pimentel (FUMP).<\/p><\/blockquote>\n<h5><strong>Para mais informa\u00e7\u00f5es acesse:<br \/>\n<\/strong><\/h5>\n<ul>\n<li><a href=\"https:\/\/sei.ufmg.br\/index.php\/2019\/08\/28\/base-de-conhecimento\/?id_procedimento=100000176&id_base=1306\">Base de conhecimento<\/a><\/li>\n<\/ul>\n<\/div><\/div><\/div><div class=\"ea-card  sp-ea-single\"><h3 class=\"ea-header\"><a class=\"collapsed\" data-sptoggle=\"spcollapse\" data-sptarget=#collapse38632 href=\"javascript:void(0)\" aria-expanded=\"false\"><i class=\"ea-expand-icon fa fa-plus\"><\/i> Avalia\u00e7\u00e3o de est\u00e1gio pelo(a) estudante<\/a><\/h3><div class=\"sp-collapse spcollapse spcollapse\" id=\"collapse38632\" data-parent=#sp-ea-3863><div class=\"ea-body\"><blockquote><p>O(a) estudante preencher\u00e1 formul\u00e1rio de avalia\u00e7\u00e3o de est\u00e1gio a cada 6 (seis) meses estagiados e encaminhar\u00e1 o documento para o Setor de Est\u00e1gio da Funda\u00e7\u00e3o Universit\u00e1ria Mendes Pimentel (FUMP).<\/p><\/blockquote>\n<h5><strong>Para mais informa\u00e7\u00f5es acesse:<br \/>\n<\/strong><\/h5>\n<ul>\n<li><a href=\"https:\/\/sei.ufmg.br\/index.php\/2019\/08\/28\/base-de-conhecimento\/?id_procedimento=100000176&id_base=1309\">Base de conhecimento<\/a><\/li>\n<\/ul>\n<\/div><\/div><\/div><div class=\"ea-card  sp-ea-single\"><h3 class=\"ea-header\"><a class=\"collapsed\" data-sptoggle=\"spcollapse\" data-sptarget=#collapse38633 href=\"javascript:void(0)\" aria-expanded=\"false\"><i class=\"ea-expand-icon fa fa-plus\"><\/i> Avalia\u00e7\u00e3o de est\u00e1gio pelo(a) supervisor(a)<\/a><\/h3><div class=\"sp-collapse spcollapse spcollapse\" id=\"collapse38633\" data-parent=#sp-ea-3863><div class=\"ea-body\"><blockquote><p>O(a) supervisor(a) de est\u00e1gio redigir\u00e1 formul\u00e1rio de avalia\u00e7\u00e3o do(a) educando(a) a cada 6 (seis) meses e encaminhar\u00e1, via SEI, para o Setor de Est\u00e1gio da Funda\u00e7\u00e3o Universit\u00e1ria Mendes Pimentel (FUMP).<\/p><\/blockquote>\n<h5><strong>Para mais informa\u00e7\u00f5es acesse:<br \/>\n<\/strong><\/h5>\n<ul>\n<li><a href=\"https:\/\/sei.ufmg.br\/index.php\/2019\/08\/28\/base-de-conhecimento\/?id_procedimento=100000176&id_base=1308\">Base de conhecimento<\/a><\/li>\n<\/ul>\n<\/div><\/div><\/div><div class=\"ea-card  sp-ea-single\"><h3 class=\"ea-header\"><a class=\"collapsed\" data-sptoggle=\"spcollapse\" data-sptarget=#collapse38634 href=\"javascript:void(0)\" aria-expanded=\"false\"><i class=\"ea-expand-icon fa fa-plus\"><\/i> Comprova\u00e7\u00e3o de est\u00e1gio<\/a><\/h3><div class=\"sp-collapse spcollapse spcollapse\" id=\"collapse38634\" data-parent=#sp-ea-3863><div class=\"ea-body\"><blockquote><p>O(a) estudante poder\u00e1 ter seu est\u00e1gio comprovado atrav\u00e9s de declara\u00e7\u00e3o\/certificado do Setor de Est\u00e1gio da Funda\u00e7\u00e3o Universit\u00e1ria Mendes Pimentel (FUMP). A comprova\u00e7\u00e3o ser\u00e1 efetuada para bolsas finalizadas e em andamento, devendo a solicita\u00e7\u00e3o ser realizada pelo(a) estudante.<\/p><\/blockquote>\n<h5><strong>Para mais informa\u00e7\u00f5es acesse:<br \/>\n<\/strong><\/h5>\n<ul>\n<li><a href=\"https:\/\/sei.ufmg.br\/index.php\/2019\/08\/28\/base-de-conhecimento\/?id_procedimento=100000176&id_base=1311\">Base de conhecimento<\/a><\/li>\n<\/ul>\n<\/div><\/div><\/div><div class=\"ea-card  sp-ea-single\"><h3 class=\"ea-header\"><a class=\"collapsed\" data-sptoggle=\"spcollapse\" data-sptarget=#collapse38635 href=\"javascript:void(0)\" aria-expanded=\"false\"><i class=\"ea-expand-icon fa fa-plus\"><\/i> Contrata\u00e7\u00e3o<\/a><\/h3><div class=\"sp-collapse spcollapse spcollapse\" id=\"collapse38635\" data-parent=#sp-ea-3863><div class=\"ea-body\"><blockquote><p>Est\u00e1gio \u00e9 ato educativo escolar supervisionado, desenvolvido no ambiente de trabalho, que visa \u00e0 prepara\u00e7\u00e3o para o trabalho produtivo de educandos(as) que estejam frequentando o ensino regular.<\/p><\/blockquote>\n<h5><strong>Para mais informa\u00e7\u00f5es acesse:<br \/>\n<\/strong><\/h5>\n<ul>\n<li><a href=\"https:\/\/sei.ufmg.br\/index.php\/2019\/08\/28\/base-de-conhecimento\/?id_procedimento=100000176&id_base=1305\">Base de conhecimento<\/a><\/li>\n<\/ul>\n<\/div><\/div><\/div><div class=\"ea-card  sp-ea-single\"><h3 class=\"ea-header\"><a class=\"collapsed\" data-sptoggle=\"spcollapse\" data-sptarget=#collapse38636 href=\"javascript:void(0)\" aria-expanded=\"false\"><i class=\"ea-expand-icon fa fa-plus\"><\/i> Desligamento<\/a><\/h3><div class=\"sp-collapse spcollapse spcollapse\" id=\"collapse38636\" data-parent=#sp-ea-3863><div class=\"ea-body\"><blockquote><p>O(a) estudante poder\u00e1 ser desligado(a) do est\u00e1gio nas hip\u00f3teses constantes no seu Termo de Compromisso.<\/p><\/blockquote>\n<h5><strong>Para mais informa\u00e7\u00f5es acesse:<br \/>\n<\/strong><\/h5>\n<ul>\n<li><a href=\"https:\/\/sei.ufmg.br\/index.php\/2019\/08\/28\/base-de-conhecimento\/?id_procedimento=100000176&id_base=1310\">Base de conhecimento<\/a><\/li>\n<\/ul>\n<\/div><\/div><\/div><div class=\"ea-card  sp-ea-single\"><h3 class=\"ea-header\"><a class=\"collapsed\" data-sptoggle=\"spcollapse\" data-sptarget=#collapse38637 href=\"javascript:void(0)\" aria-expanded=\"false\"><i class=\"ea-expand-icon fa fa-plus\"><\/i> Exclus\u00e3o de vaga<\/a><\/h3><div class=\"sp-collapse spcollapse spcollapse\" id=\"collapse38637\" data-parent=#sp-ea-3863><div class=\"ea-body\"><blockquote><p>A vaga de est\u00e1gio do Programa de Forma\u00e7\u00e3o Profissional Complementar (PFPC\/FUMP) inativa na UNIDADE\/\u00d3RG\u00c3O da Universidade Federal de Minas Gerais (UFMG) poder\u00e1 ser remanejada a pedido do Campo de Est\u00e1gio ou por iniciativa da Pr\u00f3-Reitoria de Recursos Humanos (PRORH).<\/p><\/blockquote>\n<h5><strong>Para mais informa\u00e7\u00f5es acesse:<br \/>\n<\/strong><\/h5>\n<ul>\n<li><a href=\"https:\/\/sei.ufmg.br\/index.php\/2019\/08\/28\/base-de-conhecimento\/?id_procedimento=100000176&id_base=1314\">Base de conhecimento<\/a><\/li>\n<\/ul>\n<\/div><\/div><\/div><div class=\"ea-card  sp-ea-single\"><h3 class=\"ea-header\"><a class=\"collapsed\" data-sptoggle=\"spcollapse\" data-sptarget=#collapse38638 href=\"javascript:void(0)\" aria-expanded=\"false\"><i class=\"ea-expand-icon fa fa-plus\"><\/i> Pedido de vaga<\/a><\/h3><div class=\"sp-collapse spcollapse spcollapse\" id=\"collapse38638\" data-parent=#sp-ea-3863><div class=\"ea-body\"><blockquote><p>As UNIDADES\/\u00d3RG\u00c3OS da Universidade Federal de Minas Gerais (UFMG) podem solicitar disponibiliza\u00e7\u00e3o de vagas de est\u00e1gio do Programa de Forma\u00e7\u00e3o Profissional Complementar (PFPC\/FUMP) \u00e0 Pr\u00f3-Reitoria de Recursos Humanos (PRORH).<\/p><\/blockquote>\n<h5><strong>Para mais informa\u00e7\u00f5es acesse:<br \/>\n<\/strong><\/h5>\n<ul>\n<li><a href=\"https:\/\/sei.ufmg.br\/index.php\/2019\/08\/28\/base-de-conhecimento\/?id_procedimento=100000176&id_base=1304\">Base de conhecimento<\/a><\/li>\n<\/ul>\n<\/div><\/div><\/div><div class=\"ea-card  sp-ea-single\"><h3 class=\"ea-header\"><a class=\"collapsed\" data-sptoggle=\"spcollapse\" data-sptarget=#collapse38639 href=\"javascript:void(0)\" aria-expanded=\"false\"><i class=\"ea-expand-icon fa fa-plus\"><\/i> Prorroga\u00e7\u00e3o de est\u00e1gio<\/a><\/h3><div class=\"sp-collapse spcollapse spcollapse\" id=\"collapse38639\" data-parent=#sp-ea-3863><div class=\"ea-body\"><blockquote><p>\u00c9 a prorroga\u00e7\u00e3o do tempo de dura\u00e7\u00e3o do est\u00e1gio, por meio da celebra\u00e7\u00e3o de Termo Aditivo ao Termo de Compromisso de Est\u00e1gio - TCE.<\/p><\/blockquote>\n<h5><strong>Para mais informa\u00e7\u00f5es acesse:<br \/>\n<\/strong><\/h5>\n<ul>\n<li><a href=\"https:\/\/sei.ufmg.br\/index.php\/2019\/08\/28\/base-de-conhecimento\/?id_procedimento=100000176&id_base=1312\">Base de conhecimento<\/a><\/li>\n<\/ul>\n<\/div><\/div><\/div><div class=\"ea-card  sp-ea-single\"><h3 class=\"ea-header\"><a class=\"collapsed\" data-sptoggle=\"spcollapse\" data-sptarget=#collapse386310 href=\"javascript:void(0)\" aria-expanded=\"false\"><i class=\"ea-expand-icon fa fa-plus\"><\/i> Processo seletivo<\/a><\/h3><div class=\"sp-collapse spcollapse spcollapse\" id=\"collapse386310\" data-parent=#sp-ea-3863><div class=\"ea-body\"><blockquote><p>Est\u00e1gio \u00e9 ato educativo escolar supervisionado, desenvolvido no ambiente de trabalho, que visa \u00e0 prepara\u00e7\u00e3o para o trabalho produtivo de educandos(as) que estejam frequentando o ensino regular.<\/p><\/blockquote>\n<h5><strong>Para mais informa\u00e7\u00f5es acesse:<br \/>\n<\/strong><\/h5>\n<ul>\n<li><a href=\"https:\/\/sei.ufmg.br\/index.php\/2019\/08\/28\/base-de-conhecimento\/?id_procedimento=100000176&id_base=1303\">Base de conhecimento<\/a><\/li>\n<\/ul>\n<\/div><\/div><\/div><div class=\"ea-card  sp-ea-single\"><h3 class=\"ea-header\"><a class=\"collapsed\" data-sptoggle=\"spcollapse\" data-sptarget=#collapse386311 href=\"javascript:void(0)\" aria-expanded=\"false\"><i class=\"ea-expand-icon fa fa-plus\"><\/i> Recesso<\/a><\/h3><div class=\"sp-collapse spcollapse spcollapse\" id=\"collapse386311\" data-parent=#sp-ea-3863><div class=\"ea-body\"><blockquote><p>\u00c9 assegurado ao(\u00e0) estagi\u00e1rio(a) per\u00edodo de recesso de 30 (trinta) dias consecutivos ap\u00f3s 12 (doze) meses estagiados, a ser usufru\u00eddo preferencialmente nas f\u00e9rias escolares.<\/p><\/blockquote>\n<h5><strong>Para mais informa\u00e7\u00f5es acesse:<br \/>\n<\/strong><\/h5>\n<ul>\n<li><a href=\"https:\/\/sei.ufmg.br\/index.php\/2019\/08\/28\/base-de-conhecimento\/?id_procedimento=100000176&id_base=1307\">Base de conhecimento<\/a><\/li>\n<\/ul>\n<\/div><\/div><\/div><\/div>\n","protected":false},"excerpt":{"rendered":"<p>Orienta\u00e7\u00f5es e informa\u00e7\u00f5es gerais diretamente relacionadas \u00e0s quest\u00f5es de est\u00e1gio [&hellip;]<\/p>\n","protected":false},"author":7,"featured_media":0,"parent":0,"menu_order":0,"comment_status":"closed","ping_status":"closed","template":"","meta":[],"tags":[137],"_links":{"self":[{"href":"https:\/\/www.ufmg.br\/prorh\/wp-json\/wp\/v2\/pages\/3864"}],"collection":[{"href":"https:\/\/www.ufmg.br\/prorh\/wp-json\/wp\/v2\/pages"}],"about":[{"href":"https:\/\/www.ufmg.br\/prorh\/wp-json\/wp\/v2\/types\/page"}],"author":[{"embeddable":true,"href":"https:\/\/www.ufmg.br\/prorh\/wp-json\/wp\/v2\/users\/7"}],"replies":[{"embeddable":true,"href":"https:\/\/www.ufmg.br\/prorh\/wp-json\/wp\/v2\/comments?post=3864"}],"version-history":[{"count":2,"href":"https:\/\/www.ufmg.br\/prorh\/wp-json\/wp\/v2\/pages\/3864\/revisions"}],"predecessor-version":[{"id":3868,"href":"https:\/\/www.ufmg.br\/prorh\/wp-json\/wp\/v2\/pages\/3864\/revisions\/3868"}],"wp:attachment":[{"href":"https:\/\/www.ufmg.br\/prorh\/wp-json\/wp\/v2\/media?parent=3864"}],"wp:term":[{"taxonomy":"post_tag","embeddable":true,"href":"https:\/\/www.ufmg.br\/prorh\/wp-json\/wp\/v2\/tags?post=3864"}],"curies":[{"name":"wp","href":"https:\/\/api.w.org\/{rel}","templated":true}]}}