{"id":4148,"date":"2024-11-13T11:40:18","date_gmt":"2024-11-13T13:40:18","guid":{"rendered":"https:\/\/www.ufmg.br\/prorh\/?page_id=4148"},"modified":"2025-09-16T18:58:19","modified_gmt":"2025-09-16T21:58:19","slug":"jornada","status":"publish","type":"page","link":"https:\/\/www.ufmg.br\/prorh\/jornada\/","title":{"rendered":"Jornada de Apresenta\u00e7\u00e3o do Conhecimento Produzido pelos Servidores TAE"},"content":{"rendered":"<div id=\"sp-ea-4194\" class=\"sp-ea-one sp-easy-accordion\" data-ex-icon=\"fa-minus\" data-col-icon=\"fa-plus\"  data-ea-active=\"ea-click\"  data-ea-mode=\"vertical\" data-preloader=\"\"><div class=\"ea-card  sp-ea-single\"><h3 class=\"ea-header\"><a class=\"collapsed\" data-sptoggle=\"spcollapse\" data-sptarget=#collapse41940 href=\"javascript:void(0)\" aria-expanded=\"false\"><i class=\"ea-expand-icon fa fa-plus\"><\/i> Apresenta\u00e7\u00e3o<\/a><\/h3><div class=\"sp-collapse spcollapse spcollapse\" id=\"collapse41940\" data-parent=#sp-ea-4194><div class=\"ea-body\"><p style=\"text-align: justify\">A Jornada de Apresenta\u00e7\u00e3o do Conhecimento Produzido pelos Servidores TAE j\u00e1 est\u00e1 em sua 15\u00aa edi\u00e7\u00e3o (2025). O evento tem como objetivo incentivar a participa\u00e7\u00e3o dos servidores TAE nas atividades da Semana do Conhecimento e, com isso, divulgar o conhecimento produzido durante cursos formais de ensino e boas pr\u00e1ticas realizadas no trabalho.<\/p>\n<\/div><\/div><\/div><div class=\"ea-card  sp-ea-single\"><h3 class=\"ea-header\"><a class=\"collapsed\" data-sptoggle=\"spcollapse\" data-sptarget=#collapse41941 href=\"javascript:void(0)\" aria-expanded=\"false\"><i class=\"ea-expand-icon fa fa-plus\"><\/i> Normas e Editais<\/a><\/h3><div class=\"sp-collapse spcollapse spcollapse\" id=\"collapse41941\" data-parent=#sp-ea-4194><div class=\"ea-body\"><p style=\"text-align: justify\">Os Anais da Jornada de Apresenta\u00e7\u00e3o do Conhecimento Produzido pelos Servidores TAE preconiza a divulga\u00e7\u00e3o e o incentivo ao desenvolvimento da ci\u00eancia e pesquisa dos servidores TAE da UFMG. Admitem-se apenas submiss\u00f5es online, feitas durante as inscri\u00e7\u00f5es anuais da Jornada, e n\u00e3o se exige dos autores qualquer contribui\u00e7\u00e3o financeira para a publica\u00e7\u00e3o do resumo de seu trabalho de apresenta\u00e7\u00e3o. O formato exigido \u00e9 de resumo expandido, conforme as seguintes orienta\u00e7\u00f5es:<br \/>\nO resumo dever\u00e1 conter introdu\u00e7\u00e3o, metodologia, desenvolvimento\/discuss\u00e3o, considera\u00e7\u00f5es finais e refer\u00eancias bibliogr\u00e1ficas. Utilizar, em todo o texto, tamanho de papel A4 (21 cm \u00d7 29,7 cm), margens superior e esquerda 3,0 cm, e inferior e direita 2,0 cm, fonte Arial e espa\u00e7amento simples entre linhas, sendo os tamanhos e espa\u00e7amentos antes do par\u00e1grafo exatamente como est\u00e1 neste modelo. O formato dever\u00e1 ser PDF. Se for adequar de um texto que j\u00e1 existe em outro formato, uma sugest\u00e3o \u00e9 ir copiando e colando, para que tudo seja automaticamente ajustado para as normas do evento. O resumo dever\u00e1 ter no m\u00ednimo 2 e no m\u00e1ximo de 5 p\u00e1ginas. Os trabalhos podem ser resultado de trabalhos acad\u00eamicos ou de boas pr\u00e1ticas desenvolvidas no local de trabalho. Devem apresentar, entre outros elementos: uma consistente defini\u00e7\u00e3o de seu objeto de estudo; revis\u00e3o da literatura, envolvendo discuss\u00f5es pertinentes \u00e0 tem\u00e1tica escolhida e clareza no delineamento metodol\u00f3gico. Palavras-chave: de 3 a 5 palavras-chave, seguidas por ponto e v\u00edrgula. REFER\u00caNCIAS: O resumo dever\u00e1 informar as refer\u00eancias utilizadas no trabalho, conforme normas da ABNT.<\/p>\n<p><a href=\"https:\/\/www.ufmg.br\/prorh\/wp-content\/uploads\/2025\/07\/Edital-1873-2025-15a-JORNADA-DE-APRESENTACAO-DO-CONHECIMENTO-PRODUZIDO-PELOS-SERVIDORES-TECNICO-ADMINISTRATIVOS-EM-EDUCACAO.pdf\"><strong>Edital Atual<\/strong><\/a><\/p>\n<\/div><\/div><\/div><div class=\"ea-card  sp-ea-single\"><h3 class=\"ea-header\"><a class=\"collapsed\" data-sptoggle=\"spcollapse\" data-sptarget=#collapse41942 href=\"javascript:void(0)\" aria-expanded=\"false\"><i class=\"ea-expand-icon fa fa-plus\"><\/i> Volume atual<\/a><\/h3><div class=\"sp-collapse spcollapse spcollapse\" id=\"collapse41942\" data-parent=#sp-ea-4194><div class=\"ea-body\"><p style=\"text-align: justify;\">15\u00aa Jornada de Apresenta\u00e7\u00e3o do Conhecimento Produzido pelos Servidores TAE<\/p>\n<p><a href=\"https:\/\/www.ufmg.br\/prorh\/wp-content\/uploads\/2025\/12\/Anais_Jornada_2025.pdf\">v. 8 2025<\/a><\/p>\n<\/div><\/div><\/div><div class=\"ea-card  sp-ea-single\"><h3 class=\"ea-header\"><a class=\"collapsed\" data-sptoggle=\"spcollapse\" data-sptarget=#collapse41943 href=\"javascript:void(0)\" aria-expanded=\"false\"><i class=\"ea-expand-icon fa fa-plus\"><\/i> Volumes anteriores<\/a><\/h3><div class=\"sp-collapse spcollapse spcollapse\" id=\"collapse41943\" data-parent=#sp-ea-4194><div class=\"ea-body\"><p>Jornada de Apresenta\u00e7\u00e3o do Conhecimento Produzido pelos Servidores TAE<\/p>\n<p><a href=\"https:\/\/www.ufmg.br\/prorh\/wp-content\/uploads\/2025\/10\/Anais_Jornada_2018.pdf\">v. 1 2018<\/a><\/p>\n<hr \/>\n<p><a href=\"https:\/\/www.ufmg.br\/prorh\/wp-content\/uploads\/2025\/10\/Anais_Jornada_2019.pdf\">v. 2 2019<\/a><\/p>\n<hr \/>\n<p><a href=\"https:\/\/www.ufmg.br\/prorh\/wp-content\/uploads\/2025\/10\/Anais_Jornada_2020.pdf\">v. 3 2020<\/a><\/p>\n<hr \/>\n<p><a href=\"https:\/\/www.ufmg.br\/prorh\/wp-content\/uploads\/2025\/10\/Anais_Jornada_2021.pdf\">v. 4 2021<\/a><\/p>\n<hr \/>\n<p><a href=\"https:\/\/www.ufmg.br\/prorh\/wp-content\/uploads\/2025\/10\/Anais_Jornada_2022.pdf\">v. 5 2022<\/a><\/p>\n<hr \/>\n<p><a href=\"https:\/\/www.ufmg.br\/prorh\/wp-content\/uploads\/2025\/10\/Anais_Jornada_2023.pdf\">v. 6 2023<\/a><\/p>\n<hr \/>\n<p><a href=\"https:\/\/www.ufmg.br\/prorh\/wp-content\/uploads\/2025\/10\/Anais_Jornada_2024.pdf\">v. 7 2024<\/a><\/p>\n<\/div><\/div><\/div><div class=\"ea-card  sp-ea-single\"><h3 class=\"ea-header\"><a class=\"collapsed\" data-sptoggle=\"spcollapse\" data-sptarget=#collapse41944 href=\"javascript:void(0)\" aria-expanded=\"false\"><i class=\"ea-expand-icon fa fa-plus\"><\/i> Expediente<\/a><\/h3><div class=\"sp-collapse spcollapse spcollapse\" id=\"collapse41944\" data-parent=#sp-ea-4194><div class=\"ea-body\"><p style=\"text-align: justify\"><strong>Publica\u00e7\u00e3o<\/strong><br \/>\nEsta \u00e9 uma publica\u00e7\u00e3o organizada pela Comiss\u00e3o Organizadora da Jornada de Apresenta\u00e7\u00e3o do Conhecimento Produzido pelos Servidores TAE e pela Divis\u00e3o de Desenvolvimento de Pessoal do Departamento de Desenvolvimento de Recursos Humanos da UFMG \u2013 DDP\/DRH\/PRORH.<\/p>\n<p><strong>ISSN<\/strong>: 3086-0849<\/p>\n<p><strong>Periodicidade<\/strong><br \/>\nAnual.<\/p>\n<p><strong>Editora<\/strong><br \/>\nLe\u00f4nor Gon\u00e7alves \u2013 Doutora em Enfermagem, UFSC<br \/>\nPr\u00f3-Reitora Adjunta de Recursos Humanos da UFMG<br \/>\nAvenida Presidente Ant\u00f4nio Carlos, 6627, Reitoria, 2\u00ba andar<br \/>\nPampulha, Campus da UFMG, CEP: 31270-901<br \/>\nBelo Horizonte, Minas Gerais<br \/>\nTelefone: (31) 3409-4113<\/p>\n<p><strong>Idioma<\/strong><br \/>\nL\u00edngua Portuguesa (Portugu\u00eas Brasil).<\/p>\n<p><strong>Comiss\u00e3o Organizadora<\/strong><br \/>\nAna Paula Ribeiro Manduca (DPM\/DRH\/PRORH\/UFMG)<br \/>\n\u00c9rika Ramos de Alvarenga (LAQUA\/ICB\/UFMG)<br \/>\nFernanda Gomes Almeida (DGIT\/BIU\/UFMG)<br \/>\nFilipe Amaral Rocha de Menezes (DDP\/DRH\/PRORH\/UFMG)<br \/>\nIzabel Antonina de Ara\u00fajo (DIR\/BIU\/UFMG)<br \/>\nSabrina Fernandes Pereira Lopes (DDP\/DRH\/PRORH\/UFMG)<br \/>\nVander Camargos Pinto Costa (DTIC\/PRORH\/UFMG)<br \/>\nWellington Mar\u00e7al de Carvalho (DIR\/BIU\/UFMG)<\/p>\n<\/div><\/div><\/div><\/div>\n","protected":false},"excerpt":{"rendered":"","protected":false},"author":7,"featured_media":0,"parent":0,"menu_order":0,"comment_status":"closed","ping_status":"closed","template":"","meta":[],"tags":[],"_links":{"self":[{"href":"https:\/\/www.ufmg.br\/prorh\/wp-json\/wp\/v2\/pages\/4148"}],"collection":[{"href":"https:\/\/www.ufmg.br\/prorh\/wp-json\/wp\/v2\/pages"}],"about":[{"href":"https:\/\/www.ufmg.br\/prorh\/wp-json\/wp\/v2\/types\/page"}],"author":[{"embeddable":true,"href":"https:\/\/www.ufmg.br\/prorh\/wp-json\/wp\/v2\/users\/7"}],"replies":[{"embeddable":true,"href":"https:\/\/www.ufmg.br\/prorh\/wp-json\/wp\/v2\/comments?post=4148"}],"version-history":[{"count":13,"href":"https:\/\/www.ufmg.br\/prorh\/wp-json\/wp\/v2\/pages\/4148\/revisions"}],"predecessor-version":[{"id":4765,"href":"https:\/\/www.ufmg.br\/prorh\/wp-json\/wp\/v2\/pages\/4148\/revisions\/4765"}],"wp:attachment":[{"href":"https:\/\/www.ufmg.br\/prorh\/wp-json\/wp\/v2\/media?parent=4148"}],"wp:term":[{"taxonomy":"post_tag","embeddable":true,"href":"https:\/\/www.ufmg.br\/prorh\/wp-json\/wp\/v2\/tags?post=4148"}],"curies":[{"name":"wp","href":"https:\/\/api.w.org\/{rel}","templated":true}]}}