{"id":436,"date":"2021-07-24T00:15:57","date_gmt":"2021-07-24T03:15:57","guid":{"rendered":"https:\/\/www.ufmg.br\/prorh\/?page_id=436"},"modified":"2024-03-19T15:44:56","modified_gmt":"2024-03-19T18:44:56","slug":"estagio-sigepe","status":"publish","type":"page","link":"https:\/\/www.ufmg.br\/prorh\/estagio-sigepe\/","title":{"rendered":"Est\u00e1gio SIGEPE"},"content":{"rendered":"<p>Orienta\u00e7\u00f5es e informa\u00e7\u00f5es gerais diretamente relacionadas \u00e0s quest\u00f5es de est\u00e1gio SIGEPE.<\/p>\n<p>&nbsp;<\/p>\n<h2 class=\"eap_section_title eap_section_title_1032\"> Est\u00e1gio SIGEPE <\/h2><div id=\"sp-ea-1032\" class=\"sp-ea-one sp-easy-accordion\" data-ex-icon=\"fa-minus\" data-col-icon=\"fa-plus\"  data-ea-active=\"ea-click\"  data-ea-mode=\"vertical\" data-preloader=\"\"><div class=\"ea-card  sp-ea-single\"><h3 class=\"ea-header\"><a class=\"collapsed\" data-sptoggle=\"spcollapse\" data-sptarget=#collapse10320 href=\"javascript:void(0)\" aria-expanded=\"false\"><i class=\"ea-expand-icon fa fa-plus\"><\/i> Altera\u00e7\u00e3o contratual<\/a><\/h3><div class=\"sp-collapse spcollapse spcollapse\" id=\"collapse10320\" data-parent=#sp-ea-1032><div class=\"ea-body\"><blockquote><p>Caso haja mudan\u00e7a em cl\u00e1usula do Termo de Compromisso de Est\u00e1gio, a Se\u00e7\u00e3o de Pessoal redigir\u00e1 Termo Aditivo e encaminhar\u00e1, via SEI, a Divis\u00e3o de Conv\u00eanios e Programa (DCPR) da Pr\u00f3-Reitoria de Recursos Humanos (PRORH).<\/p><\/blockquote>\n<h5><strong>Para mais informa\u00e7\u00f5es acesse:<br \/>\n<\/strong><\/h5>\n<ul>\n<li><a href=\"https:\/\/sei.ufmg.br\/index.php\/2019\/08\/28\/base-de-conhecimento\/?id_procedimento=100000925&amp;id_base=1319\">Base de conhecimento<\/a><\/li>\n<\/ul>\n<\/div><\/div><\/div><div class=\"ea-card  sp-ea-single\"><h3 class=\"ea-header\"><a class=\"collapsed\" data-sptoggle=\"spcollapse\" data-sptarget=#collapse10321 href=\"javascript:void(0)\" aria-expanded=\"false\"><i class=\"ea-expand-icon fa fa-plus\"><\/i> Comprova\u00e7\u00e3o de est\u00e1gio<\/a><\/h3><div class=\"sp-collapse spcollapse spcollapse\" id=\"collapse10321\" data-parent=#sp-ea-1032><div class=\"ea-body\"><blockquote><p>O(a) estudante poder\u00e1 ter seu est\u00e1gio comprovado atrav\u00e9s de declara\u00e7\u00e3o de seu(sua) supervisor(a). A comprova\u00e7\u00e3o ser\u00e1 efetuada para bolsas finalizadas e em andamento, devendo a solicita\u00e7\u00e3o ser realizada pelo(a) estudante.<\/p><\/blockquote>\n<h5><strong>Para mais informa\u00e7\u00f5es acesse:<br \/>\n<\/strong><\/h5>\n<ul>\n<li><a href=\"https:\/\/sei.ufmg.br\/index.php\/2019\/08\/28\/base-de-conhecimento\/?id_procedimento=100000368&id_base=1072\">Base de conhecimento<\/a><\/li>\n<\/ul>\n<\/div><\/div><\/div><div class=\"ea-card  sp-ea-single\"><h3 class=\"ea-header\"><a class=\"collapsed\" data-sptoggle=\"spcollapse\" data-sptarget=#collapse10322 href=\"javascript:void(0)\" aria-expanded=\"false\"><i class=\"ea-expand-icon fa fa-plus\"><\/i> Contrata\u00e7\u00e3o<\/a><\/h3><div class=\"sp-collapse spcollapse spcollapse\" id=\"collapse10322\" data-parent=#sp-ea-1032><div class=\"ea-body\"><blockquote><p>Est\u00e1gio \u00e9 ato educativo escolar supervisionado, desenvolvido no ambiente de trabalho, que visa \u00e0 prepara\u00e7\u00e3o para o trabalho produtivo de educandos que estejam frequentando o ensino regular em institui\u00e7\u00f5es de educa\u00e7\u00e3o superior, profissional, ensino m\u00e9dio, educa\u00e7\u00e3o especial e dos anos finais do ensino fundamental, na modalidade profissional de jovens e adultos (EJA).<\/p><\/blockquote>\n<h5><strong>Para mais informa\u00e7\u00f5es acesse:<br \/>\n<\/strong><\/h5>\n<ul>\n<li><a href=\"https:\/\/sei.ufmg.br\/index.php\/2019\/08\/28\/base-de-conhecimento\/?id_procedimento=100000901&id_base=1066\">Base de conhecimento<\/a><\/li>\n<\/ul>\n<\/div><\/div><\/div><div class=\"ea-card  sp-ea-single\"><h3 class=\"ea-header\"><a class=\"collapsed\" data-sptoggle=\"spcollapse\" data-sptarget=#collapse10323 href=\"javascript:void(0)\" aria-expanded=\"false\"><i class=\"ea-expand-icon fa fa-plus\"><\/i> Desligamento<\/a><\/h3><div class=\"sp-collapse spcollapse spcollapse\" id=\"collapse10323\" data-parent=#sp-ea-1032><div class=\"ea-body\"><blockquote><p>O estudante poder\u00e1 ser desligado do est\u00e1gio nas seguintes hip\u00f3teses constantes na Instru\u00e7\u00e3o Normativa 213\/2019.<\/p><\/blockquote>\n<h5><strong>Para mais informa\u00e7\u00f5es acesse:<br \/>\n<\/strong><\/h5>\n<ul>\n<li><a href=\"https:\/\/sei.ufmg.br\/index.php\/2019\/08\/28\/base-de-conhecimento\/?id_procedimento=100000365&id_base=1077\">Base de conhecimento<\/a><\/li>\n<\/ul>\n<\/div><\/div><\/div><div class=\"ea-card  sp-ea-single\"><h3 class=\"ea-header\"><a class=\"collapsed\" data-sptoggle=\"spcollapse\" data-sptarget=#collapse10324 href=\"javascript:void(0)\" aria-expanded=\"false\"><i class=\"ea-expand-icon fa fa-plus\"><\/i> Frequ\u00eancia<\/a><\/h3><div class=\"sp-collapse spcollapse spcollapse\" id=\"collapse10324\" data-parent=#sp-ea-1032><div class=\"ea-body\"><blockquote><p>A apura\u00e7\u00e3o da frequ\u00eancia de estagi\u00e1rio(a) ser\u00e1 realizada atrav\u00e9s de folha de presen\u00e7a impressa no campo de est\u00e1gio com encaminhamento dos dados relativos, via Sistema Eletr\u00f4nico de Informa\u00e7\u00f5es (SEI), para Pr\u00f3-Reitoria de Recursos Humanos.<\/p><\/blockquote>\n<h5><strong>Para mais informa\u00e7\u00f5es acesse:<br \/>\n<\/strong><\/h5>\n<ul>\n<li><a href=\"https:\/\/sei.ufmg.br\/index.php\/2019\/08\/28\/base-de-conhecimento\/?id_procedimento=100000363&id_base=1067\">Base de conhecimento<\/a><\/li>\n<\/ul>\n<\/div><\/div><\/div><div class=\"ea-card  sp-ea-single\"><h3 class=\"ea-header\"><a class=\"collapsed\" data-sptoggle=\"spcollapse\" data-sptarget=#collapse10325 href=\"javascript:void(0)\" aria-expanded=\"false\"><i class=\"ea-expand-icon fa fa-plus\"><\/i> Pedido de cria\u00e7\u00e3o de vaga<\/a><\/h3><div class=\"sp-collapse spcollapse spcollapse\" id=\"collapse10325\" data-parent=#sp-ea-1032><div class=\"ea-body\"><blockquote><p>As UNIDADES\/\u00d3RG\u00c3OS da Universidade Federal de Minas Gerais podem solicitar disponibiliza\u00e7\u00e3o de bolsa de est\u00e1gio SIGEPE para sua \u00e1rea respectiva desde que disponham de recursos or\u00e7ament\u00e1rios pr\u00f3prios para custeio.<\/p><\/blockquote>\n<h5><strong>Para mais informa\u00e7\u00f5es acesse:<br \/>\n<\/strong><\/h5>\n<ul>\n<li><a href=\"https:\/\/sei.ufmg.br\/index.php\/2019\/08\/28\/base-de-conhecimento\/?id_procedimento=100000411&id_base=1068\">Base de conhecimento<\/a><\/li>\n<\/ul>\n<\/div><\/div><\/div><div class=\"ea-card  sp-ea-single\"><h3 class=\"ea-header\"><a class=\"collapsed\" data-sptoggle=\"spcollapse\" data-sptarget=#collapse10326 href=\"javascript:void(0)\" aria-expanded=\"false\"><i class=\"ea-expand-icon fa fa-plus\"><\/i> Processo seletivo<\/a><\/h3><div class=\"sp-collapse spcollapse spcollapse\" id=\"collapse10326\" data-parent=#sp-ea-1032><div class=\"ea-body\"><blockquote><p>Est\u00e1gio \u00e9 ato educativo escolar supervisionado, desenvolvido no ambiente de trabalho, que visa \u00e0 prepara\u00e7\u00e3o para o trabalho produtivo de educandos que estejam frequentando o ensino regular em institui\u00e7\u00f5es de educa\u00e7\u00e3o superior, profissional, ensino m\u00e9dio, educa\u00e7\u00e3o especial e dos anos finais do ensino fundamental, na modalidade profissional de jovens e adultos (EJA).<\/p><\/blockquote>\n<h5><strong>Para mais informa\u00e7\u00f5es acesse:<br \/>\n<\/strong><\/h5>\n<ul>\n<li><a href=\"https:\/\/sei.ufmg.br\/index.php\/2019\/08\/28\/base-de-conhecimento\/?id_procedimento=100000366&id_base=1078\">Base de conhecimento<\/a><\/li>\n<\/ul>\n<\/div><\/div><\/div><div class=\"ea-card  sp-ea-single\"><h3 class=\"ea-header\"><a class=\"collapsed\" data-sptoggle=\"spcollapse\" data-sptarget=#collapse10327 href=\"javascript:void(0)\" aria-expanded=\"false\"><i class=\"ea-expand-icon fa fa-plus\"><\/i> Prorroga\u00e7\u00e3o de termo de compromisso (aditivo)<\/a><\/h3><div class=\"sp-collapse spcollapse spcollapse\" id=\"collapse10327\" data-parent=#sp-ea-1032><div class=\"ea-body\"><blockquote><p>\u00c9 a prorroga\u00e7\u00e3o do tempo de dura\u00e7\u00e3o do est\u00e1gio, por meio da celebra\u00e7\u00e3o de Termo Aditivo ao Termo de Compromisso de Est\u00e1gio - TCE.<\/p><\/blockquote>\n<h5><strong>Para mais informa\u00e7\u00f5es acesse:<br \/>\n<\/strong><\/h5>\n<ul>\n<li><a href=\"https:\/\/sei.ufmg.br\/index.php\/2019\/08\/28\/base-de-conhecimento\/?id_procedimento=100000369&id_base=1076\">Base de conhecimento<\/a><\/li>\n<\/ul>\n<\/div><\/div><\/div><div class=\"ea-card  sp-ea-single\"><h3 class=\"ea-header\"><a class=\"collapsed\" data-sptoggle=\"spcollapse\" data-sptarget=#collapse10328 href=\"javascript:void(0)\" aria-expanded=\"false\"><i class=\"ea-expand-icon fa fa-plus\"><\/i> Recesso<\/a><\/h3><div class=\"sp-collapse spcollapse spcollapse\" id=\"collapse10328\" data-parent=#sp-ea-1032><div class=\"ea-body\"><blockquote><p>\u00c9 assegurado ao estagi\u00e1rio per\u00edodo de recesso de 15 dias consecutivos a cada 6 (seis) meses estagiado, a ser usufru\u00eddo preferencialmente nas f\u00e9rias escolares.<\/p><\/blockquote>\n<h5><strong>Para mais informa\u00e7\u00f5es acesse:<br \/>\n<\/strong><\/h5>\n<ul>\n<li><a href=\"https:\/\/sei.ufmg.br\/index.php\/2019\/08\/28\/base-de-conhecimento\/?id_procedimento=100000367&id_base=1074\">Base de conhecimento<\/a><\/li>\n<\/ul>\n<\/div><\/div><\/div><\/div>\n","protected":false},"excerpt":{"rendered":"<p>Orienta\u00e7\u00f5es e informa\u00e7\u00f5es gerais diretamente relacionadas \u00e0s quest\u00f5es de est\u00e1gio [&hellip;]<\/p>\n","protected":false},"author":1,"featured_media":0,"parent":0,"menu_order":0,"comment_status":"closed","ping_status":"closed","template":"","meta":[],"tags":[137],"_links":{"self":[{"href":"https:\/\/www.ufmg.br\/prorh\/wp-json\/wp\/v2\/pages\/436"}],"collection":[{"href":"https:\/\/www.ufmg.br\/prorh\/wp-json\/wp\/v2\/pages"}],"about":[{"href":"https:\/\/www.ufmg.br\/prorh\/wp-json\/wp\/v2\/types\/page"}],"author":[{"embeddable":true,"href":"https:\/\/www.ufmg.br\/prorh\/wp-json\/wp\/v2\/users\/1"}],"replies":[{"embeddable":true,"href":"https:\/\/www.ufmg.br\/prorh\/wp-json\/wp\/v2\/comments?post=436"}],"version-history":[{"count":6,"href":"https:\/\/www.ufmg.br\/prorh\/wp-json\/wp\/v2\/pages\/436\/revisions"}],"predecessor-version":[{"id":3869,"href":"https:\/\/www.ufmg.br\/prorh\/wp-json\/wp\/v2\/pages\/436\/revisions\/3869"}],"wp:attachment":[{"href":"https:\/\/www.ufmg.br\/prorh\/wp-json\/wp\/v2\/media?parent=436"}],"wp:term":[{"taxonomy":"post_tag","embeddable":true,"href":"https:\/\/www.ufmg.br\/prorh\/wp-json\/wp\/v2\/tags?post=436"}],"curies":[{"name":"wp","href":"https:\/\/api.w.org\/{rel}","templated":true}]}}