{"id":451,"date":"2021-07-24T00:19:46","date_gmt":"2021-07-24T03:19:46","guid":{"rendered":"https:\/\/www.ufmg.br\/prorh\/?page_id=451"},"modified":"2021-11-17T16:31:12","modified_gmt":"2021-11-17T19:31:12","slug":"residencia","status":"publish","type":"page","link":"https:\/\/www.ufmg.br\/prorh\/residencia\/","title":{"rendered":"Resid\u00eancia M\u00e9dica, Multiprofissional ou em \u00c1rea da Sa\u00fade"},"content":{"rendered":"<p>Aqui \u00e9 poss\u00edvel obter informa\u00e7\u00f5es gerais sobre Resid\u00eancia, informa\u00e7\u00e3o sobre normativos relacionados ao tema, quem tem direito e como solicitar um benef\u00edcio\/servi\u00e7o, fluxo dos processos com os documentos necess\u00e1rios, esclarecimentos quanto a prazos, e setores respons\u00e1veis pelo processo com dados de contato para mais informa\u00e7\u00f5es.<\/p>\n<p>&nbsp;<\/p>\n<h2 class=\"eap_section_title eap_section_title_1036\"> Resid\u00eancia M\u00e9dica, Multiprofissional ou em \u00c1rea da Sa\u00fade <\/h2><div id=\"sp-ea-1036\" class=\"sp-ea-one sp-easy-accordion\" data-ex-icon=\"fa-minus\" data-col-icon=\"fa-plus\"  data-ea-active=\"ea-click\"  data-ea-mode=\"vertical\" data-preloader=\"\"><div class=\"ea-card  sp-ea-single\"><h3 class=\"ea-header\"><a class=\"collapsed\" data-sptoggle=\"spcollapse\" data-sptarget=#collapse10360 href=\"javascript:void(0)\" aria-expanded=\"false\"><i class=\"ea-expand-icon fa fa-plus\"><\/i> Resid\u00eancia M\u00e9dica, Multiprofissional ou em \u00c1rea da Sa\u00fade<\/a><\/h3><div class=\"sp-collapse spcollapse spcollapse\" id=\"collapse10360\" data-parent=#sp-ea-1036><div class=\"ea-body\"><blockquote><p><strong>Resid\u00eancia M\u00e9dica (M\u00e9dico Residente):<\/strong> \u00e9 uma modalidade do ensino de p\u00f3s-gradua\u00e7\u00e3o destinada a m\u00e9dicos, sob a forma de curso de especializa\u00e7\u00e3o, caracterizada por treinamento em servi\u00e7o, em regime de dedica\u00e7\u00e3o exclusiva, funcionando em Institui\u00e7\u00f5es de sa\u00fade, universit\u00e1rias ou n\u00e3o, sob a orienta\u00e7\u00e3o de profissionais m\u00e9dicos de elevada qualifica\u00e7\u00e3o \u00e9tica e profissional. (Art. 1\u00ba do Decreto n\u00ba 80.281\/1977)<\/p><\/blockquote>\n<p><em>Obs.: Recomenda-se a leitura do \u201cRegimento da Comiss\u00e3o de Resid\u00eancia M\u00e9dica do Hospital das Cl\u00ednicas da UFMG\/EBSERH\u201d, vers\u00e3o n\u00ba 03, de 03\/07\/2019, dispon\u00edvel em:<\/em><\/p>\n<p><em> <a href=\"http:\/\/www2.ebserh.gov.br\/web\/hc-ufmg\/residencia-medica1\" target=\"_blank\" rel=\"noopener\">http:\/\/www2.ebserh.gov.br\/web\/hcufmg\/residencia-medica1<\/a><\/em><\/p>\n<blockquote><p><strong>Resid\u00eancia Multiprofissional ou em \u00c1rea da Sa\u00fade (Profissional de Sa\u00fade Residente):<\/strong> s\u00e3o modalidades de ensino de p\u00f3s-gradua\u00e7\u00e3o lato sensu, sob forma de curso de especializa\u00e7\u00e3o, caracterizado por ensino em servi\u00e7o, de responsabilidade conjunta dos setores da educa\u00e7\u00e3o e da sa\u00fade, destinada \u00e0s categorias profissionais que integram a \u00e1rea de sa\u00fade, excetuada a m\u00e9dica, em regime de dedica\u00e7\u00e3o exclusiva. (Art. 13\u00ba da Lei n\u00ba 11.129\/2005)<\/p><\/blockquote>\n<p><em>Obs.: Recomendamos a leitura do \u201cRegulamento do Programa de Resid\u00eancia Integrada Multiprofissional em Sa\u00fade do HCL-UFMG\u201d, de 21\/11\/2019, dispon\u00edvel em:<\/em><\/p>\n<p><em> <a href=\"http:\/\/www2.ebserh.gov.br\/web\/hc-ufmg\/residencia-multiprofissional-integrada-em-saude1\" target=\"_blank\" rel=\"noopener\">http:\/\/www2.ebserh.gov.br\/web\/hc-ufmg\/residencia-multiprofissional-integrada-em-saude1<\/a><\/em><\/p>\n<h5>Para mais informa\u00e7\u00f5es acesse:<\/h5>\n<ul>\n<li><a href=\"https:\/\/sei.ufmg.br\/index.php\/2019\/08\/28\/bases-de-conhecimento\/?id=100000594\" target=\"_blank\" rel=\"noopener\">Base de conhecimento<\/a><\/li>\n<li><a href=\"https:\/\/www.ufmg.br\/prorh\/wp-content\/uploads\/2021\/10\/rmm.pdf\" target=\"_blank\" rel=\"noopener\">Compilado de normas<\/a><\/li>\n<\/ul>\n<\/div><\/div><\/div><\/div>\n<p>&nbsp;<\/p>\n","protected":false},"excerpt":{"rendered":"<p>Aqui \u00e9 poss\u00edvel obter informa\u00e7\u00f5es gerais sobre Resid\u00eancia, informa\u00e7\u00e3o sobre [&hellip;]<\/p>\n","protected":false},"author":1,"featured_media":0,"parent":0,"menu_order":0,"comment_status":"closed","ping_status":"closed","template":"","meta":[],"tags":[163,165],"_links":{"self":[{"href":"https:\/\/www.ufmg.br\/prorh\/wp-json\/wp\/v2\/pages\/451"}],"collection":[{"href":"https:\/\/www.ufmg.br\/prorh\/wp-json\/wp\/v2\/pages"}],"about":[{"href":"https:\/\/www.ufmg.br\/prorh\/wp-json\/wp\/v2\/types\/page"}],"author":[{"embeddable":true,"href":"https:\/\/www.ufmg.br\/prorh\/wp-json\/wp\/v2\/users\/1"}],"replies":[{"embeddable":true,"href":"https:\/\/www.ufmg.br\/prorh\/wp-json\/wp\/v2\/comments?post=451"}],"version-history":[{"count":7,"href":"https:\/\/www.ufmg.br\/prorh\/wp-json\/wp\/v2\/pages\/451\/revisions"}],"predecessor-version":[{"id":2242,"href":"https:\/\/www.ufmg.br\/prorh\/wp-json\/wp\/v2\/pages\/451\/revisions\/2242"}],"wp:attachment":[{"href":"https:\/\/www.ufmg.br\/prorh\/wp-json\/wp\/v2\/media?parent=451"}],"wp:term":[{"taxonomy":"post_tag","embeddable":true,"href":"https:\/\/www.ufmg.br\/prorh\/wp-json\/wp\/v2\/tags?post=451"}],"curies":[{"name":"wp","href":"https:\/\/api.w.org\/{rel}","templated":true}]}}