{"id":461,"date":"2021-07-24T00:21:39","date_gmt":"2021-07-24T03:21:39","guid":{"rendered":"https:\/\/www.ufmg.br\/prorh\/?page_id=461"},"modified":"2021-10-21T16:18:42","modified_gmt":"2021-10-21T19:18:42","slug":"vacancia","status":"publish","type":"page","link":"https:\/\/www.ufmg.br\/prorh\/vacancia\/","title":{"rendered":"Vac\u00e2ncia"},"content":{"rendered":"<p>Aqui \u00e9 poss\u00edvel obter informa\u00e7\u00f5es gerais sobre Vac\u00e2ncia, informa\u00e7\u00e3o sobre normativos relacionados ao tema, quem tem direito e como solicitar um benef\u00edcio\/servi\u00e7o, fluxo dos processos com os documentos necess\u00e1rios, esclarecimentos quanto a prazos, e setores respons\u00e1veis pelo processo com dados de contato para mais informa\u00e7\u00f5es.<\/p>\n<p>&nbsp;<\/p>\n<h2 class=\"eap_section_title eap_section_title_1039\"> Vac\u00e2ncia <\/h2><div id=\"sp-ea-1039\" class=\"sp-ea-one sp-easy-accordion\" data-ex-icon=\"fa-minus\" data-col-icon=\"fa-plus\"  data-ea-active=\"ea-click\"  data-ea-mode=\"vertical\" data-preloader=\"\"><div class=\"ea-card  sp-ea-single\"><h3 class=\"ea-header\"><a class=\"collapsed\" data-sptoggle=\"spcollapse\" data-sptarget=#collapse10390 href=\"javascript:void(0)\" aria-expanded=\"false\"><i class=\"ea-expand-icon fa fa-plus\"><\/i> Demiss\u00e3o<\/a><\/h3><div class=\"sp-collapse spcollapse spcollapse\" id=\"collapse10390\" data-parent=#sp-ea-1039><div class=\"ea-body\"><blockquote><p>A demiss\u00e3o \u00e9 a pena expulsiva aplic\u00e1vel ao servidor que comete infra\u00e7\u00e3o grave no exerc\u00edcio de cargo efetivo e que ainda se encontra na ativa quando da apura\u00e7\u00e3o e da apena\u00e7\u00e3o.<\/p><\/blockquote>\n<h5>Para mais informa\u00e7\u00f5es acesse:<\/h5>\n<ul>\n<li><a href=\"https:\/\/www.ufmg.br\/prorh\/wp-content\/uploads\/2023\/05\/dem.pdf\" target=\"_blank\" rel=\"noopener\">Compilado de normas<\/a><\/li>\n<\/ul>\n<\/div><\/div><\/div><div class=\"ea-card  sp-ea-single\"><h3 class=\"ea-header\"><a class=\"collapsed\" data-sptoggle=\"spcollapse\" data-sptarget=#collapse10391 href=\"javascript:void(0)\" aria-expanded=\"false\"><i class=\"ea-expand-icon fa fa-plus\"><\/i> Exclus\u00e3o por falecimento<\/a><\/h3><div class=\"sp-collapse spcollapse spcollapse\" id=\"collapse10391\" data-parent=#sp-ea-1039><div class=\"ea-body\"><blockquote><p>\u00c9 a exclus\u00e3o do pagamento do servidor ativo e inativo ou do benefici\u00e1rio de pens\u00e3o em decorr\u00eancia de seu falecimento.<\/p><\/blockquote>\n<h5>Para mais informa\u00e7\u00f5es acesse:<\/h5>\n<ul>\n<li>Base de conhecimento:\n<ul>\n<li><a href=\"https:\/\/sei.ufmg.br\/index.php\/2019\/08\/28\/bases-de-conhecimento\/?id=100000130\" target=\"_blank\" rel=\"noopener\">Exclus\u00e3o por Falecimento do Servidor<\/a><\/li>\n<li><a href=\"https:\/\/sei.ufmg.br\/index.php\/2019\/08\/28\/bases-de-conhecimento\/?id=100000181\" target=\"_blank\" rel=\"noopener\">Exclus\u00e3o por Falecimento do Pensionista<\/a><\/li>\n<\/ul>\n<\/li>\n<li><a href=\"https:\/\/www.ufmg.br\/prorh\/wp-content\/uploads\/2021\/10\/EXF.pdf\" target=\"_blank\" rel=\"noopener\">Compilado de normas<\/a><\/li>\n<\/ul>\n<\/div><\/div><\/div><div class=\"ea-card  sp-ea-single\"><h3 class=\"ea-header\"><a class=\"collapsed\" data-sptoggle=\"spcollapse\" data-sptarget=#collapse10392 href=\"javascript:void(0)\" aria-expanded=\"false\"><i class=\"ea-expand-icon fa fa-plus\"><\/i> Exonera\u00e7\u00e3o de cargo efetivo<\/a><\/h3><div class=\"sp-collapse spcollapse spcollapse\" id=\"collapse10392\" data-parent=#sp-ea-1039><div class=\"ea-body\"><blockquote><p>Forma de vac\u00e2ncia de cargo p\u00fablico, decorrente do desligamento definitivo do Servi\u00e7o P\u00fablico Federal, extinguindo a vincula\u00e7\u00e3o jur\u00eddica existente entre o servidor e a entidade onde se encontra lotado.<\/p><\/blockquote>\n<h5>Para mais informa\u00e7\u00f5es acesse:<\/h5>\n<ul>\n<li><a href=\"https:\/\/sei.ufmg.br\/index.php\/2019\/08\/28\/bases-de-conhecimento\/?id=100000513\" target=\"_blank\" rel=\"noopener\">Base de conhecimento<\/a><\/li>\n<li><a href=\"https:\/\/www.ufmg.br\/prorh\/wp-content\/uploads\/2023\/05\/exo.pdf\" target=\"_blank\" rel=\"noopener\">Compilado de normas<\/a><\/li>\n<\/ul>\n<\/div><\/div><\/div><div class=\"ea-card  sp-ea-single\"><h3 class=\"ea-header\"><a class=\"collapsed\" data-sptoggle=\"spcollapse\" data-sptarget=#collapse10393 href=\"javascript:void(0)\" aria-expanded=\"false\"><i class=\"ea-expand-icon fa fa-plus\"><\/i> Vac\u00e2ncia por posse em outro cargo inacumul\u00e1vel<\/a><\/h3><div class=\"sp-collapse spcollapse spcollapse\" id=\"collapse10393\" data-parent=#sp-ea-1039><div class=\"ea-body\"><blockquote><p>A vac\u00e2ncia por posse em outro cargo inacumul\u00e1vel \u00e9 o desligamento de cargo p\u00fablico efetivo, com gera\u00e7\u00e3o de vaga, que possibilita ao servidor aprovado em concurso p\u00fablico ser nomeado para outro cargo inacumul\u00e1vel, independente da esfera de poder, e sem que haja o rompimento da rela\u00e7\u00e3o jur\u00eddica com o ente onde se encontra lotado.<\/p><\/blockquote>\n<h5><strong>Informa\u00e7\u00f5es gerais:<\/strong><\/h5>\n<p><strong>REQUISITOS B\u00c1SICOS<\/strong><\/p>\n<ul>\n<li>Comprovar a nomea\u00e7\u00e3o em outro cargo p\u00fablico inacumul\u00e1vel.<\/li>\n<\/ul>\n<p><strong>DOCUMENTA\u00c7\u00c3O<\/strong><\/p>\n<ol>\n<li>C\u00f3pia do ato de nomea\u00e7\u00e3o do servidor em novo cargo p\u00fablico, publicado em di\u00e1rio oficial.<\/li>\n<li>Comprovante de Entrega da Declara\u00e7\u00e3o e-Patri (Documento \u00e9 retirado no site da CGU: <a href=\"https:\/\/epatri.cgu.gov.br\/signin\" data-cke-saved-href=\"https:\/\/epatri.cgu.gov.br\/signin\">https:\/\/epatri.cgu.gov.br\/signin<\/a>\u00a0em atendimento ao disposto no caput do Art 1\u00ba da Lei 8.730\/1993).<\/li>\n<\/ol>\n<h5>Para mais informa\u00e7\u00f5es acesse:<\/h5>\n<ul>\n<li><a href=\"https:\/\/www.ufmg.br\/prorh\/wp-content\/uploads\/2025\/07\/vpc.pdf\" target=\"_blank\" rel=\"noopener\">Compilado de normas<\/a><\/li>\n<\/ul>\n<\/div><\/div><\/div><\/div>\n","protected":false},"excerpt":{"rendered":"<p>Aqui \u00e9 poss\u00edvel obter informa\u00e7\u00f5es gerais sobre Vac\u00e2ncia, informa\u00e7\u00e3o sobre [&hellip;]<\/p>\n","protected":false},"author":1,"featured_media":0,"parent":0,"menu_order":0,"comment_status":"closed","ping_status":"closed","template":"","meta":[],"tags":[195,197,199,201],"_links":{"self":[{"href":"https:\/\/www.ufmg.br\/prorh\/wp-json\/wp\/v2\/pages\/461"}],"collection":[{"href":"https:\/\/www.ufmg.br\/prorh\/wp-json\/wp\/v2\/pages"}],"about":[{"href":"https:\/\/www.ufmg.br\/prorh\/wp-json\/wp\/v2\/types\/page"}],"author":[{"embeddable":true,"href":"https:\/\/www.ufmg.br\/prorh\/wp-json\/wp\/v2\/users\/1"}],"replies":[{"embeddable":true,"href":"https:\/\/www.ufmg.br\/prorh\/wp-json\/wp\/v2\/comments?post=461"}],"version-history":[{"count":6,"href":"https:\/\/www.ufmg.br\/prorh\/wp-json\/wp\/v2\/pages\/461\/revisions"}],"predecessor-version":[{"id":1336,"href":"https:\/\/www.ufmg.br\/prorh\/wp-json\/wp\/v2\/pages\/461\/revisions\/1336"}],"wp:attachment":[{"href":"https:\/\/www.ufmg.br\/prorh\/wp-json\/wp\/v2\/media?parent=461"}],"wp:term":[{"taxonomy":"post_tag","embeddable":true,"href":"https:\/\/www.ufmg.br\/prorh\/wp-json\/wp\/v2\/tags?post=461"}],"curies":[{"name":"wp","href":"https:\/\/api.w.org\/{rel}","templated":true}]}}