{"id":464,"date":"2021-07-24T00:22:12","date_gmt":"2021-07-24T03:22:12","guid":{"rendered":"https:\/\/www.ufmg.br\/prorh\/?page_id=464"},"modified":"2021-11-17T16:32:03","modified_gmt":"2021-11-17T19:32:03","slug":"trabalho-voluntario","status":"publish","type":"page","link":"https:\/\/www.ufmg.br\/prorh\/trabalho-voluntario\/","title":{"rendered":"Trabalho Volunt\u00e1rio"},"content":{"rendered":"<p>Aqui \u00e9 poss\u00edvel obter informa\u00e7\u00f5es gerais sobre Voluntariado, informa\u00e7\u00e3o sobre normativos relacionados ao tema, quem tem direito e como solicitar um benef\u00edcio\/servi\u00e7o, fluxo dos processos com os documentos necess\u00e1rios, esclarecimentos quanto a prazos, e setores respons\u00e1veis pelo processo com dados de contato para mais informa\u00e7\u00f5es.<\/p>\n<p>&nbsp;<\/p>\n<h2 class=\"eap_section_title eap_section_title_1040\"> Trabalho Volunt\u00e1rio <\/h2><div id=\"sp-ea-1040\" class=\"sp-ea-one sp-easy-accordion\" data-ex-icon=\"fa-minus\" data-col-icon=\"fa-plus\"  data-ea-active=\"ea-click\"  data-ea-mode=\"vertical\" data-preloader=\"\"><div class=\"ea-card  sp-ea-single\"><h3 class=\"ea-header\"><a class=\"collapsed\" data-sptoggle=\"spcollapse\" data-sptarget=#collapse10400 href=\"javascript:void(0)\" aria-expanded=\"false\"><i class=\"ea-expand-icon fa fa-plus\"><\/i> Trabalho Volunt\u00e1rio<\/a><\/h3><div class=\"sp-collapse spcollapse spcollapse\" id=\"collapse10400\" data-parent=#sp-ea-1040><div class=\"ea-body\"><blockquote><p>Considera-se servi\u00e7o volunt\u00e1rio, para os fins legais, a atividade n\u00e3o remunerada prestada por pessoa f\u00edsica a entidade p\u00fablica de qualquer natureza ou a institui\u00e7\u00e3o privada de fins n\u00e3o lucrativos que tenha objetivos c\u00edvicos, culturais, educacionais, cient\u00edficos, recreativos ou de assist\u00eancia \u00e0 pessoa.<\/p><\/blockquote>\n<h5>Para mais informa\u00e7\u00f5es acesse:<\/h5>\n<div id=\"sp-ea-4303\" class=\"sp-ea-one sp-easy-accordion\" data-ex-icon=\"fa-minus\" data-col-icon=\"fa-plus\"  data-ea-active=\"ea-click\"  data-ea-mode=\"vertical\" data-preloader=\"\"><div class=\"ea-card  sp-ea-single\"><h3 class=\"ea-header\"><a class=\"collapsed\" data-sptoggle=\"spcollapse\" data-sptarget=#collapse43030 href=\"javascript:void(0)\" aria-expanded=\"false\"><i class=\"ea-expand-icon fa fa-plus\"><\/i> Trabalho Volunt\u00e1rio Docente<\/a><\/h3><div class=\"sp-collapse spcollapse spcollapse\" id=\"collapse43030\" data-parent=#sp-ea-4303><div class=\"ea-body\"><ul data-start=\"1366\" data-end=\"1764\">\n<li data-start=\"1366\" data-end=\"1559\"><a href=\"https:\/\/sei.ufmg.br\/index.php\/2019\/08\/28\/bases-de-conhecimento\/?id=100000939\">Base de conhecimento<\/a><\/li>\n<li data-start=\"1560\" data-end=\"1764\"><a href=\"https:\/\/www.ufmg.br\/prorh\/wp-content\/uploads\/2025\/05\/prv.pdf\">Compilado de normas<\/a><\/li>\n<\/ul>\n<\/div><\/div><\/div><div class=\"ea-card  sp-ea-single\"><h3 class=\"ea-header\"><a class=\"collapsed\" data-sptoggle=\"spcollapse\" data-sptarget=#collapse43031 href=\"javascript:void(0)\" aria-expanded=\"false\"><i class=\"ea-expand-icon fa fa-plus\"><\/i> Trabalho Volunt\u00e1rio TAE<\/a><\/h3><div class=\"sp-collapse spcollapse spcollapse\" id=\"collapse43031\" data-parent=#sp-ea-4303><div class=\"ea-body\"><ul data-start=\"1851\" data-end=\"2295\">\n<li data-start=\"1851\" data-end=\"2044\"><a href=\"https:\/\/sei.ufmg.br\/index.php\/2019\/08\/28\/bases-de-conhecimento\/?id=100000600\">Base de conhecimento<\/a><\/li>\n<li data-start=\"2045\" data-end=\"2295\"><a href=\"https:\/\/www.ufmg.br\/prorh\/wp-content\/uploads\/2025\/05\/trv.pdf\">Compilado de normas<\/a><\/li>\n<\/ul>\n<\/div><\/div><\/div><\/div>\n<\/div><\/div><\/div><\/div>\n<p>&nbsp;<\/p>\n","protected":false},"excerpt":{"rendered":"<p>Aqui \u00e9 poss\u00edvel obter informa\u00e7\u00f5es gerais sobre Voluntariado, informa\u00e7\u00e3o sobre [&hellip;]<\/p>\n","protected":false},"author":1,"featured_media":0,"parent":0,"menu_order":0,"comment_status":"closed","ping_status":"closed","template":"","meta":[],"tags":[205],"_links":{"self":[{"href":"https:\/\/www.ufmg.br\/prorh\/wp-json\/wp\/v2\/pages\/464"}],"collection":[{"href":"https:\/\/www.ufmg.br\/prorh\/wp-json\/wp\/v2\/pages"}],"about":[{"href":"https:\/\/www.ufmg.br\/prorh\/wp-json\/wp\/v2\/types\/page"}],"author":[{"embeddable":true,"href":"https:\/\/www.ufmg.br\/prorh\/wp-json\/wp\/v2\/users\/1"}],"replies":[{"embeddable":true,"href":"https:\/\/www.ufmg.br\/prorh\/wp-json\/wp\/v2\/comments?post=464"}],"version-history":[{"count":6,"href":"https:\/\/www.ufmg.br\/prorh\/wp-json\/wp\/v2\/pages\/464\/revisions"}],"predecessor-version":[{"id":2243,"href":"https:\/\/www.ufmg.br\/prorh\/wp-json\/wp\/v2\/pages\/464\/revisions\/2243"}],"wp:attachment":[{"href":"https:\/\/www.ufmg.br\/prorh\/wp-json\/wp\/v2\/media?parent=464"}],"wp:term":[{"taxonomy":"post_tag","embeddable":true,"href":"https:\/\/www.ufmg.br\/prorh\/wp-json\/wp\/v2\/tags?post=464"}],"curies":[{"name":"wp","href":"https:\/\/api.w.org\/{rel}","templated":true}]}}