{"id":713,"date":"2021-07-27T00:08:57","date_gmt":"2021-07-27T03:08:57","guid":{"rendered":"https:\/\/www.ufmg.br\/prorh\/?page_id=713"},"modified":"2022-01-11T15:51:15","modified_gmt":"2022-01-11T18:51:15","slug":"a-prorh","status":"publish","type":"page","link":"https:\/\/www.ufmg.br\/prorh\/a-prorh\/","title":{"rendered":"A PRORH"},"content":{"rendered":"<p><a href=\"https:\/\/www.ufmg.br\/prorh\/wp-content\/uploads\/2021\/11\/41612821652_ccdafe285c_o-scaled-e1636163072221.jpg\"><img loading=\"lazy\" class=\"alignnone wp-image-1939 size-full\" src=\"https:\/\/www.ufmg.br\/prorh\/wp-content\/uploads\/2021\/11\/41612821652_ccdafe285c_o-scaled-e1636490038353.jpg\" alt=\"\" width=\"780\" height=\"189\" \/><\/a><\/p>\n<h6><em>Foto: Lucas Braga\/UFMG<\/em><\/h6>\n<p>&nbsp;<\/p>\n<p>A Pr\u00f3-Reitoria de Recursos Humanos (PRORH), \u00f3rg\u00e3o respons\u00e1vel pela gest\u00e3o de pessoas e pelos processos referentes \u00e0 administra\u00e7\u00e3o de pessoal da UFMG, foi criada oficialmente em 30 de mar\u00e7o de 2000. Desde ent\u00e3o, trabalha com programas que incluem a qualifica\u00e7\u00e3o de seus servidores, o atendimento \u00e0 sa\u00fade do trabalhador e a melhoria da qualidade de vida no trabalho, al\u00e9m de sistemas de avalia\u00e7\u00e3o de desempenho. Por meio dessas a\u00e7\u00f5es, a PRORH busca conscientizar o servidor de seu papel na miss\u00e3o da Universidade: de produ\u00e7\u00e3o e dissemina\u00e7\u00e3o do conhecimento.<\/p>\n<p>&nbsp;<\/p>\n<h4><a href=\"https:\/\/www.ufmg.br\/prorh\/a-prorh\/estrutura-2\/\" rel=\"noopener\">Estrutura<\/a><\/h4>\n<p>Atualmente, a PRORH \u00e9 composta pela Comiss\u00e3o Interna de Supervis\u00e3o do PCCTAE (CIS), Comiss\u00e3o Permanente de Pessoal Docente (CPPD), pelo Departamento de Administra\u00e7\u00e3o de Pessoal (DAP), pelo Departamento de Desenvolvimento de Recursos Humanos (DRH) e pelo Departamento de Aten\u00e7\u00e3o \u00e0 Sa\u00fade do Trabalhador (DAST), que, desde 2010, \u00e9 sede da primeira unidade do Subsistema Integrado de Aten\u00e7\u00e3o \u00e0 Sa\u00fade do Servidor (SIASS).<\/p>\n<p><a href=\"https:\/\/www.ufmg.br\/prorh\/a-prorh\/estrutura-2\/\" rel=\"noopener\">[clique para saber mais]<\/a><\/p>\n","protected":false},"excerpt":{"rendered":"<p>Foto: Lucas Braga\/UFMG &nbsp; A Pr\u00f3-Reitoria de Recursos Humanos (PRORH), [&hellip;]<\/p>\n","protected":false},"author":1,"featured_media":0,"parent":0,"menu_order":0,"comment_status":"closed","ping_status":"closed","template":"","meta":[],"tags":[207],"_links":{"self":[{"href":"https:\/\/www.ufmg.br\/prorh\/wp-json\/wp\/v2\/pages\/713"}],"collection":[{"href":"https:\/\/www.ufmg.br\/prorh\/wp-json\/wp\/v2\/pages"}],"about":[{"href":"https:\/\/www.ufmg.br\/prorh\/wp-json\/wp\/v2\/types\/page"}],"author":[{"embeddable":true,"href":"https:\/\/www.ufmg.br\/prorh\/wp-json\/wp\/v2\/users\/1"}],"replies":[{"embeddable":true,"href":"https:\/\/www.ufmg.br\/prorh\/wp-json\/wp\/v2\/comments?post=713"}],"version-history":[{"count":32,"href":"https:\/\/www.ufmg.br\/prorh\/wp-json\/wp\/v2\/pages\/713\/revisions"}],"predecessor-version":[{"id":2478,"href":"https:\/\/www.ufmg.br\/prorh\/wp-json\/wp\/v2\/pages\/713\/revisions\/2478"}],"wp:attachment":[{"href":"https:\/\/www.ufmg.br\/prorh\/wp-json\/wp\/v2\/media?parent=713"}],"wp:term":[{"taxonomy":"post_tag","embeddable":true,"href":"https:\/\/www.ufmg.br\/prorh\/wp-json\/wp\/v2\/tags?post=713"}],"curies":[{"name":"wp","href":"https:\/\/api.w.org\/{rel}","templated":true}]}}